{"id":27082,"date":"2025-02-26T09:37:48","date_gmt":"2025-02-26T09:37:48","guid":{"rendered":"https:\/\/normartrading.webcoder-dev.com\/products\/dsi-v16-30-100-vertical-plate-freezer\/"},"modified":"2025-02-26T10:06:04","modified_gmt":"2025-02-26T10:06:04","slug":"dsi-v16-30-100-congelador-de-placas-vertical","status":"publish","type":"product","link":"https:\/\/normartrading.webcoder-dev.com\/es\/products\/dsi-v16-30-100-congelador-de-placas-vertical\/","title":{"rendered":"DSI V16 30-100 Congelador de Placas Vertical"},"content":{"rendered":"<h6>DSI V16 30-100 Congelador de Placas Vertical<\/h6>\n<p>Con base para vaciado autom\u00e1tico del congelador de placas  <\/p>\n<p>Producci\u00f3n: 03\/2020<br \/>\nCondici\u00f3n: Buena, operativa  <\/p>\n<p>Ha estado en uso durante aproximadamente 2,5 a\u00f1os<br \/>\nSe retir\u00f3 en relaci\u00f3n con la instalaci\u00f3n de nuevo equipo en la f\u00e1brica que requer\u00eda m\u00e1s espacio.<br \/>\nEl congelador de placas se encuentra almacenado en un lugar seco y seguro.  <\/p>\n<p><strong>DSI V16 30-100<\/strong> es un congelador de bloques con descarga autom\u00e1tica, dise\u00f1ado para congelar bloques de hasta 1000x500x100 mm. Esto incluye una variedad de productos, desde pescado entero hasta productos l\u00edquidos. La m\u00e1quina ha sido desarrollada en colaboraci\u00f3n con Dybvad St\u00e5l Industri A\/S.  <\/p>\n<p><strong>Dise\u00f1ado para una congelaci\u00f3n eficiente<\/strong><br \/>\nEste congelador est\u00e1 dise\u00f1ado para una congelaci\u00f3n r\u00e1pida de alimentos y productos relacionados que no reaccionan con el aluminio. Cualquier otro uso debe ser consultado con el fabricante.  <\/p>\n<p>El DSI V16 30-100 consta de varios compartimentos, con elementos de congelaci\u00f3n verticales que act\u00faan como divisores. La distancia entre estos elementos se regula mediante perfiles de separaci\u00f3n. Cada estaci\u00f3n de congelaci\u00f3n puede subdividirse en bloques m\u00e1s peque\u00f1os utilizando placas separadoras verticales.  <\/p>\n<p><strong>C\u00f3mo funciona<\/strong><br \/>\nLos elementos de congelaci\u00f3n se desplazan lateralmente para abrir y cerrar las estaciones, mientras que la parte superior se mueve verticalmente para levantar los bloques congelados. Estas funciones son accionadas por un sistema hidr\u00e1ulico, controlado desde el panel principal.  <\/p>\n<p>El proceso de congelaci\u00f3n sigue estos pasos:  <\/p>\n<ul>\n<li>Las estaciones se cierran y se llenan con el producto.<\/li>\n<li>Se inicia la refrigeraci\u00f3n, congelando el contenido durante un per\u00edodo determinado.<\/li>\n<li>Una vez completada la congelaci\u00f3n, se activa el sistema de descongelaci\u00f3n.<\/li>\n<li>La parte superior se eleva, liberando los bloques congelados.<\/li>\n<li>Los bloques se transportan hacia fuera mediante la cinta transportadora inferior.<\/li>\n<li>Despu\u00e9s de la limpieza, el proceso se repite.<\/li>\n<\/ul>\n<p>&nbsp;<br \/>\n<strong>Estructura base y sistema de transporte<\/strong><br \/>\nLa parte base del V16 consiste en un marco resistente que soporta dos transportadores. Estos transportadores est\u00e1n dispuestos de manera que garantizan un transporte suave de los bloques congelados.  <\/p>\n<p>El transportador exterior est\u00e1 compuesto por aletas de aluminio, montadas en aproximadamente el 35% de las cadenas del transportador. Estas aletas forman una superficie plana que soporta los bloques congelados mientras salen del congelador. El movimiento es controlado por un motor de engranajes hidr\u00e1ulico.  <\/p>\n<p>Despu\u00e9s de la congelaci\u00f3n, y una vez elevada la parte superior, el transportador de cadena comienza a moverse. Gradualmente retira la secci\u00f3n inferior, permitiendo que los bloques se deslicen hacia fuera. Luego, los bloques son transportados a trav\u00e9s de una cinta transportadora, normalmente hacia una estaci\u00f3n de embalaje.  <\/p>\n<p>Para optimizar la eficiencia, el transportador de cadena funciona solo el tiempo necesario para descargar todos los bloques. Una vez completado, invierte su direcci\u00f3n y regresa r\u00e1pidamente a la posici\u00f3n inicial, listo para el siguiente ciclo.  <\/p>\n<p><strong>Especificaciones:<\/strong>  <\/p>\n<p>Grosor del bloque: 100 mm<br \/>\nN\u00famero de estaciones: 30<br \/>\nTama\u00f1o de la placa (L\u00d7A): 1000&#215;500 mm<br \/>\nRefrigerantes aprobados para este congelador: Generalmente R22, NH3 o CO2  <\/p>\n","protected":false},"excerpt":{"rendered":"<p>DSI V16 30-100 Congelador de Placas Vertical Con base para vaciado autom\u00e1tico del congelador de placas Producci\u00f3n: 03\/2020 Condici\u00f3n: Buena, operativa Ha estado en uso durante aproximadamente 2,5 a\u00f1os Se retir\u00f3 en relaci\u00f3n con la instalaci\u00f3n de nuevo equipo en la f\u00e1brica que requer\u00eda m\u00e1s espacio. El congelador de placas se encuentra almacenado en un [&hellip;]<\/p>\n","protected":false},"featured_media":27060,"template":"","meta":{"_acf_changed":false,"inline_featured_image":false},"product_brand":[],"product_cat":[692,679],"product_tag":[],"class_list":{"0":"post-27082","1":"product","2":"type-product","3":"status-publish","4":"has-post-thumbnail","6":"product_cat-congeladores-de-placa-vertical","7":"product_cat-equipos-de-congelacion","9":"first","10":"instock","11":"shipping-taxable","12":"product-type-simple"},"acf":[],"yoast_head":"<!-- This site is optimized with the Yoast SEO Premium plugin v25.2 (Yoast SEO v26.3) - https:\/\/yoast.com\/wordpress\/plugins\/seo\/ -->\n<title>DSI V16 30-100 Congelador de Placas Vertical - Normar Trading<\/title>\n<meta name=\"description\" content=\"DSI V16 30-100 es un congelador de bloques con descarga autom\u00e1tica, dise\u00f1ado para congelar bloques de hasta 1000x500x100 mm.\" \/>\n<meta name=\"robots\" content=\"index, follow, max-snippet:-1, max-image-preview:large, max-video-preview:-1\" \/>\n<link rel=\"canonical\" href=\"https:\/\/normartrading.webcoder-dev.com\/es\/products\/dsi-v16-30-100-congelador-de-placas-vertical\/\" \/>\n<meta property=\"og:locale\" content=\"es_ES\" \/>\n<meta property=\"og:type\" content=\"article\" \/>\n<meta property=\"og:title\" content=\"DSI V16 30-100 Congelador de Placas Vertical\" \/>\n<meta property=\"og:description\" content=\"DSI V16 30-100 es un congelador de bloques con descarga autom\u00e1tica, dise\u00f1ado para congelar bloques de hasta 1000x500x100 mm.\" \/>\n<meta property=\"og:url\" content=\"https:\/\/normartrading.webcoder-dev.com\/es\/products\/dsi-v16-30-100-congelador-de-placas-vertical\/\" \/>\n<meta property=\"og:site_name\" content=\"NorMarTrading\" \/>\n<meta property=\"article:publisher\" content=\"https:\/\/www.facebook.com\/nordicmarine\" \/>\n<meta property=\"article:modified_time\" content=\"2025-02-26T10:06:04+00:00\" \/>\n<meta property=\"og:image\" content=\"https:\/\/www.normartrading.no\/wp-content\/uploads\/2025\/02\/DSI-32-100.jpg\" \/>\n\t<meta property=\"og:image:width\" content=\"789\" \/>\n\t<meta property=\"og:image:height\" content=\"722\" \/>\n\t<meta property=\"og:image:type\" content=\"image\/jpeg\" \/>\n<meta name=\"twitter:card\" content=\"summary_large_image\" \/>\n<meta name=\"twitter:label1\" content=\"Tiempo de lectura\" \/>\n\t<meta name=\"twitter:data1\" content=\"3 minutos\" \/>\n<script type=\"application\/ld+json\" class=\"yoast-schema-graph\">{\"@context\":\"https:\/\/schema.org\",\"@graph\":[{\"@type\":[\"WebPage\",\"ItemPage\"],\"@id\":\"https:\/\/normartrading.webcoder-dev.com\/es\/products\/dsi-v16-30-100-congelador-de-placas-vertical\/\",\"url\":\"https:\/\/normartrading.webcoder-dev.com\/es\/products\/dsi-v16-30-100-congelador-de-placas-vertical\/\",\"name\":\"DSI V16 30-100 Congelador de Placas Vertical - Normar Trading\",\"isPartOf\":{\"@id\":\"https:\/\/www.normartrading.no\/#website\"},\"primaryImageOfPage\":{\"@id\":\"https:\/\/normartrading.webcoder-dev.com\/es\/products\/dsi-v16-30-100-congelador-de-placas-vertical\/#primaryimage\"},\"image\":{\"@id\":\"https:\/\/normartrading.webcoder-dev.com\/es\/products\/dsi-v16-30-100-congelador-de-placas-vertical\/#primaryimage\"},\"thumbnailUrl\":\"https:\/\/normartrading.webcoder-dev.com\/wp-content\/uploads\/2025\/02\/DSI-32-100.jpg\",\"datePublished\":\"2025-02-26T09:37:48+00:00\",\"dateModified\":\"2025-02-26T10:06:04+00:00\",\"description\":\"DSI V16 30-100 es un congelador de bloques con descarga autom\u00e1tica, dise\u00f1ado para congelar bloques de hasta 1000x500x100 mm.\",\"breadcrumb\":{\"@id\":\"https:\/\/normartrading.webcoder-dev.com\/es\/products\/dsi-v16-30-100-congelador-de-placas-vertical\/#breadcrumb\"},\"inLanguage\":\"es\",\"potentialAction\":[{\"@type\":\"ReadAction\",\"target\":[\"https:\/\/normartrading.webcoder-dev.com\/es\/products\/dsi-v16-30-100-congelador-de-placas-vertical\/\"]}]},{\"@type\":\"ImageObject\",\"inLanguage\":\"es\",\"@id\":\"https:\/\/normartrading.webcoder-dev.com\/es\/products\/dsi-v16-30-100-congelador-de-placas-vertical\/#primaryimage\",\"url\":\"https:\/\/normartrading.webcoder-dev.com\/wp-content\/uploads\/2025\/02\/DSI-32-100.jpg\",\"contentUrl\":\"https:\/\/normartrading.webcoder-dev.com\/wp-content\/uploads\/2025\/02\/DSI-32-100.jpg\",\"width\":789,\"height\":722,\"caption\":\"DSI V16 30-100 Congelador de Placas Vertical\"},{\"@type\":\"BreadcrumbList\",\"@id\":\"https:\/\/normartrading.webcoder-dev.com\/es\/products\/dsi-v16-30-100-congelador-de-placas-vertical\/#breadcrumb\",\"itemListElement\":[{\"@type\":\"ListItem\",\"position\":1,\"name\":\"Hjem\",\"item\":\"https:\/\/www.normartrading.no\/\"},{\"@type\":\"ListItem\",\"position\":2,\"name\":\"Productos\",\"item\":\"https:\/\/normartrading.webcoder-dev.com\/es\/productos\/\"},{\"@type\":\"ListItem\",\"position\":3,\"name\":\"Equipos de Congelaci\u00f3n\",\"item\":\"https:\/\/normartrading.webcoder-dev.com\/es\/equipos-de-congelacion\/\"},{\"@type\":\"ListItem\",\"position\":4,\"name\":\"DSI V16 30-100 Congelador de Placas Vertical\"}]},{\"@type\":\"WebSite\",\"@id\":\"https:\/\/www.normartrading.no\/#website\",\"url\":\"https:\/\/www.normartrading.no\/\",\"name\":\"NorMar Trading\",\"description\":\"Produksjonsutstyr til fiskerin\u00e6ringen og matvareindustrien\",\"publisher\":{\"@id\":\"https:\/\/www.normartrading.no\/#organization\"},\"potentialAction\":[{\"@type\":\"SearchAction\",\"target\":{\"@type\":\"EntryPoint\",\"urlTemplate\":\"https:\/\/www.normartrading.no\/?s={search_term_string}\"},\"query-input\":{\"@type\":\"PropertyValueSpecification\",\"valueRequired\":true,\"valueName\":\"search_term_string\"}}],\"inLanguage\":\"es\"},{\"@type\":\"Organization\",\"@id\":\"https:\/\/www.normartrading.no\/#organization\",\"name\":\"NorMar Trading\",\"url\":\"https:\/\/www.normartrading.no\/\",\"logo\":{\"@type\":\"ImageObject\",\"inLanguage\":\"es\",\"@id\":\"https:\/\/www.normartrading.no\/#\/schema\/logo\/image\/\",\"url\":\"https:\/\/normartrading.webcoder-dev.com\/wp-content\/uploads\/2022\/12\/NorMar-Logo-RGB.jpg\",\"contentUrl\":\"https:\/\/normartrading.webcoder-dev.com\/wp-content\/uploads\/2022\/12\/NorMar-Logo-RGB.jpg\",\"width\":500,\"height\":329,\"caption\":\"NorMar Trading\"},\"image\":{\"@id\":\"https:\/\/www.normartrading.no\/#\/schema\/logo\/image\/\"},\"sameAs\":[\"https:\/\/www.facebook.com\/nordicmarine\",\"https:\/\/www.linkedin.com\/company\/normar-trading-as\",\"https:\/\/www.instagram.com\/normartrading\/\",\"https:\/\/www.youtube.com\/channel\/UCjwKO7n-WPQEtEyQmnbSdQg\"]}]}<\/script>\n<!-- \/ Yoast SEO Premium plugin. -->","yoast_head_json":{"title":"DSI V16 30-100 Congelador de Placas Vertical - Normar Trading","description":"DSI V16 30-100 es un congelador de bloques con descarga autom\u00e1tica, dise\u00f1ado para congelar bloques de hasta 1000x500x100 mm.","robots":{"index":"index","follow":"follow","max-snippet":"max-snippet:-1","max-image-preview":"max-image-preview:large","max-video-preview":"max-video-preview:-1"},"canonical":"https:\/\/normartrading.webcoder-dev.com\/es\/products\/dsi-v16-30-100-congelador-de-placas-vertical\/","og_locale":"es_ES","og_type":"article","og_title":"DSI V16 30-100 Congelador de Placas Vertical","og_description":"DSI V16 30-100 es un congelador de bloques con descarga autom\u00e1tica, dise\u00f1ado para congelar bloques de hasta 1000x500x100 mm.","og_url":"https:\/\/normartrading.webcoder-dev.com\/es\/products\/dsi-v16-30-100-congelador-de-placas-vertical\/","og_site_name":"NorMarTrading","article_publisher":"https:\/\/www.facebook.com\/nordicmarine","article_modified_time":"2025-02-26T10:06:04+00:00","og_image":[{"width":789,"height":722,"url":"https:\/\/www.normartrading.no\/wp-content\/uploads\/2025\/02\/DSI-32-100.jpg","type":"image\/jpeg"}],"twitter_card":"summary_large_image","twitter_misc":{"Tiempo de lectura":"3 minutos"},"schema":{"@context":"https:\/\/schema.org","@graph":[{"@type":["WebPage","ItemPage"],"@id":"https:\/\/normartrading.webcoder-dev.com\/es\/products\/dsi-v16-30-100-congelador-de-placas-vertical\/","url":"https:\/\/normartrading.webcoder-dev.com\/es\/products\/dsi-v16-30-100-congelador-de-placas-vertical\/","name":"DSI V16 30-100 Congelador de Placas Vertical - Normar Trading","isPartOf":{"@id":"https:\/\/www.normartrading.no\/#website"},"primaryImageOfPage":{"@id":"https:\/\/normartrading.webcoder-dev.com\/es\/products\/dsi-v16-30-100-congelador-de-placas-vertical\/#primaryimage"},"image":{"@id":"https:\/\/normartrading.webcoder-dev.com\/es\/products\/dsi-v16-30-100-congelador-de-placas-vertical\/#primaryimage"},"thumbnailUrl":"https:\/\/normartrading.webcoder-dev.com\/wp-content\/uploads\/2025\/02\/DSI-32-100.jpg","datePublished":"2025-02-26T09:37:48+00:00","dateModified":"2025-02-26T10:06:04+00:00","description":"DSI V16 30-100 es un congelador de bloques con descarga autom\u00e1tica, dise\u00f1ado para congelar bloques de hasta 1000x500x100 mm.","breadcrumb":{"@id":"https:\/\/normartrading.webcoder-dev.com\/es\/products\/dsi-v16-30-100-congelador-de-placas-vertical\/#breadcrumb"},"inLanguage":"es","potentialAction":[{"@type":"ReadAction","target":["https:\/\/normartrading.webcoder-dev.com\/es\/products\/dsi-v16-30-100-congelador-de-placas-vertical\/"]}]},{"@type":"ImageObject","inLanguage":"es","@id":"https:\/\/normartrading.webcoder-dev.com\/es\/products\/dsi-v16-30-100-congelador-de-placas-vertical\/#primaryimage","url":"https:\/\/normartrading.webcoder-dev.com\/wp-content\/uploads\/2025\/02\/DSI-32-100.jpg","contentUrl":"https:\/\/normartrading.webcoder-dev.com\/wp-content\/uploads\/2025\/02\/DSI-32-100.jpg","width":789,"height":722,"caption":"DSI V16 30-100 Congelador de Placas Vertical"},{"@type":"BreadcrumbList","@id":"https:\/\/normartrading.webcoder-dev.com\/es\/products\/dsi-v16-30-100-congelador-de-placas-vertical\/#breadcrumb","itemListElement":[{"@type":"ListItem","position":1,"name":"Hjem","item":"https:\/\/www.normartrading.no\/"},{"@type":"ListItem","position":2,"name":"Productos","item":"https:\/\/normartrading.webcoder-dev.com\/es\/productos\/"},{"@type":"ListItem","position":3,"name":"Equipos de Congelaci\u00f3n","item":"https:\/\/normartrading.webcoder-dev.com\/es\/equipos-de-congelacion\/"},{"@type":"ListItem","position":4,"name":"DSI V16 30-100 Congelador de Placas Vertical"}]},{"@type":"WebSite","@id":"https:\/\/www.normartrading.no\/#website","url":"https:\/\/www.normartrading.no\/","name":"NorMar Trading","description":"Produksjonsutstyr til fiskerin\u00e6ringen og matvareindustrien","publisher":{"@id":"https:\/\/www.normartrading.no\/#organization"},"potentialAction":[{"@type":"SearchAction","target":{"@type":"EntryPoint","urlTemplate":"https:\/\/www.normartrading.no\/?s={search_term_string}"},"query-input":{"@type":"PropertyValueSpecification","valueRequired":true,"valueName":"search_term_string"}}],"inLanguage":"es"},{"@type":"Organization","@id":"https:\/\/www.normartrading.no\/#organization","name":"NorMar Trading","url":"https:\/\/www.normartrading.no\/","logo":{"@type":"ImageObject","inLanguage":"es","@id":"https:\/\/www.normartrading.no\/#\/schema\/logo\/image\/","url":"https:\/\/normartrading.webcoder-dev.com\/wp-content\/uploads\/2022\/12\/NorMar-Logo-RGB.jpg","contentUrl":"https:\/\/normartrading.webcoder-dev.com\/wp-content\/uploads\/2022\/12\/NorMar-Logo-RGB.jpg","width":500,"height":329,"caption":"NorMar Trading"},"image":{"@id":"https:\/\/www.normartrading.no\/#\/schema\/logo\/image\/"},"sameAs":["https:\/\/www.facebook.com\/nordicmarine","https:\/\/www.linkedin.com\/company\/normar-trading-as","https:\/\/www.instagram.com\/normartrading\/","https:\/\/www.youtube.com\/channel\/UCjwKO7n-WPQEtEyQmnbSdQg"]}]}},"_links":{"self":[{"href":"https:\/\/normartrading.webcoder-dev.com\/es\/wp-json\/wp\/v2\/product\/27082","targetHints":{"allow":["GET"]}}],"collection":[{"href":"https:\/\/normartrading.webcoder-dev.com\/es\/wp-json\/wp\/v2\/product"}],"about":[{"href":"https:\/\/normartrading.webcoder-dev.com\/es\/wp-json\/wp\/v2\/types\/product"}],"wp:featuredmedia":[{"embeddable":true,"href":"https:\/\/normartrading.webcoder-dev.com\/es\/wp-json\/wp\/v2\/media\/27060"}],"wp:attachment":[{"href":"https:\/\/normartrading.webcoder-dev.com\/es\/wp-json\/wp\/v2\/media?parent=27082"}],"wp:term":[{"taxonomy":"product_brand","embeddable":true,"href":"https:\/\/normartrading.webcoder-dev.com\/es\/wp-json\/wp\/v2\/product_brand?post=27082"},{"taxonomy":"product_cat","embeddable":true,"href":"https:\/\/normartrading.webcoder-dev.com\/es\/wp-json\/wp\/v2\/product_cat?post=27082"},{"taxonomy":"product_tag","embeddable":true,"href":"https:\/\/normartrading.webcoder-dev.com\/es\/wp-json\/wp\/v2\/product_tag?post=27082"}],"curies":[{"name":"wp","href":"https:\/\/api.w.org\/{rel}","templated":true}]}}