{"id":26721,"date":"2025-01-03T09:28:25","date_gmt":"2025-01-03T09:28:25","guid":{"rendered":"https:\/\/normartrading.webcoder-dev.com\/products\/spiral-freezer-scanico-thermofin\/"},"modified":"2025-01-03T09:48:58","modified_gmt":"2025-01-03T09:48:58","slug":"congelador-en-espiral-scanico-thermofin","status":"publish","type":"product","link":"https:\/\/normartrading.webcoder-dev.com\/es\/products\/congelador-en-espiral-scanico-thermofin\/","title":{"rendered":"Congelador en Espiral Scanico \/ Thermofin"},"content":{"rendered":"<h6>Congelador en Espiral Scanico \/ Thermofin<\/h6>\n<p>A\u00f1o de producci\u00f3n: 2017<br \/>\nEstado: Bueno, completamente funcional<\/p>\n<p>El congelador en espiral Scanico consta de una disposici\u00f3n en espiral construida dentro de un recinto aislado. El aire interno se enfr\u00eda continuamente y se circula horizontalmente sobre el producto. El congelador en espiral Scanico es ideal para aplicaciones alimentarias donde se requiere un enfriamiento r\u00e1pido y uniforme. Con su exclusivo sistema de apilado de cintas, es posiblemente el congelador en espiral m\u00e1s efectivo del mercado en t\u00e9rminos de capacidad y consumo de energ\u00eda. El dise\u00f1o \u00fanico de la cinta lo hace altamente adecuado para congelar productos de conveniencia como nuggets de pollo o hamburguesas.<\/p>\n<p>Especificaciones principales:<br \/>\n\u2022 Entrada: Norte, 1,10 metros desde el suelo<br \/>\n\u2022 Salida: Norte, 3,70 metros desde el suelo<br \/>\n\u2022 Ancho de la cinta: 80 cm<br \/>\n\u2022 Distancia entre espirales: 10 cm<br \/>\n\u2022 Altura de la primera espiral: 70 cm desde el suelo<br \/>\n\u2022 Tama\u00f1o del gabinete: 15 m x 10 m x 4,5 m<br \/>\n\u2022 Capacidad: Hasta 1000 kg por hora<br \/>\n\u2022 El congelador se entrega con el compresor actualmente en uso. El compresor es lo suficientemente grande como para ser utilizado en toda la instalaci\u00f3n.<br \/>\n\u2022 Volumen de los tubos aprox. 652 l<\/p>\n","protected":false},"excerpt":{"rendered":"<p>Congelador en Espiral Scanico \/ Thermofin A\u00f1o de producci\u00f3n: 2017 Estado: Bueno, completamente funcional El congelador en espiral Scanico consta de una disposici\u00f3n en espiral construida dentro de un recinto aislado. El aire interno se enfr\u00eda continuamente y se circula horizontalmente sobre el producto. El congelador en espiral Scanico es ideal para aplicaciones alimentarias donde [&hellip;]<\/p>\n","protected":false},"featured_media":26958,"template":"","meta":{"_acf_changed":false,"inline_featured_image":false},"product_brand":[],"product_cat":[684,679],"product_tag":[],"class_list":{"0":"post-26721","1":"product","2":"type-product","3":"status-publish","4":"has-post-thumbnail","6":"product_cat-congeladores-iqf","7":"product_cat-equipos-de-congelacion","9":"first","10":"instock","11":"shipping-taxable","12":"product-type-simple"},"acf":[],"yoast_head":"<!-- This site is optimized with the Yoast SEO Premium plugin v25.2 (Yoast SEO v26.3) - https:\/\/yoast.com\/wordpress\/plugins\/seo\/ -->\n<title>Congelador en Espiral Scanico \/ Thermofin for sale - Normar Trading<\/title>\n<meta name=\"description\" content=\"Congelador en espiral Scanico con un exclusivo sistema de apilado de cintas es posiblemente el congelador en espiral m\u00e1s efectivo del mercado en t\u00e9rminos de capacidad y consumo de energ\u00eda.\" \/>\n<meta name=\"robots\" content=\"index, follow, max-snippet:-1, max-image-preview:large, max-video-preview:-1\" \/>\n<link rel=\"canonical\" href=\"https:\/\/normartrading.webcoder-dev.com\/es\/products\/congelador-en-espiral-scanico-thermofin\/\" \/>\n<meta property=\"og:locale\" content=\"es_ES\" \/>\n<meta property=\"og:type\" content=\"article\" \/>\n<meta property=\"og:title\" content=\"Congelador en Espiral Scanico \/ Thermofin\" \/>\n<meta property=\"og:description\" content=\"Congelador en espiral Scanico con un exclusivo sistema de apilado de cintas es posiblemente el congelador en espiral m\u00e1s efectivo del mercado en t\u00e9rminos de capacidad y consumo de energ\u00eda.\" \/>\n<meta property=\"og:url\" content=\"https:\/\/normartrading.webcoder-dev.com\/es\/products\/congelador-en-espiral-scanico-thermofin\/\" \/>\n<meta property=\"og:site_name\" content=\"NorMarTrading\" \/>\n<meta property=\"article:publisher\" content=\"https:\/\/www.facebook.com\/nordicmarine\" \/>\n<meta property=\"article:modified_time\" content=\"2025-01-03T09:48:58+00:00\" \/>\n<meta property=\"og:image\" content=\"https:\/\/www.normartrading.no\/wp-content\/uploads\/2025\/01\/SF-BIG-1.png\" \/>\n\t<meta property=\"og:image:width\" content=\"1373\" \/>\n\t<meta property=\"og:image:height\" content=\"1024\" \/>\n\t<meta property=\"og:image:type\" content=\"image\/png\" \/>\n<meta name=\"twitter:card\" content=\"summary_large_image\" \/>\n<meta name=\"twitter:label1\" content=\"Tiempo de lectura\" \/>\n\t<meta name=\"twitter:data1\" content=\"2 minutos\" \/>\n<script type=\"application\/ld+json\" class=\"yoast-schema-graph\">{\"@context\":\"https:\/\/schema.org\",\"@graph\":[{\"@type\":[\"WebPage\",\"ItemPage\"],\"@id\":\"https:\/\/normartrading.webcoder-dev.com\/es\/products\/congelador-en-espiral-scanico-thermofin\/\",\"url\":\"https:\/\/normartrading.webcoder-dev.com\/es\/products\/congelador-en-espiral-scanico-thermofin\/\",\"name\":\"Congelador en Espiral Scanico \/ Thermofin for sale - Normar Trading\",\"isPartOf\":{\"@id\":\"https:\/\/www.normartrading.no\/#website\"},\"primaryImageOfPage\":{\"@id\":\"https:\/\/normartrading.webcoder-dev.com\/es\/products\/congelador-en-espiral-scanico-thermofin\/#primaryimage\"},\"image\":{\"@id\":\"https:\/\/normartrading.webcoder-dev.com\/es\/products\/congelador-en-espiral-scanico-thermofin\/#primaryimage\"},\"thumbnailUrl\":\"https:\/\/normartrading.webcoder-dev.com\/wp-content\/uploads\/2025\/01\/Scanico-Freezer-1-1.jpg\",\"datePublished\":\"2025-01-03T09:28:25+00:00\",\"dateModified\":\"2025-01-03T09:48:58+00:00\",\"description\":\"Congelador en espiral Scanico con un exclusivo sistema de apilado de cintas es posiblemente el congelador en espiral m\u00e1s efectivo del mercado en t\u00e9rminos de capacidad y consumo de energ\u00eda.\",\"breadcrumb\":{\"@id\":\"https:\/\/normartrading.webcoder-dev.com\/es\/products\/congelador-en-espiral-scanico-thermofin\/#breadcrumb\"},\"inLanguage\":\"es\",\"potentialAction\":[{\"@type\":\"ReadAction\",\"target\":[\"https:\/\/normartrading.webcoder-dev.com\/es\/products\/congelador-en-espiral-scanico-thermofin\/\"]}]},{\"@type\":\"ImageObject\",\"inLanguage\":\"es\",\"@id\":\"https:\/\/normartrading.webcoder-dev.com\/es\/products\/congelador-en-espiral-scanico-thermofin\/#primaryimage\",\"url\":\"https:\/\/normartrading.webcoder-dev.com\/wp-content\/uploads\/2025\/01\/Scanico-Freezer-1-1.jpg\",\"contentUrl\":\"https:\/\/normartrading.webcoder-dev.com\/wp-content\/uploads\/2025\/01\/Scanico-Freezer-1-1.jpg\",\"width\":1000,\"height\":1000,\"caption\":\"Scanico Spiral Freezer\"},{\"@type\":\"BreadcrumbList\",\"@id\":\"https:\/\/normartrading.webcoder-dev.com\/es\/products\/congelador-en-espiral-scanico-thermofin\/#breadcrumb\",\"itemListElement\":[{\"@type\":\"ListItem\",\"position\":1,\"name\":\"Hjem\",\"item\":\"https:\/\/www.normartrading.no\/\"},{\"@type\":\"ListItem\",\"position\":2,\"name\":\"Productos\",\"item\":\"https:\/\/normartrading.webcoder-dev.com\/es\/productos\/\"},{\"@type\":\"ListItem\",\"position\":3,\"name\":\"Equipos de Congelaci\u00f3n\",\"item\":\"https:\/\/normartrading.webcoder-dev.com\/es\/equipos-de-congelacion\/\"},{\"@type\":\"ListItem\",\"position\":4,\"name\":\"Congelador en Espiral Scanico \/ Thermofin\"}]},{\"@type\":\"WebSite\",\"@id\":\"https:\/\/www.normartrading.no\/#website\",\"url\":\"https:\/\/www.normartrading.no\/\",\"name\":\"NorMar Trading\",\"description\":\"Produksjonsutstyr til fiskerin\u00e6ringen og matvareindustrien\",\"publisher\":{\"@id\":\"https:\/\/www.normartrading.no\/#organization\"},\"potentialAction\":[{\"@type\":\"SearchAction\",\"target\":{\"@type\":\"EntryPoint\",\"urlTemplate\":\"https:\/\/www.normartrading.no\/?s={search_term_string}\"},\"query-input\":{\"@type\":\"PropertyValueSpecification\",\"valueRequired\":true,\"valueName\":\"search_term_string\"}}],\"inLanguage\":\"es\"},{\"@type\":\"Organization\",\"@id\":\"https:\/\/www.normartrading.no\/#organization\",\"name\":\"NorMar Trading\",\"url\":\"https:\/\/www.normartrading.no\/\",\"logo\":{\"@type\":\"ImageObject\",\"inLanguage\":\"es\",\"@id\":\"https:\/\/www.normartrading.no\/#\/schema\/logo\/image\/\",\"url\":\"https:\/\/normartrading.webcoder-dev.com\/wp-content\/uploads\/2022\/12\/NorMar-Logo-RGB.jpg\",\"contentUrl\":\"https:\/\/normartrading.webcoder-dev.com\/wp-content\/uploads\/2022\/12\/NorMar-Logo-RGB.jpg\",\"width\":500,\"height\":329,\"caption\":\"NorMar Trading\"},\"image\":{\"@id\":\"https:\/\/www.normartrading.no\/#\/schema\/logo\/image\/\"},\"sameAs\":[\"https:\/\/www.facebook.com\/nordicmarine\",\"https:\/\/www.linkedin.com\/company\/normar-trading-as\",\"https:\/\/www.instagram.com\/normartrading\/\",\"https:\/\/www.youtube.com\/channel\/UCjwKO7n-WPQEtEyQmnbSdQg\"]}]}<\/script>\n<!-- \/ Yoast SEO Premium plugin. -->","yoast_head_json":{"title":"Congelador en Espiral Scanico \/ Thermofin for sale - Normar Trading","description":"Congelador en espiral Scanico con un exclusivo sistema de apilado de cintas es posiblemente el congelador en espiral m\u00e1s efectivo del mercado en t\u00e9rminos de capacidad y consumo de energ\u00eda.","robots":{"index":"index","follow":"follow","max-snippet":"max-snippet:-1","max-image-preview":"max-image-preview:large","max-video-preview":"max-video-preview:-1"},"canonical":"https:\/\/normartrading.webcoder-dev.com\/es\/products\/congelador-en-espiral-scanico-thermofin\/","og_locale":"es_ES","og_type":"article","og_title":"Congelador en Espiral Scanico \/ Thermofin","og_description":"Congelador en espiral Scanico con un exclusivo sistema de apilado de cintas es posiblemente el congelador en espiral m\u00e1s efectivo del mercado en t\u00e9rminos de capacidad y consumo de energ\u00eda.","og_url":"https:\/\/normartrading.webcoder-dev.com\/es\/products\/congelador-en-espiral-scanico-thermofin\/","og_site_name":"NorMarTrading","article_publisher":"https:\/\/www.facebook.com\/nordicmarine","article_modified_time":"2025-01-03T09:48:58+00:00","og_image":[{"width":1373,"height":1024,"url":"https:\/\/www.normartrading.no\/wp-content\/uploads\/2025\/01\/SF-BIG-1.png","type":"image\/png"}],"twitter_card":"summary_large_image","twitter_misc":{"Tiempo de lectura":"2 minutos"},"schema":{"@context":"https:\/\/schema.org","@graph":[{"@type":["WebPage","ItemPage"],"@id":"https:\/\/normartrading.webcoder-dev.com\/es\/products\/congelador-en-espiral-scanico-thermofin\/","url":"https:\/\/normartrading.webcoder-dev.com\/es\/products\/congelador-en-espiral-scanico-thermofin\/","name":"Congelador en Espiral Scanico \/ Thermofin for sale - Normar Trading","isPartOf":{"@id":"https:\/\/www.normartrading.no\/#website"},"primaryImageOfPage":{"@id":"https:\/\/normartrading.webcoder-dev.com\/es\/products\/congelador-en-espiral-scanico-thermofin\/#primaryimage"},"image":{"@id":"https:\/\/normartrading.webcoder-dev.com\/es\/products\/congelador-en-espiral-scanico-thermofin\/#primaryimage"},"thumbnailUrl":"https:\/\/normartrading.webcoder-dev.com\/wp-content\/uploads\/2025\/01\/Scanico-Freezer-1-1.jpg","datePublished":"2025-01-03T09:28:25+00:00","dateModified":"2025-01-03T09:48:58+00:00","description":"Congelador en espiral Scanico con un exclusivo sistema de apilado de cintas es posiblemente el congelador en espiral m\u00e1s efectivo del mercado en t\u00e9rminos de capacidad y consumo de energ\u00eda.","breadcrumb":{"@id":"https:\/\/normartrading.webcoder-dev.com\/es\/products\/congelador-en-espiral-scanico-thermofin\/#breadcrumb"},"inLanguage":"es","potentialAction":[{"@type":"ReadAction","target":["https:\/\/normartrading.webcoder-dev.com\/es\/products\/congelador-en-espiral-scanico-thermofin\/"]}]},{"@type":"ImageObject","inLanguage":"es","@id":"https:\/\/normartrading.webcoder-dev.com\/es\/products\/congelador-en-espiral-scanico-thermofin\/#primaryimage","url":"https:\/\/normartrading.webcoder-dev.com\/wp-content\/uploads\/2025\/01\/Scanico-Freezer-1-1.jpg","contentUrl":"https:\/\/normartrading.webcoder-dev.com\/wp-content\/uploads\/2025\/01\/Scanico-Freezer-1-1.jpg","width":1000,"height":1000,"caption":"Scanico Spiral Freezer"},{"@type":"BreadcrumbList","@id":"https:\/\/normartrading.webcoder-dev.com\/es\/products\/congelador-en-espiral-scanico-thermofin\/#breadcrumb","itemListElement":[{"@type":"ListItem","position":1,"name":"Hjem","item":"https:\/\/www.normartrading.no\/"},{"@type":"ListItem","position":2,"name":"Productos","item":"https:\/\/normartrading.webcoder-dev.com\/es\/productos\/"},{"@type":"ListItem","position":3,"name":"Equipos de Congelaci\u00f3n","item":"https:\/\/normartrading.webcoder-dev.com\/es\/equipos-de-congelacion\/"},{"@type":"ListItem","position":4,"name":"Congelador en Espiral Scanico \/ Thermofin"}]},{"@type":"WebSite","@id":"https:\/\/www.normartrading.no\/#website","url":"https:\/\/www.normartrading.no\/","name":"NorMar Trading","description":"Produksjonsutstyr til fiskerin\u00e6ringen og matvareindustrien","publisher":{"@id":"https:\/\/www.normartrading.no\/#organization"},"potentialAction":[{"@type":"SearchAction","target":{"@type":"EntryPoint","urlTemplate":"https:\/\/www.normartrading.no\/?s={search_term_string}"},"query-input":{"@type":"PropertyValueSpecification","valueRequired":true,"valueName":"search_term_string"}}],"inLanguage":"es"},{"@type":"Organization","@id":"https:\/\/www.normartrading.no\/#organization","name":"NorMar Trading","url":"https:\/\/www.normartrading.no\/","logo":{"@type":"ImageObject","inLanguage":"es","@id":"https:\/\/www.normartrading.no\/#\/schema\/logo\/image\/","url":"https:\/\/normartrading.webcoder-dev.com\/wp-content\/uploads\/2022\/12\/NorMar-Logo-RGB.jpg","contentUrl":"https:\/\/normartrading.webcoder-dev.com\/wp-content\/uploads\/2022\/12\/NorMar-Logo-RGB.jpg","width":500,"height":329,"caption":"NorMar Trading"},"image":{"@id":"https:\/\/www.normartrading.no\/#\/schema\/logo\/image\/"},"sameAs":["https:\/\/www.facebook.com\/nordicmarine","https:\/\/www.linkedin.com\/company\/normar-trading-as","https:\/\/www.instagram.com\/normartrading\/","https:\/\/www.youtube.com\/channel\/UCjwKO7n-WPQEtEyQmnbSdQg"]}]}},"_links":{"self":[{"href":"https:\/\/normartrading.webcoder-dev.com\/es\/wp-json\/wp\/v2\/product\/26721","targetHints":{"allow":["GET"]}}],"collection":[{"href":"https:\/\/normartrading.webcoder-dev.com\/es\/wp-json\/wp\/v2\/product"}],"about":[{"href":"https:\/\/normartrading.webcoder-dev.com\/es\/wp-json\/wp\/v2\/types\/product"}],"wp:featuredmedia":[{"embeddable":true,"href":"https:\/\/normartrading.webcoder-dev.com\/es\/wp-json\/wp\/v2\/media\/26958"}],"wp:attachment":[{"href":"https:\/\/normartrading.webcoder-dev.com\/es\/wp-json\/wp\/v2\/media?parent=26721"}],"wp:term":[{"taxonomy":"product_brand","embeddable":true,"href":"https:\/\/normartrading.webcoder-dev.com\/es\/wp-json\/wp\/v2\/product_brand?post=26721"},{"taxonomy":"product_cat","embeddable":true,"href":"https:\/\/normartrading.webcoder-dev.com\/es\/wp-json\/wp\/v2\/product_cat?post=26721"},{"taxonomy":"product_tag","embeddable":true,"href":"https:\/\/normartrading.webcoder-dev.com\/es\/wp-json\/wp\/v2\/product_tag?post=26721"}],"curies":[{"name":"wp","href":"https:\/\/api.w.org\/{rel}","templated":true}]}}