{"id":26585,"date":"2024-12-23T07:47:21","date_gmt":"2024-12-23T07:47:21","guid":{"rendered":"https:\/\/normartrading.webcoder-dev.com\/products\/dsi-v3-28-100-vertical-plate-freezer\/"},"modified":"2024-12-23T08:02:12","modified_gmt":"2024-12-23T08:02:12","slug":"dsi-v3-28-100-vertical-plate-freezer","status":"publish","type":"product","link":"https:\/\/normartrading.webcoder-dev.com\/es\/products\/dsi-v3-28-100-vertical-plate-freezer\/","title":{"rendered":"DSI V3 28-100 Congelador de Placas Vertical"},"content":{"rendered":"<h6>DSI V3 28-100 Congelador de Placas Vertical<\/h6>\n<p>Estado: Bueno, operativo<br \/>\nA\u00f1o de fabricaci\u00f3n: 2022<\/p>\n<p>DSI V3 28-100 Congelador de Placas Vertical est\u00e1 en buen estado y ofrece un rendimiento fiable.<\/p>\n<p>Especificaciones:<\/p>\n<p>28 estaciones<br \/>\n29 placas<br \/>\nTama\u00f1o de las placas (L\u00d7A): 820 \u00d7 600 mm<br \/>\nCada estaci\u00f3n puede alojar dos bloques congelados, con cada bloque de tama\u00f1o (L\u00d7A\u00d7H): 400 \u00d7 600 \u00d7 75 mm<br \/>\nRefrigerante: NH3\/R22<br \/>\nDimensiones (LxAxH): 4788 x 1346 x 1190 mm<br \/>\nPeso: 2560 kg<\/p>\n<p>Ejemplo de congelaci\u00f3n de bloques de carne picada de ave:<\/p>\n<p>Dimensiones del bloque: 400 x 600 x 100 mm, 2 bloques por estaci\u00f3n<br \/>\nPeso de cada bloque: 20,5 kg<br \/>\nPeso total por carga: 1312 kg<br \/>\nCiclo de congelaci\u00f3n: 205 min (7 ciclos en 24 horas)<br \/>\nCapacidad: Aproximadamente 9000 kg en 24 horas<br \/>\nTemperatura del producto al entrar: +5\u00b0C<br \/>\nTemperatura del producto al salir: -18\u00b0C<br \/>\nPotencia: 43 kW<br \/>\nVolumen de refrigerante R22: 244 litros<br \/>\nTemperatura de evaporaci\u00f3n en placas: -40\u00b0C<\/p>\n","protected":false},"excerpt":{"rendered":"<p>DSI V3 28-100 Congelador de Placas Vertical Estado: Bueno, operativo A\u00f1o de fabricaci\u00f3n: 2022 DSI V3 28-100 Congelador de Placas Vertical est\u00e1 en buen estado y ofrece un rendimiento fiable. Especificaciones: 28 estaciones 29 placas Tama\u00f1o de las placas (L\u00d7A): 820 \u00d7 600 mm Cada estaci\u00f3n puede alojar dos bloques congelados, con cada bloque de [&hellip;]<\/p>\n","protected":false},"featured_media":26575,"template":"","meta":{"_acf_changed":false,"inline_featured_image":false},"product_brand":[],"product_cat":[692,679],"product_tag":[],"class_list":{"0":"post-26585","1":"product","2":"type-product","3":"status-publish","4":"has-post-thumbnail","6":"product_cat-congeladores-de-placa-vertical","7":"product_cat-equipos-de-congelacion","9":"first","10":"instock","11":"shipping-taxable","12":"product-type-simple"},"acf":[],"yoast_head":"<!-- This site is optimized with the Yoast SEO Premium plugin v25.2 (Yoast SEO v26.3) - https:\/\/yoast.com\/wordpress\/plugins\/seo\/ -->\n<title>DSI V3 28-100 Congelador de Placas Vertical - Normar Trading<\/title>\n<meta name=\"description\" content=\"DSI V3 28-100 Congelador de placas vertical. Rendimiento fiable, buen estado. Ideal para congelar eficientemente bloques de carne picada de ave y otros productos.\" \/>\n<meta name=\"robots\" content=\"index, follow, max-snippet:-1, max-image-preview:large, max-video-preview:-1\" \/>\n<link rel=\"canonical\" href=\"https:\/\/normartrading.webcoder-dev.com\/es\/products\/dsi-v3-28-100-vertical-plate-freezer\/\" \/>\n<meta property=\"og:locale\" content=\"es_ES\" \/>\n<meta property=\"og:type\" content=\"article\" \/>\n<meta property=\"og:title\" content=\"DSI V3 28-100 Congelador de Placas Vertical\" \/>\n<meta property=\"og:description\" content=\"DSI V3 28-100 Congelador de placas vertical. Rendimiento fiable, buen estado. Ideal para congelar eficientemente bloques de carne picada de ave y otros productos.\" \/>\n<meta property=\"og:url\" content=\"https:\/\/normartrading.webcoder-dev.com\/es\/products\/dsi-v3-28-100-vertical-plate-freezer\/\" \/>\n<meta property=\"og:site_name\" content=\"NorMarTrading\" \/>\n<meta property=\"article:publisher\" content=\"https:\/\/www.facebook.com\/nordicmarine\" \/>\n<meta property=\"article:modified_time\" content=\"2024-12-23T08:02:12+00:00\" \/>\n<meta property=\"og:image\" content=\"https:\/\/www.normartrading.no\/wp-content\/uploads\/2024\/12\/Vertikal-fryser-5-1.jpg\" \/>\n\t<meta property=\"og:image:width\" content=\"960\" \/>\n\t<meta property=\"og:image:height\" content=\"1280\" \/>\n\t<meta property=\"og:image:type\" content=\"image\/jpeg\" \/>\n<meta name=\"twitter:card\" content=\"summary_large_image\" \/>\n<meta name=\"twitter:label1\" content=\"Tiempo de lectura\" \/>\n\t<meta name=\"twitter:data1\" content=\"1 minuto\" \/>\n<script type=\"application\/ld+json\" class=\"yoast-schema-graph\">{\"@context\":\"https:\/\/schema.org\",\"@graph\":[{\"@type\":[\"WebPage\",\"ItemPage\"],\"@id\":\"https:\/\/normartrading.webcoder-dev.com\/es\/products\/dsi-v3-28-100-vertical-plate-freezer\/\",\"url\":\"https:\/\/normartrading.webcoder-dev.com\/es\/products\/dsi-v3-28-100-vertical-plate-freezer\/\",\"name\":\"DSI V3 28-100 Congelador de Placas Vertical - Normar Trading\",\"isPartOf\":{\"@id\":\"https:\/\/www.normartrading.no\/#website\"},\"primaryImageOfPage\":{\"@id\":\"https:\/\/normartrading.webcoder-dev.com\/es\/products\/dsi-v3-28-100-vertical-plate-freezer\/#primaryimage\"},\"image\":{\"@id\":\"https:\/\/normartrading.webcoder-dev.com\/es\/products\/dsi-v3-28-100-vertical-plate-freezer\/#primaryimage\"},\"thumbnailUrl\":\"https:\/\/normartrading.webcoder-dev.com\/wp-content\/uploads\/2024\/12\/Vertikal-fryser-5-1.jpg\",\"datePublished\":\"2024-12-23T07:47:21+00:00\",\"dateModified\":\"2024-12-23T08:02:12+00:00\",\"description\":\"DSI V3 28-100 Congelador de placas vertical. Rendimiento fiable, buen estado. Ideal para congelar eficientemente bloques de carne picada de ave y otros productos.\",\"breadcrumb\":{\"@id\":\"https:\/\/normartrading.webcoder-dev.com\/es\/products\/dsi-v3-28-100-vertical-plate-freezer\/#breadcrumb\"},\"inLanguage\":\"es\",\"potentialAction\":[{\"@type\":\"ReadAction\",\"target\":[\"https:\/\/normartrading.webcoder-dev.com\/es\/products\/dsi-v3-28-100-vertical-plate-freezer\/\"]}]},{\"@type\":\"ImageObject\",\"inLanguage\":\"es\",\"@id\":\"https:\/\/normartrading.webcoder-dev.com\/es\/products\/dsi-v3-28-100-vertical-plate-freezer\/#primaryimage\",\"url\":\"https:\/\/normartrading.webcoder-dev.com\/wp-content\/uploads\/2024\/12\/Vertikal-fryser-5-1.jpg\",\"contentUrl\":\"https:\/\/normartrading.webcoder-dev.com\/wp-content\/uploads\/2024\/12\/Vertikal-fryser-5-1.jpg\",\"width\":960,\"height\":1280,\"caption\":\"DSI V3 28-100 Vertical Plate Freezer\"},{\"@type\":\"BreadcrumbList\",\"@id\":\"https:\/\/normartrading.webcoder-dev.com\/es\/products\/dsi-v3-28-100-vertical-plate-freezer\/#breadcrumb\",\"itemListElement\":[{\"@type\":\"ListItem\",\"position\":1,\"name\":\"Hjem\",\"item\":\"https:\/\/www.normartrading.no\/\"},{\"@type\":\"ListItem\",\"position\":2,\"name\":\"Productos\",\"item\":\"https:\/\/normartrading.webcoder-dev.com\/es\/productos\/\"},{\"@type\":\"ListItem\",\"position\":3,\"name\":\"Equipos de Congelaci\u00f3n\",\"item\":\"https:\/\/normartrading.webcoder-dev.com\/es\/equipos-de-congelacion\/\"},{\"@type\":\"ListItem\",\"position\":4,\"name\":\"DSI V3 28-100 Congelador de Placas Vertical\"}]},{\"@type\":\"WebSite\",\"@id\":\"https:\/\/www.normartrading.no\/#website\",\"url\":\"https:\/\/www.normartrading.no\/\",\"name\":\"NorMar Trading\",\"description\":\"Produksjonsutstyr til fiskerin\u00e6ringen og matvareindustrien\",\"publisher\":{\"@id\":\"https:\/\/www.normartrading.no\/#organization\"},\"potentialAction\":[{\"@type\":\"SearchAction\",\"target\":{\"@type\":\"EntryPoint\",\"urlTemplate\":\"https:\/\/www.normartrading.no\/?s={search_term_string}\"},\"query-input\":{\"@type\":\"PropertyValueSpecification\",\"valueRequired\":true,\"valueName\":\"search_term_string\"}}],\"inLanguage\":\"es\"},{\"@type\":\"Organization\",\"@id\":\"https:\/\/www.normartrading.no\/#organization\",\"name\":\"NorMar Trading\",\"url\":\"https:\/\/www.normartrading.no\/\",\"logo\":{\"@type\":\"ImageObject\",\"inLanguage\":\"es\",\"@id\":\"https:\/\/www.normartrading.no\/#\/schema\/logo\/image\/\",\"url\":\"https:\/\/normartrading.webcoder-dev.com\/wp-content\/uploads\/2022\/12\/NorMar-Logo-RGB.jpg\",\"contentUrl\":\"https:\/\/normartrading.webcoder-dev.com\/wp-content\/uploads\/2022\/12\/NorMar-Logo-RGB.jpg\",\"width\":500,\"height\":329,\"caption\":\"NorMar Trading\"},\"image\":{\"@id\":\"https:\/\/www.normartrading.no\/#\/schema\/logo\/image\/\"},\"sameAs\":[\"https:\/\/www.facebook.com\/nordicmarine\",\"https:\/\/www.linkedin.com\/company\/normar-trading-as\",\"https:\/\/www.instagram.com\/normartrading\/\",\"https:\/\/www.youtube.com\/channel\/UCjwKO7n-WPQEtEyQmnbSdQg\"]}]}<\/script>\n<!-- \/ Yoast SEO Premium plugin. -->","yoast_head_json":{"title":"DSI V3 28-100 Congelador de Placas Vertical - Normar Trading","description":"DSI V3 28-100 Congelador de placas vertical. Rendimiento fiable, buen estado. Ideal para congelar eficientemente bloques de carne picada de ave y otros productos.","robots":{"index":"index","follow":"follow","max-snippet":"max-snippet:-1","max-image-preview":"max-image-preview:large","max-video-preview":"max-video-preview:-1"},"canonical":"https:\/\/normartrading.webcoder-dev.com\/es\/products\/dsi-v3-28-100-vertical-plate-freezer\/","og_locale":"es_ES","og_type":"article","og_title":"DSI V3 28-100 Congelador de Placas Vertical","og_description":"DSI V3 28-100 Congelador de placas vertical. Rendimiento fiable, buen estado. Ideal para congelar eficientemente bloques de carne picada de ave y otros productos.","og_url":"https:\/\/normartrading.webcoder-dev.com\/es\/products\/dsi-v3-28-100-vertical-plate-freezer\/","og_site_name":"NorMarTrading","article_publisher":"https:\/\/www.facebook.com\/nordicmarine","article_modified_time":"2024-12-23T08:02:12+00:00","og_image":[{"width":960,"height":1280,"url":"https:\/\/www.normartrading.no\/wp-content\/uploads\/2024\/12\/Vertikal-fryser-5-1.jpg","type":"image\/jpeg"}],"twitter_card":"summary_large_image","twitter_misc":{"Tiempo de lectura":"1 minuto"},"schema":{"@context":"https:\/\/schema.org","@graph":[{"@type":["WebPage","ItemPage"],"@id":"https:\/\/normartrading.webcoder-dev.com\/es\/products\/dsi-v3-28-100-vertical-plate-freezer\/","url":"https:\/\/normartrading.webcoder-dev.com\/es\/products\/dsi-v3-28-100-vertical-plate-freezer\/","name":"DSI V3 28-100 Congelador de Placas Vertical - Normar Trading","isPartOf":{"@id":"https:\/\/www.normartrading.no\/#website"},"primaryImageOfPage":{"@id":"https:\/\/normartrading.webcoder-dev.com\/es\/products\/dsi-v3-28-100-vertical-plate-freezer\/#primaryimage"},"image":{"@id":"https:\/\/normartrading.webcoder-dev.com\/es\/products\/dsi-v3-28-100-vertical-plate-freezer\/#primaryimage"},"thumbnailUrl":"https:\/\/normartrading.webcoder-dev.com\/wp-content\/uploads\/2024\/12\/Vertikal-fryser-5-1.jpg","datePublished":"2024-12-23T07:47:21+00:00","dateModified":"2024-12-23T08:02:12+00:00","description":"DSI V3 28-100 Congelador de placas vertical. Rendimiento fiable, buen estado. Ideal para congelar eficientemente bloques de carne picada de ave y otros productos.","breadcrumb":{"@id":"https:\/\/normartrading.webcoder-dev.com\/es\/products\/dsi-v3-28-100-vertical-plate-freezer\/#breadcrumb"},"inLanguage":"es","potentialAction":[{"@type":"ReadAction","target":["https:\/\/normartrading.webcoder-dev.com\/es\/products\/dsi-v3-28-100-vertical-plate-freezer\/"]}]},{"@type":"ImageObject","inLanguage":"es","@id":"https:\/\/normartrading.webcoder-dev.com\/es\/products\/dsi-v3-28-100-vertical-plate-freezer\/#primaryimage","url":"https:\/\/normartrading.webcoder-dev.com\/wp-content\/uploads\/2024\/12\/Vertikal-fryser-5-1.jpg","contentUrl":"https:\/\/normartrading.webcoder-dev.com\/wp-content\/uploads\/2024\/12\/Vertikal-fryser-5-1.jpg","width":960,"height":1280,"caption":"DSI V3 28-100 Vertical Plate Freezer"},{"@type":"BreadcrumbList","@id":"https:\/\/normartrading.webcoder-dev.com\/es\/products\/dsi-v3-28-100-vertical-plate-freezer\/#breadcrumb","itemListElement":[{"@type":"ListItem","position":1,"name":"Hjem","item":"https:\/\/www.normartrading.no\/"},{"@type":"ListItem","position":2,"name":"Productos","item":"https:\/\/normartrading.webcoder-dev.com\/es\/productos\/"},{"@type":"ListItem","position":3,"name":"Equipos de Congelaci\u00f3n","item":"https:\/\/normartrading.webcoder-dev.com\/es\/equipos-de-congelacion\/"},{"@type":"ListItem","position":4,"name":"DSI V3 28-100 Congelador de Placas Vertical"}]},{"@type":"WebSite","@id":"https:\/\/www.normartrading.no\/#website","url":"https:\/\/www.normartrading.no\/","name":"NorMar Trading","description":"Produksjonsutstyr til fiskerin\u00e6ringen og matvareindustrien","publisher":{"@id":"https:\/\/www.normartrading.no\/#organization"},"potentialAction":[{"@type":"SearchAction","target":{"@type":"EntryPoint","urlTemplate":"https:\/\/www.normartrading.no\/?s={search_term_string}"},"query-input":{"@type":"PropertyValueSpecification","valueRequired":true,"valueName":"search_term_string"}}],"inLanguage":"es"},{"@type":"Organization","@id":"https:\/\/www.normartrading.no\/#organization","name":"NorMar Trading","url":"https:\/\/www.normartrading.no\/","logo":{"@type":"ImageObject","inLanguage":"es","@id":"https:\/\/www.normartrading.no\/#\/schema\/logo\/image\/","url":"https:\/\/normartrading.webcoder-dev.com\/wp-content\/uploads\/2022\/12\/NorMar-Logo-RGB.jpg","contentUrl":"https:\/\/normartrading.webcoder-dev.com\/wp-content\/uploads\/2022\/12\/NorMar-Logo-RGB.jpg","width":500,"height":329,"caption":"NorMar Trading"},"image":{"@id":"https:\/\/www.normartrading.no\/#\/schema\/logo\/image\/"},"sameAs":["https:\/\/www.facebook.com\/nordicmarine","https:\/\/www.linkedin.com\/company\/normar-trading-as","https:\/\/www.instagram.com\/normartrading\/","https:\/\/www.youtube.com\/channel\/UCjwKO7n-WPQEtEyQmnbSdQg"]}]}},"_links":{"self":[{"href":"https:\/\/normartrading.webcoder-dev.com\/es\/wp-json\/wp\/v2\/product\/26585","targetHints":{"allow":["GET"]}}],"collection":[{"href":"https:\/\/normartrading.webcoder-dev.com\/es\/wp-json\/wp\/v2\/product"}],"about":[{"href":"https:\/\/normartrading.webcoder-dev.com\/es\/wp-json\/wp\/v2\/types\/product"}],"wp:featuredmedia":[{"embeddable":true,"href":"https:\/\/normartrading.webcoder-dev.com\/es\/wp-json\/wp\/v2\/media\/26575"}],"wp:attachment":[{"href":"https:\/\/normartrading.webcoder-dev.com\/es\/wp-json\/wp\/v2\/media?parent=26585"}],"wp:term":[{"taxonomy":"product_brand","embeddable":true,"href":"https:\/\/normartrading.webcoder-dev.com\/es\/wp-json\/wp\/v2\/product_brand?post=26585"},{"taxonomy":"product_cat","embeddable":true,"href":"https:\/\/normartrading.webcoder-dev.com\/es\/wp-json\/wp\/v2\/product_cat?post=26585"},{"taxonomy":"product_tag","embeddable":true,"href":"https:\/\/normartrading.webcoder-dev.com\/es\/wp-json\/wp\/v2\/product_tag?post=26585"}],"curies":[{"name":"wp","href":"https:\/\/api.w.org\/{rel}","templated":true}]}}