{"id":26395,"date":"2024-10-16T12:24:33","date_gmt":"2024-10-16T12:24:33","guid":{"rendered":"https:\/\/normartrading.webcoder-dev.com\/products\/marel-dwu-grading-system-6-ports\/"},"modified":"2024-10-16T12:40:05","modified_gmt":"2024-10-16T12:40:05","slug":"sistema-de-clasificacion-marel-6-ports","status":"publish","type":"product","link":"https:\/\/normartrading.webcoder-dev.com\/es\/products\/sistema-de-clasificacion-marel-6-ports\/","title":{"rendered":"Sistema de Clasificaci\u00f3n Marel DWU 6 ports"},"content":{"rendered":"<h6>Sistema de Clasificaci\u00f3n Marel DWU<\/h6>\n<p>Este sistema est\u00e1 dise\u00f1ado para el pesaje y clasificaci\u00f3n din\u00e1mica precisa en el procesamiento de alimentos, especialmente para pescado y aves. El sistema de clasificaci\u00f3n Marel DWU incluye un ancho de banda de 225 mm y es impulsado por un motor de 0,25 kW, lo que garantiza un funcionamiento fiable. El sistema permite una clasificaci\u00f3n eficiente con hasta 6 estaciones en la l\u00ednea de clasificaci\u00f3n, cada una equipada para manejar productos de diversos tama\u00f1os de peso. Conocido por su construcci\u00f3n robusta y su f\u00e1cil integraci\u00f3n, es adecuado para entornos de alto rendimiento y cumple con altos est\u00e1ndares de higiene.<\/p>\n<p><strong>Unidad de pesaje Marel<\/strong><\/p>\n<li>Tipo: 007-0009<\/li>\n<li>Tipo DWU 2&#215;225<\/li>\n<li>A\u00f1o de construcci\u00f3n 2013<\/li>\n<li>Potencia 3 x 230V, 50Hz, 0,25kW<\/li>\n<p>&nbsp;<br \/>\n<strong>Cinta de clasificaci\u00f3n Marel<\/strong><\/p>\n<li>Tipo 2034-001<\/li>\n<li>Estaciones: 6 estaciones<\/li>\n<li>Ancho de la cinta: 600 mm<\/li>\n<li>Potencia 3 x 230V, 50Hz 0,65kW<\/li>\n","protected":false},"excerpt":{"rendered":"<p>Sistema de Clasificaci\u00f3n Marel DWU Este sistema est\u00e1 dise\u00f1ado para el pesaje y clasificaci\u00f3n din\u00e1mica precisa en el procesamiento de alimentos, especialmente para pescado y aves. El sistema de clasificaci\u00f3n Marel DWU incluye un ancho de banda de 225 mm y es impulsado por un motor de 0,25 kW, lo que garantiza un funcionamiento fiable. [&hellip;]<\/p>\n","protected":false},"featured_media":26333,"template":"","meta":{"_acf_changed":false,"inline_featured_image":false},"product_brand":[],"product_cat":[671,674],"product_tag":[],"class_list":{"0":"post-26395","1":"product","2":"type-product","3":"status-publish","4":"has-post-thumbnail","6":"product_cat-maquinas-de-clasificacion-y-seleccion-de-peces","7":"product_cat-maquinas-de-procesamiento-de-pescado","9":"first","10":"instock","11":"shipping-taxable","12":"product-type-simple"},"acf":[],"yoast_head":"<!-- This site is optimized with the Yoast SEO Premium plugin v25.2 (Yoast SEO v26.3) - https:\/\/yoast.com\/wordpress\/plugins\/seo\/ -->\n<title>Sistema de Clasificaci\u00f3n Marel DWU 6 ports a la venta - NorMarTrading<\/title>\n<meta name=\"description\" content=\"Sistema de clasificaci\u00f3n Marel DWU con 6 estaciones est\u00e1 dise\u00f1ado para el pesaje y la clasificaci\u00f3n din\u00e1mica en el procesamiento de alimentos, especialmente para pescado y aves.\" \/>\n<meta name=\"robots\" content=\"index, follow, max-snippet:-1, max-image-preview:large, max-video-preview:-1\" \/>\n<link rel=\"canonical\" href=\"https:\/\/normartrading.webcoder-dev.com\/es\/products\/sistema-de-clasificacion-marel-6-ports\/\" \/>\n<meta property=\"og:locale\" content=\"es_ES\" \/>\n<meta property=\"og:type\" content=\"article\" \/>\n<meta property=\"og:title\" content=\"Sistema de Clasificaci\u00f3n Marel DWU 6 ports\" \/>\n<meta property=\"og:description\" content=\"Sistema de clasificaci\u00f3n Marel DWU con 6 estaciones est\u00e1 dise\u00f1ado para el pesaje y la clasificaci\u00f3n din\u00e1mica en el procesamiento de alimentos, especialmente para pescado y aves.\" \/>\n<meta property=\"og:url\" content=\"https:\/\/normartrading.webcoder-dev.com\/es\/products\/sistema-de-clasificacion-marel-6-ports\/\" \/>\n<meta property=\"og:site_name\" content=\"NorMarTrading\" \/>\n<meta property=\"article:publisher\" content=\"https:\/\/www.facebook.com\/nordicmarine\" \/>\n<meta property=\"article:modified_time\" content=\"2024-10-16T12:40:05+00:00\" \/>\n<meta property=\"og:image\" content=\"https:\/\/www.normartrading.no\/wp-content\/uploads\/2024\/10\/Marel-Grader-17-scaled.jpg\" \/>\n\t<meta property=\"og:image:width\" content=\"2560\" \/>\n\t<meta property=\"og:image:height\" content=\"2366\" \/>\n\t<meta property=\"og:image:type\" content=\"image\/jpeg\" \/>\n<meta name=\"twitter:card\" content=\"summary_large_image\" \/>\n<meta name=\"twitter:label1\" content=\"Tiempo de lectura\" \/>\n\t<meta name=\"twitter:data1\" content=\"1 minuto\" \/>\n<script type=\"application\/ld+json\" class=\"yoast-schema-graph\">{\"@context\":\"https:\/\/schema.org\",\"@graph\":[{\"@type\":[\"WebPage\",\"ItemPage\"],\"@id\":\"https:\/\/normartrading.webcoder-dev.com\/es\/products\/sistema-de-clasificacion-marel-6-ports\/\",\"url\":\"https:\/\/normartrading.webcoder-dev.com\/es\/products\/sistema-de-clasificacion-marel-6-ports\/\",\"name\":\"Sistema de Clasificaci\u00f3n Marel DWU 6 ports a la venta - NorMarTrading\",\"isPartOf\":{\"@id\":\"https:\/\/www.normartrading.no\/#website\"},\"primaryImageOfPage\":{\"@id\":\"https:\/\/normartrading.webcoder-dev.com\/es\/products\/sistema-de-clasificacion-marel-6-ports\/#primaryimage\"},\"image\":{\"@id\":\"https:\/\/normartrading.webcoder-dev.com\/es\/products\/sistema-de-clasificacion-marel-6-ports\/#primaryimage\"},\"thumbnailUrl\":\"https:\/\/normartrading.webcoder-dev.com\/wp-content\/uploads\/2024\/10\/Marel-Grader-17-scaled.jpg\",\"datePublished\":\"2024-10-16T12:24:33+00:00\",\"dateModified\":\"2024-10-16T12:40:05+00:00\",\"description\":\"Sistema de clasificaci\u00f3n Marel DWU con 6 estaciones est\u00e1 dise\u00f1ado para el pesaje y la clasificaci\u00f3n din\u00e1mica en el procesamiento de alimentos, especialmente para pescado y aves.\",\"breadcrumb\":{\"@id\":\"https:\/\/normartrading.webcoder-dev.com\/es\/products\/sistema-de-clasificacion-marel-6-ports\/#breadcrumb\"},\"inLanguage\":\"es\",\"potentialAction\":[{\"@type\":\"ReadAction\",\"target\":[\"https:\/\/normartrading.webcoder-dev.com\/es\/products\/sistema-de-clasificacion-marel-6-ports\/\"]}]},{\"@type\":\"ImageObject\",\"inLanguage\":\"es\",\"@id\":\"https:\/\/normartrading.webcoder-dev.com\/es\/products\/sistema-de-clasificacion-marel-6-ports\/#primaryimage\",\"url\":\"https:\/\/normartrading.webcoder-dev.com\/wp-content\/uploads\/2024\/10\/Marel-Grader-17-scaled.jpg\",\"contentUrl\":\"https:\/\/normartrading.webcoder-dev.com\/wp-content\/uploads\/2024\/10\/Marel-Grader-17-scaled.jpg\",\"width\":2560,\"height\":2366,\"caption\":\"Sistema de Clasificaci\u00f3n Marel\"},{\"@type\":\"BreadcrumbList\",\"@id\":\"https:\/\/normartrading.webcoder-dev.com\/es\/products\/sistema-de-clasificacion-marel-6-ports\/#breadcrumb\",\"itemListElement\":[{\"@type\":\"ListItem\",\"position\":1,\"name\":\"Hjem\",\"item\":\"https:\/\/www.normartrading.no\/\"},{\"@type\":\"ListItem\",\"position\":2,\"name\":\"Productos\",\"item\":\"https:\/\/normartrading.webcoder-dev.com\/es\/productos\/\"},{\"@type\":\"ListItem\",\"position\":3,\"name\":\"M\u00e1quinas de procesamiento de pescado\",\"item\":\"https:\/\/normartrading.webcoder-dev.com\/es\/maquinas-de-procesamiento-de-pescado\/\"},{\"@type\":\"ListItem\",\"position\":4,\"name\":\"Sistema de Clasificaci\u00f3n Marel DWU 6 ports\"}]},{\"@type\":\"WebSite\",\"@id\":\"https:\/\/www.normartrading.no\/#website\",\"url\":\"https:\/\/www.normartrading.no\/\",\"name\":\"NorMar Trading\",\"description\":\"Produksjonsutstyr til fiskerin\u00e6ringen og matvareindustrien\",\"publisher\":{\"@id\":\"https:\/\/www.normartrading.no\/#organization\"},\"potentialAction\":[{\"@type\":\"SearchAction\",\"target\":{\"@type\":\"EntryPoint\",\"urlTemplate\":\"https:\/\/www.normartrading.no\/?s={search_term_string}\"},\"query-input\":{\"@type\":\"PropertyValueSpecification\",\"valueRequired\":true,\"valueName\":\"search_term_string\"}}],\"inLanguage\":\"es\"},{\"@type\":\"Organization\",\"@id\":\"https:\/\/www.normartrading.no\/#organization\",\"name\":\"NorMar Trading\",\"url\":\"https:\/\/www.normartrading.no\/\",\"logo\":{\"@type\":\"ImageObject\",\"inLanguage\":\"es\",\"@id\":\"https:\/\/www.normartrading.no\/#\/schema\/logo\/image\/\",\"url\":\"https:\/\/normartrading.webcoder-dev.com\/wp-content\/uploads\/2022\/12\/NorMar-Logo-RGB.jpg\",\"contentUrl\":\"https:\/\/normartrading.webcoder-dev.com\/wp-content\/uploads\/2022\/12\/NorMar-Logo-RGB.jpg\",\"width\":500,\"height\":329,\"caption\":\"NorMar Trading\"},\"image\":{\"@id\":\"https:\/\/www.normartrading.no\/#\/schema\/logo\/image\/\"},\"sameAs\":[\"https:\/\/www.facebook.com\/nordicmarine\",\"https:\/\/www.linkedin.com\/company\/normar-trading-as\",\"https:\/\/www.instagram.com\/normartrading\/\",\"https:\/\/www.youtube.com\/channel\/UCjwKO7n-WPQEtEyQmnbSdQg\"]}]}<\/script>\n<!-- \/ Yoast SEO Premium plugin. -->","yoast_head_json":{"title":"Sistema de Clasificaci\u00f3n Marel DWU 6 ports a la venta - NorMarTrading","description":"Sistema de clasificaci\u00f3n Marel DWU con 6 estaciones est\u00e1 dise\u00f1ado para el pesaje y la clasificaci\u00f3n din\u00e1mica en el procesamiento de alimentos, especialmente para pescado y aves.","robots":{"index":"index","follow":"follow","max-snippet":"max-snippet:-1","max-image-preview":"max-image-preview:large","max-video-preview":"max-video-preview:-1"},"canonical":"https:\/\/normartrading.webcoder-dev.com\/es\/products\/sistema-de-clasificacion-marel-6-ports\/","og_locale":"es_ES","og_type":"article","og_title":"Sistema de Clasificaci\u00f3n Marel DWU 6 ports","og_description":"Sistema de clasificaci\u00f3n Marel DWU con 6 estaciones est\u00e1 dise\u00f1ado para el pesaje y la clasificaci\u00f3n din\u00e1mica en el procesamiento de alimentos, especialmente para pescado y aves.","og_url":"https:\/\/normartrading.webcoder-dev.com\/es\/products\/sistema-de-clasificacion-marel-6-ports\/","og_site_name":"NorMarTrading","article_publisher":"https:\/\/www.facebook.com\/nordicmarine","article_modified_time":"2024-10-16T12:40:05+00:00","og_image":[{"width":2560,"height":2366,"url":"https:\/\/www.normartrading.no\/wp-content\/uploads\/2024\/10\/Marel-Grader-17-scaled.jpg","type":"image\/jpeg"}],"twitter_card":"summary_large_image","twitter_misc":{"Tiempo de lectura":"1 minuto"},"schema":{"@context":"https:\/\/schema.org","@graph":[{"@type":["WebPage","ItemPage"],"@id":"https:\/\/normartrading.webcoder-dev.com\/es\/products\/sistema-de-clasificacion-marel-6-ports\/","url":"https:\/\/normartrading.webcoder-dev.com\/es\/products\/sistema-de-clasificacion-marel-6-ports\/","name":"Sistema de Clasificaci\u00f3n Marel DWU 6 ports a la venta - NorMarTrading","isPartOf":{"@id":"https:\/\/www.normartrading.no\/#website"},"primaryImageOfPage":{"@id":"https:\/\/normartrading.webcoder-dev.com\/es\/products\/sistema-de-clasificacion-marel-6-ports\/#primaryimage"},"image":{"@id":"https:\/\/normartrading.webcoder-dev.com\/es\/products\/sistema-de-clasificacion-marel-6-ports\/#primaryimage"},"thumbnailUrl":"https:\/\/normartrading.webcoder-dev.com\/wp-content\/uploads\/2024\/10\/Marel-Grader-17-scaled.jpg","datePublished":"2024-10-16T12:24:33+00:00","dateModified":"2024-10-16T12:40:05+00:00","description":"Sistema de clasificaci\u00f3n Marel DWU con 6 estaciones est\u00e1 dise\u00f1ado para el pesaje y la clasificaci\u00f3n din\u00e1mica en el procesamiento de alimentos, especialmente para pescado y aves.","breadcrumb":{"@id":"https:\/\/normartrading.webcoder-dev.com\/es\/products\/sistema-de-clasificacion-marel-6-ports\/#breadcrumb"},"inLanguage":"es","potentialAction":[{"@type":"ReadAction","target":["https:\/\/normartrading.webcoder-dev.com\/es\/products\/sistema-de-clasificacion-marel-6-ports\/"]}]},{"@type":"ImageObject","inLanguage":"es","@id":"https:\/\/normartrading.webcoder-dev.com\/es\/products\/sistema-de-clasificacion-marel-6-ports\/#primaryimage","url":"https:\/\/normartrading.webcoder-dev.com\/wp-content\/uploads\/2024\/10\/Marel-Grader-17-scaled.jpg","contentUrl":"https:\/\/normartrading.webcoder-dev.com\/wp-content\/uploads\/2024\/10\/Marel-Grader-17-scaled.jpg","width":2560,"height":2366,"caption":"Sistema de Clasificaci\u00f3n Marel"},{"@type":"BreadcrumbList","@id":"https:\/\/normartrading.webcoder-dev.com\/es\/products\/sistema-de-clasificacion-marel-6-ports\/#breadcrumb","itemListElement":[{"@type":"ListItem","position":1,"name":"Hjem","item":"https:\/\/www.normartrading.no\/"},{"@type":"ListItem","position":2,"name":"Productos","item":"https:\/\/normartrading.webcoder-dev.com\/es\/productos\/"},{"@type":"ListItem","position":3,"name":"M\u00e1quinas de procesamiento de pescado","item":"https:\/\/normartrading.webcoder-dev.com\/es\/maquinas-de-procesamiento-de-pescado\/"},{"@type":"ListItem","position":4,"name":"Sistema de Clasificaci\u00f3n Marel DWU 6 ports"}]},{"@type":"WebSite","@id":"https:\/\/www.normartrading.no\/#website","url":"https:\/\/www.normartrading.no\/","name":"NorMar Trading","description":"Produksjonsutstyr til fiskerin\u00e6ringen og matvareindustrien","publisher":{"@id":"https:\/\/www.normartrading.no\/#organization"},"potentialAction":[{"@type":"SearchAction","target":{"@type":"EntryPoint","urlTemplate":"https:\/\/www.normartrading.no\/?s={search_term_string}"},"query-input":{"@type":"PropertyValueSpecification","valueRequired":true,"valueName":"search_term_string"}}],"inLanguage":"es"},{"@type":"Organization","@id":"https:\/\/www.normartrading.no\/#organization","name":"NorMar Trading","url":"https:\/\/www.normartrading.no\/","logo":{"@type":"ImageObject","inLanguage":"es","@id":"https:\/\/www.normartrading.no\/#\/schema\/logo\/image\/","url":"https:\/\/normartrading.webcoder-dev.com\/wp-content\/uploads\/2022\/12\/NorMar-Logo-RGB.jpg","contentUrl":"https:\/\/normartrading.webcoder-dev.com\/wp-content\/uploads\/2022\/12\/NorMar-Logo-RGB.jpg","width":500,"height":329,"caption":"NorMar Trading"},"image":{"@id":"https:\/\/www.normartrading.no\/#\/schema\/logo\/image\/"},"sameAs":["https:\/\/www.facebook.com\/nordicmarine","https:\/\/www.linkedin.com\/company\/normar-trading-as","https:\/\/www.instagram.com\/normartrading\/","https:\/\/www.youtube.com\/channel\/UCjwKO7n-WPQEtEyQmnbSdQg"]}]}},"_links":{"self":[{"href":"https:\/\/normartrading.webcoder-dev.com\/es\/wp-json\/wp\/v2\/product\/26395","targetHints":{"allow":["GET"]}}],"collection":[{"href":"https:\/\/normartrading.webcoder-dev.com\/es\/wp-json\/wp\/v2\/product"}],"about":[{"href":"https:\/\/normartrading.webcoder-dev.com\/es\/wp-json\/wp\/v2\/types\/product"}],"wp:featuredmedia":[{"embeddable":true,"href":"https:\/\/normartrading.webcoder-dev.com\/es\/wp-json\/wp\/v2\/media\/26333"}],"wp:attachment":[{"href":"https:\/\/normartrading.webcoder-dev.com\/es\/wp-json\/wp\/v2\/media?parent=26395"}],"wp:term":[{"taxonomy":"product_brand","embeddable":true,"href":"https:\/\/normartrading.webcoder-dev.com\/es\/wp-json\/wp\/v2\/product_brand?post=26395"},{"taxonomy":"product_cat","embeddable":true,"href":"https:\/\/normartrading.webcoder-dev.com\/es\/wp-json\/wp\/v2\/product_cat?post=26395"},{"taxonomy":"product_tag","embeddable":true,"href":"https:\/\/normartrading.webcoder-dev.com\/es\/wp-json\/wp\/v2\/product_tag?post=26395"}],"curies":[{"name":"wp","href":"https:\/\/api.w.org\/{rel}","templated":true}]}}