{"id":25605,"date":"2024-06-06T11:20:16","date_gmt":"2024-06-06T11:20:16","guid":{"rendered":"https:\/\/normartrading.webcoder-dev.com\/products\/conveyor-rollers-straight\/"},"modified":"2024-06-06T11:42:03","modified_gmt":"2024-06-06T11:42:03","slug":"rodillos-transportadores-rectos","status":"publish","type":"product","link":"https:\/\/normartrading.webcoder-dev.com\/es\/products\/rodillos-transportadores-rectos\/","title":{"rendered":"Rodillos transportadores rectos"},"content":{"rendered":"<h6>Rodillos Transportadores Rectos<\/h6>\n<p>Condici\u00f3n: Usado \/ totalmente funcional<br \/>\nPrueba de funcionamiento: OK<\/p>\n<p>El transportador de rodillos motorizado o de gravedad (tambi\u00e9n llamado rodillo vivo) utiliza rodillos motorizados o la gravedad para transportar la carga. Los rodillos pueden ser auto-rodantes, accionados por una correa, O-rings o cadenas dependiendo de la capacidad requerida.<\/p>\n<p>Los rodillos transportadores se encuentran com\u00fanmente en las l\u00edneas de procesamiento de alimentos, asegurando un flujo constante y un procesamiento continuo. Estas unidades de rodillos permiten a los usuarios y m\u00e1quinas mover varios objetos f\u00e1cilmente y proporcionar un movimiento constante y confiable de los art\u00edculos, lo cual es crucial para mantener la eficiencia y seguridad de la l\u00ednea de procesamiento. Este flujo constante permite una operaci\u00f3n m\u00e1s fluida y un entorno de trabajo m\u00e1s productivo. Los Rodillos Transportadores Rectos se usan generalmente con varios <a href=\"https:\/\/normartrading.webcoder-dev.com\/es\/maquinas-de-procesamiento-de-pescado\/\" target=\"_blank\" style=\"color: #0000ff;\" rel=\"noopener\">equipos de procesamiento<\/a>.<\/p>\n<h6>Dimensiones, basadas en las etiquetas de los art\u00edculos en las fotos:<\/h6>\n<p><strong>Art\u00edculo 020-2024.1<\/strong><br \/>\nDimensiones totales Lan\/Anc\/Alt: 1875 x 505 x 215 mm<br \/>\nTipo de rodillo: acero<br \/>\nLongitud del rodillo: 445 mm<br \/>\nTipo de accionamiento: accionamiento por correa<\/p>\n<p><strong>Art\u00edculo 020-2024.2<\/strong><br \/>\nCon estante de carga al inicio<br \/>\nDimensiones totales Lan\/Anc\/Alt: 2100 x 505 x 215 mm<br \/>\nTipo de rodillo: acero<br \/>\nLongitud del rodillo: 445 mm<br \/>\nTipo de accionamiento: accionamiento por correa<\/p>\n<p><strong>Art\u00edculo 020-2024.3<\/strong><br \/>\nDimensiones totales Lan\/Anc\/Alt: 1550 x 485 x 155 mm<br \/>\nTipo de rodillo: acero<br \/>\nLongitud del rodillo: 425 mm<br \/>\nTipo de accionamiento: accionamiento por correa<\/p>\n<p><strong>Art\u00edculo 020-2024.5<\/strong><br \/>\nRodillo en soporte<br \/>\nDimensiones totales Lan\/Anc\/Alt: 3000 x 470 x 340 mm<br \/>\nTipo de rodillo: pl\u00e1stico<br \/>\nLongitud del rodillo: 410 mm<br \/>\nTipo de accionamiento: gravedad<\/p>\n<p><strong>Art\u00edculo 020-2024.6<\/strong><br \/>\nRodillo en soporte<br \/>\nDimensiones totales Lan\/Anc\/Alt: 1000 x 420 x 640 mm<br \/>\nTipo de rodillo: pl\u00e1stico<br \/>\nLongitud del rodillo: 410 mm<br \/>\nTipo de accionamiento: gravedad<\/p>\n<p><strong>Art\u00edculo 020-2024.7<\/strong><br \/>\nRodillo en soporte, plegable, con rodillos de control lateral<br \/>\nDimensiones totales Lan\/Anc\/Alt:<br \/>\n1730\/1250 (desplegado\/plegado) x 500\/470 (l\u00ednea\/bordes exteriores de los rodillos) x 730\/800 (l\u00ednea\/superior de los rodillos) mm<br \/>\nTipo de rodillo: pl\u00e1stico<br \/>\nTipo de accionamiento: gravedad<\/p>\n<p><strong>Art\u00edculo 020-2024.8<\/strong><br \/>\nRodillo con inclinaci\u00f3n<br \/>\nDimensiones totales Lan\/Anc\/Alt: 900 x 460 x 400 mm<br \/>\nTipo de rodillo: acero<br \/>\nLongitud del rodillo: 405 mm<br \/>\nTipo de accionamiento: accionamiento por correa<\/p>\n<p><strong>Art\u00edculo 020-2024.13<\/strong><br \/>\nDimensiones totales Lan\/Anc\/Alt: 600 x 460 x 400 mm<br \/>\nTipo de rodillo: acero<br \/>\nLongitud del rodillo: 405 mm<br \/>\nTipo de accionamiento: accionamiento por correa<\/p>\n","protected":false},"excerpt":{"rendered":"<p>Rodillos Transportadores Rectos Condici\u00f3n: Usado \/ totalmente funcional Prueba de funcionamiento: OK El transportador de rodillos motorizado o de gravedad (tambi\u00e9n llamado rodillo vivo) utiliza rodillos motorizados o la gravedad para transportar la carga. Los rodillos pueden ser auto-rodantes, accionados por una correa, O-rings o cadenas dependiendo de la capacidad requerida. Los rodillos transportadores se [&hellip;]<\/p>\n","protected":false},"featured_media":25570,"template":"","meta":{"_acf_changed":false,"inline_featured_image":false},"product_brand":[],"product_cat":[723,725],"product_tag":[],"class_list":{"0":"post-25605","1":"product","2":"type-product","3":"status-publish","4":"has-post-thumbnail","6":"product_cat-las-soluciones-de-procesamiento-de-pescado","7":"product_cat-transportadores","9":"first","10":"instock","11":"shipping-taxable","12":"product-type-simple"},"acf":[],"yoast_head":"<!-- This site is optimized with the Yoast SEO Premium plugin v25.2 (Yoast SEO v26.3) - https:\/\/yoast.com\/wordpress\/plugins\/seo\/ -->\n<title>Rodillos transportadores rectos en venta - NorMarTrading<\/title>\n<meta name=\"description\" content=\"Rodillos transportadores rectos son com\u00fanmente encontrados en las l\u00edneas de procesamiento de alimentos, asegurando un flujo constante y un procesamiento continuo con facilidad.\" \/>\n<meta name=\"robots\" content=\"index, follow, max-snippet:-1, max-image-preview:large, max-video-preview:-1\" \/>\n<link rel=\"canonical\" href=\"https:\/\/normartrading.webcoder-dev.com\/es\/products\/rodillos-transportadores-rectos\/\" \/>\n<meta property=\"og:locale\" content=\"es_ES\" \/>\n<meta property=\"og:type\" content=\"article\" \/>\n<meta property=\"og:title\" content=\"Rodillos transportadores rectos\" \/>\n<meta property=\"og:description\" content=\"Rodillos transportadores rectos son com\u00fanmente encontrados en las l\u00edneas de procesamiento de alimentos, asegurando un flujo constante y un procesamiento continuo con facilidad.\" \/>\n<meta property=\"og:url\" content=\"https:\/\/normartrading.webcoder-dev.com\/es\/products\/rodillos-transportadores-rectos\/\" \/>\n<meta property=\"og:site_name\" content=\"NorMarTrading\" \/>\n<meta property=\"article:publisher\" content=\"https:\/\/www.facebook.com\/nordicmarine\" \/>\n<meta property=\"article:modified_time\" content=\"2024-06-06T11:42:03+00:00\" \/>\n<meta property=\"og:image\" content=\"https:\/\/www.normartrading.no\/wp-content\/uploads\/2024\/06\/Screenshot-2024-06-06-122732-e1717671445210.png\" \/>\n\t<meta property=\"og:image:width\" content=\"568\" \/>\n\t<meta property=\"og:image:height\" content=\"756\" \/>\n\t<meta property=\"og:image:type\" content=\"image\/png\" \/>\n<meta name=\"twitter:card\" content=\"summary_large_image\" \/>\n<meta name=\"twitter:label1\" content=\"Tiempo de lectura\" \/>\n\t<meta name=\"twitter:data1\" content=\"3 minutos\" \/>\n<script type=\"application\/ld+json\" class=\"yoast-schema-graph\">{\"@context\":\"https:\/\/schema.org\",\"@graph\":[{\"@type\":[\"WebPage\",\"ItemPage\"],\"@id\":\"https:\/\/normartrading.webcoder-dev.com\/es\/products\/rodillos-transportadores-rectos\/\",\"url\":\"https:\/\/normartrading.webcoder-dev.com\/es\/products\/rodillos-transportadores-rectos\/\",\"name\":\"Rodillos transportadores rectos en venta - NorMarTrading\",\"isPartOf\":{\"@id\":\"https:\/\/www.normartrading.no\/#website\"},\"primaryImageOfPage\":{\"@id\":\"https:\/\/normartrading.webcoder-dev.com\/es\/products\/rodillos-transportadores-rectos\/#primaryimage\"},\"image\":{\"@id\":\"https:\/\/normartrading.webcoder-dev.com\/es\/products\/rodillos-transportadores-rectos\/#primaryimage\"},\"thumbnailUrl\":\"https:\/\/normartrading.webcoder-dev.com\/wp-content\/uploads\/2024\/06\/Screenshot-2024-06-06-122732-e1717671445210.png\",\"datePublished\":\"2024-06-06T11:20:16+00:00\",\"dateModified\":\"2024-06-06T11:42:03+00:00\",\"description\":\"Rodillos transportadores rectos son com\u00fanmente encontrados en las l\u00edneas de procesamiento de alimentos, asegurando un flujo constante y un procesamiento continuo con facilidad.\",\"breadcrumb\":{\"@id\":\"https:\/\/normartrading.webcoder-dev.com\/es\/products\/rodillos-transportadores-rectos\/#breadcrumb\"},\"inLanguage\":\"es\",\"potentialAction\":[{\"@type\":\"ReadAction\",\"target\":[\"https:\/\/normartrading.webcoder-dev.com\/es\/products\/rodillos-transportadores-rectos\/\"]}]},{\"@type\":\"ImageObject\",\"inLanguage\":\"es\",\"@id\":\"https:\/\/normartrading.webcoder-dev.com\/es\/products\/rodillos-transportadores-rectos\/#primaryimage\",\"url\":\"https:\/\/normartrading.webcoder-dev.com\/wp-content\/uploads\/2024\/06\/Screenshot-2024-06-06-122732-e1717671445210.png\",\"contentUrl\":\"https:\/\/normartrading.webcoder-dev.com\/wp-content\/uploads\/2024\/06\/Screenshot-2024-06-06-122732-e1717671445210.png\",\"width\":568,\"height\":756,\"caption\":\"Rodillos transportadores rectos\"},{\"@type\":\"BreadcrumbList\",\"@id\":\"https:\/\/normartrading.webcoder-dev.com\/es\/products\/rodillos-transportadores-rectos\/#breadcrumb\",\"itemListElement\":[{\"@type\":\"ListItem\",\"position\":1,\"name\":\"Hjem\",\"item\":\"https:\/\/www.normartrading.no\/\"},{\"@type\":\"ListItem\",\"position\":2,\"name\":\"Productos\",\"item\":\"https:\/\/normartrading.webcoder-dev.com\/es\/productos\/\"},{\"@type\":\"ListItem\",\"position\":3,\"name\":\"Las Soluciones de Procesamiento de Pescado\",\"item\":\"https:\/\/normartrading.webcoder-dev.com\/es\/las-soluciones-de-procesamiento-de-pescado\/\"},{\"@type\":\"ListItem\",\"position\":4,\"name\":\"Rodillos transportadores rectos\"}]},{\"@type\":\"WebSite\",\"@id\":\"https:\/\/www.normartrading.no\/#website\",\"url\":\"https:\/\/www.normartrading.no\/\",\"name\":\"NorMar Trading\",\"description\":\"Produksjonsutstyr til fiskerin\u00e6ringen og matvareindustrien\",\"publisher\":{\"@id\":\"https:\/\/www.normartrading.no\/#organization\"},\"potentialAction\":[{\"@type\":\"SearchAction\",\"target\":{\"@type\":\"EntryPoint\",\"urlTemplate\":\"https:\/\/www.normartrading.no\/?s={search_term_string}\"},\"query-input\":{\"@type\":\"PropertyValueSpecification\",\"valueRequired\":true,\"valueName\":\"search_term_string\"}}],\"inLanguage\":\"es\"},{\"@type\":\"Organization\",\"@id\":\"https:\/\/www.normartrading.no\/#organization\",\"name\":\"NorMar Trading\",\"url\":\"https:\/\/www.normartrading.no\/\",\"logo\":{\"@type\":\"ImageObject\",\"inLanguage\":\"es\",\"@id\":\"https:\/\/www.normartrading.no\/#\/schema\/logo\/image\/\",\"url\":\"https:\/\/normartrading.webcoder-dev.com\/wp-content\/uploads\/2022\/12\/NorMar-Logo-RGB.jpg\",\"contentUrl\":\"https:\/\/normartrading.webcoder-dev.com\/wp-content\/uploads\/2022\/12\/NorMar-Logo-RGB.jpg\",\"width\":500,\"height\":329,\"caption\":\"NorMar Trading\"},\"image\":{\"@id\":\"https:\/\/www.normartrading.no\/#\/schema\/logo\/image\/\"},\"sameAs\":[\"https:\/\/www.facebook.com\/nordicmarine\",\"https:\/\/www.linkedin.com\/company\/normar-trading-as\",\"https:\/\/www.instagram.com\/normartrading\/\",\"https:\/\/www.youtube.com\/channel\/UCjwKO7n-WPQEtEyQmnbSdQg\"]}]}<\/script>\n<!-- \/ Yoast SEO Premium plugin. -->","yoast_head_json":{"title":"Rodillos transportadores rectos en venta - NorMarTrading","description":"Rodillos transportadores rectos son com\u00fanmente encontrados en las l\u00edneas de procesamiento de alimentos, asegurando un flujo constante y un procesamiento continuo con facilidad.","robots":{"index":"index","follow":"follow","max-snippet":"max-snippet:-1","max-image-preview":"max-image-preview:large","max-video-preview":"max-video-preview:-1"},"canonical":"https:\/\/normartrading.webcoder-dev.com\/es\/products\/rodillos-transportadores-rectos\/","og_locale":"es_ES","og_type":"article","og_title":"Rodillos transportadores rectos","og_description":"Rodillos transportadores rectos son com\u00fanmente encontrados en las l\u00edneas de procesamiento de alimentos, asegurando un flujo constante y un procesamiento continuo con facilidad.","og_url":"https:\/\/normartrading.webcoder-dev.com\/es\/products\/rodillos-transportadores-rectos\/","og_site_name":"NorMarTrading","article_publisher":"https:\/\/www.facebook.com\/nordicmarine","article_modified_time":"2024-06-06T11:42:03+00:00","og_image":[{"width":568,"height":756,"url":"https:\/\/www.normartrading.no\/wp-content\/uploads\/2024\/06\/Screenshot-2024-06-06-122732-e1717671445210.png","type":"image\/png"}],"twitter_card":"summary_large_image","twitter_misc":{"Tiempo de lectura":"3 minutos"},"schema":{"@context":"https:\/\/schema.org","@graph":[{"@type":["WebPage","ItemPage"],"@id":"https:\/\/normartrading.webcoder-dev.com\/es\/products\/rodillos-transportadores-rectos\/","url":"https:\/\/normartrading.webcoder-dev.com\/es\/products\/rodillos-transportadores-rectos\/","name":"Rodillos transportadores rectos en venta - NorMarTrading","isPartOf":{"@id":"https:\/\/www.normartrading.no\/#website"},"primaryImageOfPage":{"@id":"https:\/\/normartrading.webcoder-dev.com\/es\/products\/rodillos-transportadores-rectos\/#primaryimage"},"image":{"@id":"https:\/\/normartrading.webcoder-dev.com\/es\/products\/rodillos-transportadores-rectos\/#primaryimage"},"thumbnailUrl":"https:\/\/normartrading.webcoder-dev.com\/wp-content\/uploads\/2024\/06\/Screenshot-2024-06-06-122732-e1717671445210.png","datePublished":"2024-06-06T11:20:16+00:00","dateModified":"2024-06-06T11:42:03+00:00","description":"Rodillos transportadores rectos son com\u00fanmente encontrados en las l\u00edneas de procesamiento de alimentos, asegurando un flujo constante y un procesamiento continuo con facilidad.","breadcrumb":{"@id":"https:\/\/normartrading.webcoder-dev.com\/es\/products\/rodillos-transportadores-rectos\/#breadcrumb"},"inLanguage":"es","potentialAction":[{"@type":"ReadAction","target":["https:\/\/normartrading.webcoder-dev.com\/es\/products\/rodillos-transportadores-rectos\/"]}]},{"@type":"ImageObject","inLanguage":"es","@id":"https:\/\/normartrading.webcoder-dev.com\/es\/products\/rodillos-transportadores-rectos\/#primaryimage","url":"https:\/\/normartrading.webcoder-dev.com\/wp-content\/uploads\/2024\/06\/Screenshot-2024-06-06-122732-e1717671445210.png","contentUrl":"https:\/\/normartrading.webcoder-dev.com\/wp-content\/uploads\/2024\/06\/Screenshot-2024-06-06-122732-e1717671445210.png","width":568,"height":756,"caption":"Rodillos transportadores rectos"},{"@type":"BreadcrumbList","@id":"https:\/\/normartrading.webcoder-dev.com\/es\/products\/rodillos-transportadores-rectos\/#breadcrumb","itemListElement":[{"@type":"ListItem","position":1,"name":"Hjem","item":"https:\/\/www.normartrading.no\/"},{"@type":"ListItem","position":2,"name":"Productos","item":"https:\/\/normartrading.webcoder-dev.com\/es\/productos\/"},{"@type":"ListItem","position":3,"name":"Las Soluciones de Procesamiento de Pescado","item":"https:\/\/normartrading.webcoder-dev.com\/es\/las-soluciones-de-procesamiento-de-pescado\/"},{"@type":"ListItem","position":4,"name":"Rodillos transportadores rectos"}]},{"@type":"WebSite","@id":"https:\/\/www.normartrading.no\/#website","url":"https:\/\/www.normartrading.no\/","name":"NorMar Trading","description":"Produksjonsutstyr til fiskerin\u00e6ringen og matvareindustrien","publisher":{"@id":"https:\/\/www.normartrading.no\/#organization"},"potentialAction":[{"@type":"SearchAction","target":{"@type":"EntryPoint","urlTemplate":"https:\/\/www.normartrading.no\/?s={search_term_string}"},"query-input":{"@type":"PropertyValueSpecification","valueRequired":true,"valueName":"search_term_string"}}],"inLanguage":"es"},{"@type":"Organization","@id":"https:\/\/www.normartrading.no\/#organization","name":"NorMar Trading","url":"https:\/\/www.normartrading.no\/","logo":{"@type":"ImageObject","inLanguage":"es","@id":"https:\/\/www.normartrading.no\/#\/schema\/logo\/image\/","url":"https:\/\/normartrading.webcoder-dev.com\/wp-content\/uploads\/2022\/12\/NorMar-Logo-RGB.jpg","contentUrl":"https:\/\/normartrading.webcoder-dev.com\/wp-content\/uploads\/2022\/12\/NorMar-Logo-RGB.jpg","width":500,"height":329,"caption":"NorMar Trading"},"image":{"@id":"https:\/\/www.normartrading.no\/#\/schema\/logo\/image\/"},"sameAs":["https:\/\/www.facebook.com\/nordicmarine","https:\/\/www.linkedin.com\/company\/normar-trading-as","https:\/\/www.instagram.com\/normartrading\/","https:\/\/www.youtube.com\/channel\/UCjwKO7n-WPQEtEyQmnbSdQg"]}]}},"_links":{"self":[{"href":"https:\/\/normartrading.webcoder-dev.com\/es\/wp-json\/wp\/v2\/product\/25605","targetHints":{"allow":["GET"]}}],"collection":[{"href":"https:\/\/normartrading.webcoder-dev.com\/es\/wp-json\/wp\/v2\/product"}],"about":[{"href":"https:\/\/normartrading.webcoder-dev.com\/es\/wp-json\/wp\/v2\/types\/product"}],"wp:featuredmedia":[{"embeddable":true,"href":"https:\/\/normartrading.webcoder-dev.com\/es\/wp-json\/wp\/v2\/media\/25570"}],"wp:attachment":[{"href":"https:\/\/normartrading.webcoder-dev.com\/es\/wp-json\/wp\/v2\/media?parent=25605"}],"wp:term":[{"taxonomy":"product_brand","embeddable":true,"href":"https:\/\/normartrading.webcoder-dev.com\/es\/wp-json\/wp\/v2\/product_brand?post=25605"},{"taxonomy":"product_cat","embeddable":true,"href":"https:\/\/normartrading.webcoder-dev.com\/es\/wp-json\/wp\/v2\/product_cat?post=25605"},{"taxonomy":"product_tag","embeddable":true,"href":"https:\/\/normartrading.webcoder-dev.com\/es\/wp-json\/wp\/v2\/product_tag?post=25605"}],"curies":[{"name":"wp","href":"https:\/\/api.w.org\/{rel}","templated":true}]}}