{"id":25357,"date":"2024-05-30T13:57:53","date_gmt":"2024-05-30T13:57:53","guid":{"rendered":"https:\/\/normartrading.webcoder-dev.com\/products\/baader-517c-filet-turner\/"},"modified":"2024-05-30T14:09:06","modified_gmt":"2024-05-30T14:09:06","slug":"baader-517c-volteador-de-filetes","status":"publish","type":"product","link":"https:\/\/normartrading.webcoder-dev.com\/es\/products\/baader-517c-volteador-de-filetes\/","title":{"rendered":"Baader 517C Volteador de filetes"},"content":{"rendered":"<p>Baader 517C Volteador de filetes cambia la \u00abposici\u00f3n de la cola hacia adelante\u00bb de los filetes provenientes de la <a href=\"https:\/\/normartrading.webcoder-dev.com\/es\/products\/maquina-de-fileteado-baader-200\/\" target=\"_blank\" style=\"color: #0000ff;\" rel=\"noopener\">BAADER 200<\/a> para que la transferencia a la <a href=\"https:\/\/normartrading.webcoder-dev.com\/es\/products\/baader-988-fish-trimming-machine\/\" target=\"_blank\" style=\"color: #0000ff;\" rel=\"noopener\">BAADER 988<\/a> ocurra en la \u00abposici\u00f3n de la cola hacia atr\u00e1s\u00bb.<br \/>\nEsta m\u00e1quina se vende \u00abtal cual\u00bb, sin garant\u00edas proporcionadas de nuestra parte,<br \/>\nya sea para repuestos o para reparaciones adicionales por parte del comprador.<\/p>\n<p>El rendimiento del Baader 517C Volteador de filetes: adaptado a la BAADER 200 y BAADER 988<\/p>\n<p>Consumo de energ\u00eda: 0,55 kW<\/p>\n<p>Dimensiones<br \/>\n&#8211; Altura de alimentaci\u00f3n: 1200 &#8211; 1550 mm (infinitamente variable)<br \/>\n&#8211; Altura de descarga: 1200 &#8211; 1550 mm (infinitamente variable)<br \/>\n&#8211; Ancho (sobre cintas): aprox. 3450 mm<br \/>\n&#8211; Ancho (sobre mesas de cajas): aprox. 4058 mm<br \/>\n&#8211; Profundidad: 2300 mm<br \/>\n&#8211; Altura: aprox. 2600 mm incl. gabinete de control<br \/>\n&#8211; Longitud base (\u00e1rea extensible): m\u00e1x. 600 mm<br \/>\n&#8211; Consumo de agua: 5 &#8211; 25 l\/min<\/p>\n<p>Aire comprimido<br \/>\n&#8211; compresi\u00f3n: 6 bar<br \/>\n&#8211; consumo: aprox. 70 \u2013 90 l\/min<\/p>\n<p>Requisitos de operador: 0 personas<\/p>\n<p>Medici\u00f3n de ruido (evaluaci\u00f3n seg\u00fan DIN 45635)<\/p>\n<p>Nivel en el lugar de trabajo (LpA): 70 dB(A) &#8211; \u00a1use protecci\u00f3n auditiva!<\/p>\n","protected":false},"excerpt":{"rendered":"<p>Baader 517C Volteador de filetes cambia la \u00abposici\u00f3n de la cola hacia adelante\u00bb de los filetes provenientes de la BAADER 200 para que la transferencia a la BAADER 988 ocurra en la \u00abposici\u00f3n de la cola hacia atr\u00e1s\u00bb. Esta m\u00e1quina se vende \u00abtal cual\u00bb, sin garant\u00edas proporcionadas de nuestra parte, ya sea para repuestos o [&hellip;]<\/p>\n","protected":false},"featured_media":25311,"template":"","meta":{"_acf_changed":false,"inline_featured_image":false},"product_brand":[],"product_cat":[674,676],"product_tag":[],"class_list":{"0":"post-25357","1":"product","2":"type-product","3":"status-publish","4":"has-post-thumbnail","6":"product_cat-maquinas-de-procesamiento-de-pescado","7":"product_cat-maquinas-y-equipamiento-para-el-despiece-de-pescado","9":"first","10":"instock","11":"shipping-taxable","12":"product-type-simple"},"acf":[],"yoast_head":"<!-- This site is optimized with the Yoast SEO Premium plugin v25.2 (Yoast SEO v26.3) - https:\/\/yoast.com\/wordpress\/plugins\/seo\/ -->\n<title>Baader 517C Volteador de filetes - NorMarTrading<\/title>\n<meta name=\"description\" content=\"Baader 517C Volteador de filetes cambia la &quot;posici\u00f3n de la cola hacia adelante&quot; de los filetes a la &quot;posici\u00f3n de la cola hacia atr\u00e1s&quot;.\" \/>\n<meta name=\"robots\" content=\"index, follow, max-snippet:-1, max-image-preview:large, max-video-preview:-1\" \/>\n<link rel=\"canonical\" href=\"https:\/\/normartrading.webcoder-dev.com\/es\/products\/baader-517c-volteador-de-filetes\/\" \/>\n<meta property=\"og:locale\" content=\"es_ES\" \/>\n<meta property=\"og:type\" content=\"article\" \/>\n<meta property=\"og:title\" content=\"Baader 517C Volteador de filetes\" \/>\n<meta property=\"og:description\" content=\"Baader 517C Volteador de filetes cambia la &quot;posici\u00f3n de la cola hacia adelante&quot; de los filetes a la &quot;posici\u00f3n de la cola hacia atr\u00e1s&quot;.\" \/>\n<meta property=\"og:url\" content=\"https:\/\/normartrading.webcoder-dev.com\/es\/products\/baader-517c-volteador-de-filetes\/\" \/>\n<meta property=\"og:site_name\" content=\"NorMarTrading\" \/>\n<meta property=\"article:publisher\" content=\"https:\/\/www.facebook.com\/nordicmarine\" \/>\n<meta property=\"article:modified_time\" content=\"2024-05-30T14:09:06+00:00\" \/>\n<meta property=\"og:image\" content=\"https:\/\/www.normartrading.no\/wp-content\/uploads\/2024\/05\/image-20240508-115708-ea65bedb-scaled.jpeg\" \/>\n\t<meta property=\"og:image:width\" content=\"2560\" \/>\n\t<meta property=\"og:image:height\" content=\"1920\" \/>\n\t<meta property=\"og:image:type\" content=\"image\/jpeg\" \/>\n<meta name=\"twitter:card\" content=\"summary_large_image\" \/>\n<meta name=\"twitter:label1\" content=\"Tiempo de lectura\" \/>\n\t<meta name=\"twitter:data1\" content=\"2 minutos\" \/>\n<script type=\"application\/ld+json\" class=\"yoast-schema-graph\">{\"@context\":\"https:\/\/schema.org\",\"@graph\":[{\"@type\":[\"WebPage\",\"ItemPage\"],\"@id\":\"https:\/\/normartrading.webcoder-dev.com\/es\/products\/baader-517c-volteador-de-filetes\/\",\"url\":\"https:\/\/normartrading.webcoder-dev.com\/es\/products\/baader-517c-volteador-de-filetes\/\",\"name\":\"Baader 517C Volteador de filetes - NorMarTrading\",\"isPartOf\":{\"@id\":\"https:\/\/www.normartrading.no\/#website\"},\"primaryImageOfPage\":{\"@id\":\"https:\/\/normartrading.webcoder-dev.com\/es\/products\/baader-517c-volteador-de-filetes\/#primaryimage\"},\"image\":{\"@id\":\"https:\/\/normartrading.webcoder-dev.com\/es\/products\/baader-517c-volteador-de-filetes\/#primaryimage\"},\"thumbnailUrl\":\"https:\/\/normartrading.webcoder-dev.com\/wp-content\/uploads\/2024\/05\/image-20240508-115708-ea65bedb-scaled.jpeg\",\"datePublished\":\"2024-05-30T13:57:53+00:00\",\"dateModified\":\"2024-05-30T14:09:06+00:00\",\"description\":\"Baader 517C Volteador de filetes cambia la \\\"posici\u00f3n de la cola hacia adelante\\\" de los filetes a la \\\"posici\u00f3n de la cola hacia atr\u00e1s\\\".\",\"breadcrumb\":{\"@id\":\"https:\/\/normartrading.webcoder-dev.com\/es\/products\/baader-517c-volteador-de-filetes\/#breadcrumb\"},\"inLanguage\":\"es\",\"potentialAction\":[{\"@type\":\"ReadAction\",\"target\":[\"https:\/\/normartrading.webcoder-dev.com\/es\/products\/baader-517c-volteador-de-filetes\/\"]}]},{\"@type\":\"ImageObject\",\"inLanguage\":\"es\",\"@id\":\"https:\/\/normartrading.webcoder-dev.com\/es\/products\/baader-517c-volteador-de-filetes\/#primaryimage\",\"url\":\"https:\/\/normartrading.webcoder-dev.com\/wp-content\/uploads\/2024\/05\/image-20240508-115708-ea65bedb-scaled.jpeg\",\"contentUrl\":\"https:\/\/normartrading.webcoder-dev.com\/wp-content\/uploads\/2024\/05\/image-20240508-115708-ea65bedb-scaled.jpeg\",\"width\":2560,\"height\":1920,\"caption\":\"Baader 517C fish filet turner\"},{\"@type\":\"BreadcrumbList\",\"@id\":\"https:\/\/normartrading.webcoder-dev.com\/es\/products\/baader-517c-volteador-de-filetes\/#breadcrumb\",\"itemListElement\":[{\"@type\":\"ListItem\",\"position\":1,\"name\":\"Hjem\",\"item\":\"https:\/\/www.normartrading.no\/\"},{\"@type\":\"ListItem\",\"position\":2,\"name\":\"Productos\",\"item\":\"https:\/\/normartrading.webcoder-dev.com\/es\/productos\/\"},{\"@type\":\"ListItem\",\"position\":3,\"name\":\"M\u00e1quinas de procesamiento de pescado\",\"item\":\"https:\/\/normartrading.webcoder-dev.com\/es\/maquinas-de-procesamiento-de-pescado\/\"},{\"@type\":\"ListItem\",\"position\":4,\"name\":\"Baader 517C Volteador de filetes\"}]},{\"@type\":\"WebSite\",\"@id\":\"https:\/\/www.normartrading.no\/#website\",\"url\":\"https:\/\/www.normartrading.no\/\",\"name\":\"NorMar Trading\",\"description\":\"Produksjonsutstyr til fiskerin\u00e6ringen og matvareindustrien\",\"publisher\":{\"@id\":\"https:\/\/www.normartrading.no\/#organization\"},\"potentialAction\":[{\"@type\":\"SearchAction\",\"target\":{\"@type\":\"EntryPoint\",\"urlTemplate\":\"https:\/\/www.normartrading.no\/?s={search_term_string}\"},\"query-input\":{\"@type\":\"PropertyValueSpecification\",\"valueRequired\":true,\"valueName\":\"search_term_string\"}}],\"inLanguage\":\"es\"},{\"@type\":\"Organization\",\"@id\":\"https:\/\/www.normartrading.no\/#organization\",\"name\":\"NorMar Trading\",\"url\":\"https:\/\/www.normartrading.no\/\",\"logo\":{\"@type\":\"ImageObject\",\"inLanguage\":\"es\",\"@id\":\"https:\/\/www.normartrading.no\/#\/schema\/logo\/image\/\",\"url\":\"https:\/\/normartrading.webcoder-dev.com\/wp-content\/uploads\/2022\/12\/NorMar-Logo-RGB.jpg\",\"contentUrl\":\"https:\/\/normartrading.webcoder-dev.com\/wp-content\/uploads\/2022\/12\/NorMar-Logo-RGB.jpg\",\"width\":500,\"height\":329,\"caption\":\"NorMar Trading\"},\"image\":{\"@id\":\"https:\/\/www.normartrading.no\/#\/schema\/logo\/image\/\"},\"sameAs\":[\"https:\/\/www.facebook.com\/nordicmarine\",\"https:\/\/www.linkedin.com\/company\/normar-trading-as\",\"https:\/\/www.instagram.com\/normartrading\/\",\"https:\/\/www.youtube.com\/channel\/UCjwKO7n-WPQEtEyQmnbSdQg\"]}]}<\/script>\n<!-- \/ Yoast SEO Premium plugin. -->","yoast_head_json":{"title":"Baader 517C Volteador de filetes - NorMarTrading","description":"Baader 517C Volteador de filetes cambia la \"posici\u00f3n de la cola hacia adelante\" de los filetes a la \"posici\u00f3n de la cola hacia atr\u00e1s\".","robots":{"index":"index","follow":"follow","max-snippet":"max-snippet:-1","max-image-preview":"max-image-preview:large","max-video-preview":"max-video-preview:-1"},"canonical":"https:\/\/normartrading.webcoder-dev.com\/es\/products\/baader-517c-volteador-de-filetes\/","og_locale":"es_ES","og_type":"article","og_title":"Baader 517C Volteador de filetes","og_description":"Baader 517C Volteador de filetes cambia la \"posici\u00f3n de la cola hacia adelante\" de los filetes a la \"posici\u00f3n de la cola hacia atr\u00e1s\".","og_url":"https:\/\/normartrading.webcoder-dev.com\/es\/products\/baader-517c-volteador-de-filetes\/","og_site_name":"NorMarTrading","article_publisher":"https:\/\/www.facebook.com\/nordicmarine","article_modified_time":"2024-05-30T14:09:06+00:00","og_image":[{"width":2560,"height":1920,"url":"https:\/\/www.normartrading.no\/wp-content\/uploads\/2024\/05\/image-20240508-115708-ea65bedb-scaled.jpeg","type":"image\/jpeg"}],"twitter_card":"summary_large_image","twitter_misc":{"Tiempo de lectura":"2 minutos"},"schema":{"@context":"https:\/\/schema.org","@graph":[{"@type":["WebPage","ItemPage"],"@id":"https:\/\/normartrading.webcoder-dev.com\/es\/products\/baader-517c-volteador-de-filetes\/","url":"https:\/\/normartrading.webcoder-dev.com\/es\/products\/baader-517c-volteador-de-filetes\/","name":"Baader 517C Volteador de filetes - NorMarTrading","isPartOf":{"@id":"https:\/\/www.normartrading.no\/#website"},"primaryImageOfPage":{"@id":"https:\/\/normartrading.webcoder-dev.com\/es\/products\/baader-517c-volteador-de-filetes\/#primaryimage"},"image":{"@id":"https:\/\/normartrading.webcoder-dev.com\/es\/products\/baader-517c-volteador-de-filetes\/#primaryimage"},"thumbnailUrl":"https:\/\/normartrading.webcoder-dev.com\/wp-content\/uploads\/2024\/05\/image-20240508-115708-ea65bedb-scaled.jpeg","datePublished":"2024-05-30T13:57:53+00:00","dateModified":"2024-05-30T14:09:06+00:00","description":"Baader 517C Volteador de filetes cambia la \"posici\u00f3n de la cola hacia adelante\" de los filetes a la \"posici\u00f3n de la cola hacia atr\u00e1s\".","breadcrumb":{"@id":"https:\/\/normartrading.webcoder-dev.com\/es\/products\/baader-517c-volteador-de-filetes\/#breadcrumb"},"inLanguage":"es","potentialAction":[{"@type":"ReadAction","target":["https:\/\/normartrading.webcoder-dev.com\/es\/products\/baader-517c-volteador-de-filetes\/"]}]},{"@type":"ImageObject","inLanguage":"es","@id":"https:\/\/normartrading.webcoder-dev.com\/es\/products\/baader-517c-volteador-de-filetes\/#primaryimage","url":"https:\/\/normartrading.webcoder-dev.com\/wp-content\/uploads\/2024\/05\/image-20240508-115708-ea65bedb-scaled.jpeg","contentUrl":"https:\/\/normartrading.webcoder-dev.com\/wp-content\/uploads\/2024\/05\/image-20240508-115708-ea65bedb-scaled.jpeg","width":2560,"height":1920,"caption":"Baader 517C fish filet turner"},{"@type":"BreadcrumbList","@id":"https:\/\/normartrading.webcoder-dev.com\/es\/products\/baader-517c-volteador-de-filetes\/#breadcrumb","itemListElement":[{"@type":"ListItem","position":1,"name":"Hjem","item":"https:\/\/www.normartrading.no\/"},{"@type":"ListItem","position":2,"name":"Productos","item":"https:\/\/normartrading.webcoder-dev.com\/es\/productos\/"},{"@type":"ListItem","position":3,"name":"M\u00e1quinas de procesamiento de pescado","item":"https:\/\/normartrading.webcoder-dev.com\/es\/maquinas-de-procesamiento-de-pescado\/"},{"@type":"ListItem","position":4,"name":"Baader 517C Volteador de filetes"}]},{"@type":"WebSite","@id":"https:\/\/www.normartrading.no\/#website","url":"https:\/\/www.normartrading.no\/","name":"NorMar Trading","description":"Produksjonsutstyr til fiskerin\u00e6ringen og matvareindustrien","publisher":{"@id":"https:\/\/www.normartrading.no\/#organization"},"potentialAction":[{"@type":"SearchAction","target":{"@type":"EntryPoint","urlTemplate":"https:\/\/www.normartrading.no\/?s={search_term_string}"},"query-input":{"@type":"PropertyValueSpecification","valueRequired":true,"valueName":"search_term_string"}}],"inLanguage":"es"},{"@type":"Organization","@id":"https:\/\/www.normartrading.no\/#organization","name":"NorMar Trading","url":"https:\/\/www.normartrading.no\/","logo":{"@type":"ImageObject","inLanguage":"es","@id":"https:\/\/www.normartrading.no\/#\/schema\/logo\/image\/","url":"https:\/\/normartrading.webcoder-dev.com\/wp-content\/uploads\/2022\/12\/NorMar-Logo-RGB.jpg","contentUrl":"https:\/\/normartrading.webcoder-dev.com\/wp-content\/uploads\/2022\/12\/NorMar-Logo-RGB.jpg","width":500,"height":329,"caption":"NorMar Trading"},"image":{"@id":"https:\/\/www.normartrading.no\/#\/schema\/logo\/image\/"},"sameAs":["https:\/\/www.facebook.com\/nordicmarine","https:\/\/www.linkedin.com\/company\/normar-trading-as","https:\/\/www.instagram.com\/normartrading\/","https:\/\/www.youtube.com\/channel\/UCjwKO7n-WPQEtEyQmnbSdQg"]}]}},"_links":{"self":[{"href":"https:\/\/normartrading.webcoder-dev.com\/es\/wp-json\/wp\/v2\/product\/25357","targetHints":{"allow":["GET"]}}],"collection":[{"href":"https:\/\/normartrading.webcoder-dev.com\/es\/wp-json\/wp\/v2\/product"}],"about":[{"href":"https:\/\/normartrading.webcoder-dev.com\/es\/wp-json\/wp\/v2\/types\/product"}],"wp:featuredmedia":[{"embeddable":true,"href":"https:\/\/normartrading.webcoder-dev.com\/es\/wp-json\/wp\/v2\/media\/25311"}],"wp:attachment":[{"href":"https:\/\/normartrading.webcoder-dev.com\/es\/wp-json\/wp\/v2\/media?parent=25357"}],"wp:term":[{"taxonomy":"product_brand","embeddable":true,"href":"https:\/\/normartrading.webcoder-dev.com\/es\/wp-json\/wp\/v2\/product_brand?post=25357"},{"taxonomy":"product_cat","embeddable":true,"href":"https:\/\/normartrading.webcoder-dev.com\/es\/wp-json\/wp\/v2\/product_cat?post=25357"},{"taxonomy":"product_tag","embeddable":true,"href":"https:\/\/normartrading.webcoder-dev.com\/es\/wp-json\/wp\/v2\/product_tag?post=25357"}],"curies":[{"name":"wp","href":"https:\/\/api.w.org\/{rel}","templated":true}]}}