{"id":24294,"date":"2024-01-28T13:48:00","date_gmt":"2024-01-28T13:48:00","guid":{"rendered":"https:\/\/normartrading.webcoder-dev.com\/products\/bulk-feeder-from-2021\/"},"modified":"2024-08-05T12:07:59","modified_gmt":"2024-08-05T12:07:59","slug":"alimentador-a-granel-melbu-systems","status":"publish","type":"product","link":"https:\/\/normartrading.webcoder-dev.com\/es\/products\/alimentador-a-granel-melbu-systems\/","title":{"rendered":"Alimentador a Granel Melbu Systems"},"content":{"rendered":"<p>Alimentador a Granel Melbu Systems<\/p>\n<p>Fabricante: Melbu Systems<br \/>\nA\u00f1o de producci\u00f3n: 2021<\/p>\n<p>Alimentador a granel fabricado en acero inoxidable que acomoda un gran volumen. Ideal para bombear desde barcos. Est\u00e1 equipado con una banda transportadora de pl\u00e1stico y es f\u00e1cil de vaciar de agua.<\/p>\n<p>Descripci\u00f3n:<\/p>\n<ul>\n<li>Longitud: 9,10 metros<\/li>\n<li>Ancho: 1,37 metros<\/li>\n<li>Altura: 2,55 metros<\/li>\n<li>Opciones de entrega: Completamente renovado o tal cual<\/li>\n<\/ul>\n","protected":false},"excerpt":{"rendered":"<p>Alimentador a Granel Melbu Systems Fabricante: Melbu Systems A\u00f1o de producci\u00f3n: 2021 Alimentador a granel fabricado en acero inoxidable que acomoda un gran volumen. Ideal para bombear desde barcos. Est\u00e1 equipado con una banda transportadora de pl\u00e1stico y es f\u00e1cil de vaciar de agua. Descripci\u00f3n: Longitud: 9,10 metros Ancho: 1,37 metros Altura: 2,55 metros Opciones [&hellip;]<\/p>\n","protected":false},"featured_media":24268,"template":"","meta":{"_acf_changed":false,"inline_featured_image":false},"product_brand":[],"product_cat":[724,723],"product_tag":[],"class_list":{"0":"post-24294","1":"product","2":"type-product","3":"status-publish","4":"has-post-thumbnail","6":"product_cat-alimentadores-a-granel","7":"product_cat-las-soluciones-de-procesamiento-de-pescado","9":"first","10":"instock","11":"shipping-taxable","12":"product-type-simple"},"acf":[],"yoast_head":"<!-- This site is optimized with the Yoast SEO Premium plugin v25.2 (Yoast SEO v26.3) - https:\/\/yoast.com\/wordpress\/plugins\/seo\/ -->\n<title>Alimentador a Granel Melbu Systems for sale by NorMarTrading<\/title>\n<meta name=\"description\" content=\"Alimentador a Granel Melbu Systems: manejo eficiente de materiales. Disponible renovado o en condiciones actuales, adapt\u00e1ndose a sus necesidades de producci\u00f3n.\" \/>\n<meta name=\"robots\" content=\"index, follow, max-snippet:-1, max-image-preview:large, max-video-preview:-1\" \/>\n<link rel=\"canonical\" href=\"https:\/\/normartrading.webcoder-dev.com\/es\/products\/alimentador-a-granel-melbu-systems\/\" \/>\n<meta property=\"og:locale\" content=\"es_ES\" \/>\n<meta property=\"og:type\" content=\"article\" \/>\n<meta property=\"og:title\" content=\"Alimentador a Granel Melbu Systems\" \/>\n<meta property=\"og:description\" content=\"Alimentador a Granel Melbu Systems: manejo eficiente de materiales. Disponible renovado o en condiciones actuales, adapt\u00e1ndose a sus necesidades de producci\u00f3n.\" \/>\n<meta property=\"og:url\" content=\"https:\/\/normartrading.webcoder-dev.com\/es\/products\/alimentador-a-granel-melbu-systems\/\" \/>\n<meta property=\"og:site_name\" content=\"NorMarTrading\" \/>\n<meta property=\"article:publisher\" content=\"https:\/\/www.facebook.com\/nordicmarine\" \/>\n<meta property=\"article:modified_time\" content=\"2024-08-05T12:07:59+00:00\" \/>\n<meta property=\"og:image\" content=\"https:\/\/www.normartrading.no\/wp-content\/uploads\/2024\/01\/Bulk-feeder-used-1.jpg\" \/>\n\t<meta property=\"og:image:width\" content=\"2159\" \/>\n\t<meta property=\"og:image:height\" content=\"993\" \/>\n\t<meta property=\"og:image:type\" content=\"image\/jpeg\" \/>\n<meta name=\"twitter:card\" content=\"summary_large_image\" \/>\n<meta name=\"twitter:label1\" content=\"Tiempo de lectura\" \/>\n\t<meta name=\"twitter:data1\" content=\"1 minuto\" \/>\n<script type=\"application\/ld+json\" class=\"yoast-schema-graph\">{\"@context\":\"https:\/\/schema.org\",\"@graph\":[{\"@type\":[\"WebPage\",\"ItemPage\"],\"@id\":\"https:\/\/normartrading.webcoder-dev.com\/es\/products\/alimentador-a-granel-melbu-systems\/\",\"url\":\"https:\/\/normartrading.webcoder-dev.com\/es\/products\/alimentador-a-granel-melbu-systems\/\",\"name\":\"Alimentador a Granel Melbu Systems for sale by NorMarTrading\",\"isPartOf\":{\"@id\":\"https:\/\/www.normartrading.no\/#website\"},\"primaryImageOfPage\":{\"@id\":\"https:\/\/normartrading.webcoder-dev.com\/es\/products\/alimentador-a-granel-melbu-systems\/#primaryimage\"},\"image\":{\"@id\":\"https:\/\/normartrading.webcoder-dev.com\/es\/products\/alimentador-a-granel-melbu-systems\/#primaryimage\"},\"thumbnailUrl\":\"https:\/\/normartrading.webcoder-dev.com\/wp-content\/uploads\/2024\/01\/Bulk-feeder-used-1.jpg\",\"datePublished\":\"2024-01-28T13:48:00+00:00\",\"dateModified\":\"2024-08-05T12:07:59+00:00\",\"description\":\"Alimentador a Granel Melbu Systems: manejo eficiente de materiales. Disponible renovado o en condiciones actuales, adapt\u00e1ndose a sus necesidades de producci\u00f3n.\",\"breadcrumb\":{\"@id\":\"https:\/\/normartrading.webcoder-dev.com\/es\/products\/alimentador-a-granel-melbu-systems\/#breadcrumb\"},\"inLanguage\":\"es\",\"potentialAction\":[{\"@type\":\"ReadAction\",\"target\":[\"https:\/\/normartrading.webcoder-dev.com\/es\/products\/alimentador-a-granel-melbu-systems\/\"]}]},{\"@type\":\"ImageObject\",\"inLanguage\":\"es\",\"@id\":\"https:\/\/normartrading.webcoder-dev.com\/es\/products\/alimentador-a-granel-melbu-systems\/#primaryimage\",\"url\":\"https:\/\/normartrading.webcoder-dev.com\/wp-content\/uploads\/2024\/01\/Bulk-feeder-used-1.jpg\",\"contentUrl\":\"https:\/\/normartrading.webcoder-dev.com\/wp-content\/uploads\/2024\/01\/Bulk-feeder-used-1.jpg\",\"width\":2159,\"height\":993,\"caption\":\"Alimentador a Granel Melbu Systems\"},{\"@type\":\"BreadcrumbList\",\"@id\":\"https:\/\/normartrading.webcoder-dev.com\/es\/products\/alimentador-a-granel-melbu-systems\/#breadcrumb\",\"itemListElement\":[{\"@type\":\"ListItem\",\"position\":1,\"name\":\"Hjem\",\"item\":\"https:\/\/www.normartrading.no\/\"},{\"@type\":\"ListItem\",\"position\":2,\"name\":\"Productos\",\"item\":\"https:\/\/normartrading.webcoder-dev.com\/es\/productos\/\"},{\"@type\":\"ListItem\",\"position\":3,\"name\":\"Las Soluciones de Procesamiento de Pescado\",\"item\":\"https:\/\/normartrading.webcoder-dev.com\/es\/las-soluciones-de-procesamiento-de-pescado\/\"},{\"@type\":\"ListItem\",\"position\":4,\"name\":\"Alimentador a Granel Melbu Systems\"}]},{\"@type\":\"WebSite\",\"@id\":\"https:\/\/www.normartrading.no\/#website\",\"url\":\"https:\/\/www.normartrading.no\/\",\"name\":\"NorMar Trading\",\"description\":\"Produksjonsutstyr til fiskerin\u00e6ringen og matvareindustrien\",\"publisher\":{\"@id\":\"https:\/\/www.normartrading.no\/#organization\"},\"potentialAction\":[{\"@type\":\"SearchAction\",\"target\":{\"@type\":\"EntryPoint\",\"urlTemplate\":\"https:\/\/www.normartrading.no\/?s={search_term_string}\"},\"query-input\":{\"@type\":\"PropertyValueSpecification\",\"valueRequired\":true,\"valueName\":\"search_term_string\"}}],\"inLanguage\":\"es\"},{\"@type\":\"Organization\",\"@id\":\"https:\/\/www.normartrading.no\/#organization\",\"name\":\"NorMar Trading\",\"url\":\"https:\/\/www.normartrading.no\/\",\"logo\":{\"@type\":\"ImageObject\",\"inLanguage\":\"es\",\"@id\":\"https:\/\/www.normartrading.no\/#\/schema\/logo\/image\/\",\"url\":\"https:\/\/normartrading.webcoder-dev.com\/wp-content\/uploads\/2022\/12\/NorMar-Logo-RGB.jpg\",\"contentUrl\":\"https:\/\/normartrading.webcoder-dev.com\/wp-content\/uploads\/2022\/12\/NorMar-Logo-RGB.jpg\",\"width\":500,\"height\":329,\"caption\":\"NorMar Trading\"},\"image\":{\"@id\":\"https:\/\/www.normartrading.no\/#\/schema\/logo\/image\/\"},\"sameAs\":[\"https:\/\/www.facebook.com\/nordicmarine\",\"https:\/\/www.linkedin.com\/company\/normar-trading-as\",\"https:\/\/www.instagram.com\/normartrading\/\",\"https:\/\/www.youtube.com\/channel\/UCjwKO7n-WPQEtEyQmnbSdQg\"]}]}<\/script>\n<!-- \/ Yoast SEO Premium plugin. -->","yoast_head_json":{"title":"Alimentador a Granel Melbu Systems for sale by NorMarTrading","description":"Alimentador a Granel Melbu Systems: manejo eficiente de materiales. Disponible renovado o en condiciones actuales, adapt\u00e1ndose a sus necesidades de producci\u00f3n.","robots":{"index":"index","follow":"follow","max-snippet":"max-snippet:-1","max-image-preview":"max-image-preview:large","max-video-preview":"max-video-preview:-1"},"canonical":"https:\/\/normartrading.webcoder-dev.com\/es\/products\/alimentador-a-granel-melbu-systems\/","og_locale":"es_ES","og_type":"article","og_title":"Alimentador a Granel Melbu Systems","og_description":"Alimentador a Granel Melbu Systems: manejo eficiente de materiales. Disponible renovado o en condiciones actuales, adapt\u00e1ndose a sus necesidades de producci\u00f3n.","og_url":"https:\/\/normartrading.webcoder-dev.com\/es\/products\/alimentador-a-granel-melbu-systems\/","og_site_name":"NorMarTrading","article_publisher":"https:\/\/www.facebook.com\/nordicmarine","article_modified_time":"2024-08-05T12:07:59+00:00","og_image":[{"width":2159,"height":993,"url":"https:\/\/www.normartrading.no\/wp-content\/uploads\/2024\/01\/Bulk-feeder-used-1.jpg","type":"image\/jpeg"}],"twitter_card":"summary_large_image","twitter_misc":{"Tiempo de lectura":"1 minuto"},"schema":{"@context":"https:\/\/schema.org","@graph":[{"@type":["WebPage","ItemPage"],"@id":"https:\/\/normartrading.webcoder-dev.com\/es\/products\/alimentador-a-granel-melbu-systems\/","url":"https:\/\/normartrading.webcoder-dev.com\/es\/products\/alimentador-a-granel-melbu-systems\/","name":"Alimentador a Granel Melbu Systems for sale by NorMarTrading","isPartOf":{"@id":"https:\/\/www.normartrading.no\/#website"},"primaryImageOfPage":{"@id":"https:\/\/normartrading.webcoder-dev.com\/es\/products\/alimentador-a-granel-melbu-systems\/#primaryimage"},"image":{"@id":"https:\/\/normartrading.webcoder-dev.com\/es\/products\/alimentador-a-granel-melbu-systems\/#primaryimage"},"thumbnailUrl":"https:\/\/normartrading.webcoder-dev.com\/wp-content\/uploads\/2024\/01\/Bulk-feeder-used-1.jpg","datePublished":"2024-01-28T13:48:00+00:00","dateModified":"2024-08-05T12:07:59+00:00","description":"Alimentador a Granel Melbu Systems: manejo eficiente de materiales. Disponible renovado o en condiciones actuales, adapt\u00e1ndose a sus necesidades de producci\u00f3n.","breadcrumb":{"@id":"https:\/\/normartrading.webcoder-dev.com\/es\/products\/alimentador-a-granel-melbu-systems\/#breadcrumb"},"inLanguage":"es","potentialAction":[{"@type":"ReadAction","target":["https:\/\/normartrading.webcoder-dev.com\/es\/products\/alimentador-a-granel-melbu-systems\/"]}]},{"@type":"ImageObject","inLanguage":"es","@id":"https:\/\/normartrading.webcoder-dev.com\/es\/products\/alimentador-a-granel-melbu-systems\/#primaryimage","url":"https:\/\/normartrading.webcoder-dev.com\/wp-content\/uploads\/2024\/01\/Bulk-feeder-used-1.jpg","contentUrl":"https:\/\/normartrading.webcoder-dev.com\/wp-content\/uploads\/2024\/01\/Bulk-feeder-used-1.jpg","width":2159,"height":993,"caption":"Alimentador a Granel Melbu Systems"},{"@type":"BreadcrumbList","@id":"https:\/\/normartrading.webcoder-dev.com\/es\/products\/alimentador-a-granel-melbu-systems\/#breadcrumb","itemListElement":[{"@type":"ListItem","position":1,"name":"Hjem","item":"https:\/\/www.normartrading.no\/"},{"@type":"ListItem","position":2,"name":"Productos","item":"https:\/\/normartrading.webcoder-dev.com\/es\/productos\/"},{"@type":"ListItem","position":3,"name":"Las Soluciones de Procesamiento de Pescado","item":"https:\/\/normartrading.webcoder-dev.com\/es\/las-soluciones-de-procesamiento-de-pescado\/"},{"@type":"ListItem","position":4,"name":"Alimentador a Granel Melbu Systems"}]},{"@type":"WebSite","@id":"https:\/\/www.normartrading.no\/#website","url":"https:\/\/www.normartrading.no\/","name":"NorMar Trading","description":"Produksjonsutstyr til fiskerin\u00e6ringen og matvareindustrien","publisher":{"@id":"https:\/\/www.normartrading.no\/#organization"},"potentialAction":[{"@type":"SearchAction","target":{"@type":"EntryPoint","urlTemplate":"https:\/\/www.normartrading.no\/?s={search_term_string}"},"query-input":{"@type":"PropertyValueSpecification","valueRequired":true,"valueName":"search_term_string"}}],"inLanguage":"es"},{"@type":"Organization","@id":"https:\/\/www.normartrading.no\/#organization","name":"NorMar Trading","url":"https:\/\/www.normartrading.no\/","logo":{"@type":"ImageObject","inLanguage":"es","@id":"https:\/\/www.normartrading.no\/#\/schema\/logo\/image\/","url":"https:\/\/normartrading.webcoder-dev.com\/wp-content\/uploads\/2022\/12\/NorMar-Logo-RGB.jpg","contentUrl":"https:\/\/normartrading.webcoder-dev.com\/wp-content\/uploads\/2022\/12\/NorMar-Logo-RGB.jpg","width":500,"height":329,"caption":"NorMar Trading"},"image":{"@id":"https:\/\/www.normartrading.no\/#\/schema\/logo\/image\/"},"sameAs":["https:\/\/www.facebook.com\/nordicmarine","https:\/\/www.linkedin.com\/company\/normar-trading-as","https:\/\/www.instagram.com\/normartrading\/","https:\/\/www.youtube.com\/channel\/UCjwKO7n-WPQEtEyQmnbSdQg"]}]}},"_links":{"self":[{"href":"https:\/\/normartrading.webcoder-dev.com\/es\/wp-json\/wp\/v2\/product\/24294","targetHints":{"allow":["GET"]}}],"collection":[{"href":"https:\/\/normartrading.webcoder-dev.com\/es\/wp-json\/wp\/v2\/product"}],"about":[{"href":"https:\/\/normartrading.webcoder-dev.com\/es\/wp-json\/wp\/v2\/types\/product"}],"wp:featuredmedia":[{"embeddable":true,"href":"https:\/\/normartrading.webcoder-dev.com\/es\/wp-json\/wp\/v2\/media\/24268"}],"wp:attachment":[{"href":"https:\/\/normartrading.webcoder-dev.com\/es\/wp-json\/wp\/v2\/media?parent=24294"}],"wp:term":[{"taxonomy":"product_brand","embeddable":true,"href":"https:\/\/normartrading.webcoder-dev.com\/es\/wp-json\/wp\/v2\/product_brand?post=24294"},{"taxonomy":"product_cat","embeddable":true,"href":"https:\/\/normartrading.webcoder-dev.com\/es\/wp-json\/wp\/v2\/product_cat?post=24294"},{"taxonomy":"product_tag","embeddable":true,"href":"https:\/\/normartrading.webcoder-dev.com\/es\/wp-json\/wp\/v2\/product_tag?post=24294"}],"curies":[{"name":"wp","href":"https:\/\/api.w.org\/{rel}","templated":true}]}}