{"id":24261,"date":"2024-01-28T13:19:25","date_gmt":"2024-01-28T13:19:25","guid":{"rendered":"https:\/\/normartrading.webcoder-dev.com\/products\/bulk-feeder-3-5-m3\/"},"modified":"2024-01-28T13:26:39","modified_gmt":"2024-01-28T13:26:39","slug":"alimentador-a-granel-de-3-5-m3","status":"publish","type":"product","link":"https:\/\/normartrading.webcoder-dev.com\/es\/products\/alimentador-a-granel-de-3-5-m3\/","title":{"rendered":"Alimentador a granel de 3.5 m3"},"content":{"rendered":"<p>Descripci\u00f3n del alimentador a granel:<\/p>\n<ul>\n<li>Capacidad: Aproximadamente 3.5 m3<\/li>\n<li>Longitud: 5.80 metros<\/li>\n<li>Ancho: 2.10 metros<\/li>\n<li>Altura: 2.55 metros<\/li>\n<li>Fabricante: Melbu Systems<\/li>\n<li>Opciones de entrega: Totalmente renovado o en su estado actual<\/li>\n<\/ul>\n","protected":false},"excerpt":{"rendered":"<p>Descripci\u00f3n del alimentador a granel: Capacidad: Aproximadamente 3.5 m3 Longitud: 5.80 metros Ancho: 2.10 metros Altura: 2.55 metros Fabricante: Melbu Systems Opciones de entrega: Totalmente renovado o en su estado actual<\/p>\n","protected":false},"featured_media":24231,"template":"","meta":{"_acf_changed":false,"inline_featured_image":false},"product_brand":[],"product_cat":[724,723],"product_tag":[],"class_list":{"0":"post-24261","1":"product","2":"type-product","3":"status-publish","4":"has-post-thumbnail","6":"product_cat-alimentadores-a-granel","7":"product_cat-las-soluciones-de-procesamiento-de-pescado","9":"first","10":"instock","11":"shipping-taxable","12":"product-type-simple"},"acf":[],"yoast_head":"<!-- This site is optimized with the Yoast SEO Premium plugin v25.2 (Yoast SEO v26.3) - https:\/\/yoast.com\/wordpress\/plugins\/seo\/ -->\n<title>Alimentador a granel de 3.5 m3 for sale by NorMarTrading<\/title>\n<meta name=\"description\" content=\"Eficiente alimentador a granel para la manipulaci\u00f3n eficaz de materiales. Elija entre entrega totalmente renovada o en su estado actual seg\u00fan sus necesidades de producci\u00f3n.\" \/>\n<meta name=\"robots\" content=\"index, follow, max-snippet:-1, max-image-preview:large, max-video-preview:-1\" \/>\n<link rel=\"canonical\" href=\"https:\/\/normartrading.webcoder-dev.com\/es\/products\/alimentador-a-granel-de-3-5-m3\/\" \/>\n<meta property=\"og:locale\" content=\"es_ES\" \/>\n<meta property=\"og:type\" content=\"article\" \/>\n<meta property=\"og:title\" content=\"Alimentador a granel de 3.5 m3\" \/>\n<meta property=\"og:description\" content=\"Eficiente alimentador a granel para la manipulaci\u00f3n eficaz de materiales. Elija entre entrega totalmente renovada o en su estado actual seg\u00fan sus necesidades de producci\u00f3n.\" \/>\n<meta property=\"og:url\" content=\"https:\/\/normartrading.webcoder-dev.com\/es\/products\/alimentador-a-granel-de-3-5-m3\/\" \/>\n<meta property=\"og:site_name\" content=\"NorMarTrading\" \/>\n<meta property=\"article:publisher\" content=\"https:\/\/www.facebook.com\/nordicmarine\" \/>\n<meta property=\"article:modified_time\" content=\"2024-01-28T13:26:39+00:00\" \/>\n<meta property=\"og:image\" content=\"https:\/\/www.normartrading.no\/wp-content\/uploads\/2024\/01\/Bulk-feeder-4.jpg?v=1706447757\" \/>\n\t<meta property=\"og:image:width\" content=\"640\" \/>\n\t<meta property=\"og:image:height\" content=\"480\" \/>\n\t<meta property=\"og:image:type\" content=\"image\/jpeg\" \/>\n<meta name=\"twitter:card\" content=\"summary_large_image\" \/>\n<meta name=\"twitter:label1\" content=\"Tiempo de lectura\" \/>\n\t<meta name=\"twitter:data1\" content=\"1 minuto\" \/>\n<script type=\"application\/ld+json\" class=\"yoast-schema-graph\">{\"@context\":\"https:\/\/schema.org\",\"@graph\":[{\"@type\":[\"WebPage\",\"ItemPage\"],\"@id\":\"https:\/\/normartrading.webcoder-dev.com\/es\/products\/alimentador-a-granel-de-3-5-m3\/\",\"url\":\"https:\/\/normartrading.webcoder-dev.com\/es\/products\/alimentador-a-granel-de-3-5-m3\/\",\"name\":\"Alimentador a granel de 3.5 m3 for sale by NorMarTrading\",\"isPartOf\":{\"@id\":\"https:\/\/www.normartrading.no\/#website\"},\"primaryImageOfPage\":{\"@id\":\"https:\/\/normartrading.webcoder-dev.com\/es\/products\/alimentador-a-granel-de-3-5-m3\/#primaryimage\"},\"image\":{\"@id\":\"https:\/\/normartrading.webcoder-dev.com\/es\/products\/alimentador-a-granel-de-3-5-m3\/#primaryimage\"},\"thumbnailUrl\":\"https:\/\/normartrading.webcoder-dev.com\/wp-content\/uploads\/2024\/01\/Bulk-feeder-4.jpg?v=1706447757\",\"datePublished\":\"2024-01-28T13:19:25+00:00\",\"dateModified\":\"2024-01-28T13:26:39+00:00\",\"description\":\"Eficiente alimentador a granel para la manipulaci\u00f3n eficaz de materiales. Elija entre entrega totalmente renovada o en su estado actual seg\u00fan sus necesidades de producci\u00f3n.\",\"breadcrumb\":{\"@id\":\"https:\/\/normartrading.webcoder-dev.com\/es\/products\/alimentador-a-granel-de-3-5-m3\/#breadcrumb\"},\"inLanguage\":\"es\",\"potentialAction\":[{\"@type\":\"ReadAction\",\"target\":[\"https:\/\/normartrading.webcoder-dev.com\/es\/products\/alimentador-a-granel-de-3-5-m3\/\"]}]},{\"@type\":\"ImageObject\",\"inLanguage\":\"es\",\"@id\":\"https:\/\/normartrading.webcoder-dev.com\/es\/products\/alimentador-a-granel-de-3-5-m3\/#primaryimage\",\"url\":\"https:\/\/normartrading.webcoder-dev.com\/wp-content\/uploads\/2024\/01\/Bulk-feeder-4.jpg?v=1706447757\",\"contentUrl\":\"https:\/\/normartrading.webcoder-dev.com\/wp-content\/uploads\/2024\/01\/Bulk-feeder-4.jpg?v=1706447757\",\"width\":640,\"height\":480},{\"@type\":\"BreadcrumbList\",\"@id\":\"https:\/\/normartrading.webcoder-dev.com\/es\/products\/alimentador-a-granel-de-3-5-m3\/#breadcrumb\",\"itemListElement\":[{\"@type\":\"ListItem\",\"position\":1,\"name\":\"Hjem\",\"item\":\"https:\/\/www.normartrading.no\/\"},{\"@type\":\"ListItem\",\"position\":2,\"name\":\"Productos\",\"item\":\"https:\/\/normartrading.webcoder-dev.com\/es\/productos\/\"},{\"@type\":\"ListItem\",\"position\":3,\"name\":\"Las Soluciones de Procesamiento de Pescado\",\"item\":\"https:\/\/normartrading.webcoder-dev.com\/es\/las-soluciones-de-procesamiento-de-pescado\/\"},{\"@type\":\"ListItem\",\"position\":4,\"name\":\"Alimentador a granel de 3.5 m3\"}]},{\"@type\":\"WebSite\",\"@id\":\"https:\/\/www.normartrading.no\/#website\",\"url\":\"https:\/\/www.normartrading.no\/\",\"name\":\"NorMar Trading\",\"description\":\"Produksjonsutstyr til fiskerin\u00e6ringen og matvareindustrien\",\"publisher\":{\"@id\":\"https:\/\/www.normartrading.no\/#organization\"},\"potentialAction\":[{\"@type\":\"SearchAction\",\"target\":{\"@type\":\"EntryPoint\",\"urlTemplate\":\"https:\/\/www.normartrading.no\/?s={search_term_string}\"},\"query-input\":{\"@type\":\"PropertyValueSpecification\",\"valueRequired\":true,\"valueName\":\"search_term_string\"}}],\"inLanguage\":\"es\"},{\"@type\":\"Organization\",\"@id\":\"https:\/\/www.normartrading.no\/#organization\",\"name\":\"NorMar Trading\",\"url\":\"https:\/\/www.normartrading.no\/\",\"logo\":{\"@type\":\"ImageObject\",\"inLanguage\":\"es\",\"@id\":\"https:\/\/www.normartrading.no\/#\/schema\/logo\/image\/\",\"url\":\"https:\/\/normartrading.webcoder-dev.com\/wp-content\/uploads\/2022\/12\/NorMar-Logo-RGB.jpg\",\"contentUrl\":\"https:\/\/normartrading.webcoder-dev.com\/wp-content\/uploads\/2022\/12\/NorMar-Logo-RGB.jpg\",\"width\":500,\"height\":329,\"caption\":\"NorMar Trading\"},\"image\":{\"@id\":\"https:\/\/www.normartrading.no\/#\/schema\/logo\/image\/\"},\"sameAs\":[\"https:\/\/www.facebook.com\/nordicmarine\",\"https:\/\/www.linkedin.com\/company\/normar-trading-as\",\"https:\/\/www.instagram.com\/normartrading\/\",\"https:\/\/www.youtube.com\/channel\/UCjwKO7n-WPQEtEyQmnbSdQg\"]}]}<\/script>\n<!-- \/ Yoast SEO Premium plugin. -->","yoast_head_json":{"title":"Alimentador a granel de 3.5 m3 for sale by NorMarTrading","description":"Eficiente alimentador a granel para la manipulaci\u00f3n eficaz de materiales. Elija entre entrega totalmente renovada o en su estado actual seg\u00fan sus necesidades de producci\u00f3n.","robots":{"index":"index","follow":"follow","max-snippet":"max-snippet:-1","max-image-preview":"max-image-preview:large","max-video-preview":"max-video-preview:-1"},"canonical":"https:\/\/normartrading.webcoder-dev.com\/es\/products\/alimentador-a-granel-de-3-5-m3\/","og_locale":"es_ES","og_type":"article","og_title":"Alimentador a granel de 3.5 m3","og_description":"Eficiente alimentador a granel para la manipulaci\u00f3n eficaz de materiales. Elija entre entrega totalmente renovada o en su estado actual seg\u00fan sus necesidades de producci\u00f3n.","og_url":"https:\/\/normartrading.webcoder-dev.com\/es\/products\/alimentador-a-granel-de-3-5-m3\/","og_site_name":"NorMarTrading","article_publisher":"https:\/\/www.facebook.com\/nordicmarine","article_modified_time":"2024-01-28T13:26:39+00:00","og_image":[{"width":640,"height":480,"url":"https:\/\/www.normartrading.no\/wp-content\/uploads\/2024\/01\/Bulk-feeder-4.jpg?v=1706447757","type":"image\/jpeg"}],"twitter_card":"summary_large_image","twitter_misc":{"Tiempo de lectura":"1 minuto"},"schema":{"@context":"https:\/\/schema.org","@graph":[{"@type":["WebPage","ItemPage"],"@id":"https:\/\/normartrading.webcoder-dev.com\/es\/products\/alimentador-a-granel-de-3-5-m3\/","url":"https:\/\/normartrading.webcoder-dev.com\/es\/products\/alimentador-a-granel-de-3-5-m3\/","name":"Alimentador a granel de 3.5 m3 for sale by NorMarTrading","isPartOf":{"@id":"https:\/\/www.normartrading.no\/#website"},"primaryImageOfPage":{"@id":"https:\/\/normartrading.webcoder-dev.com\/es\/products\/alimentador-a-granel-de-3-5-m3\/#primaryimage"},"image":{"@id":"https:\/\/normartrading.webcoder-dev.com\/es\/products\/alimentador-a-granel-de-3-5-m3\/#primaryimage"},"thumbnailUrl":"https:\/\/normartrading.webcoder-dev.com\/wp-content\/uploads\/2024\/01\/Bulk-feeder-4.jpg?v=1706447757","datePublished":"2024-01-28T13:19:25+00:00","dateModified":"2024-01-28T13:26:39+00:00","description":"Eficiente alimentador a granel para la manipulaci\u00f3n eficaz de materiales. Elija entre entrega totalmente renovada o en su estado actual seg\u00fan sus necesidades de producci\u00f3n.","breadcrumb":{"@id":"https:\/\/normartrading.webcoder-dev.com\/es\/products\/alimentador-a-granel-de-3-5-m3\/#breadcrumb"},"inLanguage":"es","potentialAction":[{"@type":"ReadAction","target":["https:\/\/normartrading.webcoder-dev.com\/es\/products\/alimentador-a-granel-de-3-5-m3\/"]}]},{"@type":"ImageObject","inLanguage":"es","@id":"https:\/\/normartrading.webcoder-dev.com\/es\/products\/alimentador-a-granel-de-3-5-m3\/#primaryimage","url":"https:\/\/normartrading.webcoder-dev.com\/wp-content\/uploads\/2024\/01\/Bulk-feeder-4.jpg?v=1706447757","contentUrl":"https:\/\/normartrading.webcoder-dev.com\/wp-content\/uploads\/2024\/01\/Bulk-feeder-4.jpg?v=1706447757","width":640,"height":480},{"@type":"BreadcrumbList","@id":"https:\/\/normartrading.webcoder-dev.com\/es\/products\/alimentador-a-granel-de-3-5-m3\/#breadcrumb","itemListElement":[{"@type":"ListItem","position":1,"name":"Hjem","item":"https:\/\/www.normartrading.no\/"},{"@type":"ListItem","position":2,"name":"Productos","item":"https:\/\/normartrading.webcoder-dev.com\/es\/productos\/"},{"@type":"ListItem","position":3,"name":"Las Soluciones de Procesamiento de Pescado","item":"https:\/\/normartrading.webcoder-dev.com\/es\/las-soluciones-de-procesamiento-de-pescado\/"},{"@type":"ListItem","position":4,"name":"Alimentador a granel de 3.5 m3"}]},{"@type":"WebSite","@id":"https:\/\/www.normartrading.no\/#website","url":"https:\/\/www.normartrading.no\/","name":"NorMar Trading","description":"Produksjonsutstyr til fiskerin\u00e6ringen og matvareindustrien","publisher":{"@id":"https:\/\/www.normartrading.no\/#organization"},"potentialAction":[{"@type":"SearchAction","target":{"@type":"EntryPoint","urlTemplate":"https:\/\/www.normartrading.no\/?s={search_term_string}"},"query-input":{"@type":"PropertyValueSpecification","valueRequired":true,"valueName":"search_term_string"}}],"inLanguage":"es"},{"@type":"Organization","@id":"https:\/\/www.normartrading.no\/#organization","name":"NorMar Trading","url":"https:\/\/www.normartrading.no\/","logo":{"@type":"ImageObject","inLanguage":"es","@id":"https:\/\/www.normartrading.no\/#\/schema\/logo\/image\/","url":"https:\/\/normartrading.webcoder-dev.com\/wp-content\/uploads\/2022\/12\/NorMar-Logo-RGB.jpg","contentUrl":"https:\/\/normartrading.webcoder-dev.com\/wp-content\/uploads\/2022\/12\/NorMar-Logo-RGB.jpg","width":500,"height":329,"caption":"NorMar Trading"},"image":{"@id":"https:\/\/www.normartrading.no\/#\/schema\/logo\/image\/"},"sameAs":["https:\/\/www.facebook.com\/nordicmarine","https:\/\/www.linkedin.com\/company\/normar-trading-as","https:\/\/www.instagram.com\/normartrading\/","https:\/\/www.youtube.com\/channel\/UCjwKO7n-WPQEtEyQmnbSdQg"]}]}},"_links":{"self":[{"href":"https:\/\/normartrading.webcoder-dev.com\/es\/wp-json\/wp\/v2\/product\/24261","targetHints":{"allow":["GET"]}}],"collection":[{"href":"https:\/\/normartrading.webcoder-dev.com\/es\/wp-json\/wp\/v2\/product"}],"about":[{"href":"https:\/\/normartrading.webcoder-dev.com\/es\/wp-json\/wp\/v2\/types\/product"}],"wp:featuredmedia":[{"embeddable":true,"href":"https:\/\/normartrading.webcoder-dev.com\/es\/wp-json\/wp\/v2\/media\/24231"}],"wp:attachment":[{"href":"https:\/\/normartrading.webcoder-dev.com\/es\/wp-json\/wp\/v2\/media?parent=24261"}],"wp:term":[{"taxonomy":"product_brand","embeddable":true,"href":"https:\/\/normartrading.webcoder-dev.com\/es\/wp-json\/wp\/v2\/product_brand?post=24261"},{"taxonomy":"product_cat","embeddable":true,"href":"https:\/\/normartrading.webcoder-dev.com\/es\/wp-json\/wp\/v2\/product_cat?post=24261"},{"taxonomy":"product_tag","embeddable":true,"href":"https:\/\/normartrading.webcoder-dev.com\/es\/wp-json\/wp\/v2\/product_tag?post=24261"}],"curies":[{"name":"wp","href":"https:\/\/api.w.org\/{rel}","templated":true}]}}