{"id":24227,"date":"2024-01-28T12:51:19","date_gmt":"2024-01-28T12:51:19","guid":{"rendered":"https:\/\/normartrading.webcoder-dev.com\/products\/trimming-line-with-8-stations\/"},"modified":"2024-01-28T12:59:13","modified_gmt":"2024-01-28T12:59:13","slug":"linea-de-recorte-de-pascado-con-8-estaciones","status":"publish","type":"product","link":"https:\/\/normartrading.webcoder-dev.com\/es\/products\/linea-de-recorte-de-pascado-con-8-estaciones\/","title":{"rendered":"L\u00ednea De Recorte De Pascado Con 8 Estaciones"},"content":{"rendered":"<p>L\u00ednea de recorte de pascado:<\/p>\n<ul>\n<li>8 estaciones de trabajo (4 en cada lado)<\/li>\n<li>Velocidad ajustable para procesamiento personalizado.<\/li>\n<li>Gesti\u00f3n eficiente de residuos con peque\u00f1os transportadores debajo de la mesa de recorte.<\/li>\n<li>Entregada completamente revisada con todas las piezas de desgaste y correas nuevas.<\/li>\n<li>La l\u00ednea puede ser reconstruida y personalizada seg\u00fan sus necesidades.<\/li>\n<li>Opci\u00f3n de instalar luces debajo de las mesas de recorte para una mayor visibilidad.<\/li>\n<\/ul>\n<div class=\"flex-1 overflow-hidden\">\n<div class=\"react-scroll-to-bottom--css-ygmfb-79elbk h-full\">\n<div class=\"react-scroll-to-bottom--css-ygmfb-1n7m0yu\">\n<div class=\"flex flex-col pb-9 text-sm\">\n<div class=\"w-full text-token-text-primary\" data-testid=\"conversation-turn-309\">\n<div class=\"px-4 py-2 justify-center text-base md:gap-6 m-auto\">\n<div class=\"flex flex-1 text-base mx-auto gap-3 md:px-5 lg:px-1 xl:px-5 md:max-w-3xl lg:max-w-[40rem] xl:max-w-[48rem] group final-completion\">\n<div class=\"relative flex w-full flex-col lg:w-[calc(100%-115px)] agent-turn\">\n<div class=\"flex-col gap-1 md:gap-3\">\n<div class=\"mt-1 flex justify-start gap-3 empty:hidden\">\n<div class=\"text-gray-400 flex self-end lg:self-center justify-center lg:justify-start mt-0 -ml-1 visible\">\n<div class=\"flex items-center gap-1.5 text-xs\"><\/div>\n<\/div>\n<\/div>\n<\/div>\n<\/div>\n<\/div>\n<\/div>\n<\/div>\n<\/div>\n<\/div>\n<\/div>\n<\/div>\n<div class=\"w-full pt-2 md:pt-0 dark:border-white\/20 md:border-transparent md:dark:border-transparent md:w-[calc(100%-.5rem)]\">\n<form class=\"stretch mx-2 flex flex-row gap-3 last:mb-2 md:mx-4 md:last:mb-6 lg:mx-auto lg:max-w-2xl xl:max-w-3xl\">\n<div class=\"relative flex h-full flex-1 items-stretch md:flex-col\">\n<div class=\"flex w-full items-center\"><\/div>\n<\/div>\n<\/form>\n<\/div>\n","protected":false},"excerpt":{"rendered":"<p>L\u00ednea de recorte de pascado: 8 estaciones de trabajo (4 en cada lado) Velocidad ajustable para procesamiento personalizado. Gesti\u00f3n eficiente de residuos con peque\u00f1os transportadores debajo de la mesa de recorte. Entregada completamente revisada con todas las piezas de desgaste y correas nuevas. La l\u00ednea puede ser reconstruida y personalizada seg\u00fan sus necesidades. Opci\u00f3n de [&hellip;]<\/p>\n","protected":false},"featured_media":24213,"template":"","meta":{"_acf_changed":false,"inline_featured_image":false},"product_brand":[],"product_cat":[723,726],"product_tag":[],"class_list":{"0":"post-24227","1":"product","2":"type-product","3":"status-publish","4":"has-post-thumbnail","6":"product_cat-las-soluciones-de-procesamiento-de-pescado","7":"product_cat-linea-de-recorte-de-pescado","9":"first","10":"instock","11":"shipping-taxable","12":"product-type-simple"},"acf":[],"yoast_head":"<!-- This site is optimized with the Yoast SEO Premium plugin v25.2 (Yoast SEO v26.3) - https:\/\/yoast.com\/wordpress\/plugins\/seo\/ -->\n<title>L\u00ednea De Recorte De Pascado Con 8 Estaciones - NorMarTrading<\/title>\n<meta name=\"description\" content=\"L\u00ednea de recorte vers\u00e1til de 8 estaciones con velocidad ajustable, eficiente gesti\u00f3n de residuos y sistema totalmente revisado para procesamiento personalizado de productos del mar.\" \/>\n<meta name=\"robots\" content=\"index, follow, max-snippet:-1, max-image-preview:large, max-video-preview:-1\" \/>\n<link rel=\"canonical\" href=\"https:\/\/normartrading.webcoder-dev.com\/es\/products\/linea-de-recorte-de-pascado-con-8-estaciones\/\" \/>\n<meta property=\"og:locale\" content=\"es_ES\" \/>\n<meta property=\"og:type\" content=\"article\" \/>\n<meta property=\"og:title\" content=\"L\u00ednea De Recorte De Pascado Con 8 Estaciones\" \/>\n<meta property=\"og:description\" content=\"L\u00ednea de recorte vers\u00e1til de 8 estaciones con velocidad ajustable, eficiente gesti\u00f3n de residuos y sistema totalmente revisado para procesamiento personalizado de productos del mar.\" \/>\n<meta property=\"og:url\" content=\"https:\/\/normartrading.webcoder-dev.com\/es\/products\/linea-de-recorte-de-pascado-con-8-estaciones\/\" \/>\n<meta property=\"og:site_name\" content=\"NorMarTrading\" \/>\n<meta property=\"article:publisher\" content=\"https:\/\/www.facebook.com\/nordicmarine\" \/>\n<meta property=\"article:modified_time\" content=\"2024-01-28T12:59:13+00:00\" \/>\n<meta property=\"og:image\" content=\"https:\/\/www.normartrading.no\/wp-content\/uploads\/2024\/01\/Trimming-line-2-2.jpg\" \/>\n\t<meta property=\"og:image:width\" content=\"1258\" \/>\n\t<meta property=\"og:image:height\" content=\"1680\" \/>\n\t<meta property=\"og:image:type\" content=\"image\/jpeg\" \/>\n<meta name=\"twitter:card\" content=\"summary_large_image\" \/>\n<meta name=\"twitter:label1\" content=\"Tiempo de lectura\" \/>\n\t<meta name=\"twitter:data1\" content=\"1 minuto\" \/>\n<script type=\"application\/ld+json\" class=\"yoast-schema-graph\">{\"@context\":\"https:\/\/schema.org\",\"@graph\":[{\"@type\":[\"WebPage\",\"ItemPage\"],\"@id\":\"https:\/\/normartrading.webcoder-dev.com\/es\/products\/linea-de-recorte-de-pascado-con-8-estaciones\/\",\"url\":\"https:\/\/normartrading.webcoder-dev.com\/es\/products\/linea-de-recorte-de-pascado-con-8-estaciones\/\",\"name\":\"L\u00ednea De Recorte De Pascado Con 8 Estaciones - NorMarTrading\",\"isPartOf\":{\"@id\":\"https:\/\/www.normartrading.no\/#website\"},\"primaryImageOfPage\":{\"@id\":\"https:\/\/normartrading.webcoder-dev.com\/es\/products\/linea-de-recorte-de-pascado-con-8-estaciones\/#primaryimage\"},\"image\":{\"@id\":\"https:\/\/normartrading.webcoder-dev.com\/es\/products\/linea-de-recorte-de-pascado-con-8-estaciones\/#primaryimage\"},\"thumbnailUrl\":\"https:\/\/normartrading.webcoder-dev.com\/wp-content\/uploads\/2024\/01\/Trimming-line-2-2.jpg\",\"datePublished\":\"2024-01-28T12:51:19+00:00\",\"dateModified\":\"2024-01-28T12:59:13+00:00\",\"description\":\"L\u00ednea de recorte vers\u00e1til de 8 estaciones con velocidad ajustable, eficiente gesti\u00f3n de residuos y sistema totalmente revisado para procesamiento personalizado de productos del mar.\",\"breadcrumb\":{\"@id\":\"https:\/\/normartrading.webcoder-dev.com\/es\/products\/linea-de-recorte-de-pascado-con-8-estaciones\/#breadcrumb\"},\"inLanguage\":\"es\",\"potentialAction\":[{\"@type\":\"ReadAction\",\"target\":[\"https:\/\/normartrading.webcoder-dev.com\/es\/products\/linea-de-recorte-de-pascado-con-8-estaciones\/\"]}]},{\"@type\":\"ImageObject\",\"inLanguage\":\"es\",\"@id\":\"https:\/\/normartrading.webcoder-dev.com\/es\/products\/linea-de-recorte-de-pascado-con-8-estaciones\/#primaryimage\",\"url\":\"https:\/\/normartrading.webcoder-dev.com\/wp-content\/uploads\/2024\/01\/Trimming-line-2-2.jpg\",\"contentUrl\":\"https:\/\/normartrading.webcoder-dev.com\/wp-content\/uploads\/2024\/01\/Trimming-line-2-2.jpg\",\"width\":1258,\"height\":1680},{\"@type\":\"BreadcrumbList\",\"@id\":\"https:\/\/normartrading.webcoder-dev.com\/es\/products\/linea-de-recorte-de-pascado-con-8-estaciones\/#breadcrumb\",\"itemListElement\":[{\"@type\":\"ListItem\",\"position\":1,\"name\":\"Hjem\",\"item\":\"https:\/\/www.normartrading.no\/\"},{\"@type\":\"ListItem\",\"position\":2,\"name\":\"Productos\",\"item\":\"https:\/\/normartrading.webcoder-dev.com\/es\/productos\/\"},{\"@type\":\"ListItem\",\"position\":3,\"name\":\"Las Soluciones de Procesamiento de Pescado\",\"item\":\"https:\/\/normartrading.webcoder-dev.com\/es\/las-soluciones-de-procesamiento-de-pescado\/\"},{\"@type\":\"ListItem\",\"position\":4,\"name\":\"L\u00ednea De Recorte De Pascado Con 8 Estaciones\"}]},{\"@type\":\"WebSite\",\"@id\":\"https:\/\/www.normartrading.no\/#website\",\"url\":\"https:\/\/www.normartrading.no\/\",\"name\":\"NorMar Trading\",\"description\":\"Produksjonsutstyr til fiskerin\u00e6ringen og matvareindustrien\",\"publisher\":{\"@id\":\"https:\/\/www.normartrading.no\/#organization\"},\"potentialAction\":[{\"@type\":\"SearchAction\",\"target\":{\"@type\":\"EntryPoint\",\"urlTemplate\":\"https:\/\/www.normartrading.no\/?s={search_term_string}\"},\"query-input\":{\"@type\":\"PropertyValueSpecification\",\"valueRequired\":true,\"valueName\":\"search_term_string\"}}],\"inLanguage\":\"es\"},{\"@type\":\"Organization\",\"@id\":\"https:\/\/www.normartrading.no\/#organization\",\"name\":\"NorMar Trading\",\"url\":\"https:\/\/www.normartrading.no\/\",\"logo\":{\"@type\":\"ImageObject\",\"inLanguage\":\"es\",\"@id\":\"https:\/\/www.normartrading.no\/#\/schema\/logo\/image\/\",\"url\":\"https:\/\/normartrading.webcoder-dev.com\/wp-content\/uploads\/2022\/12\/NorMar-Logo-RGB.jpg\",\"contentUrl\":\"https:\/\/normartrading.webcoder-dev.com\/wp-content\/uploads\/2022\/12\/NorMar-Logo-RGB.jpg\",\"width\":500,\"height\":329,\"caption\":\"NorMar Trading\"},\"image\":{\"@id\":\"https:\/\/www.normartrading.no\/#\/schema\/logo\/image\/\"},\"sameAs\":[\"https:\/\/www.facebook.com\/nordicmarine\",\"https:\/\/www.linkedin.com\/company\/normar-trading-as\",\"https:\/\/www.instagram.com\/normartrading\/\",\"https:\/\/www.youtube.com\/channel\/UCjwKO7n-WPQEtEyQmnbSdQg\"]}]}<\/script>\n<!-- \/ Yoast SEO Premium plugin. -->","yoast_head_json":{"title":"L\u00ednea De Recorte De Pascado Con 8 Estaciones - NorMarTrading","description":"L\u00ednea de recorte vers\u00e1til de 8 estaciones con velocidad ajustable, eficiente gesti\u00f3n de residuos y sistema totalmente revisado para procesamiento personalizado de productos del mar.","robots":{"index":"index","follow":"follow","max-snippet":"max-snippet:-1","max-image-preview":"max-image-preview:large","max-video-preview":"max-video-preview:-1"},"canonical":"https:\/\/normartrading.webcoder-dev.com\/es\/products\/linea-de-recorte-de-pascado-con-8-estaciones\/","og_locale":"es_ES","og_type":"article","og_title":"L\u00ednea De Recorte De Pascado Con 8 Estaciones","og_description":"L\u00ednea de recorte vers\u00e1til de 8 estaciones con velocidad ajustable, eficiente gesti\u00f3n de residuos y sistema totalmente revisado para procesamiento personalizado de productos del mar.","og_url":"https:\/\/normartrading.webcoder-dev.com\/es\/products\/linea-de-recorte-de-pascado-con-8-estaciones\/","og_site_name":"NorMarTrading","article_publisher":"https:\/\/www.facebook.com\/nordicmarine","article_modified_time":"2024-01-28T12:59:13+00:00","og_image":[{"width":1258,"height":1680,"url":"https:\/\/www.normartrading.no\/wp-content\/uploads\/2024\/01\/Trimming-line-2-2.jpg","type":"image\/jpeg"}],"twitter_card":"summary_large_image","twitter_misc":{"Tiempo de lectura":"1 minuto"},"schema":{"@context":"https:\/\/schema.org","@graph":[{"@type":["WebPage","ItemPage"],"@id":"https:\/\/normartrading.webcoder-dev.com\/es\/products\/linea-de-recorte-de-pascado-con-8-estaciones\/","url":"https:\/\/normartrading.webcoder-dev.com\/es\/products\/linea-de-recorte-de-pascado-con-8-estaciones\/","name":"L\u00ednea De Recorte De Pascado Con 8 Estaciones - NorMarTrading","isPartOf":{"@id":"https:\/\/www.normartrading.no\/#website"},"primaryImageOfPage":{"@id":"https:\/\/normartrading.webcoder-dev.com\/es\/products\/linea-de-recorte-de-pascado-con-8-estaciones\/#primaryimage"},"image":{"@id":"https:\/\/normartrading.webcoder-dev.com\/es\/products\/linea-de-recorte-de-pascado-con-8-estaciones\/#primaryimage"},"thumbnailUrl":"https:\/\/normartrading.webcoder-dev.com\/wp-content\/uploads\/2024\/01\/Trimming-line-2-2.jpg","datePublished":"2024-01-28T12:51:19+00:00","dateModified":"2024-01-28T12:59:13+00:00","description":"L\u00ednea de recorte vers\u00e1til de 8 estaciones con velocidad ajustable, eficiente gesti\u00f3n de residuos y sistema totalmente revisado para procesamiento personalizado de productos del mar.","breadcrumb":{"@id":"https:\/\/normartrading.webcoder-dev.com\/es\/products\/linea-de-recorte-de-pascado-con-8-estaciones\/#breadcrumb"},"inLanguage":"es","potentialAction":[{"@type":"ReadAction","target":["https:\/\/normartrading.webcoder-dev.com\/es\/products\/linea-de-recorte-de-pascado-con-8-estaciones\/"]}]},{"@type":"ImageObject","inLanguage":"es","@id":"https:\/\/normartrading.webcoder-dev.com\/es\/products\/linea-de-recorte-de-pascado-con-8-estaciones\/#primaryimage","url":"https:\/\/normartrading.webcoder-dev.com\/wp-content\/uploads\/2024\/01\/Trimming-line-2-2.jpg","contentUrl":"https:\/\/normartrading.webcoder-dev.com\/wp-content\/uploads\/2024\/01\/Trimming-line-2-2.jpg","width":1258,"height":1680},{"@type":"BreadcrumbList","@id":"https:\/\/normartrading.webcoder-dev.com\/es\/products\/linea-de-recorte-de-pascado-con-8-estaciones\/#breadcrumb","itemListElement":[{"@type":"ListItem","position":1,"name":"Hjem","item":"https:\/\/www.normartrading.no\/"},{"@type":"ListItem","position":2,"name":"Productos","item":"https:\/\/normartrading.webcoder-dev.com\/es\/productos\/"},{"@type":"ListItem","position":3,"name":"Las Soluciones de Procesamiento de Pescado","item":"https:\/\/normartrading.webcoder-dev.com\/es\/las-soluciones-de-procesamiento-de-pescado\/"},{"@type":"ListItem","position":4,"name":"L\u00ednea De Recorte De Pascado Con 8 Estaciones"}]},{"@type":"WebSite","@id":"https:\/\/www.normartrading.no\/#website","url":"https:\/\/www.normartrading.no\/","name":"NorMar Trading","description":"Produksjonsutstyr til fiskerin\u00e6ringen og matvareindustrien","publisher":{"@id":"https:\/\/www.normartrading.no\/#organization"},"potentialAction":[{"@type":"SearchAction","target":{"@type":"EntryPoint","urlTemplate":"https:\/\/www.normartrading.no\/?s={search_term_string}"},"query-input":{"@type":"PropertyValueSpecification","valueRequired":true,"valueName":"search_term_string"}}],"inLanguage":"es"},{"@type":"Organization","@id":"https:\/\/www.normartrading.no\/#organization","name":"NorMar Trading","url":"https:\/\/www.normartrading.no\/","logo":{"@type":"ImageObject","inLanguage":"es","@id":"https:\/\/www.normartrading.no\/#\/schema\/logo\/image\/","url":"https:\/\/normartrading.webcoder-dev.com\/wp-content\/uploads\/2022\/12\/NorMar-Logo-RGB.jpg","contentUrl":"https:\/\/normartrading.webcoder-dev.com\/wp-content\/uploads\/2022\/12\/NorMar-Logo-RGB.jpg","width":500,"height":329,"caption":"NorMar Trading"},"image":{"@id":"https:\/\/www.normartrading.no\/#\/schema\/logo\/image\/"},"sameAs":["https:\/\/www.facebook.com\/nordicmarine","https:\/\/www.linkedin.com\/company\/normar-trading-as","https:\/\/www.instagram.com\/normartrading\/","https:\/\/www.youtube.com\/channel\/UCjwKO7n-WPQEtEyQmnbSdQg"]}]}},"_links":{"self":[{"href":"https:\/\/normartrading.webcoder-dev.com\/es\/wp-json\/wp\/v2\/product\/24227","targetHints":{"allow":["GET"]}}],"collection":[{"href":"https:\/\/normartrading.webcoder-dev.com\/es\/wp-json\/wp\/v2\/product"}],"about":[{"href":"https:\/\/normartrading.webcoder-dev.com\/es\/wp-json\/wp\/v2\/types\/product"}],"wp:featuredmedia":[{"embeddable":true,"href":"https:\/\/normartrading.webcoder-dev.com\/es\/wp-json\/wp\/v2\/media\/24213"}],"wp:attachment":[{"href":"https:\/\/normartrading.webcoder-dev.com\/es\/wp-json\/wp\/v2\/media?parent=24227"}],"wp:term":[{"taxonomy":"product_brand","embeddable":true,"href":"https:\/\/normartrading.webcoder-dev.com\/es\/wp-json\/wp\/v2\/product_brand?post=24227"},{"taxonomy":"product_cat","embeddable":true,"href":"https:\/\/normartrading.webcoder-dev.com\/es\/wp-json\/wp\/v2\/product_cat?post=24227"},{"taxonomy":"product_tag","embeddable":true,"href":"https:\/\/normartrading.webcoder-dev.com\/es\/wp-json\/wp\/v2\/product_tag?post=24227"}],"curies":[{"name":"wp","href":"https:\/\/api.w.org\/{rel}","templated":true}]}}