{"id":24061,"date":"2024-01-18T10:35:14","date_gmt":"2024-01-18T10:35:14","guid":{"rendered":"https:\/\/normartrading.webcoder-dev.com\/products\/lu-ve-condensing-unit-s3hc\/"},"modified":"2024-07-10T14:12:42","modified_gmt":"2024-07-10T14:12:42","slug":"lu-ve-unidad-condensadora-s3hc","status":"publish","type":"product","link":"https:\/\/normartrading.webcoder-dev.com\/es\/products\/lu-ve-unidad-condensadora-s3hc\/","title":{"rendered":"Unidad de Condensaci\u00f3n Lu-Ve S3HC"},"content":{"rendered":"<p>Unidad de Condensaci\u00f3n Lu-Ve S3HC<\/p>\n<p>Modelo: S3HC 59 E 65<br \/>\nC\u00f3digo: 080100005<\/p>\n<p>Unidad de condensaci\u00f3n Lu-Ve S3HC 59 E 65 es parte de la serie S3HC, que cuenta con un sistema de desescarche el\u00e9ctrico mejorado. Este sistema est\u00e1 dise\u00f1ado para reducir el consumo de energ\u00eda y mejorar el rendimiento. Algunas caracter\u00edsticas clave incluyen:<\/p>\n<p>Desescarche Mejorado: El nuevo sistema garantiza un desescarche uniforme del bloque de la bobina y elimina el riesgo de formaci\u00f3n de part\u00edculas de vapor.<br \/>\nEficiencia Energ\u00e9tica: La unidad utiliza calentadores el\u00e9ctricos con menor consumo de energ\u00eda, reduciendo el consumo total de energ\u00eda en un 25%.<br \/>\nMantenimiento Simplificado: Las modificaciones de dise\u00f1o facilitan el mantenimiento del calentador el\u00e9ctrico de la bandeja de drenaje.<\/p>\n<p>Sistema de Desescarche:<br \/>\nTipo: Desescarche el\u00e9ctrico<br \/>\nCaracter\u00edsticas:<br \/>\nDesescarche uniforme mejorado del bloque de la bobina<br \/>\nEliminaci\u00f3n de la formaci\u00f3n de part\u00edculas de vapor<br \/>\nReducci\u00f3n del consumo de energ\u00eda en un 25%<br \/>\nMantenimiento simplificado del calentador el\u00e9ctrico de la bandeja de drenaje<\/p>\n<p>Fluido: R404A, R134a, R12, R502, R407C<br \/>\nTC: 10 \u00b0C \u00f7 -25 \u00b0C<br \/>\nVentilador: 1 ventilador EBM-Papst<br \/>\nDi\u00e1metro del ventilador: 350 mm<br \/>\nVelocidad del ventilador: 1420 RPM<br \/>\nFlujo de aire total: 2650 m\u00b3\/h<br \/>\nConsumo de energ\u00eda: 0,18 kW<\/p>\n<p>Dimensiones LWH: 800 x 600 x 350 mm<br \/>\nPeso: 35 kg<\/p>\n","protected":false},"excerpt":{"rendered":"<p>Unidad de Condensaci\u00f3n Lu-Ve S3HC Modelo: S3HC 59 E 65 C\u00f3digo: 080100005 Unidad de condensaci\u00f3n Lu-Ve S3HC 59 E 65 es parte de la serie S3HC, que cuenta con un sistema de desescarche el\u00e9ctrico mejorado. Este sistema est\u00e1 dise\u00f1ado para reducir el consumo de energ\u00eda y mejorar el rendimiento. Algunas caracter\u00edsticas clave incluyen: Desescarche Mejorado: [&hellip;]<\/p>\n","protected":false},"featured_media":24047,"template":"","meta":{"_acf_changed":false,"inline_featured_image":false},"product_brand":[],"product_cat":[679,702],"product_tag":[],"class_list":{"0":"post-24061","1":"product","2":"type-product","3":"status-publish","4":"has-post-thumbnail","6":"product_cat-equipos-de-congelacion","7":"product_cat-sistemas-y-componentes-de-congelacion-es","9":"first","10":"instock","11":"shipping-taxable","12":"product-type-simple"},"acf":[],"yoast_head":"<!-- This site is optimized with the Yoast SEO Premium plugin v25.2 (Yoast SEO v26.3) - https:\/\/yoast.com\/wordpress\/plugins\/seo\/ -->\n<title>Unidad de Condensaci\u00f3n Lu-Ve S3HC - NorMarTrading<\/title>\n<meta name=\"description\" content=\"La unidad de condensaci\u00f3n Lu-Ve S3HC 59 E 65 es parte de la serie S3HC, que cuenta con un sistema de desescarche el\u00e9ctrico mejorado, dise\u00f1ado para reducir el consumo de energ\u00eda.\" \/>\n<meta name=\"robots\" content=\"index, follow, max-snippet:-1, max-image-preview:large, max-video-preview:-1\" \/>\n<link rel=\"canonical\" href=\"https:\/\/normartrading.webcoder-dev.com\/es\/products\/lu-ve-unidad-condensadora-s3hc\/\" \/>\n<meta property=\"og:locale\" content=\"es_ES\" \/>\n<meta property=\"og:type\" content=\"article\" \/>\n<meta property=\"og:title\" content=\"Unidad de Condensaci\u00f3n Lu-Ve S3HC\" \/>\n<meta property=\"og:description\" content=\"La unidad de condensaci\u00f3n Lu-Ve S3HC 59 E 65 es parte de la serie S3HC, que cuenta con un sistema de desescarche el\u00e9ctrico mejorado, dise\u00f1ado para reducir el consumo de energ\u00eda.\" \/>\n<meta property=\"og:url\" content=\"https:\/\/normartrading.webcoder-dev.com\/es\/products\/lu-ve-unidad-condensadora-s3hc\/\" \/>\n<meta property=\"og:site_name\" content=\"NorMarTrading\" \/>\n<meta property=\"article:publisher\" content=\"https:\/\/www.facebook.com\/nordicmarine\" \/>\n<meta property=\"article:modified_time\" content=\"2024-07-10T14:12:42+00:00\" \/>\n<meta property=\"og:image\" content=\"https:\/\/www.normartrading.no\/wp-content\/uploads\/2024\/01\/LU-VE-S3HC-59-E-65-1-min-scaled.jpg\" \/>\n\t<meta property=\"og:image:width\" content=\"1152\" \/>\n\t<meta property=\"og:image:height\" content=\"2560\" \/>\n\t<meta property=\"og:image:type\" content=\"image\/jpeg\" \/>\n<meta name=\"twitter:card\" content=\"summary_large_image\" \/>\n<meta name=\"twitter:label1\" content=\"Tiempo de lectura\" \/>\n\t<meta name=\"twitter:data1\" content=\"1 minuto\" \/>\n<script type=\"application\/ld+json\" class=\"yoast-schema-graph\">{\"@context\":\"https:\/\/schema.org\",\"@graph\":[{\"@type\":[\"WebPage\",\"ItemPage\"],\"@id\":\"https:\/\/normartrading.webcoder-dev.com\/es\/products\/lu-ve-unidad-condensadora-s3hc\/\",\"url\":\"https:\/\/normartrading.webcoder-dev.com\/es\/products\/lu-ve-unidad-condensadora-s3hc\/\",\"name\":\"Unidad de Condensaci\u00f3n Lu-Ve S3HC - NorMarTrading\",\"isPartOf\":{\"@id\":\"https:\/\/www.normartrading.no\/#website\"},\"primaryImageOfPage\":{\"@id\":\"https:\/\/normartrading.webcoder-dev.com\/es\/products\/lu-ve-unidad-condensadora-s3hc\/#primaryimage\"},\"image\":{\"@id\":\"https:\/\/normartrading.webcoder-dev.com\/es\/products\/lu-ve-unidad-condensadora-s3hc\/#primaryimage\"},\"thumbnailUrl\":\"https:\/\/normartrading.webcoder-dev.com\/wp-content\/uploads\/2024\/01\/LU-VE-S3HC-59-E-65-1-min-scaled.jpg\",\"datePublished\":\"2024-01-18T10:35:14+00:00\",\"dateModified\":\"2024-07-10T14:12:42+00:00\",\"description\":\"La unidad de condensaci\u00f3n Lu-Ve S3HC 59 E 65 es parte de la serie S3HC, que cuenta con un sistema de desescarche el\u00e9ctrico mejorado, dise\u00f1ado para reducir el consumo de energ\u00eda.\",\"breadcrumb\":{\"@id\":\"https:\/\/normartrading.webcoder-dev.com\/es\/products\/lu-ve-unidad-condensadora-s3hc\/#breadcrumb\"},\"inLanguage\":\"es\",\"potentialAction\":[{\"@type\":\"ReadAction\",\"target\":[\"https:\/\/normartrading.webcoder-dev.com\/es\/products\/lu-ve-unidad-condensadora-s3hc\/\"]}]},{\"@type\":\"ImageObject\",\"inLanguage\":\"es\",\"@id\":\"https:\/\/normartrading.webcoder-dev.com\/es\/products\/lu-ve-unidad-condensadora-s3hc\/#primaryimage\",\"url\":\"https:\/\/normartrading.webcoder-dev.com\/wp-content\/uploads\/2024\/01\/LU-VE-S3HC-59-E-65-1-min-scaled.jpg\",\"contentUrl\":\"https:\/\/normartrading.webcoder-dev.com\/wp-content\/uploads\/2024\/01\/LU-VE-S3HC-59-E-65-1-min-scaled.jpg\",\"width\":1152,\"height\":2560,\"caption\":\"Lu-Ve Condensing Unit S3HC\"},{\"@type\":\"BreadcrumbList\",\"@id\":\"https:\/\/normartrading.webcoder-dev.com\/es\/products\/lu-ve-unidad-condensadora-s3hc\/#breadcrumb\",\"itemListElement\":[{\"@type\":\"ListItem\",\"position\":1,\"name\":\"Hjem\",\"item\":\"https:\/\/www.normartrading.no\/\"},{\"@type\":\"ListItem\",\"position\":2,\"name\":\"Productos\",\"item\":\"https:\/\/normartrading.webcoder-dev.com\/es\/productos\/\"},{\"@type\":\"ListItem\",\"position\":3,\"name\":\"Equipos de Congelaci\u00f3n\",\"item\":\"https:\/\/normartrading.webcoder-dev.com\/es\/equipos-de-congelacion\/\"},{\"@type\":\"ListItem\",\"position\":4,\"name\":\"Unidad de Condensaci\u00f3n Lu-Ve S3HC\"}]},{\"@type\":\"WebSite\",\"@id\":\"https:\/\/www.normartrading.no\/#website\",\"url\":\"https:\/\/www.normartrading.no\/\",\"name\":\"NorMar Trading\",\"description\":\"Produksjonsutstyr til fiskerin\u00e6ringen og matvareindustrien\",\"publisher\":{\"@id\":\"https:\/\/www.normartrading.no\/#organization\"},\"potentialAction\":[{\"@type\":\"SearchAction\",\"target\":{\"@type\":\"EntryPoint\",\"urlTemplate\":\"https:\/\/www.normartrading.no\/?s={search_term_string}\"},\"query-input\":{\"@type\":\"PropertyValueSpecification\",\"valueRequired\":true,\"valueName\":\"search_term_string\"}}],\"inLanguage\":\"es\"},{\"@type\":\"Organization\",\"@id\":\"https:\/\/www.normartrading.no\/#organization\",\"name\":\"NorMar Trading\",\"url\":\"https:\/\/www.normartrading.no\/\",\"logo\":{\"@type\":\"ImageObject\",\"inLanguage\":\"es\",\"@id\":\"https:\/\/www.normartrading.no\/#\/schema\/logo\/image\/\",\"url\":\"https:\/\/normartrading.webcoder-dev.com\/wp-content\/uploads\/2022\/12\/NorMar-Logo-RGB.jpg\",\"contentUrl\":\"https:\/\/normartrading.webcoder-dev.com\/wp-content\/uploads\/2022\/12\/NorMar-Logo-RGB.jpg\",\"width\":500,\"height\":329,\"caption\":\"NorMar Trading\"},\"image\":{\"@id\":\"https:\/\/www.normartrading.no\/#\/schema\/logo\/image\/\"},\"sameAs\":[\"https:\/\/www.facebook.com\/nordicmarine\",\"https:\/\/www.linkedin.com\/company\/normar-trading-as\",\"https:\/\/www.instagram.com\/normartrading\/\",\"https:\/\/www.youtube.com\/channel\/UCjwKO7n-WPQEtEyQmnbSdQg\"]}]}<\/script>\n<!-- \/ Yoast SEO Premium plugin. -->","yoast_head_json":{"title":"Unidad de Condensaci\u00f3n Lu-Ve S3HC - NorMarTrading","description":"La unidad de condensaci\u00f3n Lu-Ve S3HC 59 E 65 es parte de la serie S3HC, que cuenta con un sistema de desescarche el\u00e9ctrico mejorado, dise\u00f1ado para reducir el consumo de energ\u00eda.","robots":{"index":"index","follow":"follow","max-snippet":"max-snippet:-1","max-image-preview":"max-image-preview:large","max-video-preview":"max-video-preview:-1"},"canonical":"https:\/\/normartrading.webcoder-dev.com\/es\/products\/lu-ve-unidad-condensadora-s3hc\/","og_locale":"es_ES","og_type":"article","og_title":"Unidad de Condensaci\u00f3n Lu-Ve S3HC","og_description":"La unidad de condensaci\u00f3n Lu-Ve S3HC 59 E 65 es parte de la serie S3HC, que cuenta con un sistema de desescarche el\u00e9ctrico mejorado, dise\u00f1ado para reducir el consumo de energ\u00eda.","og_url":"https:\/\/normartrading.webcoder-dev.com\/es\/products\/lu-ve-unidad-condensadora-s3hc\/","og_site_name":"NorMarTrading","article_publisher":"https:\/\/www.facebook.com\/nordicmarine","article_modified_time":"2024-07-10T14:12:42+00:00","og_image":[{"width":1152,"height":2560,"url":"https:\/\/www.normartrading.no\/wp-content\/uploads\/2024\/01\/LU-VE-S3HC-59-E-65-1-min-scaled.jpg","type":"image\/jpeg"}],"twitter_card":"summary_large_image","twitter_misc":{"Tiempo de lectura":"1 minuto"},"schema":{"@context":"https:\/\/schema.org","@graph":[{"@type":["WebPage","ItemPage"],"@id":"https:\/\/normartrading.webcoder-dev.com\/es\/products\/lu-ve-unidad-condensadora-s3hc\/","url":"https:\/\/normartrading.webcoder-dev.com\/es\/products\/lu-ve-unidad-condensadora-s3hc\/","name":"Unidad de Condensaci\u00f3n Lu-Ve S3HC - NorMarTrading","isPartOf":{"@id":"https:\/\/www.normartrading.no\/#website"},"primaryImageOfPage":{"@id":"https:\/\/normartrading.webcoder-dev.com\/es\/products\/lu-ve-unidad-condensadora-s3hc\/#primaryimage"},"image":{"@id":"https:\/\/normartrading.webcoder-dev.com\/es\/products\/lu-ve-unidad-condensadora-s3hc\/#primaryimage"},"thumbnailUrl":"https:\/\/normartrading.webcoder-dev.com\/wp-content\/uploads\/2024\/01\/LU-VE-S3HC-59-E-65-1-min-scaled.jpg","datePublished":"2024-01-18T10:35:14+00:00","dateModified":"2024-07-10T14:12:42+00:00","description":"La unidad de condensaci\u00f3n Lu-Ve S3HC 59 E 65 es parte de la serie S3HC, que cuenta con un sistema de desescarche el\u00e9ctrico mejorado, dise\u00f1ado para reducir el consumo de energ\u00eda.","breadcrumb":{"@id":"https:\/\/normartrading.webcoder-dev.com\/es\/products\/lu-ve-unidad-condensadora-s3hc\/#breadcrumb"},"inLanguage":"es","potentialAction":[{"@type":"ReadAction","target":["https:\/\/normartrading.webcoder-dev.com\/es\/products\/lu-ve-unidad-condensadora-s3hc\/"]}]},{"@type":"ImageObject","inLanguage":"es","@id":"https:\/\/normartrading.webcoder-dev.com\/es\/products\/lu-ve-unidad-condensadora-s3hc\/#primaryimage","url":"https:\/\/normartrading.webcoder-dev.com\/wp-content\/uploads\/2024\/01\/LU-VE-S3HC-59-E-65-1-min-scaled.jpg","contentUrl":"https:\/\/normartrading.webcoder-dev.com\/wp-content\/uploads\/2024\/01\/LU-VE-S3HC-59-E-65-1-min-scaled.jpg","width":1152,"height":2560,"caption":"Lu-Ve Condensing Unit S3HC"},{"@type":"BreadcrumbList","@id":"https:\/\/normartrading.webcoder-dev.com\/es\/products\/lu-ve-unidad-condensadora-s3hc\/#breadcrumb","itemListElement":[{"@type":"ListItem","position":1,"name":"Hjem","item":"https:\/\/www.normartrading.no\/"},{"@type":"ListItem","position":2,"name":"Productos","item":"https:\/\/normartrading.webcoder-dev.com\/es\/productos\/"},{"@type":"ListItem","position":3,"name":"Equipos de Congelaci\u00f3n","item":"https:\/\/normartrading.webcoder-dev.com\/es\/equipos-de-congelacion\/"},{"@type":"ListItem","position":4,"name":"Unidad de Condensaci\u00f3n Lu-Ve S3HC"}]},{"@type":"WebSite","@id":"https:\/\/www.normartrading.no\/#website","url":"https:\/\/www.normartrading.no\/","name":"NorMar Trading","description":"Produksjonsutstyr til fiskerin\u00e6ringen og matvareindustrien","publisher":{"@id":"https:\/\/www.normartrading.no\/#organization"},"potentialAction":[{"@type":"SearchAction","target":{"@type":"EntryPoint","urlTemplate":"https:\/\/www.normartrading.no\/?s={search_term_string}"},"query-input":{"@type":"PropertyValueSpecification","valueRequired":true,"valueName":"search_term_string"}}],"inLanguage":"es"},{"@type":"Organization","@id":"https:\/\/www.normartrading.no\/#organization","name":"NorMar Trading","url":"https:\/\/www.normartrading.no\/","logo":{"@type":"ImageObject","inLanguage":"es","@id":"https:\/\/www.normartrading.no\/#\/schema\/logo\/image\/","url":"https:\/\/normartrading.webcoder-dev.com\/wp-content\/uploads\/2022\/12\/NorMar-Logo-RGB.jpg","contentUrl":"https:\/\/normartrading.webcoder-dev.com\/wp-content\/uploads\/2022\/12\/NorMar-Logo-RGB.jpg","width":500,"height":329,"caption":"NorMar Trading"},"image":{"@id":"https:\/\/www.normartrading.no\/#\/schema\/logo\/image\/"},"sameAs":["https:\/\/www.facebook.com\/nordicmarine","https:\/\/www.linkedin.com\/company\/normar-trading-as","https:\/\/www.instagram.com\/normartrading\/","https:\/\/www.youtube.com\/channel\/UCjwKO7n-WPQEtEyQmnbSdQg"]}]}},"_links":{"self":[{"href":"https:\/\/normartrading.webcoder-dev.com\/es\/wp-json\/wp\/v2\/product\/24061","targetHints":{"allow":["GET"]}}],"collection":[{"href":"https:\/\/normartrading.webcoder-dev.com\/es\/wp-json\/wp\/v2\/product"}],"about":[{"href":"https:\/\/normartrading.webcoder-dev.com\/es\/wp-json\/wp\/v2\/types\/product"}],"wp:featuredmedia":[{"embeddable":true,"href":"https:\/\/normartrading.webcoder-dev.com\/es\/wp-json\/wp\/v2\/media\/24047"}],"wp:attachment":[{"href":"https:\/\/normartrading.webcoder-dev.com\/es\/wp-json\/wp\/v2\/media?parent=24061"}],"wp:term":[{"taxonomy":"product_brand","embeddable":true,"href":"https:\/\/normartrading.webcoder-dev.com\/es\/wp-json\/wp\/v2\/product_brand?post=24061"},{"taxonomy":"product_cat","embeddable":true,"href":"https:\/\/normartrading.webcoder-dev.com\/es\/wp-json\/wp\/v2\/product_cat?post=24061"},{"taxonomy":"product_tag","embeddable":true,"href":"https:\/\/normartrading.webcoder-dev.com\/es\/wp-json\/wp\/v2\/product_tag?post=24061"}],"curies":[{"name":"wp","href":"https:\/\/api.w.org\/{rel}","templated":true}]}}