{"id":23970,"date":"2024-01-18T10:23:32","date_gmt":"2024-01-18T10:23:32","guid":{"rendered":"https:\/\/normartrading.webcoder-dev.com\/products\/gunter-condensing-unit\/"},"modified":"2024-07-09T10:27:47","modified_gmt":"2024-07-09T10:27:47","slug":"enfriador-de-aire-guntner","status":"publish","type":"product","link":"https:\/\/normartrading.webcoder-dev.com\/es\/products\/enfriador-de-aire-guntner\/","title":{"rendered":"Enfriador de Aire GUNTNER GHF Techo\/Pared"},"content":{"rendered":"<h6>Enfriador de Aire GUNTNER GHF Techo\/Pared.<\/h6>\n<p>N\u00famero de serie de la unidad: 404244809\/27 02832<br \/>\nModelo: 045.2J\/17-ENW50 E (x2)<br \/>\nA\u00f1o de producci\u00f3n: 2015<\/p>\n<h6>Detalles del Producto Enfriador de Aire GUNTNER GHF:<\/h6>\n<li>Temperatura m\u00ednima\/m\u00e1xima permisible (TS): -50\u00b0C\/+100\u00b0C \/ -5\u00b0C\/+40\u00b0C<\/li>\n<li>Temperatura del aire ambiente: -30\u00b0C \/ +50\u00b0C<\/li>\n<li>Capacidad para condici\u00f3n -8\u00b0C \/ 0\u00b0C (SC2): 12,2 kW<\/li>\n<li>Capacidad para condici\u00f3n -25\u00b0C \/ -18\u00b0C (SC3): 10 kW<\/li>\n<li>Presi\u00f3n m\u00e1xima permisible (PS): 32\/0 bar \/ 0\/-1 bar<\/li>\n<li>Presi\u00f3n de prueba: 35,2 bar &#8211; aire comprimido<\/li>\n<li>Grupo de fluido\/estado: gaseoso<\/li>\n<li>Superficie: 50,4 m\u00b2<\/li>\n<li>Di\u00e1metro de los ventiladores: 1\/500 mm<\/li>\n<li>Espaciado de aletas: 7 mm<\/li>\n<li>Flujo de aire: 6440 m\u00b3\/h<\/li>\n<li>Volumen: 14,8 l<\/li>\n<li>Distancia de lanzamiento: 37 m<\/li>\n<li>Dimensiones LWH: 1470 x 665 x 745 mm<\/li>\n<li>Peso: 83,5 kg<\/li>\n","protected":false},"excerpt":{"rendered":"<p>Enfriador de Aire GUNTNER GHF Techo\/Pared. N\u00famero de serie de la unidad: 404244809\/27 02832 Modelo: 045.2J\/17-ENW50 E (x2) A\u00f1o de producci\u00f3n: 2015 Detalles del Producto Enfriador de Aire GUNTNER GHF: Temperatura m\u00ednima\/m\u00e1xima permisible (TS): -50\u00b0C\/+100\u00b0C \/ -5\u00b0C\/+40\u00b0C Temperatura del aire ambiente: -30\u00b0C \/ +50\u00b0C Capacidad para condici\u00f3n -8\u00b0C \/ 0\u00b0C (SC2): 12,2 kW Capacidad para [&hellip;]<\/p>\n","protected":false},"featured_media":23956,"template":"","meta":{"_acf_changed":false,"inline_featured_image":false},"product_brand":[],"product_cat":[679,702],"product_tag":[],"class_list":{"0":"post-23970","1":"product","2":"type-product","3":"status-publish","4":"has-post-thumbnail","6":"product_cat-equipos-de-congelacion","7":"product_cat-sistemas-y-componentes-de-congelacion-es","9":"first","10":"instock","11":"shipping-taxable","12":"product-type-simple"},"acf":[],"yoast_head":"<!-- This site is optimized with the Yoast SEO Premium plugin v25.2 (Yoast SEO v26.3) - https:\/\/yoast.com\/wordpress\/plugins\/seo\/ -->\n<title>Enfriador de Aire GUNTNER GHF Techo\/Pared - NorMarTrading<\/title>\n<meta name=\"description\" content=\"Enfriador de Aire GUNTNER GHF Techo\/Pared en venta. Modelo GHF 050.2J\/17E, capacidad 12,5 kW\/-8\u00b0C, a\u00f1o de producci\u00f3n 2015. Reacondicionado.\" \/>\n<meta name=\"robots\" content=\"index, follow, max-snippet:-1, max-image-preview:large, max-video-preview:-1\" \/>\n<link rel=\"canonical\" href=\"https:\/\/normartrading.webcoder-dev.com\/es\/products\/enfriador-de-aire-guntner\/\" \/>\n<meta property=\"og:locale\" content=\"es_ES\" \/>\n<meta property=\"og:type\" content=\"article\" \/>\n<meta property=\"og:title\" content=\"Enfriador de Aire GUNTNER GHF Techo\/Pared\" \/>\n<meta property=\"og:description\" content=\"Enfriador de Aire GUNTNER GHF Techo\/Pared en venta. Modelo GHF 050.2J\/17E, capacidad 12,5 kW\/-8\u00b0C, a\u00f1o de producci\u00f3n 2015. Reacondicionado.\" \/>\n<meta property=\"og:url\" content=\"https:\/\/normartrading.webcoder-dev.com\/es\/products\/enfriador-de-aire-guntner\/\" \/>\n<meta property=\"og:site_name\" content=\"NorMarTrading\" \/>\n<meta property=\"article:publisher\" content=\"https:\/\/www.facebook.com\/nordicmarine\" \/>\n<meta property=\"article:modified_time\" content=\"2024-07-09T10:27:47+00:00\" \/>\n<meta property=\"og:image\" content=\"https:\/\/www.normartrading.no\/wp-content\/uploads\/2024\/01\/GUNTER-GHF-045-2J-17-ENW50-E-x2-2-min-scaled.jpg\" \/>\n\t<meta property=\"og:image:width\" content=\"1922\" \/>\n\t<meta property=\"og:image:height\" content=\"2560\" \/>\n\t<meta property=\"og:image:type\" content=\"image\/jpeg\" \/>\n<meta name=\"twitter:card\" content=\"summary_large_image\" \/>\n<meta name=\"twitter:label1\" content=\"Tiempo de lectura\" \/>\n\t<meta name=\"twitter:data1\" content=\"1 minuto\" \/>\n<script type=\"application\/ld+json\" class=\"yoast-schema-graph\">{\"@context\":\"https:\/\/schema.org\",\"@graph\":[{\"@type\":[\"WebPage\",\"ItemPage\"],\"@id\":\"https:\/\/normartrading.webcoder-dev.com\/es\/products\/enfriador-de-aire-guntner\/\",\"url\":\"https:\/\/normartrading.webcoder-dev.com\/es\/products\/enfriador-de-aire-guntner\/\",\"name\":\"Enfriador de Aire GUNTNER GHF Techo\/Pared - NorMarTrading\",\"isPartOf\":{\"@id\":\"https:\/\/www.normartrading.no\/#website\"},\"primaryImageOfPage\":{\"@id\":\"https:\/\/normartrading.webcoder-dev.com\/es\/products\/enfriador-de-aire-guntner\/#primaryimage\"},\"image\":{\"@id\":\"https:\/\/normartrading.webcoder-dev.com\/es\/products\/enfriador-de-aire-guntner\/#primaryimage\"},\"thumbnailUrl\":\"https:\/\/normartrading.webcoder-dev.com\/wp-content\/uploads\/2024\/01\/GUNTER-GHF-045-2J-17-ENW50-E-x2-2-min-scaled.jpg\",\"datePublished\":\"2024-01-18T10:23:32+00:00\",\"dateModified\":\"2024-07-09T10:27:47+00:00\",\"description\":\"Enfriador de Aire GUNTNER GHF Techo\/Pared en venta. Modelo GHF 050.2J\/17E, capacidad 12,5 kW\/-8\u00b0C, a\u00f1o de producci\u00f3n 2015. Reacondicionado.\",\"breadcrumb\":{\"@id\":\"https:\/\/normartrading.webcoder-dev.com\/es\/products\/enfriador-de-aire-guntner\/#breadcrumb\"},\"inLanguage\":\"es\",\"potentialAction\":[{\"@type\":\"ReadAction\",\"target\":[\"https:\/\/normartrading.webcoder-dev.com\/es\/products\/enfriador-de-aire-guntner\/\"]}]},{\"@type\":\"ImageObject\",\"inLanguage\":\"es\",\"@id\":\"https:\/\/normartrading.webcoder-dev.com\/es\/products\/enfriador-de-aire-guntner\/#primaryimage\",\"url\":\"https:\/\/normartrading.webcoder-dev.com\/wp-content\/uploads\/2024\/01\/GUNTER-GHF-045-2J-17-ENW50-E-x2-2-min-scaled.jpg\",\"contentUrl\":\"https:\/\/normartrading.webcoder-dev.com\/wp-content\/uploads\/2024\/01\/GUNTER-GHF-045-2J-17-ENW50-E-x2-2-min-scaled.jpg\",\"width\":1922,\"height\":2560,\"caption\":\"Enfriador de Aire GUNTNER\"},{\"@type\":\"BreadcrumbList\",\"@id\":\"https:\/\/normartrading.webcoder-dev.com\/es\/products\/enfriador-de-aire-guntner\/#breadcrumb\",\"itemListElement\":[{\"@type\":\"ListItem\",\"position\":1,\"name\":\"Hjem\",\"item\":\"https:\/\/www.normartrading.no\/\"},{\"@type\":\"ListItem\",\"position\":2,\"name\":\"Productos\",\"item\":\"https:\/\/normartrading.webcoder-dev.com\/es\/productos\/\"},{\"@type\":\"ListItem\",\"position\":3,\"name\":\"Equipos de Congelaci\u00f3n\",\"item\":\"https:\/\/normartrading.webcoder-dev.com\/es\/equipos-de-congelacion\/\"},{\"@type\":\"ListItem\",\"position\":4,\"name\":\"Enfriador de Aire GUNTNER GHF Techo\/Pared\"}]},{\"@type\":\"WebSite\",\"@id\":\"https:\/\/www.normartrading.no\/#website\",\"url\":\"https:\/\/www.normartrading.no\/\",\"name\":\"NorMar Trading\",\"description\":\"Produksjonsutstyr til fiskerin\u00e6ringen og matvareindustrien\",\"publisher\":{\"@id\":\"https:\/\/www.normartrading.no\/#organization\"},\"potentialAction\":[{\"@type\":\"SearchAction\",\"target\":{\"@type\":\"EntryPoint\",\"urlTemplate\":\"https:\/\/www.normartrading.no\/?s={search_term_string}\"},\"query-input\":{\"@type\":\"PropertyValueSpecification\",\"valueRequired\":true,\"valueName\":\"search_term_string\"}}],\"inLanguage\":\"es\"},{\"@type\":\"Organization\",\"@id\":\"https:\/\/www.normartrading.no\/#organization\",\"name\":\"NorMar Trading\",\"url\":\"https:\/\/www.normartrading.no\/\",\"logo\":{\"@type\":\"ImageObject\",\"inLanguage\":\"es\",\"@id\":\"https:\/\/www.normartrading.no\/#\/schema\/logo\/image\/\",\"url\":\"https:\/\/normartrading.webcoder-dev.com\/wp-content\/uploads\/2022\/12\/NorMar-Logo-RGB.jpg\",\"contentUrl\":\"https:\/\/normartrading.webcoder-dev.com\/wp-content\/uploads\/2022\/12\/NorMar-Logo-RGB.jpg\",\"width\":500,\"height\":329,\"caption\":\"NorMar Trading\"},\"image\":{\"@id\":\"https:\/\/www.normartrading.no\/#\/schema\/logo\/image\/\"},\"sameAs\":[\"https:\/\/www.facebook.com\/nordicmarine\",\"https:\/\/www.linkedin.com\/company\/normar-trading-as\",\"https:\/\/www.instagram.com\/normartrading\/\",\"https:\/\/www.youtube.com\/channel\/UCjwKO7n-WPQEtEyQmnbSdQg\"]}]}<\/script>\n<!-- \/ Yoast SEO Premium plugin. -->","yoast_head_json":{"title":"Enfriador de Aire GUNTNER GHF Techo\/Pared - NorMarTrading","description":"Enfriador de Aire GUNTNER GHF Techo\/Pared en venta. Modelo GHF 050.2J\/17E, capacidad 12,5 kW\/-8\u00b0C, a\u00f1o de producci\u00f3n 2015. Reacondicionado.","robots":{"index":"index","follow":"follow","max-snippet":"max-snippet:-1","max-image-preview":"max-image-preview:large","max-video-preview":"max-video-preview:-1"},"canonical":"https:\/\/normartrading.webcoder-dev.com\/es\/products\/enfriador-de-aire-guntner\/","og_locale":"es_ES","og_type":"article","og_title":"Enfriador de Aire GUNTNER GHF Techo\/Pared","og_description":"Enfriador de Aire GUNTNER GHF Techo\/Pared en venta. Modelo GHF 050.2J\/17E, capacidad 12,5 kW\/-8\u00b0C, a\u00f1o de producci\u00f3n 2015. Reacondicionado.","og_url":"https:\/\/normartrading.webcoder-dev.com\/es\/products\/enfriador-de-aire-guntner\/","og_site_name":"NorMarTrading","article_publisher":"https:\/\/www.facebook.com\/nordicmarine","article_modified_time":"2024-07-09T10:27:47+00:00","og_image":[{"width":1922,"height":2560,"url":"https:\/\/www.normartrading.no\/wp-content\/uploads\/2024\/01\/GUNTER-GHF-045-2J-17-ENW50-E-x2-2-min-scaled.jpg","type":"image\/jpeg"}],"twitter_card":"summary_large_image","twitter_misc":{"Tiempo de lectura":"1 minuto"},"schema":{"@context":"https:\/\/schema.org","@graph":[{"@type":["WebPage","ItemPage"],"@id":"https:\/\/normartrading.webcoder-dev.com\/es\/products\/enfriador-de-aire-guntner\/","url":"https:\/\/normartrading.webcoder-dev.com\/es\/products\/enfriador-de-aire-guntner\/","name":"Enfriador de Aire GUNTNER GHF Techo\/Pared - NorMarTrading","isPartOf":{"@id":"https:\/\/www.normartrading.no\/#website"},"primaryImageOfPage":{"@id":"https:\/\/normartrading.webcoder-dev.com\/es\/products\/enfriador-de-aire-guntner\/#primaryimage"},"image":{"@id":"https:\/\/normartrading.webcoder-dev.com\/es\/products\/enfriador-de-aire-guntner\/#primaryimage"},"thumbnailUrl":"https:\/\/normartrading.webcoder-dev.com\/wp-content\/uploads\/2024\/01\/GUNTER-GHF-045-2J-17-ENW50-E-x2-2-min-scaled.jpg","datePublished":"2024-01-18T10:23:32+00:00","dateModified":"2024-07-09T10:27:47+00:00","description":"Enfriador de Aire GUNTNER GHF Techo\/Pared en venta. Modelo GHF 050.2J\/17E, capacidad 12,5 kW\/-8\u00b0C, a\u00f1o de producci\u00f3n 2015. Reacondicionado.","breadcrumb":{"@id":"https:\/\/normartrading.webcoder-dev.com\/es\/products\/enfriador-de-aire-guntner\/#breadcrumb"},"inLanguage":"es","potentialAction":[{"@type":"ReadAction","target":["https:\/\/normartrading.webcoder-dev.com\/es\/products\/enfriador-de-aire-guntner\/"]}]},{"@type":"ImageObject","inLanguage":"es","@id":"https:\/\/normartrading.webcoder-dev.com\/es\/products\/enfriador-de-aire-guntner\/#primaryimage","url":"https:\/\/normartrading.webcoder-dev.com\/wp-content\/uploads\/2024\/01\/GUNTER-GHF-045-2J-17-ENW50-E-x2-2-min-scaled.jpg","contentUrl":"https:\/\/normartrading.webcoder-dev.com\/wp-content\/uploads\/2024\/01\/GUNTER-GHF-045-2J-17-ENW50-E-x2-2-min-scaled.jpg","width":1922,"height":2560,"caption":"Enfriador de Aire GUNTNER"},{"@type":"BreadcrumbList","@id":"https:\/\/normartrading.webcoder-dev.com\/es\/products\/enfriador-de-aire-guntner\/#breadcrumb","itemListElement":[{"@type":"ListItem","position":1,"name":"Hjem","item":"https:\/\/www.normartrading.no\/"},{"@type":"ListItem","position":2,"name":"Productos","item":"https:\/\/normartrading.webcoder-dev.com\/es\/productos\/"},{"@type":"ListItem","position":3,"name":"Equipos de Congelaci\u00f3n","item":"https:\/\/normartrading.webcoder-dev.com\/es\/equipos-de-congelacion\/"},{"@type":"ListItem","position":4,"name":"Enfriador de Aire GUNTNER GHF Techo\/Pared"}]},{"@type":"WebSite","@id":"https:\/\/www.normartrading.no\/#website","url":"https:\/\/www.normartrading.no\/","name":"NorMar Trading","description":"Produksjonsutstyr til fiskerin\u00e6ringen og matvareindustrien","publisher":{"@id":"https:\/\/www.normartrading.no\/#organization"},"potentialAction":[{"@type":"SearchAction","target":{"@type":"EntryPoint","urlTemplate":"https:\/\/www.normartrading.no\/?s={search_term_string}"},"query-input":{"@type":"PropertyValueSpecification","valueRequired":true,"valueName":"search_term_string"}}],"inLanguage":"es"},{"@type":"Organization","@id":"https:\/\/www.normartrading.no\/#organization","name":"NorMar Trading","url":"https:\/\/www.normartrading.no\/","logo":{"@type":"ImageObject","inLanguage":"es","@id":"https:\/\/www.normartrading.no\/#\/schema\/logo\/image\/","url":"https:\/\/normartrading.webcoder-dev.com\/wp-content\/uploads\/2022\/12\/NorMar-Logo-RGB.jpg","contentUrl":"https:\/\/normartrading.webcoder-dev.com\/wp-content\/uploads\/2022\/12\/NorMar-Logo-RGB.jpg","width":500,"height":329,"caption":"NorMar Trading"},"image":{"@id":"https:\/\/www.normartrading.no\/#\/schema\/logo\/image\/"},"sameAs":["https:\/\/www.facebook.com\/nordicmarine","https:\/\/www.linkedin.com\/company\/normar-trading-as","https:\/\/www.instagram.com\/normartrading\/","https:\/\/www.youtube.com\/channel\/UCjwKO7n-WPQEtEyQmnbSdQg"]}]}},"_links":{"self":[{"href":"https:\/\/normartrading.webcoder-dev.com\/es\/wp-json\/wp\/v2\/product\/23970","targetHints":{"allow":["GET"]}}],"collection":[{"href":"https:\/\/normartrading.webcoder-dev.com\/es\/wp-json\/wp\/v2\/product"}],"about":[{"href":"https:\/\/normartrading.webcoder-dev.com\/es\/wp-json\/wp\/v2\/types\/product"}],"wp:featuredmedia":[{"embeddable":true,"href":"https:\/\/normartrading.webcoder-dev.com\/es\/wp-json\/wp\/v2\/media\/23956"}],"wp:attachment":[{"href":"https:\/\/normartrading.webcoder-dev.com\/es\/wp-json\/wp\/v2\/media?parent=23970"}],"wp:term":[{"taxonomy":"product_brand","embeddable":true,"href":"https:\/\/normartrading.webcoder-dev.com\/es\/wp-json\/wp\/v2\/product_brand?post=23970"},{"taxonomy":"product_cat","embeddable":true,"href":"https:\/\/normartrading.webcoder-dev.com\/es\/wp-json\/wp\/v2\/product_cat?post=23970"},{"taxonomy":"product_tag","embeddable":true,"href":"https:\/\/normartrading.webcoder-dev.com\/es\/wp-json\/wp\/v2\/product_tag?post=23970"}],"curies":[{"name":"wp","href":"https:\/\/api.w.org\/{rel}","templated":true}]}}