{"id":23951,"date":"2024-01-18T10:19:20","date_gmt":"2024-01-18T10:19:20","guid":{"rendered":"https:\/\/normartrading.webcoder-dev.com\/products\/danfoss-condensing-unit\/"},"modified":"2024-07-09T11:48:26","modified_gmt":"2024-07-09T11:48:26","slug":"unidad-de-condensacion-danfoss","status":"publish","type":"product","link":"https:\/\/normartrading.webcoder-dev.com\/es\/products\/unidad-de-condensacion-danfoss\/","title":{"rendered":"Unidad de Condensaci\u00f3n Danfoss Optyma Plus"},"content":{"rendered":"<h6>Unidad de Condensaci\u00f3n Danfoss Optyma Plus.<\/h6>\n<p>Modelo &#8211; OP-MPZC215MTP00E<\/p>\n<p>La unidad de condensaci\u00f3n Danfoss Optyma Plus es una unidad de condensaci\u00f3n Danfoss \u00fanica e integral construida con componentes Danfoss. Es una unidad de condensaci\u00f3n completamente fabricada en f\u00e1brica, lista para una instalaci\u00f3n r\u00e1pida y un funcionamiento silencioso. Puede ubicarse en cualquier lugar. El aislamiento ac\u00fastico y la reducci\u00f3n de la velocidad del ventilador durante los per\u00edodos de baja capacidad hacen que el funcionamiento de Optyma Plus sea tan suave y silencioso que no perturbar\u00e1 la tranquilidad de su entorno local.<\/p>\n<h6>Datos t\u00e9cnicos:<\/h6>\n<li>Corriente de arranque (rotor bloqueado): 105 A<\/li>\n<li>Diagrama de cableado: SP3<\/li>\n<li>Voltaje de suministro: 400\/3\/50 V\/Ph\/Hz<\/li>\n<li>Corriente m\u00e1xima de operaci\u00f3n: 27 A<\/li>\n<li>Protecci\u00f3n: IP54<\/li>\n<li>Conexi\u00f3n de la l\u00ednea de l\u00edquido: 19 mm<\/li>\n<li>Conexi\u00f3n de la l\u00ednea de succi\u00f3n: 35 mm<\/li>\n<li>Volumen del colector: 14,0 l<\/li>\n<li>Nivel de presi\u00f3n sonora: 47 dB(A)<\/li>\n<li>Consumo de energ\u00eda: 260 W<\/li>\n<li>Flujo de aire: 12,2 m\u00b3\/h<\/li>\n<li>N\u00famero de ventiladores: 2 uds<\/li>\n<li>Compresor incorporado: MTZ125-4<\/li>\n<li>Dimensiones LWH: 1420 x 650 x 1794 mm<\/li>\n<li>Peso: 329 \/ 275 kg<\/li>\n<li>Tama\u00f1o del alojamiento: 4<\/li>\n<li>Refrigerante: R134a\/R404A\/R507A\/R407C<\/li>\n<p><a href=\"https:\/\/assets.danfoss.com\/documents\/99800\/AF146086424851en-000401.pdf\" target=\"_blank\" style=\"color: #0000ff;\" rel=\"noopener\">Enlace a la descripci\u00f3n t\u00e9cnica completa<\/a><\/p>\n","protected":false},"excerpt":{"rendered":"<p>Unidad de Condensaci\u00f3n Danfoss Optyma Plus. Modelo &#8211; OP-MPZC215MTP00E La unidad de condensaci\u00f3n Danfoss Optyma Plus es una unidad de condensaci\u00f3n Danfoss \u00fanica e integral construida con componentes Danfoss. Es una unidad de condensaci\u00f3n completamente fabricada en f\u00e1brica, lista para una instalaci\u00f3n r\u00e1pida y un funcionamiento silencioso. Puede ubicarse en cualquier lugar. El aislamiento ac\u00fastico [&hellip;]<\/p>\n","protected":false},"featured_media":23929,"template":"","meta":{"_acf_changed":false,"inline_featured_image":false},"product_brand":[],"product_cat":[679,702],"product_tag":[],"class_list":{"0":"post-23951","1":"product","2":"type-product","3":"status-publish","4":"has-post-thumbnail","6":"product_cat-equipos-de-congelacion","7":"product_cat-sistemas-y-componentes-de-congelacion-es","9":"first","10":"instock","11":"shipping-taxable","12":"product-type-simple"},"acf":[],"yoast_head":"<!-- This site is optimized with the Yoast SEO Premium plugin v25.2 (Yoast SEO v26.3) - https:\/\/yoast.com\/wordpress\/plugins\/seo\/ -->\n<title>Unidad de Condensaci\u00f3n Danfoss Optyma Plus - NorMarTrading<\/title>\n<meta name=\"description\" content=\"La unidad de condensaci\u00f3n exterior Danfoss Optyma Plus es una unidad de condensaci\u00f3n Danfoss \u00fanica e integral construida con componentes Danfoss.\" \/>\n<meta name=\"robots\" content=\"index, follow, max-snippet:-1, max-image-preview:large, max-video-preview:-1\" \/>\n<link rel=\"canonical\" href=\"https:\/\/normartrading.webcoder-dev.com\/es\/products\/unidad-de-condensacion-danfoss\/\" \/>\n<meta property=\"og:locale\" content=\"es_ES\" \/>\n<meta property=\"og:type\" content=\"article\" \/>\n<meta property=\"og:title\" content=\"Unidad de Condensaci\u00f3n Danfoss Optyma Plus\" \/>\n<meta property=\"og:description\" content=\"La unidad de condensaci\u00f3n exterior Danfoss Optyma Plus es una unidad de condensaci\u00f3n Danfoss \u00fanica e integral construida con componentes Danfoss.\" \/>\n<meta property=\"og:url\" content=\"https:\/\/normartrading.webcoder-dev.com\/es\/products\/unidad-de-condensacion-danfoss\/\" \/>\n<meta property=\"og:site_name\" content=\"NorMarTrading\" \/>\n<meta property=\"article:publisher\" content=\"https:\/\/www.facebook.com\/nordicmarine\" \/>\n<meta property=\"article:modified_time\" content=\"2024-07-09T11:48:26+00:00\" \/>\n<meta property=\"og:image\" content=\"https:\/\/www.normartrading.no\/wp-content\/uploads\/2024\/01\/DANFOS-OP-MPZC215MTP00E-5-min-scaled.jpg\" \/>\n\t<meta property=\"og:image:width\" content=\"1152\" \/>\n\t<meta property=\"og:image:height\" content=\"2560\" \/>\n\t<meta property=\"og:image:type\" content=\"image\/jpeg\" \/>\n<meta name=\"twitter:card\" content=\"summary_large_image\" \/>\n<meta name=\"twitter:label1\" content=\"Tiempo de lectura\" \/>\n\t<meta name=\"twitter:data1\" content=\"2 minutos\" \/>\n<script type=\"application\/ld+json\" class=\"yoast-schema-graph\">{\"@context\":\"https:\/\/schema.org\",\"@graph\":[{\"@type\":[\"WebPage\",\"ItemPage\"],\"@id\":\"https:\/\/normartrading.webcoder-dev.com\/es\/products\/unidad-de-condensacion-danfoss\/\",\"url\":\"https:\/\/normartrading.webcoder-dev.com\/es\/products\/unidad-de-condensacion-danfoss\/\",\"name\":\"Unidad de Condensaci\u00f3n Danfoss Optyma Plus - NorMarTrading\",\"isPartOf\":{\"@id\":\"https:\/\/www.normartrading.no\/#website\"},\"primaryImageOfPage\":{\"@id\":\"https:\/\/normartrading.webcoder-dev.com\/es\/products\/unidad-de-condensacion-danfoss\/#primaryimage\"},\"image\":{\"@id\":\"https:\/\/normartrading.webcoder-dev.com\/es\/products\/unidad-de-condensacion-danfoss\/#primaryimage\"},\"thumbnailUrl\":\"https:\/\/normartrading.webcoder-dev.com\/wp-content\/uploads\/2024\/01\/DANFOS-OP-MPZC215MTP00E-5-min-scaled.jpg\",\"datePublished\":\"2024-01-18T10:19:20+00:00\",\"dateModified\":\"2024-07-09T11:48:26+00:00\",\"description\":\"La unidad de condensaci\u00f3n exterior Danfoss Optyma Plus es una unidad de condensaci\u00f3n Danfoss \u00fanica e integral construida con componentes Danfoss.\",\"breadcrumb\":{\"@id\":\"https:\/\/normartrading.webcoder-dev.com\/es\/products\/unidad-de-condensacion-danfoss\/#breadcrumb\"},\"inLanguage\":\"es\",\"potentialAction\":[{\"@type\":\"ReadAction\",\"target\":[\"https:\/\/normartrading.webcoder-dev.com\/es\/products\/unidad-de-condensacion-danfoss\/\"]}]},{\"@type\":\"ImageObject\",\"inLanguage\":\"es\",\"@id\":\"https:\/\/normartrading.webcoder-dev.com\/es\/products\/unidad-de-condensacion-danfoss\/#primaryimage\",\"url\":\"https:\/\/normartrading.webcoder-dev.com\/wp-content\/uploads\/2024\/01\/DANFOS-OP-MPZC215MTP00E-5-min-scaled.jpg\",\"contentUrl\":\"https:\/\/normartrading.webcoder-dev.com\/wp-content\/uploads\/2024\/01\/DANFOS-OP-MPZC215MTP00E-5-min-scaled.jpg\",\"width\":1152,\"height\":2560,\"caption\":\"Unidad de Condensaci\u00f3n Danfoss Optyma Plus\"},{\"@type\":\"BreadcrumbList\",\"@id\":\"https:\/\/normartrading.webcoder-dev.com\/es\/products\/unidad-de-condensacion-danfoss\/#breadcrumb\",\"itemListElement\":[{\"@type\":\"ListItem\",\"position\":1,\"name\":\"Hjem\",\"item\":\"https:\/\/www.normartrading.no\/\"},{\"@type\":\"ListItem\",\"position\":2,\"name\":\"Productos\",\"item\":\"https:\/\/normartrading.webcoder-dev.com\/es\/productos\/\"},{\"@type\":\"ListItem\",\"position\":3,\"name\":\"Equipos de Congelaci\u00f3n\",\"item\":\"https:\/\/normartrading.webcoder-dev.com\/es\/equipos-de-congelacion\/\"},{\"@type\":\"ListItem\",\"position\":4,\"name\":\"Unidad de Condensaci\u00f3n Danfoss Optyma Plus\"}]},{\"@type\":\"WebSite\",\"@id\":\"https:\/\/www.normartrading.no\/#website\",\"url\":\"https:\/\/www.normartrading.no\/\",\"name\":\"NorMar Trading\",\"description\":\"Produksjonsutstyr til fiskerin\u00e6ringen og matvareindustrien\",\"publisher\":{\"@id\":\"https:\/\/www.normartrading.no\/#organization\"},\"potentialAction\":[{\"@type\":\"SearchAction\",\"target\":{\"@type\":\"EntryPoint\",\"urlTemplate\":\"https:\/\/www.normartrading.no\/?s={search_term_string}\"},\"query-input\":{\"@type\":\"PropertyValueSpecification\",\"valueRequired\":true,\"valueName\":\"search_term_string\"}}],\"inLanguage\":\"es\"},{\"@type\":\"Organization\",\"@id\":\"https:\/\/www.normartrading.no\/#organization\",\"name\":\"NorMar Trading\",\"url\":\"https:\/\/www.normartrading.no\/\",\"logo\":{\"@type\":\"ImageObject\",\"inLanguage\":\"es\",\"@id\":\"https:\/\/www.normartrading.no\/#\/schema\/logo\/image\/\",\"url\":\"https:\/\/normartrading.webcoder-dev.com\/wp-content\/uploads\/2022\/12\/NorMar-Logo-RGB.jpg\",\"contentUrl\":\"https:\/\/normartrading.webcoder-dev.com\/wp-content\/uploads\/2022\/12\/NorMar-Logo-RGB.jpg\",\"width\":500,\"height\":329,\"caption\":\"NorMar Trading\"},\"image\":{\"@id\":\"https:\/\/www.normartrading.no\/#\/schema\/logo\/image\/\"},\"sameAs\":[\"https:\/\/www.facebook.com\/nordicmarine\",\"https:\/\/www.linkedin.com\/company\/normar-trading-as\",\"https:\/\/www.instagram.com\/normartrading\/\",\"https:\/\/www.youtube.com\/channel\/UCjwKO7n-WPQEtEyQmnbSdQg\"]}]}<\/script>\n<!-- \/ Yoast SEO Premium plugin. -->","yoast_head_json":{"title":"Unidad de Condensaci\u00f3n Danfoss Optyma Plus - NorMarTrading","description":"La unidad de condensaci\u00f3n exterior Danfoss Optyma Plus es una unidad de condensaci\u00f3n Danfoss \u00fanica e integral construida con componentes Danfoss.","robots":{"index":"index","follow":"follow","max-snippet":"max-snippet:-1","max-image-preview":"max-image-preview:large","max-video-preview":"max-video-preview:-1"},"canonical":"https:\/\/normartrading.webcoder-dev.com\/es\/products\/unidad-de-condensacion-danfoss\/","og_locale":"es_ES","og_type":"article","og_title":"Unidad de Condensaci\u00f3n Danfoss Optyma Plus","og_description":"La unidad de condensaci\u00f3n exterior Danfoss Optyma Plus es una unidad de condensaci\u00f3n Danfoss \u00fanica e integral construida con componentes Danfoss.","og_url":"https:\/\/normartrading.webcoder-dev.com\/es\/products\/unidad-de-condensacion-danfoss\/","og_site_name":"NorMarTrading","article_publisher":"https:\/\/www.facebook.com\/nordicmarine","article_modified_time":"2024-07-09T11:48:26+00:00","og_image":[{"width":1152,"height":2560,"url":"https:\/\/www.normartrading.no\/wp-content\/uploads\/2024\/01\/DANFOS-OP-MPZC215MTP00E-5-min-scaled.jpg","type":"image\/jpeg"}],"twitter_card":"summary_large_image","twitter_misc":{"Tiempo de lectura":"2 minutos"},"schema":{"@context":"https:\/\/schema.org","@graph":[{"@type":["WebPage","ItemPage"],"@id":"https:\/\/normartrading.webcoder-dev.com\/es\/products\/unidad-de-condensacion-danfoss\/","url":"https:\/\/normartrading.webcoder-dev.com\/es\/products\/unidad-de-condensacion-danfoss\/","name":"Unidad de Condensaci\u00f3n Danfoss Optyma Plus - NorMarTrading","isPartOf":{"@id":"https:\/\/www.normartrading.no\/#website"},"primaryImageOfPage":{"@id":"https:\/\/normartrading.webcoder-dev.com\/es\/products\/unidad-de-condensacion-danfoss\/#primaryimage"},"image":{"@id":"https:\/\/normartrading.webcoder-dev.com\/es\/products\/unidad-de-condensacion-danfoss\/#primaryimage"},"thumbnailUrl":"https:\/\/normartrading.webcoder-dev.com\/wp-content\/uploads\/2024\/01\/DANFOS-OP-MPZC215MTP00E-5-min-scaled.jpg","datePublished":"2024-01-18T10:19:20+00:00","dateModified":"2024-07-09T11:48:26+00:00","description":"La unidad de condensaci\u00f3n exterior Danfoss Optyma Plus es una unidad de condensaci\u00f3n Danfoss \u00fanica e integral construida con componentes Danfoss.","breadcrumb":{"@id":"https:\/\/normartrading.webcoder-dev.com\/es\/products\/unidad-de-condensacion-danfoss\/#breadcrumb"},"inLanguage":"es","potentialAction":[{"@type":"ReadAction","target":["https:\/\/normartrading.webcoder-dev.com\/es\/products\/unidad-de-condensacion-danfoss\/"]}]},{"@type":"ImageObject","inLanguage":"es","@id":"https:\/\/normartrading.webcoder-dev.com\/es\/products\/unidad-de-condensacion-danfoss\/#primaryimage","url":"https:\/\/normartrading.webcoder-dev.com\/wp-content\/uploads\/2024\/01\/DANFOS-OP-MPZC215MTP00E-5-min-scaled.jpg","contentUrl":"https:\/\/normartrading.webcoder-dev.com\/wp-content\/uploads\/2024\/01\/DANFOS-OP-MPZC215MTP00E-5-min-scaled.jpg","width":1152,"height":2560,"caption":"Unidad de Condensaci\u00f3n Danfoss Optyma Plus"},{"@type":"BreadcrumbList","@id":"https:\/\/normartrading.webcoder-dev.com\/es\/products\/unidad-de-condensacion-danfoss\/#breadcrumb","itemListElement":[{"@type":"ListItem","position":1,"name":"Hjem","item":"https:\/\/www.normartrading.no\/"},{"@type":"ListItem","position":2,"name":"Productos","item":"https:\/\/normartrading.webcoder-dev.com\/es\/productos\/"},{"@type":"ListItem","position":3,"name":"Equipos de Congelaci\u00f3n","item":"https:\/\/normartrading.webcoder-dev.com\/es\/equipos-de-congelacion\/"},{"@type":"ListItem","position":4,"name":"Unidad de Condensaci\u00f3n Danfoss Optyma Plus"}]},{"@type":"WebSite","@id":"https:\/\/www.normartrading.no\/#website","url":"https:\/\/www.normartrading.no\/","name":"NorMar Trading","description":"Produksjonsutstyr til fiskerin\u00e6ringen og matvareindustrien","publisher":{"@id":"https:\/\/www.normartrading.no\/#organization"},"potentialAction":[{"@type":"SearchAction","target":{"@type":"EntryPoint","urlTemplate":"https:\/\/www.normartrading.no\/?s={search_term_string}"},"query-input":{"@type":"PropertyValueSpecification","valueRequired":true,"valueName":"search_term_string"}}],"inLanguage":"es"},{"@type":"Organization","@id":"https:\/\/www.normartrading.no\/#organization","name":"NorMar Trading","url":"https:\/\/www.normartrading.no\/","logo":{"@type":"ImageObject","inLanguage":"es","@id":"https:\/\/www.normartrading.no\/#\/schema\/logo\/image\/","url":"https:\/\/normartrading.webcoder-dev.com\/wp-content\/uploads\/2022\/12\/NorMar-Logo-RGB.jpg","contentUrl":"https:\/\/normartrading.webcoder-dev.com\/wp-content\/uploads\/2022\/12\/NorMar-Logo-RGB.jpg","width":500,"height":329,"caption":"NorMar Trading"},"image":{"@id":"https:\/\/www.normartrading.no\/#\/schema\/logo\/image\/"},"sameAs":["https:\/\/www.facebook.com\/nordicmarine","https:\/\/www.linkedin.com\/company\/normar-trading-as","https:\/\/www.instagram.com\/normartrading\/","https:\/\/www.youtube.com\/channel\/UCjwKO7n-WPQEtEyQmnbSdQg"]}]}},"_links":{"self":[{"href":"https:\/\/normartrading.webcoder-dev.com\/es\/wp-json\/wp\/v2\/product\/23951","targetHints":{"allow":["GET"]}}],"collection":[{"href":"https:\/\/normartrading.webcoder-dev.com\/es\/wp-json\/wp\/v2\/product"}],"about":[{"href":"https:\/\/normartrading.webcoder-dev.com\/es\/wp-json\/wp\/v2\/types\/product"}],"wp:featuredmedia":[{"embeddable":true,"href":"https:\/\/normartrading.webcoder-dev.com\/es\/wp-json\/wp\/v2\/media\/23929"}],"wp:attachment":[{"href":"https:\/\/normartrading.webcoder-dev.com\/es\/wp-json\/wp\/v2\/media?parent=23951"}],"wp:term":[{"taxonomy":"product_brand","embeddable":true,"href":"https:\/\/normartrading.webcoder-dev.com\/es\/wp-json\/wp\/v2\/product_brand?post=23951"},{"taxonomy":"product_cat","embeddable":true,"href":"https:\/\/normartrading.webcoder-dev.com\/es\/wp-json\/wp\/v2\/product_cat?post=23951"},{"taxonomy":"product_tag","embeddable":true,"href":"https:\/\/normartrading.webcoder-dev.com\/es\/wp-json\/wp\/v2\/product_tag?post=23951"}],"curies":[{"name":"wp","href":"https:\/\/api.w.org\/{rel}","templated":true}]}}