{"id":23645,"date":"2023-11-09T10:55:47","date_gmt":"2023-11-09T10:55:47","guid":{"rendered":"https:\/\/normartrading.webcoder-dev.com\/products\/sistema-de-esparcimiento-de-sal-de-traust\/"},"modified":"2024-06-12T07:43:26","modified_gmt":"2024-06-12T07:43:26","slug":"sistema-de-esparcimiento-de-sal","status":"publish","type":"product","link":"https:\/\/normartrading.webcoder-dev.com\/es\/products\/sistema-de-esparcimiento-de-sal\/","title":{"rendered":"Sistema de esparcimiento de sal de Traust"},"content":{"rendered":"<h6>Sistema de Esparcimiento  de Sal Traust con 2 estaciones.<\/p>\n<h6>\nLos dispersores de sal autom\u00e1ticos y el equipo de re-salado reducen significativamente la mano de obra y simplifican el proceso.<\/p>\n<p>El Sistema de esparcimiento de sal de Traust es ahora empleado por los mayores productores de pescado salado en todo el mundo. Este m\u00e9todo de producci\u00f3n de pescado salado ofrece un control m\u00e1s f\u00e1cil, t\u00e9cnicas de salado adecuadas y mejor ergonom\u00eda.<\/p>\n<p>Este fiable Sistema incluye un dispersor de sal autom\u00e1tico que distribuye la sal uniformemente sobre el pescado, equipo de alimentaci\u00f3n de sal para los dispersores y equipo de re-salado. El sistema es compatible con todas las tinas de pescado est\u00e1ndar.<\/p>\n<p><strong>Caracter\u00edsticas:<\/strong><br \/>\nMayor capacidad<br \/>\nMayor rendimiento<br \/>\nMenor tiempo de curado<br \/>\nCostos operativos reducidos<br \/>\nTrabajo m\u00e1s f\u00e1cil<br \/>\nMayor calidad del producto<br \/>\nSin necesidad de palear sal<br \/>\nPescado m\u00e1s blanco<br \/>\nMejor uso del espacio disponible<\/p>\n","protected":false},"excerpt":{"rendered":"<p>Sistema de Esparcimiento de Sal Traust con 2 estaciones. Los dispersores de sal autom\u00e1ticos y el equipo de re-salado reducen significativamente la mano de obra y simplifican el proceso. El Sistema de esparcimiento de sal de Traust es ahora empleado por los mayores productores de pescado salado en todo el mundo. Este m\u00e9todo de producci\u00f3n [&hellip;]<\/p>\n","protected":false},"featured_media":23294,"template":"","meta":{"_acf_changed":false,"inline_featured_image":false},"product_brand":[],"product_cat":[723,727],"product_tag":[],"class_list":{"0":"post-23645","1":"product","2":"type-product","3":"status-publish","4":"has-post-thumbnail","6":"product_cat-las-soluciones-de-procesamiento-de-pescado","7":"product_cat-plantas-de-procesamiento-y-componentes","9":"first","10":"instock","11":"shipping-taxable","12":"product-type-simple"},"acf":[],"yoast_head":"<!-- This site is optimized with the Yoast SEO Premium plugin v25.2 (Yoast SEO v26.3) - https:\/\/yoast.com\/wordpress\/plugins\/seo\/ -->\n<title>Sistema de esparcimiento de sal de Traust en venta - Normar<\/title>\n<meta name=\"description\" content=\"Sistema de esparcimiento de sal de Traust y el equipo de re-salado reducen significativamente la mano de obra y simplifican el proceso.\" \/>\n<meta name=\"robots\" content=\"index, follow, max-snippet:-1, max-image-preview:large, max-video-preview:-1\" \/>\n<link rel=\"canonical\" href=\"https:\/\/normartrading.webcoder-dev.com\/es\/products\/sistema-de-esparcimiento-de-sal\/\" \/>\n<meta property=\"og:locale\" content=\"es_ES\" \/>\n<meta property=\"og:type\" content=\"article\" \/>\n<meta property=\"og:title\" content=\"Sistema de esparcimiento de sal de Traust\" \/>\n<meta property=\"og:description\" content=\"Sistema de esparcimiento de sal de Traust y el equipo de re-salado reducen significativamente la mano de obra y simplifican el proceso.\" \/>\n<meta property=\"og:url\" content=\"https:\/\/normartrading.webcoder-dev.com\/es\/products\/sistema-de-esparcimiento-de-sal\/\" \/>\n<meta property=\"og:site_name\" content=\"NorMarTrading\" \/>\n<meta property=\"article:publisher\" content=\"https:\/\/www.facebook.com\/nordicmarine\" \/>\n<meta property=\"article:modified_time\" content=\"2024-06-12T07:43:26+00:00\" \/>\n<meta property=\"og:image\" content=\"https:\/\/www.normartrading.no\/wp-content\/uploads\/2023\/11\/salt-1-scaled.jpg\" \/>\n\t<meta property=\"og:image:width\" content=\"2560\" \/>\n\t<meta property=\"og:image:height\" content=\"1920\" \/>\n\t<meta property=\"og:image:type\" content=\"image\/jpeg\" \/>\n<meta name=\"twitter:card\" content=\"summary_large_image\" \/>\n<meta name=\"twitter:label1\" content=\"Tiempo de lectura\" \/>\n\t<meta name=\"twitter:data1\" content=\"1 minuto\" \/>\n<script type=\"application\/ld+json\" class=\"yoast-schema-graph\">{\"@context\":\"https:\/\/schema.org\",\"@graph\":[{\"@type\":[\"WebPage\",\"ItemPage\"],\"@id\":\"https:\/\/normartrading.webcoder-dev.com\/es\/products\/sistema-de-esparcimiento-de-sal\/\",\"url\":\"https:\/\/normartrading.webcoder-dev.com\/es\/products\/sistema-de-esparcimiento-de-sal\/\",\"name\":\"Sistema de esparcimiento de sal de Traust en venta - Normar\",\"isPartOf\":{\"@id\":\"https:\/\/www.normartrading.no\/#website\"},\"primaryImageOfPage\":{\"@id\":\"https:\/\/normartrading.webcoder-dev.com\/es\/products\/sistema-de-esparcimiento-de-sal\/#primaryimage\"},\"image\":{\"@id\":\"https:\/\/normartrading.webcoder-dev.com\/es\/products\/sistema-de-esparcimiento-de-sal\/#primaryimage\"},\"thumbnailUrl\":\"https:\/\/normartrading.webcoder-dev.com\/wp-content\/uploads\/2023\/11\/salt-1-scaled.jpg\",\"datePublished\":\"2023-11-09T10:55:47+00:00\",\"dateModified\":\"2024-06-12T07:43:26+00:00\",\"description\":\"Sistema de esparcimiento de sal de Traust y el equipo de re-salado reducen significativamente la mano de obra y simplifican el proceso.\",\"breadcrumb\":{\"@id\":\"https:\/\/normartrading.webcoder-dev.com\/es\/products\/sistema-de-esparcimiento-de-sal\/#breadcrumb\"},\"inLanguage\":\"es\",\"potentialAction\":[{\"@type\":\"ReadAction\",\"target\":[\"https:\/\/normartrading.webcoder-dev.com\/es\/products\/sistema-de-esparcimiento-de-sal\/\"]}]},{\"@type\":\"ImageObject\",\"inLanguage\":\"es\",\"@id\":\"https:\/\/normartrading.webcoder-dev.com\/es\/products\/sistema-de-esparcimiento-de-sal\/#primaryimage\",\"url\":\"https:\/\/normartrading.webcoder-dev.com\/wp-content\/uploads\/2023\/11\/salt-1-scaled.jpg\",\"contentUrl\":\"https:\/\/normartrading.webcoder-dev.com\/wp-content\/uploads\/2023\/11\/salt-1-scaled.jpg\",\"width\":2560,\"height\":1920,\"caption\":\"Sistema de esparcimiento de sal\"},{\"@type\":\"BreadcrumbList\",\"@id\":\"https:\/\/normartrading.webcoder-dev.com\/es\/products\/sistema-de-esparcimiento-de-sal\/#breadcrumb\",\"itemListElement\":[{\"@type\":\"ListItem\",\"position\":1,\"name\":\"Hjem\",\"item\":\"https:\/\/www.normartrading.no\/\"},{\"@type\":\"ListItem\",\"position\":2,\"name\":\"Productos\",\"item\":\"https:\/\/normartrading.webcoder-dev.com\/es\/productos\/\"},{\"@type\":\"ListItem\",\"position\":3,\"name\":\"Las Soluciones de Procesamiento de Pescado\",\"item\":\"https:\/\/normartrading.webcoder-dev.com\/es\/las-soluciones-de-procesamiento-de-pescado\/\"},{\"@type\":\"ListItem\",\"position\":4,\"name\":\"Sistema de esparcimiento de sal de Traust\"}]},{\"@type\":\"WebSite\",\"@id\":\"https:\/\/www.normartrading.no\/#website\",\"url\":\"https:\/\/www.normartrading.no\/\",\"name\":\"NorMar Trading\",\"description\":\"Produksjonsutstyr til fiskerin\u00e6ringen og matvareindustrien\",\"publisher\":{\"@id\":\"https:\/\/www.normartrading.no\/#organization\"},\"potentialAction\":[{\"@type\":\"SearchAction\",\"target\":{\"@type\":\"EntryPoint\",\"urlTemplate\":\"https:\/\/www.normartrading.no\/?s={search_term_string}\"},\"query-input\":{\"@type\":\"PropertyValueSpecification\",\"valueRequired\":true,\"valueName\":\"search_term_string\"}}],\"inLanguage\":\"es\"},{\"@type\":\"Organization\",\"@id\":\"https:\/\/www.normartrading.no\/#organization\",\"name\":\"NorMar Trading\",\"url\":\"https:\/\/www.normartrading.no\/\",\"logo\":{\"@type\":\"ImageObject\",\"inLanguage\":\"es\",\"@id\":\"https:\/\/www.normartrading.no\/#\/schema\/logo\/image\/\",\"url\":\"https:\/\/normartrading.webcoder-dev.com\/wp-content\/uploads\/2022\/12\/NorMar-Logo-RGB.jpg\",\"contentUrl\":\"https:\/\/normartrading.webcoder-dev.com\/wp-content\/uploads\/2022\/12\/NorMar-Logo-RGB.jpg\",\"width\":500,\"height\":329,\"caption\":\"NorMar Trading\"},\"image\":{\"@id\":\"https:\/\/www.normartrading.no\/#\/schema\/logo\/image\/\"},\"sameAs\":[\"https:\/\/www.facebook.com\/nordicmarine\",\"https:\/\/www.linkedin.com\/company\/normar-trading-as\",\"https:\/\/www.instagram.com\/normartrading\/\",\"https:\/\/www.youtube.com\/channel\/UCjwKO7n-WPQEtEyQmnbSdQg\"]}]}<\/script>\n<!-- \/ Yoast SEO Premium plugin. -->","yoast_head_json":{"title":"Sistema de esparcimiento de sal de Traust en venta - Normar","description":"Sistema de esparcimiento de sal de Traust y el equipo de re-salado reducen significativamente la mano de obra y simplifican el proceso.","robots":{"index":"index","follow":"follow","max-snippet":"max-snippet:-1","max-image-preview":"max-image-preview:large","max-video-preview":"max-video-preview:-1"},"canonical":"https:\/\/normartrading.webcoder-dev.com\/es\/products\/sistema-de-esparcimiento-de-sal\/","og_locale":"es_ES","og_type":"article","og_title":"Sistema de esparcimiento de sal de Traust","og_description":"Sistema de esparcimiento de sal de Traust y el equipo de re-salado reducen significativamente la mano de obra y simplifican el proceso.","og_url":"https:\/\/normartrading.webcoder-dev.com\/es\/products\/sistema-de-esparcimiento-de-sal\/","og_site_name":"NorMarTrading","article_publisher":"https:\/\/www.facebook.com\/nordicmarine","article_modified_time":"2024-06-12T07:43:26+00:00","og_image":[{"width":2560,"height":1920,"url":"https:\/\/www.normartrading.no\/wp-content\/uploads\/2023\/11\/salt-1-scaled.jpg","type":"image\/jpeg"}],"twitter_card":"summary_large_image","twitter_misc":{"Tiempo de lectura":"1 minuto"},"schema":{"@context":"https:\/\/schema.org","@graph":[{"@type":["WebPage","ItemPage"],"@id":"https:\/\/normartrading.webcoder-dev.com\/es\/products\/sistema-de-esparcimiento-de-sal\/","url":"https:\/\/normartrading.webcoder-dev.com\/es\/products\/sistema-de-esparcimiento-de-sal\/","name":"Sistema de esparcimiento de sal de Traust en venta - Normar","isPartOf":{"@id":"https:\/\/www.normartrading.no\/#website"},"primaryImageOfPage":{"@id":"https:\/\/normartrading.webcoder-dev.com\/es\/products\/sistema-de-esparcimiento-de-sal\/#primaryimage"},"image":{"@id":"https:\/\/normartrading.webcoder-dev.com\/es\/products\/sistema-de-esparcimiento-de-sal\/#primaryimage"},"thumbnailUrl":"https:\/\/normartrading.webcoder-dev.com\/wp-content\/uploads\/2023\/11\/salt-1-scaled.jpg","datePublished":"2023-11-09T10:55:47+00:00","dateModified":"2024-06-12T07:43:26+00:00","description":"Sistema de esparcimiento de sal de Traust y el equipo de re-salado reducen significativamente la mano de obra y simplifican el proceso.","breadcrumb":{"@id":"https:\/\/normartrading.webcoder-dev.com\/es\/products\/sistema-de-esparcimiento-de-sal\/#breadcrumb"},"inLanguage":"es","potentialAction":[{"@type":"ReadAction","target":["https:\/\/normartrading.webcoder-dev.com\/es\/products\/sistema-de-esparcimiento-de-sal\/"]}]},{"@type":"ImageObject","inLanguage":"es","@id":"https:\/\/normartrading.webcoder-dev.com\/es\/products\/sistema-de-esparcimiento-de-sal\/#primaryimage","url":"https:\/\/normartrading.webcoder-dev.com\/wp-content\/uploads\/2023\/11\/salt-1-scaled.jpg","contentUrl":"https:\/\/normartrading.webcoder-dev.com\/wp-content\/uploads\/2023\/11\/salt-1-scaled.jpg","width":2560,"height":1920,"caption":"Sistema de esparcimiento de sal"},{"@type":"BreadcrumbList","@id":"https:\/\/normartrading.webcoder-dev.com\/es\/products\/sistema-de-esparcimiento-de-sal\/#breadcrumb","itemListElement":[{"@type":"ListItem","position":1,"name":"Hjem","item":"https:\/\/www.normartrading.no\/"},{"@type":"ListItem","position":2,"name":"Productos","item":"https:\/\/normartrading.webcoder-dev.com\/es\/productos\/"},{"@type":"ListItem","position":3,"name":"Las Soluciones de Procesamiento de Pescado","item":"https:\/\/normartrading.webcoder-dev.com\/es\/las-soluciones-de-procesamiento-de-pescado\/"},{"@type":"ListItem","position":4,"name":"Sistema de esparcimiento de sal de Traust"}]},{"@type":"WebSite","@id":"https:\/\/www.normartrading.no\/#website","url":"https:\/\/www.normartrading.no\/","name":"NorMar Trading","description":"Produksjonsutstyr til fiskerin\u00e6ringen og matvareindustrien","publisher":{"@id":"https:\/\/www.normartrading.no\/#organization"},"potentialAction":[{"@type":"SearchAction","target":{"@type":"EntryPoint","urlTemplate":"https:\/\/www.normartrading.no\/?s={search_term_string}"},"query-input":{"@type":"PropertyValueSpecification","valueRequired":true,"valueName":"search_term_string"}}],"inLanguage":"es"},{"@type":"Organization","@id":"https:\/\/www.normartrading.no\/#organization","name":"NorMar Trading","url":"https:\/\/www.normartrading.no\/","logo":{"@type":"ImageObject","inLanguage":"es","@id":"https:\/\/www.normartrading.no\/#\/schema\/logo\/image\/","url":"https:\/\/normartrading.webcoder-dev.com\/wp-content\/uploads\/2022\/12\/NorMar-Logo-RGB.jpg","contentUrl":"https:\/\/normartrading.webcoder-dev.com\/wp-content\/uploads\/2022\/12\/NorMar-Logo-RGB.jpg","width":500,"height":329,"caption":"NorMar Trading"},"image":{"@id":"https:\/\/www.normartrading.no\/#\/schema\/logo\/image\/"},"sameAs":["https:\/\/www.facebook.com\/nordicmarine","https:\/\/www.linkedin.com\/company\/normar-trading-as","https:\/\/www.instagram.com\/normartrading\/","https:\/\/www.youtube.com\/channel\/UCjwKO7n-WPQEtEyQmnbSdQg"]}]}},"_links":{"self":[{"href":"https:\/\/normartrading.webcoder-dev.com\/es\/wp-json\/wp\/v2\/product\/23645","targetHints":{"allow":["GET"]}}],"collection":[{"href":"https:\/\/normartrading.webcoder-dev.com\/es\/wp-json\/wp\/v2\/product"}],"about":[{"href":"https:\/\/normartrading.webcoder-dev.com\/es\/wp-json\/wp\/v2\/types\/product"}],"wp:featuredmedia":[{"embeddable":true,"href":"https:\/\/normartrading.webcoder-dev.com\/es\/wp-json\/wp\/v2\/media\/23294"}],"wp:attachment":[{"href":"https:\/\/normartrading.webcoder-dev.com\/es\/wp-json\/wp\/v2\/media?parent=23645"}],"wp:term":[{"taxonomy":"product_brand","embeddable":true,"href":"https:\/\/normartrading.webcoder-dev.com\/es\/wp-json\/wp\/v2\/product_brand?post=23645"},{"taxonomy":"product_cat","embeddable":true,"href":"https:\/\/normartrading.webcoder-dev.com\/es\/wp-json\/wp\/v2\/product_cat?post=23645"},{"taxonomy":"product_tag","embeddable":true,"href":"https:\/\/normartrading.webcoder-dev.com\/es\/wp-json\/wp\/v2\/product_tag?post=23645"}],"curies":[{"name":"wp","href":"https:\/\/api.w.org\/{rel}","templated":true}]}}