{"id":23518,"date":"2023-05-20T18:10:23","date_gmt":"2023-05-20T18:10:23","guid":{"rendered":"https:\/\/normartrading.webcoder-dev.com\/products\/baader-200-es\/"},"modified":"2024-06-20T07:48:17","modified_gmt":"2024-06-20T07:48:17","slug":"maquina-de-fileteado-baader-200","status":"publish","type":"product","link":"https:\/\/normartrading.webcoder-dev.com\/es\/products\/maquina-de-fileteado-baader-200\/","title":{"rendered":"M\u00e1quina de Fileteado de Pescado Baader 200"},"content":{"rendered":"<p>M\u00e1quina de Fileteado de Pescado Baader 200 es una m\u00e1quina reacondicionada dise\u00f1ada espec\u00edficamente<\/p>\n<p>para producir filetes de salm\u00f3n, trucha y especies de peces similares.<\/p>\n<p>Procesa eficientemente peces eviscerados y decapitados, con la opci\u00f3n de incluir o excluir la clav\u00edcula.<\/p>\n<p>&nbsp;<\/p>\n<p>La m\u00e1quina asegura que el pescado se alimente a trav\u00e9s de las herramientas de manera<\/p>\n<p>que se minimice el estr\u00e9s, garantizando una superficie lisa en los filetes.<\/p>\n<p>En el caso del salm\u00f3n, la m\u00e1quina puede producir filetes con o sin la clav\u00edcula,<\/p>\n<p>y con ajustes adecuados, tambi\u00e9n puede procesar lados de salm\u00f3n manteniendo los huesos de las costillas.<\/p>\n<p>&nbsp;<\/p>\n<p>Especificaciones clave de M\u00e1quina de Fileteado de Pescado Baader 200:<\/p>\n<ul>\n<li>Capacidad: 15-35 peces por minuto<\/li>\n<li>Rango de trabajo: Peces con un peso de 1.5 a 5.5 kg (eviscerados y decapitados)<\/li>\n<li>Consumo de energ\u00eda: 5 kW<\/li>\n<li>Consumo de agua: 9 litros por minuto<\/li>\n<li>Dimensiones (LxAxA): 4300 x 1750 x 1500 mm<\/li>\n<li>Peso (Neto\/Bruto): Aproximadamente 1800\/2230 kg<\/li>\n<\/ul>\n<p>&nbsp;<\/p>\n<p><iframe title=\"Baader 200 - Test video\" width=\"800\" height=\"450\" src=\"https:\/\/www.youtube.com\/embed\/bCkEVAwzN_4?feature=oembed\" frameborder=\"0\" allow=\"accelerometer; autoplay; clipboard-write; encrypted-media; gyroscope; picture-in-picture; web-share\" referrerpolicy=\"strict-origin-when-cross-origin\" allowfullscreen><\/iframe><\/p>\n","protected":false},"excerpt":{"rendered":"<p>M\u00e1quina de Fileteado de Pescado Baader 200 es una m\u00e1quina reacondicionada dise\u00f1ada espec\u00edficamente para producir filetes de salm\u00f3n, trucha y especies de peces similares. Procesa eficientemente peces eviscerados y decapitados, con la opci\u00f3n de incluir o excluir la clav\u00edcula. &nbsp; La m\u00e1quina asegura que el pescado se alimente a trav\u00e9s de las herramientas de manera [&hellip;]<\/p>\n","protected":false},"featured_media":20074,"template":"","meta":{"_acf_changed":false,"inline_featured_image":false},"product_brand":[],"product_cat":[670,674],"product_tag":[],"class_list":{"0":"post-23518","1":"product","2":"type-product","3":"status-publish","4":"has-post-thumbnail","6":"product_cat-maquinas-de-fileteado-de-pescado","7":"product_cat-maquinas-de-procesamiento-de-pescado","9":"first","10":"instock","11":"shipping-taxable","12":"product-type-simple"},"acf":[],"yoast_head":"<!-- This site is optimized with the Yoast SEO Premium plugin v25.2 (Yoast SEO v26.3) - https:\/\/yoast.com\/wordpress\/plugins\/seo\/ -->\n<title>M\u00e1quina de Fileteado de Pescado Baader 200 en venta<\/title>\n<meta name=\"description\" content=\"M\u00e1quina de fileteado de pescado revisada, dise\u00f1ada espec\u00edficamente para producir filetes de salm\u00f3n, trucha y especies de peces similares.\" \/>\n<meta name=\"robots\" content=\"index, follow, max-snippet:-1, max-image-preview:large, max-video-preview:-1\" \/>\n<link rel=\"canonical\" href=\"https:\/\/normartrading.webcoder-dev.com\/es\/products\/maquina-de-fileteado-baader-200\/\" \/>\n<meta property=\"og:locale\" content=\"es_ES\" \/>\n<meta property=\"og:type\" content=\"article\" \/>\n<meta property=\"og:title\" content=\"M\u00e1quina de Fileteado de Pescado Baader 200\" \/>\n<meta property=\"og:description\" content=\"M\u00e1quina de fileteado de pescado revisada, dise\u00f1ada espec\u00edficamente para producir filetes de salm\u00f3n, trucha y especies de peces similares.\" \/>\n<meta property=\"og:url\" content=\"https:\/\/normartrading.webcoder-dev.com\/es\/products\/maquina-de-fileteado-baader-200\/\" \/>\n<meta property=\"og:site_name\" content=\"NorMarTrading\" \/>\n<meta property=\"article:publisher\" content=\"https:\/\/www.facebook.com\/nordicmarine\" \/>\n<meta property=\"article:modified_time\" content=\"2024-06-20T07:48:17+00:00\" \/>\n<meta property=\"og:image\" content=\"https:\/\/www.normartrading.no\/wp-content\/uploads\/2023\/05\/Baader200-1-scaled.jpg\" \/>\n\t<meta property=\"og:image:width\" content=\"1920\" \/>\n\t<meta property=\"og:image:height\" content=\"963\" \/>\n\t<meta property=\"og:image:type\" content=\"image\/jpeg\" \/>\n<meta name=\"twitter:card\" content=\"summary_large_image\" \/>\n<meta name=\"twitter:label1\" content=\"Tiempo de lectura\" \/>\n\t<meta name=\"twitter:data1\" content=\"2 minutos\" \/>\n<script type=\"application\/ld+json\" class=\"yoast-schema-graph\">{\"@context\":\"https:\/\/schema.org\",\"@graph\":[{\"@type\":[\"WebPage\",\"ItemPage\"],\"@id\":\"https:\/\/normartrading.webcoder-dev.com\/es\/products\/maquina-de-fileteado-baader-200\/\",\"url\":\"https:\/\/normartrading.webcoder-dev.com\/es\/products\/maquina-de-fileteado-baader-200\/\",\"name\":\"M\u00e1quina de Fileteado de Pescado Baader 200 en venta\",\"isPartOf\":{\"@id\":\"https:\/\/www.normartrading.no\/#website\"},\"primaryImageOfPage\":{\"@id\":\"https:\/\/normartrading.webcoder-dev.com\/es\/products\/maquina-de-fileteado-baader-200\/#primaryimage\"},\"image\":{\"@id\":\"https:\/\/normartrading.webcoder-dev.com\/es\/products\/maquina-de-fileteado-baader-200\/#primaryimage\"},\"thumbnailUrl\":\"https:\/\/normartrading.webcoder-dev.com\/wp-content\/uploads\/2023\/05\/Baader200-1-scaled.jpg\",\"datePublished\":\"2023-05-20T18:10:23+00:00\",\"dateModified\":\"2024-06-20T07:48:17+00:00\",\"description\":\"M\u00e1quina de fileteado de pescado revisada, dise\u00f1ada espec\u00edficamente para producir filetes de salm\u00f3n, trucha y especies de peces similares.\",\"breadcrumb\":{\"@id\":\"https:\/\/normartrading.webcoder-dev.com\/es\/products\/maquina-de-fileteado-baader-200\/#breadcrumb\"},\"inLanguage\":\"es\",\"potentialAction\":[{\"@type\":\"ReadAction\",\"target\":[\"https:\/\/normartrading.webcoder-dev.com\/es\/products\/maquina-de-fileteado-baader-200\/\"]}]},{\"@type\":\"ImageObject\",\"inLanguage\":\"es\",\"@id\":\"https:\/\/normartrading.webcoder-dev.com\/es\/products\/maquina-de-fileteado-baader-200\/#primaryimage\",\"url\":\"https:\/\/normartrading.webcoder-dev.com\/wp-content\/uploads\/2023\/05\/Baader200-1-scaled.jpg\",\"contentUrl\":\"https:\/\/normartrading.webcoder-dev.com\/wp-content\/uploads\/2023\/05\/Baader200-1-scaled.jpg\",\"width\":1920,\"height\":963,\"caption\":\"M\u00e1quina de Fileteado de Pescado Baader 200\"},{\"@type\":\"BreadcrumbList\",\"@id\":\"https:\/\/normartrading.webcoder-dev.com\/es\/products\/maquina-de-fileteado-baader-200\/#breadcrumb\",\"itemListElement\":[{\"@type\":\"ListItem\",\"position\":1,\"name\":\"Hjem\",\"item\":\"https:\/\/www.normartrading.no\/\"},{\"@type\":\"ListItem\",\"position\":2,\"name\":\"Productos\",\"item\":\"https:\/\/normartrading.webcoder-dev.com\/es\/productos\/\"},{\"@type\":\"ListItem\",\"position\":3,\"name\":\"M\u00e1quinas de procesamiento de pescado\",\"item\":\"https:\/\/normartrading.webcoder-dev.com\/es\/maquinas-de-procesamiento-de-pescado\/\"},{\"@type\":\"ListItem\",\"position\":4,\"name\":\"M\u00e1quina de Fileteado de Pescado Baader 200\"}]},{\"@type\":\"WebSite\",\"@id\":\"https:\/\/www.normartrading.no\/#website\",\"url\":\"https:\/\/www.normartrading.no\/\",\"name\":\"NorMar Trading\",\"description\":\"Produksjonsutstyr til fiskerin\u00e6ringen og matvareindustrien\",\"publisher\":{\"@id\":\"https:\/\/www.normartrading.no\/#organization\"},\"potentialAction\":[{\"@type\":\"SearchAction\",\"target\":{\"@type\":\"EntryPoint\",\"urlTemplate\":\"https:\/\/www.normartrading.no\/?s={search_term_string}\"},\"query-input\":{\"@type\":\"PropertyValueSpecification\",\"valueRequired\":true,\"valueName\":\"search_term_string\"}}],\"inLanguage\":\"es\"},{\"@type\":\"Organization\",\"@id\":\"https:\/\/www.normartrading.no\/#organization\",\"name\":\"NorMar Trading\",\"url\":\"https:\/\/www.normartrading.no\/\",\"logo\":{\"@type\":\"ImageObject\",\"inLanguage\":\"es\",\"@id\":\"https:\/\/www.normartrading.no\/#\/schema\/logo\/image\/\",\"url\":\"https:\/\/normartrading.webcoder-dev.com\/wp-content\/uploads\/2022\/12\/NorMar-Logo-RGB.jpg\",\"contentUrl\":\"https:\/\/normartrading.webcoder-dev.com\/wp-content\/uploads\/2022\/12\/NorMar-Logo-RGB.jpg\",\"width\":500,\"height\":329,\"caption\":\"NorMar Trading\"},\"image\":{\"@id\":\"https:\/\/www.normartrading.no\/#\/schema\/logo\/image\/\"},\"sameAs\":[\"https:\/\/www.facebook.com\/nordicmarine\",\"https:\/\/www.linkedin.com\/company\/normar-trading-as\",\"https:\/\/www.instagram.com\/normartrading\/\",\"https:\/\/www.youtube.com\/channel\/UCjwKO7n-WPQEtEyQmnbSdQg\"]}]}<\/script>\n<!-- \/ Yoast SEO Premium plugin. -->","yoast_head_json":{"title":"M\u00e1quina de Fileteado de Pescado Baader 200 en venta","description":"M\u00e1quina de fileteado de pescado revisada, dise\u00f1ada espec\u00edficamente para producir filetes de salm\u00f3n, trucha y especies de peces similares.","robots":{"index":"index","follow":"follow","max-snippet":"max-snippet:-1","max-image-preview":"max-image-preview:large","max-video-preview":"max-video-preview:-1"},"canonical":"https:\/\/normartrading.webcoder-dev.com\/es\/products\/maquina-de-fileteado-baader-200\/","og_locale":"es_ES","og_type":"article","og_title":"M\u00e1quina de Fileteado de Pescado Baader 200","og_description":"M\u00e1quina de fileteado de pescado revisada, dise\u00f1ada espec\u00edficamente para producir filetes de salm\u00f3n, trucha y especies de peces similares.","og_url":"https:\/\/normartrading.webcoder-dev.com\/es\/products\/maquina-de-fileteado-baader-200\/","og_site_name":"NorMarTrading","article_publisher":"https:\/\/www.facebook.com\/nordicmarine","article_modified_time":"2024-06-20T07:48:17+00:00","og_image":[{"width":1920,"height":963,"url":"https:\/\/www.normartrading.no\/wp-content\/uploads\/2023\/05\/Baader200-1-scaled.jpg","type":"image\/jpeg"}],"twitter_card":"summary_large_image","twitter_misc":{"Tiempo de lectura":"2 minutos"},"schema":{"@context":"https:\/\/schema.org","@graph":[{"@type":["WebPage","ItemPage"],"@id":"https:\/\/normartrading.webcoder-dev.com\/es\/products\/maquina-de-fileteado-baader-200\/","url":"https:\/\/normartrading.webcoder-dev.com\/es\/products\/maquina-de-fileteado-baader-200\/","name":"M\u00e1quina de Fileteado de Pescado Baader 200 en venta","isPartOf":{"@id":"https:\/\/www.normartrading.no\/#website"},"primaryImageOfPage":{"@id":"https:\/\/normartrading.webcoder-dev.com\/es\/products\/maquina-de-fileteado-baader-200\/#primaryimage"},"image":{"@id":"https:\/\/normartrading.webcoder-dev.com\/es\/products\/maquina-de-fileteado-baader-200\/#primaryimage"},"thumbnailUrl":"https:\/\/normartrading.webcoder-dev.com\/wp-content\/uploads\/2023\/05\/Baader200-1-scaled.jpg","datePublished":"2023-05-20T18:10:23+00:00","dateModified":"2024-06-20T07:48:17+00:00","description":"M\u00e1quina de fileteado de pescado revisada, dise\u00f1ada espec\u00edficamente para producir filetes de salm\u00f3n, trucha y especies de peces similares.","breadcrumb":{"@id":"https:\/\/normartrading.webcoder-dev.com\/es\/products\/maquina-de-fileteado-baader-200\/#breadcrumb"},"inLanguage":"es","potentialAction":[{"@type":"ReadAction","target":["https:\/\/normartrading.webcoder-dev.com\/es\/products\/maquina-de-fileteado-baader-200\/"]}]},{"@type":"ImageObject","inLanguage":"es","@id":"https:\/\/normartrading.webcoder-dev.com\/es\/products\/maquina-de-fileteado-baader-200\/#primaryimage","url":"https:\/\/normartrading.webcoder-dev.com\/wp-content\/uploads\/2023\/05\/Baader200-1-scaled.jpg","contentUrl":"https:\/\/normartrading.webcoder-dev.com\/wp-content\/uploads\/2023\/05\/Baader200-1-scaled.jpg","width":1920,"height":963,"caption":"M\u00e1quina de Fileteado de Pescado Baader 200"},{"@type":"BreadcrumbList","@id":"https:\/\/normartrading.webcoder-dev.com\/es\/products\/maquina-de-fileteado-baader-200\/#breadcrumb","itemListElement":[{"@type":"ListItem","position":1,"name":"Hjem","item":"https:\/\/www.normartrading.no\/"},{"@type":"ListItem","position":2,"name":"Productos","item":"https:\/\/normartrading.webcoder-dev.com\/es\/productos\/"},{"@type":"ListItem","position":3,"name":"M\u00e1quinas de procesamiento de pescado","item":"https:\/\/normartrading.webcoder-dev.com\/es\/maquinas-de-procesamiento-de-pescado\/"},{"@type":"ListItem","position":4,"name":"M\u00e1quina de Fileteado de Pescado Baader 200"}]},{"@type":"WebSite","@id":"https:\/\/www.normartrading.no\/#website","url":"https:\/\/www.normartrading.no\/","name":"NorMar Trading","description":"Produksjonsutstyr til fiskerin\u00e6ringen og matvareindustrien","publisher":{"@id":"https:\/\/www.normartrading.no\/#organization"},"potentialAction":[{"@type":"SearchAction","target":{"@type":"EntryPoint","urlTemplate":"https:\/\/www.normartrading.no\/?s={search_term_string}"},"query-input":{"@type":"PropertyValueSpecification","valueRequired":true,"valueName":"search_term_string"}}],"inLanguage":"es"},{"@type":"Organization","@id":"https:\/\/www.normartrading.no\/#organization","name":"NorMar Trading","url":"https:\/\/www.normartrading.no\/","logo":{"@type":"ImageObject","inLanguage":"es","@id":"https:\/\/www.normartrading.no\/#\/schema\/logo\/image\/","url":"https:\/\/normartrading.webcoder-dev.com\/wp-content\/uploads\/2022\/12\/NorMar-Logo-RGB.jpg","contentUrl":"https:\/\/normartrading.webcoder-dev.com\/wp-content\/uploads\/2022\/12\/NorMar-Logo-RGB.jpg","width":500,"height":329,"caption":"NorMar Trading"},"image":{"@id":"https:\/\/www.normartrading.no\/#\/schema\/logo\/image\/"},"sameAs":["https:\/\/www.facebook.com\/nordicmarine","https:\/\/www.linkedin.com\/company\/normar-trading-as","https:\/\/www.instagram.com\/normartrading\/","https:\/\/www.youtube.com\/channel\/UCjwKO7n-WPQEtEyQmnbSdQg"]}]}},"_links":{"self":[{"href":"https:\/\/normartrading.webcoder-dev.com\/es\/wp-json\/wp\/v2\/product\/23518","targetHints":{"allow":["GET"]}}],"collection":[{"href":"https:\/\/normartrading.webcoder-dev.com\/es\/wp-json\/wp\/v2\/product"}],"about":[{"href":"https:\/\/normartrading.webcoder-dev.com\/es\/wp-json\/wp\/v2\/types\/product"}],"wp:featuredmedia":[{"embeddable":true,"href":"https:\/\/normartrading.webcoder-dev.com\/es\/wp-json\/wp\/v2\/media\/20074"}],"wp:attachment":[{"href":"https:\/\/normartrading.webcoder-dev.com\/es\/wp-json\/wp\/v2\/media?parent=23518"}],"wp:term":[{"taxonomy":"product_brand","embeddable":true,"href":"https:\/\/normartrading.webcoder-dev.com\/es\/wp-json\/wp\/v2\/product_brand?post=23518"},{"taxonomy":"product_cat","embeddable":true,"href":"https:\/\/normartrading.webcoder-dev.com\/es\/wp-json\/wp\/v2\/product_cat?post=23518"},{"taxonomy":"product_tag","embeddable":true,"href":"https:\/\/normartrading.webcoder-dev.com\/es\/wp-json\/wp\/v2\/product_tag?post=23518"}],"curies":[{"name":"wp","href":"https:\/\/api.w.org\/{rel}","templated":true}]}}