{"id":23490,"date":"2023-05-23T16:46:34","date_gmt":"2023-05-23T16:46:34","guid":{"rendered":"https:\/\/normartrading.webcoder-dev.com\/products\/fomaco-fbm-1000-brine-mixer-2-es\/"},"modified":"2024-06-12T09:50:50","modified_gmt":"2024-06-12T09:50:50","slug":"mezclador-de-salmuera-fomaco","status":"publish","type":"product","link":"https:\/\/normartrading.webcoder-dev.com\/es\/products\/mezclador-de-salmuera-fomaco\/","title":{"rendered":"Mezclador de salmuera Fomaco FBM 1000 para inyector de agujas"},"content":{"rendered":"<p>Mezclador de salmuera Fomaco FBM 1000 para inyector de aguja<\/p>\n<p>Los mezcladores de salmuera y los tanques de almacenamiento de Fomaco son herramientas de primera clase, dise\u00f1adas para mezclar todos los aditivos. Para salmueras muy pesadas e ingredientes funcionales, los tanques pueden entregarse con un potente mezclador ProShear con velocidad variable.<\/p>\n<p>Estos mezcladores proporcionan una mezcla incre\u00edblemente f\u00e1cil, r\u00e1pida y efectiva de ingredientes. El Mezclador de salmuera Fomaco FBM 1000 llena autom\u00e1ticamente el tanque con agua hasta el nivel deseado: todo lo que el operador necesita hacer es agregar los ingredientes secos en la tolva dise\u00f1ada ergon\u00f3micamente. Con el sistema \u00fanico Venturi, se asegura una mezcla r\u00e1pida y homog\u00e9nea de sus ingredientes.<\/p>\n<p>Dimensiones:<br \/>\nAltura \u2013 2,0 m<br \/>\nAncho \u2013 1,8 m<br \/>\nLongitud \u2013 2,3 m<\/p>\n","protected":false},"excerpt":{"rendered":"<p>Mezclador de salmuera Fomaco FBM 1000 para inyector de aguja Los mezcladores de salmuera y los tanques de almacenamiento de Fomaco son herramientas de primera clase, dise\u00f1adas para mezclar todos los aditivos. Para salmueras muy pesadas e ingredientes funcionales, los tanques pueden entregarse con un potente mezclador ProShear con velocidad variable. Estos mezcladores proporcionan una [&hellip;]<\/p>\n","protected":false},"featured_media":20827,"template":"","meta":{"_acf_changed":false,"inline_featured_image":false},"product_brand":[],"product_cat":[685,674],"product_tag":[],"class_list":{"0":"post-23490","1":"product","2":"type-product","3":"status-publish","4":"has-post-thumbnail","6":"product_cat-inyectores-de-agujas","7":"product_cat-maquinas-de-procesamiento-de-pescado","9":"first","10":"instock","11":"shipping-taxable","12":"product-type-simple"},"acf":[],"yoast_head":"<!-- This site is optimized with the Yoast SEO Premium plugin v25.2 (Yoast SEO v26.3) - https:\/\/yoast.com\/wordpress\/plugins\/seo\/ -->\n<title>Mezclador de salmuera Fomaco FBM 1000 para inyector de agujas NorMarTrading<\/title>\n<meta name=\"description\" content=\"Fomaco FBM 1000 Mezclador de Salmuera para Inyector de Agujas: Herramienta de primera clase para una mezcla f\u00e1cil y efectiva de ingredientes.\" \/>\n<meta name=\"robots\" content=\"index, follow, max-snippet:-1, max-image-preview:large, max-video-preview:-1\" \/>\n<link rel=\"canonical\" href=\"https:\/\/normartrading.webcoder-dev.com\/es\/products\/mezclador-de-salmuera-fomaco\/\" \/>\n<meta property=\"og:locale\" content=\"es_ES\" \/>\n<meta property=\"og:type\" content=\"article\" \/>\n<meta property=\"og:title\" content=\"Mezclador de salmuera Fomaco FBM 1000 para inyector de agujas\" \/>\n<meta property=\"og:description\" content=\"Fomaco FBM 1000 Mezclador de Salmuera para Inyector de Agujas: Herramienta de primera clase para una mezcla f\u00e1cil y efectiva de ingredientes.\" \/>\n<meta property=\"og:url\" content=\"https:\/\/normartrading.webcoder-dev.com\/es\/products\/mezclador-de-salmuera-fomaco\/\" \/>\n<meta property=\"og:site_name\" content=\"NorMarTrading\" \/>\n<meta property=\"article:publisher\" content=\"https:\/\/www.facebook.com\/nordicmarine\" \/>\n<meta property=\"article:modified_time\" content=\"2024-06-12T09:50:50+00:00\" \/>\n<meta property=\"og:image\" content=\"https:\/\/www.normartrading.no\/wp-content\/uploads\/2023\/05\/fomaco_brine_injector__1.jpg\" \/>\n\t<meta property=\"og:image:width\" content=\"960\" \/>\n\t<meta property=\"og:image:height\" content=\"1280\" \/>\n\t<meta property=\"og:image:type\" content=\"image\/jpeg\" \/>\n<meta name=\"twitter:card\" content=\"summary_large_image\" \/>\n<meta name=\"twitter:label1\" content=\"Tiempo de lectura\" \/>\n\t<meta name=\"twitter:data1\" content=\"1 minuto\" \/>\n<script type=\"application\/ld+json\" class=\"yoast-schema-graph\">{\"@context\":\"https:\/\/schema.org\",\"@graph\":[{\"@type\":[\"WebPage\",\"ItemPage\"],\"@id\":\"https:\/\/normartrading.webcoder-dev.com\/es\/products\/mezclador-de-salmuera-fomaco\/\",\"url\":\"https:\/\/normartrading.webcoder-dev.com\/es\/products\/mezclador-de-salmuera-fomaco\/\",\"name\":\"Mezclador de salmuera Fomaco FBM 1000 para inyector de agujas NorMarTrading\",\"isPartOf\":{\"@id\":\"https:\/\/www.normartrading.no\/#website\"},\"primaryImageOfPage\":{\"@id\":\"https:\/\/normartrading.webcoder-dev.com\/es\/products\/mezclador-de-salmuera-fomaco\/#primaryimage\"},\"image\":{\"@id\":\"https:\/\/normartrading.webcoder-dev.com\/es\/products\/mezclador-de-salmuera-fomaco\/#primaryimage\"},\"thumbnailUrl\":\"https:\/\/normartrading.webcoder-dev.com\/wp-content\/uploads\/2023\/05\/fomaco_brine_injector__1.jpg\",\"datePublished\":\"2023-05-23T16:46:34+00:00\",\"dateModified\":\"2024-06-12T09:50:50+00:00\",\"description\":\"Fomaco FBM 1000 Mezclador de Salmuera para Inyector de Agujas: Herramienta de primera clase para una mezcla f\u00e1cil y efectiva de ingredientes.\",\"breadcrumb\":{\"@id\":\"https:\/\/normartrading.webcoder-dev.com\/es\/products\/mezclador-de-salmuera-fomaco\/#breadcrumb\"},\"inLanguage\":\"es\",\"potentialAction\":[{\"@type\":\"ReadAction\",\"target\":[\"https:\/\/normartrading.webcoder-dev.com\/es\/products\/mezclador-de-salmuera-fomaco\/\"]}]},{\"@type\":\"ImageObject\",\"inLanguage\":\"es\",\"@id\":\"https:\/\/normartrading.webcoder-dev.com\/es\/products\/mezclador-de-salmuera-fomaco\/#primaryimage\",\"url\":\"https:\/\/normartrading.webcoder-dev.com\/wp-content\/uploads\/2023\/05\/fomaco_brine_injector__1.jpg\",\"contentUrl\":\"https:\/\/normartrading.webcoder-dev.com\/wp-content\/uploads\/2023\/05\/fomaco_brine_injector__1.jpg\",\"width\":960,\"height\":1280,\"caption\":\"Mezclador de salmuera fomaco\"},{\"@type\":\"BreadcrumbList\",\"@id\":\"https:\/\/normartrading.webcoder-dev.com\/es\/products\/mezclador-de-salmuera-fomaco\/#breadcrumb\",\"itemListElement\":[{\"@type\":\"ListItem\",\"position\":1,\"name\":\"Hjem\",\"item\":\"https:\/\/www.normartrading.no\/\"},{\"@type\":\"ListItem\",\"position\":2,\"name\":\"Productos\",\"item\":\"https:\/\/normartrading.webcoder-dev.com\/es\/productos\/\"},{\"@type\":\"ListItem\",\"position\":3,\"name\":\"M\u00e1quinas de procesamiento de pescado\",\"item\":\"https:\/\/normartrading.webcoder-dev.com\/es\/maquinas-de-procesamiento-de-pescado\/\"},{\"@type\":\"ListItem\",\"position\":4,\"name\":\"Mezclador de salmuera Fomaco FBM 1000 para inyector de agujas\"}]},{\"@type\":\"WebSite\",\"@id\":\"https:\/\/www.normartrading.no\/#website\",\"url\":\"https:\/\/www.normartrading.no\/\",\"name\":\"NorMar Trading\",\"description\":\"Produksjonsutstyr til fiskerin\u00e6ringen og matvareindustrien\",\"publisher\":{\"@id\":\"https:\/\/www.normartrading.no\/#organization\"},\"potentialAction\":[{\"@type\":\"SearchAction\",\"target\":{\"@type\":\"EntryPoint\",\"urlTemplate\":\"https:\/\/www.normartrading.no\/?s={search_term_string}\"},\"query-input\":{\"@type\":\"PropertyValueSpecification\",\"valueRequired\":true,\"valueName\":\"search_term_string\"}}],\"inLanguage\":\"es\"},{\"@type\":\"Organization\",\"@id\":\"https:\/\/www.normartrading.no\/#organization\",\"name\":\"NorMar Trading\",\"url\":\"https:\/\/www.normartrading.no\/\",\"logo\":{\"@type\":\"ImageObject\",\"inLanguage\":\"es\",\"@id\":\"https:\/\/www.normartrading.no\/#\/schema\/logo\/image\/\",\"url\":\"https:\/\/normartrading.webcoder-dev.com\/wp-content\/uploads\/2022\/12\/NorMar-Logo-RGB.jpg\",\"contentUrl\":\"https:\/\/normartrading.webcoder-dev.com\/wp-content\/uploads\/2022\/12\/NorMar-Logo-RGB.jpg\",\"width\":500,\"height\":329,\"caption\":\"NorMar Trading\"},\"image\":{\"@id\":\"https:\/\/www.normartrading.no\/#\/schema\/logo\/image\/\"},\"sameAs\":[\"https:\/\/www.facebook.com\/nordicmarine\",\"https:\/\/www.linkedin.com\/company\/normar-trading-as\",\"https:\/\/www.instagram.com\/normartrading\/\",\"https:\/\/www.youtube.com\/channel\/UCjwKO7n-WPQEtEyQmnbSdQg\"]}]}<\/script>\n<!-- \/ Yoast SEO Premium plugin. -->","yoast_head_json":{"title":"Mezclador de salmuera Fomaco FBM 1000 para inyector de agujas NorMarTrading","description":"Fomaco FBM 1000 Mezclador de Salmuera para Inyector de Agujas: Herramienta de primera clase para una mezcla f\u00e1cil y efectiva de ingredientes.","robots":{"index":"index","follow":"follow","max-snippet":"max-snippet:-1","max-image-preview":"max-image-preview:large","max-video-preview":"max-video-preview:-1"},"canonical":"https:\/\/normartrading.webcoder-dev.com\/es\/products\/mezclador-de-salmuera-fomaco\/","og_locale":"es_ES","og_type":"article","og_title":"Mezclador de salmuera Fomaco FBM 1000 para inyector de agujas","og_description":"Fomaco FBM 1000 Mezclador de Salmuera para Inyector de Agujas: Herramienta de primera clase para una mezcla f\u00e1cil y efectiva de ingredientes.","og_url":"https:\/\/normartrading.webcoder-dev.com\/es\/products\/mezclador-de-salmuera-fomaco\/","og_site_name":"NorMarTrading","article_publisher":"https:\/\/www.facebook.com\/nordicmarine","article_modified_time":"2024-06-12T09:50:50+00:00","og_image":[{"width":960,"height":1280,"url":"https:\/\/www.normartrading.no\/wp-content\/uploads\/2023\/05\/fomaco_brine_injector__1.jpg","type":"image\/jpeg"}],"twitter_card":"summary_large_image","twitter_misc":{"Tiempo de lectura":"1 minuto"},"schema":{"@context":"https:\/\/schema.org","@graph":[{"@type":["WebPage","ItemPage"],"@id":"https:\/\/normartrading.webcoder-dev.com\/es\/products\/mezclador-de-salmuera-fomaco\/","url":"https:\/\/normartrading.webcoder-dev.com\/es\/products\/mezclador-de-salmuera-fomaco\/","name":"Mezclador de salmuera Fomaco FBM 1000 para inyector de agujas NorMarTrading","isPartOf":{"@id":"https:\/\/www.normartrading.no\/#website"},"primaryImageOfPage":{"@id":"https:\/\/normartrading.webcoder-dev.com\/es\/products\/mezclador-de-salmuera-fomaco\/#primaryimage"},"image":{"@id":"https:\/\/normartrading.webcoder-dev.com\/es\/products\/mezclador-de-salmuera-fomaco\/#primaryimage"},"thumbnailUrl":"https:\/\/normartrading.webcoder-dev.com\/wp-content\/uploads\/2023\/05\/fomaco_brine_injector__1.jpg","datePublished":"2023-05-23T16:46:34+00:00","dateModified":"2024-06-12T09:50:50+00:00","description":"Fomaco FBM 1000 Mezclador de Salmuera para Inyector de Agujas: Herramienta de primera clase para una mezcla f\u00e1cil y efectiva de ingredientes.","breadcrumb":{"@id":"https:\/\/normartrading.webcoder-dev.com\/es\/products\/mezclador-de-salmuera-fomaco\/#breadcrumb"},"inLanguage":"es","potentialAction":[{"@type":"ReadAction","target":["https:\/\/normartrading.webcoder-dev.com\/es\/products\/mezclador-de-salmuera-fomaco\/"]}]},{"@type":"ImageObject","inLanguage":"es","@id":"https:\/\/normartrading.webcoder-dev.com\/es\/products\/mezclador-de-salmuera-fomaco\/#primaryimage","url":"https:\/\/normartrading.webcoder-dev.com\/wp-content\/uploads\/2023\/05\/fomaco_brine_injector__1.jpg","contentUrl":"https:\/\/normartrading.webcoder-dev.com\/wp-content\/uploads\/2023\/05\/fomaco_brine_injector__1.jpg","width":960,"height":1280,"caption":"Mezclador de salmuera fomaco"},{"@type":"BreadcrumbList","@id":"https:\/\/normartrading.webcoder-dev.com\/es\/products\/mezclador-de-salmuera-fomaco\/#breadcrumb","itemListElement":[{"@type":"ListItem","position":1,"name":"Hjem","item":"https:\/\/www.normartrading.no\/"},{"@type":"ListItem","position":2,"name":"Productos","item":"https:\/\/normartrading.webcoder-dev.com\/es\/productos\/"},{"@type":"ListItem","position":3,"name":"M\u00e1quinas de procesamiento de pescado","item":"https:\/\/normartrading.webcoder-dev.com\/es\/maquinas-de-procesamiento-de-pescado\/"},{"@type":"ListItem","position":4,"name":"Mezclador de salmuera Fomaco FBM 1000 para inyector de agujas"}]},{"@type":"WebSite","@id":"https:\/\/www.normartrading.no\/#website","url":"https:\/\/www.normartrading.no\/","name":"NorMar Trading","description":"Produksjonsutstyr til fiskerin\u00e6ringen og matvareindustrien","publisher":{"@id":"https:\/\/www.normartrading.no\/#organization"},"potentialAction":[{"@type":"SearchAction","target":{"@type":"EntryPoint","urlTemplate":"https:\/\/www.normartrading.no\/?s={search_term_string}"},"query-input":{"@type":"PropertyValueSpecification","valueRequired":true,"valueName":"search_term_string"}}],"inLanguage":"es"},{"@type":"Organization","@id":"https:\/\/www.normartrading.no\/#organization","name":"NorMar Trading","url":"https:\/\/www.normartrading.no\/","logo":{"@type":"ImageObject","inLanguage":"es","@id":"https:\/\/www.normartrading.no\/#\/schema\/logo\/image\/","url":"https:\/\/normartrading.webcoder-dev.com\/wp-content\/uploads\/2022\/12\/NorMar-Logo-RGB.jpg","contentUrl":"https:\/\/normartrading.webcoder-dev.com\/wp-content\/uploads\/2022\/12\/NorMar-Logo-RGB.jpg","width":500,"height":329,"caption":"NorMar Trading"},"image":{"@id":"https:\/\/www.normartrading.no\/#\/schema\/logo\/image\/"},"sameAs":["https:\/\/www.facebook.com\/nordicmarine","https:\/\/www.linkedin.com\/company\/normar-trading-as","https:\/\/www.instagram.com\/normartrading\/","https:\/\/www.youtube.com\/channel\/UCjwKO7n-WPQEtEyQmnbSdQg"]}]}},"_links":{"self":[{"href":"https:\/\/normartrading.webcoder-dev.com\/es\/wp-json\/wp\/v2\/product\/23490","targetHints":{"allow":["GET"]}}],"collection":[{"href":"https:\/\/normartrading.webcoder-dev.com\/es\/wp-json\/wp\/v2\/product"}],"about":[{"href":"https:\/\/normartrading.webcoder-dev.com\/es\/wp-json\/wp\/v2\/types\/product"}],"wp:featuredmedia":[{"embeddable":true,"href":"https:\/\/normartrading.webcoder-dev.com\/es\/wp-json\/wp\/v2\/media\/20827"}],"wp:attachment":[{"href":"https:\/\/normartrading.webcoder-dev.com\/es\/wp-json\/wp\/v2\/media?parent=23490"}],"wp:term":[{"taxonomy":"product_brand","embeddable":true,"href":"https:\/\/normartrading.webcoder-dev.com\/es\/wp-json\/wp\/v2\/product_brand?post=23490"},{"taxonomy":"product_cat","embeddable":true,"href":"https:\/\/normartrading.webcoder-dev.com\/es\/wp-json\/wp\/v2\/product_cat?post=23490"},{"taxonomy":"product_tag","embeddable":true,"href":"https:\/\/normartrading.webcoder-dev.com\/es\/wp-json\/wp\/v2\/product_tag?post=23490"}],"curies":[{"name":"wp","href":"https:\/\/api.w.org\/{rel}","templated":true}]}}