{"id":23456,"date":"2023-06-07T14:28:53","date_gmt":"2023-06-07T14:28:53","guid":{"rendered":"https:\/\/normartrading.webcoder-dev.com\/products\/teltek-c60-with-metal-detector-es\/"},"modified":"2023-12-22T19:19:50","modified_gmt":"2023-12-22T19:19:50","slug":"teltek-c60-with-metal-detector","status":"publish","type":"product","link":"https:\/\/normartrading.webcoder-dev.com\/es\/products\/teltek-c60-with-metal-detector\/","title":{"rendered":"Teltek C60 con detector de metales"},"content":{"rendered":"<p>Teltek C60 con detector de metales<\/p>\n<p>El sistema incluye un detector de metales CEIA y un pesador Teltek.<\/p>\n<p>Est\u00e1 dise\u00f1ado para identificar fragmentos de metal dentro de los productos y se puede integrar f\u00e1cilmente en una l\u00ednea de producci\u00f3n. El equipo est\u00e1 construido con acero inoxidable y cumple con todos los est\u00e1ndares de higiene.<\/p>\n<p>Las dimensiones de la zona de entrada son de 350 \u00d7 175 mm (con una zona efectiva de 350 x 150 mm).<\/p>\n<p>El modelo del pesador Teltek es C60.<\/p>\n<p>Tiene una capacidad de pesaje que va desde 15 a 2500 gramos o de 15 a 6000 gramos.<\/p>\n<p>La precisi\u00f3n es tan baja como 0.2 gramos.<\/p>\n<p>La velocidad m\u00e1xima es de 300 paquetes por minuto, dependiendo del tama\u00f1o de los paquetes.<\/p>\n<p>El sistema incluye dos brazos para rechazar los elementos.<\/p>\n","protected":false},"excerpt":{"rendered":"<p>Teltek C60 con detector de metales El sistema incluye un detector de metales CEIA y un pesador Teltek. Est\u00e1 dise\u00f1ado para identificar fragmentos de metal dentro de los productos y se puede integrar f\u00e1cilmente en una l\u00ednea de producci\u00f3n. El equipo est\u00e1 construido con acero inoxidable y cumple con todos los est\u00e1ndares de higiene. Las [&hellip;]<\/p>\n","protected":false},"featured_media":21684,"template":"","meta":{"_acf_changed":false,"inline_featured_image":false},"product_brand":[],"product_cat":[683,678,686],"product_tag":[],"class_list":{"0":"post-23456","1":"product","2":"type-product","3":"status-publish","4":"has-post-thumbnail","6":"product_cat-basculas-industriales-de-pesaje","7":"product_cat-detectores-de-metal-para-alimentos","8":"product_cat-maquinas-y-equipos-de-embalaje","10":"first","11":"instock","12":"shipping-taxable","13":"product-type-simple"},"acf":[],"yoast_head":"<!-- This site is optimized with the Yoast SEO Premium plugin v25.2 (Yoast SEO v26.3) - https:\/\/yoast.com\/wordpress\/plugins\/seo\/ -->\n<title>Teltek C60 con detector de metales for sale NorMarTrading<\/title>\n<meta name=\"robots\" content=\"index, follow, max-snippet:-1, max-image-preview:large, max-video-preview:-1\" \/>\n<link rel=\"canonical\" href=\"https:\/\/normartrading.webcoder-dev.com\/es\/products\/teltek-c60-with-metal-detector\/\" \/>\n<meta property=\"og:locale\" content=\"es_ES\" \/>\n<meta property=\"og:type\" content=\"article\" \/>\n<meta property=\"og:title\" content=\"Teltek C60 con detector de metales\" \/>\n<meta property=\"og:description\" content=\"Teltek C60 con detector de metales El sistema incluye un detector de metales CEIA y un pesador Teltek. Est\u00e1 dise\u00f1ado para identificar fragmentos de metal dentro de los productos y se puede integrar f\u00e1cilmente en una l\u00ednea de producci\u00f3n. El equipo est\u00e1 construido con acero inoxidable y cumple con todos los est\u00e1ndares de higiene. Las [&hellip;]\" \/>\n<meta property=\"og:url\" content=\"https:\/\/normartrading.webcoder-dev.com\/es\/products\/teltek-c60-with-metal-detector\/\" \/>\n<meta property=\"og:site_name\" content=\"NorMarTrading\" \/>\n<meta property=\"article:publisher\" content=\"https:\/\/www.facebook.com\/nordicmarine\" \/>\n<meta property=\"article:modified_time\" content=\"2023-12-22T19:19:50+00:00\" \/>\n<meta property=\"og:image\" content=\"https:\/\/www.normartrading.no\/wp-content\/uploads\/2023\/06\/ceia__teltek_metal_detector_ths_1.jpg?v=1686148074\" \/>\n\t<meta property=\"og:image:width\" content=\"1000\" \/>\n\t<meta property=\"og:image:height\" content=\"750\" \/>\n\t<meta property=\"og:image:type\" content=\"image\/jpeg\" \/>\n<meta name=\"twitter:card\" content=\"summary_large_image\" \/>\n<meta name=\"twitter:label1\" content=\"Tiempo de lectura\" \/>\n\t<meta name=\"twitter:data1\" content=\"1 minuto\" \/>\n<script type=\"application\/ld+json\" class=\"yoast-schema-graph\">{\"@context\":\"https:\/\/schema.org\",\"@graph\":[{\"@type\":[\"WebPage\",\"ItemPage\"],\"@id\":\"https:\/\/normartrading.webcoder-dev.com\/es\/products\/teltek-c60-with-metal-detector\/\",\"url\":\"https:\/\/normartrading.webcoder-dev.com\/es\/products\/teltek-c60-with-metal-detector\/\",\"name\":\"Teltek C60 con detector de metales for sale NorMarTrading\",\"isPartOf\":{\"@id\":\"https:\/\/www.normartrading.no\/#website\"},\"primaryImageOfPage\":{\"@id\":\"https:\/\/normartrading.webcoder-dev.com\/es\/products\/teltek-c60-with-metal-detector\/#primaryimage\"},\"image\":{\"@id\":\"https:\/\/normartrading.webcoder-dev.com\/es\/products\/teltek-c60-with-metal-detector\/#primaryimage\"},\"thumbnailUrl\":\"https:\/\/normartrading.webcoder-dev.com\/wp-content\/uploads\/2023\/06\/ceia__teltek_metal_detector_ths_1.jpg?v=1686148074\",\"datePublished\":\"2023-06-07T14:28:53+00:00\",\"dateModified\":\"2023-12-22T19:19:50+00:00\",\"breadcrumb\":{\"@id\":\"https:\/\/normartrading.webcoder-dev.com\/es\/products\/teltek-c60-with-metal-detector\/#breadcrumb\"},\"inLanguage\":\"es\",\"potentialAction\":[{\"@type\":\"ReadAction\",\"target\":[\"https:\/\/normartrading.webcoder-dev.com\/es\/products\/teltek-c60-with-metal-detector\/\"]}]},{\"@type\":\"ImageObject\",\"inLanguage\":\"es\",\"@id\":\"https:\/\/normartrading.webcoder-dev.com\/es\/products\/teltek-c60-with-metal-detector\/#primaryimage\",\"url\":\"https:\/\/normartrading.webcoder-dev.com\/wp-content\/uploads\/2023\/06\/ceia__teltek_metal_detector_ths_1.jpg?v=1686148074\",\"contentUrl\":\"https:\/\/normartrading.webcoder-dev.com\/wp-content\/uploads\/2023\/06\/ceia__teltek_metal_detector_ths_1.jpg?v=1686148074\",\"width\":1000,\"height\":750},{\"@type\":\"BreadcrumbList\",\"@id\":\"https:\/\/normartrading.webcoder-dev.com\/es\/products\/teltek-c60-with-metal-detector\/#breadcrumb\",\"itemListElement\":[{\"@type\":\"ListItem\",\"position\":1,\"name\":\"Hjem\",\"item\":\"https:\/\/www.normartrading.no\/\"},{\"@type\":\"ListItem\",\"position\":2,\"name\":\"Productos\",\"item\":\"https:\/\/normartrading.webcoder-dev.com\/es\/productos\/\"},{\"@type\":\"ListItem\",\"position\":3,\"name\":\"M\u00e1quinas y equipos de embalaje\",\"item\":\"https:\/\/normartrading.webcoder-dev.com\/es\/maquinas-y-equipos-de-embalaje\/\"},{\"@type\":\"ListItem\",\"position\":4,\"name\":\"Teltek C60 con detector de metales\"}]},{\"@type\":\"WebSite\",\"@id\":\"https:\/\/www.normartrading.no\/#website\",\"url\":\"https:\/\/www.normartrading.no\/\",\"name\":\"NorMar Trading\",\"description\":\"Produksjonsutstyr til fiskerin\u00e6ringen og matvareindustrien\",\"publisher\":{\"@id\":\"https:\/\/www.normartrading.no\/#organization\"},\"potentialAction\":[{\"@type\":\"SearchAction\",\"target\":{\"@type\":\"EntryPoint\",\"urlTemplate\":\"https:\/\/www.normartrading.no\/?s={search_term_string}\"},\"query-input\":{\"@type\":\"PropertyValueSpecification\",\"valueRequired\":true,\"valueName\":\"search_term_string\"}}],\"inLanguage\":\"es\"},{\"@type\":\"Organization\",\"@id\":\"https:\/\/www.normartrading.no\/#organization\",\"name\":\"NorMar Trading\",\"url\":\"https:\/\/www.normartrading.no\/\",\"logo\":{\"@type\":\"ImageObject\",\"inLanguage\":\"es\",\"@id\":\"https:\/\/www.normartrading.no\/#\/schema\/logo\/image\/\",\"url\":\"https:\/\/normartrading.webcoder-dev.com\/wp-content\/uploads\/2022\/12\/NorMar-Logo-RGB.jpg\",\"contentUrl\":\"https:\/\/normartrading.webcoder-dev.com\/wp-content\/uploads\/2022\/12\/NorMar-Logo-RGB.jpg\",\"width\":500,\"height\":329,\"caption\":\"NorMar Trading\"},\"image\":{\"@id\":\"https:\/\/www.normartrading.no\/#\/schema\/logo\/image\/\"},\"sameAs\":[\"https:\/\/www.facebook.com\/nordicmarine\",\"https:\/\/www.linkedin.com\/company\/normar-trading-as\",\"https:\/\/www.instagram.com\/normartrading\/\",\"https:\/\/www.youtube.com\/channel\/UCjwKO7n-WPQEtEyQmnbSdQg\"]}]}<\/script>\n<!-- \/ Yoast SEO Premium plugin. -->","yoast_head_json":{"title":"Teltek C60 con detector de metales for sale NorMarTrading","robots":{"index":"index","follow":"follow","max-snippet":"max-snippet:-1","max-image-preview":"max-image-preview:large","max-video-preview":"max-video-preview:-1"},"canonical":"https:\/\/normartrading.webcoder-dev.com\/es\/products\/teltek-c60-with-metal-detector\/","og_locale":"es_ES","og_type":"article","og_title":"Teltek C60 con detector de metales","og_description":"Teltek C60 con detector de metales El sistema incluye un detector de metales CEIA y un pesador Teltek. Est\u00e1 dise\u00f1ado para identificar fragmentos de metal dentro de los productos y se puede integrar f\u00e1cilmente en una l\u00ednea de producci\u00f3n. El equipo est\u00e1 construido con acero inoxidable y cumple con todos los est\u00e1ndares de higiene. Las [&hellip;]","og_url":"https:\/\/normartrading.webcoder-dev.com\/es\/products\/teltek-c60-with-metal-detector\/","og_site_name":"NorMarTrading","article_publisher":"https:\/\/www.facebook.com\/nordicmarine","article_modified_time":"2023-12-22T19:19:50+00:00","og_image":[{"width":1000,"height":750,"url":"https:\/\/www.normartrading.no\/wp-content\/uploads\/2023\/06\/ceia__teltek_metal_detector_ths_1.jpg?v=1686148074","type":"image\/jpeg"}],"twitter_card":"summary_large_image","twitter_misc":{"Tiempo de lectura":"1 minuto"},"schema":{"@context":"https:\/\/schema.org","@graph":[{"@type":["WebPage","ItemPage"],"@id":"https:\/\/normartrading.webcoder-dev.com\/es\/products\/teltek-c60-with-metal-detector\/","url":"https:\/\/normartrading.webcoder-dev.com\/es\/products\/teltek-c60-with-metal-detector\/","name":"Teltek C60 con detector de metales for sale NorMarTrading","isPartOf":{"@id":"https:\/\/www.normartrading.no\/#website"},"primaryImageOfPage":{"@id":"https:\/\/normartrading.webcoder-dev.com\/es\/products\/teltek-c60-with-metal-detector\/#primaryimage"},"image":{"@id":"https:\/\/normartrading.webcoder-dev.com\/es\/products\/teltek-c60-with-metal-detector\/#primaryimage"},"thumbnailUrl":"https:\/\/normartrading.webcoder-dev.com\/wp-content\/uploads\/2023\/06\/ceia__teltek_metal_detector_ths_1.jpg?v=1686148074","datePublished":"2023-06-07T14:28:53+00:00","dateModified":"2023-12-22T19:19:50+00:00","breadcrumb":{"@id":"https:\/\/normartrading.webcoder-dev.com\/es\/products\/teltek-c60-with-metal-detector\/#breadcrumb"},"inLanguage":"es","potentialAction":[{"@type":"ReadAction","target":["https:\/\/normartrading.webcoder-dev.com\/es\/products\/teltek-c60-with-metal-detector\/"]}]},{"@type":"ImageObject","inLanguage":"es","@id":"https:\/\/normartrading.webcoder-dev.com\/es\/products\/teltek-c60-with-metal-detector\/#primaryimage","url":"https:\/\/normartrading.webcoder-dev.com\/wp-content\/uploads\/2023\/06\/ceia__teltek_metal_detector_ths_1.jpg?v=1686148074","contentUrl":"https:\/\/normartrading.webcoder-dev.com\/wp-content\/uploads\/2023\/06\/ceia__teltek_metal_detector_ths_1.jpg?v=1686148074","width":1000,"height":750},{"@type":"BreadcrumbList","@id":"https:\/\/normartrading.webcoder-dev.com\/es\/products\/teltek-c60-with-metal-detector\/#breadcrumb","itemListElement":[{"@type":"ListItem","position":1,"name":"Hjem","item":"https:\/\/www.normartrading.no\/"},{"@type":"ListItem","position":2,"name":"Productos","item":"https:\/\/normartrading.webcoder-dev.com\/es\/productos\/"},{"@type":"ListItem","position":3,"name":"M\u00e1quinas y equipos de embalaje","item":"https:\/\/normartrading.webcoder-dev.com\/es\/maquinas-y-equipos-de-embalaje\/"},{"@type":"ListItem","position":4,"name":"Teltek C60 con detector de metales"}]},{"@type":"WebSite","@id":"https:\/\/www.normartrading.no\/#website","url":"https:\/\/www.normartrading.no\/","name":"NorMar Trading","description":"Produksjonsutstyr til fiskerin\u00e6ringen og matvareindustrien","publisher":{"@id":"https:\/\/www.normartrading.no\/#organization"},"potentialAction":[{"@type":"SearchAction","target":{"@type":"EntryPoint","urlTemplate":"https:\/\/www.normartrading.no\/?s={search_term_string}"},"query-input":{"@type":"PropertyValueSpecification","valueRequired":true,"valueName":"search_term_string"}}],"inLanguage":"es"},{"@type":"Organization","@id":"https:\/\/www.normartrading.no\/#organization","name":"NorMar Trading","url":"https:\/\/www.normartrading.no\/","logo":{"@type":"ImageObject","inLanguage":"es","@id":"https:\/\/www.normartrading.no\/#\/schema\/logo\/image\/","url":"https:\/\/normartrading.webcoder-dev.com\/wp-content\/uploads\/2022\/12\/NorMar-Logo-RGB.jpg","contentUrl":"https:\/\/normartrading.webcoder-dev.com\/wp-content\/uploads\/2022\/12\/NorMar-Logo-RGB.jpg","width":500,"height":329,"caption":"NorMar Trading"},"image":{"@id":"https:\/\/www.normartrading.no\/#\/schema\/logo\/image\/"},"sameAs":["https:\/\/www.facebook.com\/nordicmarine","https:\/\/www.linkedin.com\/company\/normar-trading-as","https:\/\/www.instagram.com\/normartrading\/","https:\/\/www.youtube.com\/channel\/UCjwKO7n-WPQEtEyQmnbSdQg"]}]}},"_links":{"self":[{"href":"https:\/\/normartrading.webcoder-dev.com\/es\/wp-json\/wp\/v2\/product\/23456","targetHints":{"allow":["GET"]}}],"collection":[{"href":"https:\/\/normartrading.webcoder-dev.com\/es\/wp-json\/wp\/v2\/product"}],"about":[{"href":"https:\/\/normartrading.webcoder-dev.com\/es\/wp-json\/wp\/v2\/types\/product"}],"wp:featuredmedia":[{"embeddable":true,"href":"https:\/\/normartrading.webcoder-dev.com\/es\/wp-json\/wp\/v2\/media\/21684"}],"wp:attachment":[{"href":"https:\/\/normartrading.webcoder-dev.com\/es\/wp-json\/wp\/v2\/media?parent=23456"}],"wp:term":[{"taxonomy":"product_brand","embeddable":true,"href":"https:\/\/normartrading.webcoder-dev.com\/es\/wp-json\/wp\/v2\/product_brand?post=23456"},{"taxonomy":"product_cat","embeddable":true,"href":"https:\/\/normartrading.webcoder-dev.com\/es\/wp-json\/wp\/v2\/product_cat?post=23456"},{"taxonomy":"product_tag","embeddable":true,"href":"https:\/\/normartrading.webcoder-dev.com\/es\/wp-json\/wp\/v2\/product_tag?post=23456"}],"curies":[{"name":"wp","href":"https:\/\/api.w.org\/{rel}","templated":true}]}}