{"id":23440,"date":"2023-06-07T16:56:17","date_gmt":"2023-06-07T16:56:17","guid":{"rendered":"https:\/\/normartrading.webcoder-dev.com\/products\/espera-es-5901-se-es\/"},"modified":"2024-08-02T14:49:45","modified_gmt":"2024-08-02T14:49:45","slug":"balanzas-industriales-espera-es-5901-se","status":"publish","type":"product","link":"https:\/\/normartrading.webcoder-dev.com\/es\/products\/balanzas-industriales-espera-es-5901-se\/","title":{"rendered":"Balanzas Industriales Espera ES 5901 SE"},"content":{"rendered":"<h6>Balanzas Industriales Espera ES 5901 SE.<\/h6>\n<p>Epera ES 5901 SE es una balanza industrial que integra funciones de pesaje y etiquetado de precios, dise\u00f1ada para eficiencia y precisi\u00f3n en entornos comerciales.<br \/>\nEs una m\u00e1quina autom\u00e1tica de pesaje y etiquetado de precios altamente eficiente. Es capaz de manejar una variedad de productos, lo que la hace adecuada para diversas aplicaciones industriales, especialmente en el sector de procesamiento de alimentos.<br \/>\nBalanzas Industriales Espera ES 5901 SE es particularmente \u00fatil en entornos donde la velocidad y la precisi\u00f3n son cruciales, como en plantas de procesamiento de alimentos a gran escala. Su capacidad para manejar diferentes tipos de productos y su robusto rendimiento la convierten en un activo valioso en entornos industriales.<\/p>\n<p>Aqu\u00ed est\u00e1n los detalles clave sobre esta m\u00e1quina:<\/p>\n<h6>Especificaciones Clave:<\/h6>\n<li>Peso M\u00e1ximo del Paquete: 6 kg<\/li>\n<li>Incremento de Peso: 2 g<\/li>\n<li>Rendimiento: Hasta 65 paquetes por minuto<\/li>\n<li>Ancho M\u00e1ximo del Paquete: 300 mm<\/li>\n<li>Opciones de Impresi\u00f3n: 1 impresora superior<\/li>\n<li>Versatilidad: Adecuada para diversas formas y tama\u00f1os de productos, incluidos productos redondos.<\/li>\n<li>Eficiencia: El rendimiento de alta velocidad asegura un procesamiento r\u00e1pido de los paquetes.<\/li>\n<li>Precisi\u00f3n: Incrementos de peso precisos y etiquetado confiable.<\/li>\n","protected":false},"excerpt":{"rendered":"<p>Balanzas Industriales Espera ES 5901 SE. Epera ES 5901 SE es una balanza industrial que integra funciones de pesaje y etiquetado de precios, dise\u00f1ada para eficiencia y precisi\u00f3n en entornos comerciales. Es una m\u00e1quina autom\u00e1tica de pesaje y etiquetado de precios altamente eficiente. Es capaz de manejar una variedad de productos, lo que la hace [&hellip;]<\/p>\n","protected":false},"featured_media":22022,"template":"","meta":{"_acf_changed":false,"inline_featured_image":false},"product_brand":[],"product_cat":[683,686],"product_tag":[],"class_list":{"0":"post-23440","1":"product","2":"type-product","3":"status-publish","4":"has-post-thumbnail","6":"product_cat-basculas-industriales-de-pesaje","7":"product_cat-maquinas-y-equipos-de-embalaje","9":"first","10":"instock","11":"shipping-taxable","12":"product-type-simple"},"acf":[],"yoast_head":"<!-- This site is optimized with the Yoast SEO Premium plugin v25.2 (Yoast SEO v26.3) - https:\/\/yoast.com\/wordpress\/plugins\/seo\/ -->\n<title>Balanzas Industriales Espera ES 5901 SE a la venta - NorMarTrading<\/title>\n<meta name=\"description\" content=\"Balanzas Industriales Espera ES 5901 SE es una balanza industrial que integra funciones de pesaje y etiquetado de precios.\" \/>\n<meta name=\"robots\" content=\"index, follow, max-snippet:-1, max-image-preview:large, max-video-preview:-1\" \/>\n<link rel=\"canonical\" href=\"https:\/\/normartrading.webcoder-dev.com\/es\/products\/balanzas-industriales-espera-es-5901-se\/\" \/>\n<meta property=\"og:locale\" content=\"es_ES\" \/>\n<meta property=\"og:type\" content=\"article\" \/>\n<meta property=\"og:title\" content=\"Balanzas Industriales Espera ES 5901 SE\" \/>\n<meta property=\"og:description\" content=\"Balanzas Industriales Espera ES 5901 SE es una balanza industrial que integra funciones de pesaje y etiquetado de precios.\" \/>\n<meta property=\"og:url\" content=\"https:\/\/normartrading.webcoder-dev.com\/es\/products\/balanzas-industriales-espera-es-5901-se\/\" \/>\n<meta property=\"og:site_name\" content=\"NorMarTrading\" \/>\n<meta property=\"article:publisher\" content=\"https:\/\/www.facebook.com\/nordicmarine\" \/>\n<meta property=\"article:modified_time\" content=\"2024-08-02T14:49:45+00:00\" \/>\n<meta property=\"og:image\" content=\"https:\/\/www.normartrading.no\/wp-content\/uploads\/2023\/06\/espera_weighing_and_price_labeling_machine.jpg\" \/>\n\t<meta property=\"og:image:width\" content=\"480\" \/>\n\t<meta property=\"og:image:height\" content=\"360\" \/>\n\t<meta property=\"og:image:type\" content=\"image\/jpeg\" \/>\n<meta name=\"twitter:card\" content=\"summary_large_image\" \/>\n<meta name=\"twitter:label1\" content=\"Tiempo de lectura\" \/>\n\t<meta name=\"twitter:data1\" content=\"1 minuto\" \/>\n<script type=\"application\/ld+json\" class=\"yoast-schema-graph\">{\"@context\":\"https:\/\/schema.org\",\"@graph\":[{\"@type\":[\"WebPage\",\"ItemPage\"],\"@id\":\"https:\/\/normartrading.webcoder-dev.com\/es\/products\/balanzas-industriales-espera-es-5901-se\/\",\"url\":\"https:\/\/normartrading.webcoder-dev.com\/es\/products\/balanzas-industriales-espera-es-5901-se\/\",\"name\":\"Balanzas Industriales Espera ES 5901 SE a la venta - NorMarTrading\",\"isPartOf\":{\"@id\":\"https:\/\/www.normartrading.no\/#website\"},\"primaryImageOfPage\":{\"@id\":\"https:\/\/normartrading.webcoder-dev.com\/es\/products\/balanzas-industriales-espera-es-5901-se\/#primaryimage\"},\"image\":{\"@id\":\"https:\/\/normartrading.webcoder-dev.com\/es\/products\/balanzas-industriales-espera-es-5901-se\/#primaryimage\"},\"thumbnailUrl\":\"https:\/\/normartrading.webcoder-dev.com\/wp-content\/uploads\/2023\/06\/espera_weighing_and_price_labeling_machine.jpg\",\"datePublished\":\"2023-06-07T16:56:17+00:00\",\"dateModified\":\"2024-08-02T14:49:45+00:00\",\"description\":\"Balanzas Industriales Espera ES 5901 SE es una balanza industrial que integra funciones de pesaje y etiquetado de precios.\",\"breadcrumb\":{\"@id\":\"https:\/\/normartrading.webcoder-dev.com\/es\/products\/balanzas-industriales-espera-es-5901-se\/#breadcrumb\"},\"inLanguage\":\"es\",\"potentialAction\":[{\"@type\":\"ReadAction\",\"target\":[\"https:\/\/normartrading.webcoder-dev.com\/es\/products\/balanzas-industriales-espera-es-5901-se\/\"]}]},{\"@type\":\"ImageObject\",\"inLanguage\":\"es\",\"@id\":\"https:\/\/normartrading.webcoder-dev.com\/es\/products\/balanzas-industriales-espera-es-5901-se\/#primaryimage\",\"url\":\"https:\/\/normartrading.webcoder-dev.com\/wp-content\/uploads\/2023\/06\/espera_weighing_and_price_labeling_machine.jpg\",\"contentUrl\":\"https:\/\/normartrading.webcoder-dev.com\/wp-content\/uploads\/2023\/06\/espera_weighing_and_price_labeling_machine.jpg\",\"width\":480,\"height\":360,\"caption\":\"Balanzas Industriales Espera ES 5901 SE\"},{\"@type\":\"BreadcrumbList\",\"@id\":\"https:\/\/normartrading.webcoder-dev.com\/es\/products\/balanzas-industriales-espera-es-5901-se\/#breadcrumb\",\"itemListElement\":[{\"@type\":\"ListItem\",\"position\":1,\"name\":\"Hjem\",\"item\":\"https:\/\/www.normartrading.no\/\"},{\"@type\":\"ListItem\",\"position\":2,\"name\":\"Productos\",\"item\":\"https:\/\/normartrading.webcoder-dev.com\/es\/productos\/\"},{\"@type\":\"ListItem\",\"position\":3,\"name\":\"M\u00e1quinas y equipos de embalaje\",\"item\":\"https:\/\/normartrading.webcoder-dev.com\/es\/maquinas-y-equipos-de-embalaje\/\"},{\"@type\":\"ListItem\",\"position\":4,\"name\":\"Balanzas Industriales Espera ES 5901 SE\"}]},{\"@type\":\"WebSite\",\"@id\":\"https:\/\/www.normartrading.no\/#website\",\"url\":\"https:\/\/www.normartrading.no\/\",\"name\":\"NorMar Trading\",\"description\":\"Produksjonsutstyr til fiskerin\u00e6ringen og matvareindustrien\",\"publisher\":{\"@id\":\"https:\/\/www.normartrading.no\/#organization\"},\"potentialAction\":[{\"@type\":\"SearchAction\",\"target\":{\"@type\":\"EntryPoint\",\"urlTemplate\":\"https:\/\/www.normartrading.no\/?s={search_term_string}\"},\"query-input\":{\"@type\":\"PropertyValueSpecification\",\"valueRequired\":true,\"valueName\":\"search_term_string\"}}],\"inLanguage\":\"es\"},{\"@type\":\"Organization\",\"@id\":\"https:\/\/www.normartrading.no\/#organization\",\"name\":\"NorMar Trading\",\"url\":\"https:\/\/www.normartrading.no\/\",\"logo\":{\"@type\":\"ImageObject\",\"inLanguage\":\"es\",\"@id\":\"https:\/\/www.normartrading.no\/#\/schema\/logo\/image\/\",\"url\":\"https:\/\/normartrading.webcoder-dev.com\/wp-content\/uploads\/2022\/12\/NorMar-Logo-RGB.jpg\",\"contentUrl\":\"https:\/\/normartrading.webcoder-dev.com\/wp-content\/uploads\/2022\/12\/NorMar-Logo-RGB.jpg\",\"width\":500,\"height\":329,\"caption\":\"NorMar Trading\"},\"image\":{\"@id\":\"https:\/\/www.normartrading.no\/#\/schema\/logo\/image\/\"},\"sameAs\":[\"https:\/\/www.facebook.com\/nordicmarine\",\"https:\/\/www.linkedin.com\/company\/normar-trading-as\",\"https:\/\/www.instagram.com\/normartrading\/\",\"https:\/\/www.youtube.com\/channel\/UCjwKO7n-WPQEtEyQmnbSdQg\"]}]}<\/script>\n<!-- \/ Yoast SEO Premium plugin. -->","yoast_head_json":{"title":"Balanzas Industriales Espera ES 5901 SE a la venta - NorMarTrading","description":"Balanzas Industriales Espera ES 5901 SE es una balanza industrial que integra funciones de pesaje y etiquetado de precios.","robots":{"index":"index","follow":"follow","max-snippet":"max-snippet:-1","max-image-preview":"max-image-preview:large","max-video-preview":"max-video-preview:-1"},"canonical":"https:\/\/normartrading.webcoder-dev.com\/es\/products\/balanzas-industriales-espera-es-5901-se\/","og_locale":"es_ES","og_type":"article","og_title":"Balanzas Industriales Espera ES 5901 SE","og_description":"Balanzas Industriales Espera ES 5901 SE es una balanza industrial que integra funciones de pesaje y etiquetado de precios.","og_url":"https:\/\/normartrading.webcoder-dev.com\/es\/products\/balanzas-industriales-espera-es-5901-se\/","og_site_name":"NorMarTrading","article_publisher":"https:\/\/www.facebook.com\/nordicmarine","article_modified_time":"2024-08-02T14:49:45+00:00","og_image":[{"width":480,"height":360,"url":"https:\/\/www.normartrading.no\/wp-content\/uploads\/2023\/06\/espera_weighing_and_price_labeling_machine.jpg","type":"image\/jpeg"}],"twitter_card":"summary_large_image","twitter_misc":{"Tiempo de lectura":"1 minuto"},"schema":{"@context":"https:\/\/schema.org","@graph":[{"@type":["WebPage","ItemPage"],"@id":"https:\/\/normartrading.webcoder-dev.com\/es\/products\/balanzas-industriales-espera-es-5901-se\/","url":"https:\/\/normartrading.webcoder-dev.com\/es\/products\/balanzas-industriales-espera-es-5901-se\/","name":"Balanzas Industriales Espera ES 5901 SE a la venta - NorMarTrading","isPartOf":{"@id":"https:\/\/www.normartrading.no\/#website"},"primaryImageOfPage":{"@id":"https:\/\/normartrading.webcoder-dev.com\/es\/products\/balanzas-industriales-espera-es-5901-se\/#primaryimage"},"image":{"@id":"https:\/\/normartrading.webcoder-dev.com\/es\/products\/balanzas-industriales-espera-es-5901-se\/#primaryimage"},"thumbnailUrl":"https:\/\/normartrading.webcoder-dev.com\/wp-content\/uploads\/2023\/06\/espera_weighing_and_price_labeling_machine.jpg","datePublished":"2023-06-07T16:56:17+00:00","dateModified":"2024-08-02T14:49:45+00:00","description":"Balanzas Industriales Espera ES 5901 SE es una balanza industrial que integra funciones de pesaje y etiquetado de precios.","breadcrumb":{"@id":"https:\/\/normartrading.webcoder-dev.com\/es\/products\/balanzas-industriales-espera-es-5901-se\/#breadcrumb"},"inLanguage":"es","potentialAction":[{"@type":"ReadAction","target":["https:\/\/normartrading.webcoder-dev.com\/es\/products\/balanzas-industriales-espera-es-5901-se\/"]}]},{"@type":"ImageObject","inLanguage":"es","@id":"https:\/\/normartrading.webcoder-dev.com\/es\/products\/balanzas-industriales-espera-es-5901-se\/#primaryimage","url":"https:\/\/normartrading.webcoder-dev.com\/wp-content\/uploads\/2023\/06\/espera_weighing_and_price_labeling_machine.jpg","contentUrl":"https:\/\/normartrading.webcoder-dev.com\/wp-content\/uploads\/2023\/06\/espera_weighing_and_price_labeling_machine.jpg","width":480,"height":360,"caption":"Balanzas Industriales Espera ES 5901 SE"},{"@type":"BreadcrumbList","@id":"https:\/\/normartrading.webcoder-dev.com\/es\/products\/balanzas-industriales-espera-es-5901-se\/#breadcrumb","itemListElement":[{"@type":"ListItem","position":1,"name":"Hjem","item":"https:\/\/www.normartrading.no\/"},{"@type":"ListItem","position":2,"name":"Productos","item":"https:\/\/normartrading.webcoder-dev.com\/es\/productos\/"},{"@type":"ListItem","position":3,"name":"M\u00e1quinas y equipos de embalaje","item":"https:\/\/normartrading.webcoder-dev.com\/es\/maquinas-y-equipos-de-embalaje\/"},{"@type":"ListItem","position":4,"name":"Balanzas Industriales Espera ES 5901 SE"}]},{"@type":"WebSite","@id":"https:\/\/www.normartrading.no\/#website","url":"https:\/\/www.normartrading.no\/","name":"NorMar Trading","description":"Produksjonsutstyr til fiskerin\u00e6ringen og matvareindustrien","publisher":{"@id":"https:\/\/www.normartrading.no\/#organization"},"potentialAction":[{"@type":"SearchAction","target":{"@type":"EntryPoint","urlTemplate":"https:\/\/www.normartrading.no\/?s={search_term_string}"},"query-input":{"@type":"PropertyValueSpecification","valueRequired":true,"valueName":"search_term_string"}}],"inLanguage":"es"},{"@type":"Organization","@id":"https:\/\/www.normartrading.no\/#organization","name":"NorMar Trading","url":"https:\/\/www.normartrading.no\/","logo":{"@type":"ImageObject","inLanguage":"es","@id":"https:\/\/www.normartrading.no\/#\/schema\/logo\/image\/","url":"https:\/\/normartrading.webcoder-dev.com\/wp-content\/uploads\/2022\/12\/NorMar-Logo-RGB.jpg","contentUrl":"https:\/\/normartrading.webcoder-dev.com\/wp-content\/uploads\/2022\/12\/NorMar-Logo-RGB.jpg","width":500,"height":329,"caption":"NorMar Trading"},"image":{"@id":"https:\/\/www.normartrading.no\/#\/schema\/logo\/image\/"},"sameAs":["https:\/\/www.facebook.com\/nordicmarine","https:\/\/www.linkedin.com\/company\/normar-trading-as","https:\/\/www.instagram.com\/normartrading\/","https:\/\/www.youtube.com\/channel\/UCjwKO7n-WPQEtEyQmnbSdQg"]}]}},"_links":{"self":[{"href":"https:\/\/normartrading.webcoder-dev.com\/es\/wp-json\/wp\/v2\/product\/23440","targetHints":{"allow":["GET"]}}],"collection":[{"href":"https:\/\/normartrading.webcoder-dev.com\/es\/wp-json\/wp\/v2\/product"}],"about":[{"href":"https:\/\/normartrading.webcoder-dev.com\/es\/wp-json\/wp\/v2\/types\/product"}],"wp:featuredmedia":[{"embeddable":true,"href":"https:\/\/normartrading.webcoder-dev.com\/es\/wp-json\/wp\/v2\/media\/22022"}],"wp:attachment":[{"href":"https:\/\/normartrading.webcoder-dev.com\/es\/wp-json\/wp\/v2\/media?parent=23440"}],"wp:term":[{"taxonomy":"product_brand","embeddable":true,"href":"https:\/\/normartrading.webcoder-dev.com\/es\/wp-json\/wp\/v2\/product_brand?post=23440"},{"taxonomy":"product_cat","embeddable":true,"href":"https:\/\/normartrading.webcoder-dev.com\/es\/wp-json\/wp\/v2\/product_cat?post=23440"},{"taxonomy":"product_tag","embeddable":true,"href":"https:\/\/normartrading.webcoder-dev.com\/es\/wp-json\/wp\/v2\/product_tag?post=23440"}],"curies":[{"name":"wp","href":"https:\/\/api.w.org\/{rel}","templated":true}]}}