{"id":23436,"date":"2023-06-09T15:00:35","date_gmt":"2023-06-09T15:00:35","guid":{"rendered":"https:\/\/normartrading.webcoder-dev.com\/products\/dsi-hpf-7-14-es\/"},"modified":"2025-04-15T11:46:23","modified_gmt":"2025-04-15T11:46:23","slug":"dsi-hpf-h-20-8","status":"publish","type":"product","link":"https:\/\/normartrading.webcoder-dev.com\/es\/products\/dsi-hpf-h-20-8\/","title":{"rendered":"DSI HPF H-20\/8 Congelador de Placas Horizontal"},"content":{"rendered":"<p>DSI HPF H-20\/8 Congelador de Placas Horizontal<\/p>\n<p>A\u00f1o de producci\u00f3n: 1999<br \/>\nEstado: Bueno, en funcionamiento<\/p>\n<p>Los congeladores de placas horizontales DSI HPF H-20\/8 cuentan con un marco de acero galvanizado en caliente o un marco de acero inoxidable de alta resistencia, as\u00ed como cilindros hidr\u00e1ulicos que aseguran una presi\u00f3n de placa estable y uniforme para una congelaci\u00f3n homog\u00e9nea.<\/p>\n<p>Estos congeladores presentan tama\u00f1os de placas \u00f3ptimos y anchos y longitudes personalizados, un dise\u00f1o \u00fanico con aperturas de estaci\u00f3n \u00fanica, bajo consumo de energ\u00eda, as\u00ed como f\u00e1cil limpieza y mantenimiento.<\/p>\n<p>Los congeladores horizontales son relevantes para varias industrias. Por ejemplo, pueden usarse en la industria de carne y aves para tratar t\u00e9rmicamente productos de calidad, o en la industria de pescado y mariscos para congelar diversos productos como salm\u00f3n, camarones y mucho m\u00e1s. Los congeladores garantizan tiempos de congelaci\u00f3n r\u00e1pidos y frescura \u00f3ptima de los alimentos.<\/p>\n<p>Aqu\u00ed est\u00e1n los detalles clave y las especificaciones de este congelador:<\/p>\n<li>N\u00famero de estaciones: 8<\/li>\n<li>N\u00famero de placas: 9<\/li>\n<li>Dimensiones de la placa (LxA): 1250 x 1600 mm<\/li>\n<li>Espacio entre placas: 32 &#8211; 80 mm<\/li>\n<li>Refrigerante: R22<\/li>\n<li>Presi\u00f3n m\u00e1xima de trabajo: 22 bar<\/li>\n<li>Temperatura de operaci\u00f3n: de -60\u00b0C a +40\u00b0C<\/li>\n","protected":false},"excerpt":{"rendered":"<p>DSI HPF H-20\/8 Congelador de Placas Horizontal A\u00f1o de producci\u00f3n: 1999 Estado: Bueno, en funcionamiento Los congeladores de placas horizontales DSI HPF H-20\/8 cuentan con un marco de acero galvanizado en caliente o un marco de acero inoxidable de alta resistencia, as\u00ed como cilindros hidr\u00e1ulicos que aseguran una presi\u00f3n de placa estable y uniforme para [&hellip;]<\/p>\n","protected":false},"featured_media":27423,"template":"","meta":{"_acf_changed":false,"inline_featured_image":false},"product_brand":[],"product_cat":[680,679],"product_tag":[],"class_list":{"0":"post-23436","1":"product","2":"type-product","3":"status-publish","4":"has-post-thumbnail","6":"product_cat-congeladores-de-placas-horizontales","7":"product_cat-equipos-de-congelacion","9":"first","10":"instock","11":"shipping-taxable","12":"product-type-simple"},"acf":[],"yoast_head":"<!-- This site is optimized with the Yoast SEO Premium plugin v25.2 (Yoast SEO v26.3) - https:\/\/yoast.com\/wordpress\/plugins\/seo\/ -->\n<title>DSI HPF H-20\/8 Congelador de Placas Horizontal for sale NorMarTrading<\/title>\n<meta name=\"description\" content=\"DSI HPF 7-14 Congelador de Placas Horizontal es un equipo especializado dise\u00f1ado para una congelaci\u00f3n eficiente y uniforme de diversos productos.\" \/>\n<meta name=\"robots\" content=\"index, follow, max-snippet:-1, max-image-preview:large, max-video-preview:-1\" \/>\n<link rel=\"canonical\" href=\"https:\/\/normartrading.webcoder-dev.com\/es\/products\/dsi-hpf-h-20-8\/\" \/>\n<meta property=\"og:locale\" content=\"es_ES\" \/>\n<meta property=\"og:type\" content=\"article\" \/>\n<meta property=\"og:title\" content=\"DSI HPF H-20\/8 Congelador de Placas Horizontal\" \/>\n<meta property=\"og:description\" content=\"DSI HPF 7-14 Congelador de Placas Horizontal es un equipo especializado dise\u00f1ado para una congelaci\u00f3n eficiente y uniforme de diversos productos.\" \/>\n<meta property=\"og:url\" content=\"https:\/\/normartrading.webcoder-dev.com\/es\/products\/dsi-hpf-h-20-8\/\" \/>\n<meta property=\"og:site_name\" content=\"NorMarTrading\" \/>\n<meta property=\"article:publisher\" content=\"https:\/\/www.facebook.com\/nordicmarine\" \/>\n<meta property=\"article:modified_time\" content=\"2025-04-15T11:46:23+00:00\" \/>\n<meta property=\"og:image\" content=\"https:\/\/www.normartrading.no\/wp-content\/uploads\/2023\/06\/DSI-HPF-8-1.jpg\" \/>\n\t<meta property=\"og:image:width\" content=\"600\" \/>\n\t<meta property=\"og:image:height\" content=\"600\" \/>\n\t<meta property=\"og:image:type\" content=\"image\/jpeg\" \/>\n<meta name=\"twitter:card\" content=\"summary_large_image\" \/>\n<meta name=\"twitter:label1\" content=\"Tiempo de lectura\" \/>\n\t<meta name=\"twitter:data1\" content=\"2 minutos\" \/>\n<script type=\"application\/ld+json\" class=\"yoast-schema-graph\">{\"@context\":\"https:\/\/schema.org\",\"@graph\":[{\"@type\":[\"WebPage\",\"ItemPage\"],\"@id\":\"https:\/\/normartrading.webcoder-dev.com\/es\/products\/dsi-hpf-h-20-8\/\",\"url\":\"https:\/\/normartrading.webcoder-dev.com\/es\/products\/dsi-hpf-h-20-8\/\",\"name\":\"DSI HPF H-20\/8 Congelador de Placas Horizontal for sale NorMarTrading\",\"isPartOf\":{\"@id\":\"https:\/\/www.normartrading.no\/#website\"},\"primaryImageOfPage\":{\"@id\":\"https:\/\/normartrading.webcoder-dev.com\/es\/products\/dsi-hpf-h-20-8\/#primaryimage\"},\"image\":{\"@id\":\"https:\/\/normartrading.webcoder-dev.com\/es\/products\/dsi-hpf-h-20-8\/#primaryimage\"},\"thumbnailUrl\":\"https:\/\/normartrading.webcoder-dev.com\/wp-content\/uploads\/2023\/06\/DSI-HPF-8-1.jpg\",\"datePublished\":\"2023-06-09T15:00:35+00:00\",\"dateModified\":\"2025-04-15T11:46:23+00:00\",\"description\":\"DSI HPF 7-14 Congelador de Placas Horizontal es un equipo especializado dise\u00f1ado para una congelaci\u00f3n eficiente y uniforme de diversos productos.\",\"breadcrumb\":{\"@id\":\"https:\/\/normartrading.webcoder-dev.com\/es\/products\/dsi-hpf-h-20-8\/#breadcrumb\"},\"inLanguage\":\"es\",\"potentialAction\":[{\"@type\":\"ReadAction\",\"target\":[\"https:\/\/normartrading.webcoder-dev.com\/es\/products\/dsi-hpf-h-20-8\/\"]}]},{\"@type\":\"ImageObject\",\"inLanguage\":\"es\",\"@id\":\"https:\/\/normartrading.webcoder-dev.com\/es\/products\/dsi-hpf-h-20-8\/#primaryimage\",\"url\":\"https:\/\/normartrading.webcoder-dev.com\/wp-content\/uploads\/2023\/06\/DSI-HPF-8-1.jpg\",\"contentUrl\":\"https:\/\/normartrading.webcoder-dev.com\/wp-content\/uploads\/2023\/06\/DSI-HPF-8-1.jpg\",\"width\":600,\"height\":600,\"caption\":\"DSI horizontal plate freezer\"},{\"@type\":\"BreadcrumbList\",\"@id\":\"https:\/\/normartrading.webcoder-dev.com\/es\/products\/dsi-hpf-h-20-8\/#breadcrumb\",\"itemListElement\":[{\"@type\":\"ListItem\",\"position\":1,\"name\":\"Hjem\",\"item\":\"https:\/\/www.normartrading.no\/\"},{\"@type\":\"ListItem\",\"position\":2,\"name\":\"Productos\",\"item\":\"https:\/\/normartrading.webcoder-dev.com\/es\/productos\/\"},{\"@type\":\"ListItem\",\"position\":3,\"name\":\"Equipos de Congelaci\u00f3n\",\"item\":\"https:\/\/normartrading.webcoder-dev.com\/es\/equipos-de-congelacion\/\"},{\"@type\":\"ListItem\",\"position\":4,\"name\":\"DSI HPF H-20\/8 Congelador de Placas Horizontal\"}]},{\"@type\":\"WebSite\",\"@id\":\"https:\/\/www.normartrading.no\/#website\",\"url\":\"https:\/\/www.normartrading.no\/\",\"name\":\"NorMar Trading\",\"description\":\"Produksjonsutstyr til fiskerin\u00e6ringen og matvareindustrien\",\"publisher\":{\"@id\":\"https:\/\/www.normartrading.no\/#organization\"},\"potentialAction\":[{\"@type\":\"SearchAction\",\"target\":{\"@type\":\"EntryPoint\",\"urlTemplate\":\"https:\/\/www.normartrading.no\/?s={search_term_string}\"},\"query-input\":{\"@type\":\"PropertyValueSpecification\",\"valueRequired\":true,\"valueName\":\"search_term_string\"}}],\"inLanguage\":\"es\"},{\"@type\":\"Organization\",\"@id\":\"https:\/\/www.normartrading.no\/#organization\",\"name\":\"NorMar Trading\",\"url\":\"https:\/\/www.normartrading.no\/\",\"logo\":{\"@type\":\"ImageObject\",\"inLanguage\":\"es\",\"@id\":\"https:\/\/www.normartrading.no\/#\/schema\/logo\/image\/\",\"url\":\"https:\/\/normartrading.webcoder-dev.com\/wp-content\/uploads\/2022\/12\/NorMar-Logo-RGB.jpg\",\"contentUrl\":\"https:\/\/normartrading.webcoder-dev.com\/wp-content\/uploads\/2022\/12\/NorMar-Logo-RGB.jpg\",\"width\":500,\"height\":329,\"caption\":\"NorMar Trading\"},\"image\":{\"@id\":\"https:\/\/www.normartrading.no\/#\/schema\/logo\/image\/\"},\"sameAs\":[\"https:\/\/www.facebook.com\/nordicmarine\",\"https:\/\/www.linkedin.com\/company\/normar-trading-as\",\"https:\/\/www.instagram.com\/normartrading\/\",\"https:\/\/www.youtube.com\/channel\/UCjwKO7n-WPQEtEyQmnbSdQg\"]}]}<\/script>\n<!-- \/ Yoast SEO Premium plugin. -->","yoast_head_json":{"title":"DSI HPF H-20\/8 Congelador de Placas Horizontal for sale NorMarTrading","description":"DSI HPF 7-14 Congelador de Placas Horizontal es un equipo especializado dise\u00f1ado para una congelaci\u00f3n eficiente y uniforme de diversos productos.","robots":{"index":"index","follow":"follow","max-snippet":"max-snippet:-1","max-image-preview":"max-image-preview:large","max-video-preview":"max-video-preview:-1"},"canonical":"https:\/\/normartrading.webcoder-dev.com\/es\/products\/dsi-hpf-h-20-8\/","og_locale":"es_ES","og_type":"article","og_title":"DSI HPF H-20\/8 Congelador de Placas Horizontal","og_description":"DSI HPF 7-14 Congelador de Placas Horizontal es un equipo especializado dise\u00f1ado para una congelaci\u00f3n eficiente y uniforme de diversos productos.","og_url":"https:\/\/normartrading.webcoder-dev.com\/es\/products\/dsi-hpf-h-20-8\/","og_site_name":"NorMarTrading","article_publisher":"https:\/\/www.facebook.com\/nordicmarine","article_modified_time":"2025-04-15T11:46:23+00:00","og_image":[{"width":600,"height":600,"url":"https:\/\/www.normartrading.no\/wp-content\/uploads\/2023\/06\/DSI-HPF-8-1.jpg","type":"image\/jpeg"}],"twitter_card":"summary_large_image","twitter_misc":{"Tiempo de lectura":"2 minutos"},"schema":{"@context":"https:\/\/schema.org","@graph":[{"@type":["WebPage","ItemPage"],"@id":"https:\/\/normartrading.webcoder-dev.com\/es\/products\/dsi-hpf-h-20-8\/","url":"https:\/\/normartrading.webcoder-dev.com\/es\/products\/dsi-hpf-h-20-8\/","name":"DSI HPF H-20\/8 Congelador de Placas Horizontal for sale NorMarTrading","isPartOf":{"@id":"https:\/\/www.normartrading.no\/#website"},"primaryImageOfPage":{"@id":"https:\/\/normartrading.webcoder-dev.com\/es\/products\/dsi-hpf-h-20-8\/#primaryimage"},"image":{"@id":"https:\/\/normartrading.webcoder-dev.com\/es\/products\/dsi-hpf-h-20-8\/#primaryimage"},"thumbnailUrl":"https:\/\/normartrading.webcoder-dev.com\/wp-content\/uploads\/2023\/06\/DSI-HPF-8-1.jpg","datePublished":"2023-06-09T15:00:35+00:00","dateModified":"2025-04-15T11:46:23+00:00","description":"DSI HPF 7-14 Congelador de Placas Horizontal es un equipo especializado dise\u00f1ado para una congelaci\u00f3n eficiente y uniforme de diversos productos.","breadcrumb":{"@id":"https:\/\/normartrading.webcoder-dev.com\/es\/products\/dsi-hpf-h-20-8\/#breadcrumb"},"inLanguage":"es","potentialAction":[{"@type":"ReadAction","target":["https:\/\/normartrading.webcoder-dev.com\/es\/products\/dsi-hpf-h-20-8\/"]}]},{"@type":"ImageObject","inLanguage":"es","@id":"https:\/\/normartrading.webcoder-dev.com\/es\/products\/dsi-hpf-h-20-8\/#primaryimage","url":"https:\/\/normartrading.webcoder-dev.com\/wp-content\/uploads\/2023\/06\/DSI-HPF-8-1.jpg","contentUrl":"https:\/\/normartrading.webcoder-dev.com\/wp-content\/uploads\/2023\/06\/DSI-HPF-8-1.jpg","width":600,"height":600,"caption":"DSI horizontal plate freezer"},{"@type":"BreadcrumbList","@id":"https:\/\/normartrading.webcoder-dev.com\/es\/products\/dsi-hpf-h-20-8\/#breadcrumb","itemListElement":[{"@type":"ListItem","position":1,"name":"Hjem","item":"https:\/\/www.normartrading.no\/"},{"@type":"ListItem","position":2,"name":"Productos","item":"https:\/\/normartrading.webcoder-dev.com\/es\/productos\/"},{"@type":"ListItem","position":3,"name":"Equipos de Congelaci\u00f3n","item":"https:\/\/normartrading.webcoder-dev.com\/es\/equipos-de-congelacion\/"},{"@type":"ListItem","position":4,"name":"DSI HPF H-20\/8 Congelador de Placas Horizontal"}]},{"@type":"WebSite","@id":"https:\/\/www.normartrading.no\/#website","url":"https:\/\/www.normartrading.no\/","name":"NorMar Trading","description":"Produksjonsutstyr til fiskerin\u00e6ringen og matvareindustrien","publisher":{"@id":"https:\/\/www.normartrading.no\/#organization"},"potentialAction":[{"@type":"SearchAction","target":{"@type":"EntryPoint","urlTemplate":"https:\/\/www.normartrading.no\/?s={search_term_string}"},"query-input":{"@type":"PropertyValueSpecification","valueRequired":true,"valueName":"search_term_string"}}],"inLanguage":"es"},{"@type":"Organization","@id":"https:\/\/www.normartrading.no\/#organization","name":"NorMar Trading","url":"https:\/\/www.normartrading.no\/","logo":{"@type":"ImageObject","inLanguage":"es","@id":"https:\/\/www.normartrading.no\/#\/schema\/logo\/image\/","url":"https:\/\/normartrading.webcoder-dev.com\/wp-content\/uploads\/2022\/12\/NorMar-Logo-RGB.jpg","contentUrl":"https:\/\/normartrading.webcoder-dev.com\/wp-content\/uploads\/2022\/12\/NorMar-Logo-RGB.jpg","width":500,"height":329,"caption":"NorMar Trading"},"image":{"@id":"https:\/\/www.normartrading.no\/#\/schema\/logo\/image\/"},"sameAs":["https:\/\/www.facebook.com\/nordicmarine","https:\/\/www.linkedin.com\/company\/normar-trading-as","https:\/\/www.instagram.com\/normartrading\/","https:\/\/www.youtube.com\/channel\/UCjwKO7n-WPQEtEyQmnbSdQg"]}]}},"_links":{"self":[{"href":"https:\/\/normartrading.webcoder-dev.com\/es\/wp-json\/wp\/v2\/product\/23436","targetHints":{"allow":["GET"]}}],"collection":[{"href":"https:\/\/normartrading.webcoder-dev.com\/es\/wp-json\/wp\/v2\/product"}],"about":[{"href":"https:\/\/normartrading.webcoder-dev.com\/es\/wp-json\/wp\/v2\/types\/product"}],"wp:featuredmedia":[{"embeddable":true,"href":"https:\/\/normartrading.webcoder-dev.com\/es\/wp-json\/wp\/v2\/media\/27423"}],"wp:attachment":[{"href":"https:\/\/normartrading.webcoder-dev.com\/es\/wp-json\/wp\/v2\/media?parent=23436"}],"wp:term":[{"taxonomy":"product_brand","embeddable":true,"href":"https:\/\/normartrading.webcoder-dev.com\/es\/wp-json\/wp\/v2\/product_brand?post=23436"},{"taxonomy":"product_cat","embeddable":true,"href":"https:\/\/normartrading.webcoder-dev.com\/es\/wp-json\/wp\/v2\/product_cat?post=23436"},{"taxonomy":"product_tag","embeddable":true,"href":"https:\/\/normartrading.webcoder-dev.com\/es\/wp-json\/wp\/v2\/product_tag?post=23436"}],"curies":[{"name":"wp","href":"https:\/\/api.w.org\/{rel}","templated":true}]}}