{"id":23432,"date":"2023-06-09T15:14:37","date_gmt":"2023-06-09T15:14:37","guid":{"rendered":"https:\/\/normartrading.webcoder-dev.com\/products\/geneglace-f900-es\/"},"modified":"2024-06-28T07:56:10","modified_gmt":"2024-06-28T07:56:10","slug":"geneglace-f900","status":"publish","type":"product","link":"https:\/\/normartrading.webcoder-dev.com\/es\/products\/geneglace-f900\/","title":{"rendered":"Geneglace F900 Generador de hielo"},"content":{"rendered":"<p>Geneglace F900 Generador de hielo <\/p>\n<p>Condici\u00f3n: Bueno, funcionando<\/p>\n<p>Esta unidad est\u00e1 espec\u00edficamente dise\u00f1ada como una soluci\u00f3n ideal para enfriar productos en la l\u00ednea de producci\u00f3n, con una caracter\u00edstica notable de integraci\u00f3n sin problemas en f\u00e1bricas de pescado equipadas con un sistema de procesamiento de transporte.<\/p>\n<p>Geneglace F900 Generador de hielo consta de un generador de alta capacidad que produce hielo, y una m\u00e1quina dosificadora que suministra escamas de hielo directamente en las cajas de pescado.<\/p>\n<p>Refrigerante: NH3 (amon\u00edaco)<\/p>\n<p>Capacidad: 52 toneladas por d\u00eda (26 toneladas \/ 24h en cada uno de los 2 tambores)<\/p>\n<p>Potencia de refrigeraci\u00f3n: 130 kW<\/p>\n<p>Voltaje: 3 x 400 V \/ 50 Hz<\/p>\n","protected":false},"excerpt":{"rendered":"<p>Geneglace F900 Generador de hielo Condici\u00f3n: Bueno, funcionando Esta unidad est\u00e1 espec\u00edficamente dise\u00f1ada como una soluci\u00f3n ideal para enfriar productos en la l\u00ednea de producci\u00f3n, con una caracter\u00edstica notable de integraci\u00f3n sin problemas en f\u00e1bricas de pescado equipadas con un sistema de procesamiento de transporte. Geneglace F900 Generador de hielo consta de un generador de [&hellip;]<\/p>\n","protected":false},"featured_media":22341,"template":"","meta":{"_acf_changed":false,"inline_featured_image":false},"product_brand":[],"product_cat":[679,681],"product_tag":[],"class_list":{"0":"post-23432","1":"product","2":"type-product","3":"status-publish","4":"has-post-thumbnail","6":"product_cat-equipos-de-congelacion","7":"product_cat-generadores-de-hielo","9":"first","10":"instock","11":"shipping-taxable","12":"product-type-simple"},"acf":[],"yoast_head":"<!-- This site is optimized with the Yoast SEO Premium plugin v25.2 (Yoast SEO v26.3) - https:\/\/yoast.com\/wordpress\/plugins\/seo\/ -->\n<title>Geneglace F900 Generador de hielo for sale NorMarTrading<\/title>\n<meta name=\"description\" content=\"Generador de Hielo Geneglace F900. Funciona perfectamente en f\u00e1bricas de pescado con sistemas de procesamiento por cinta transportadora. Ideal para enfriar productos en la l\u00ednea de producci\u00f3n.\" \/>\n<meta name=\"robots\" content=\"index, follow, max-snippet:-1, max-image-preview:large, max-video-preview:-1\" \/>\n<link rel=\"canonical\" href=\"https:\/\/normartrading.webcoder-dev.com\/es\/products\/geneglace-f900\/\" \/>\n<meta property=\"og:locale\" content=\"es_ES\" \/>\n<meta property=\"og:type\" content=\"article\" \/>\n<meta property=\"og:title\" content=\"Geneglace F900 Generador de hielo\" \/>\n<meta property=\"og:description\" content=\"Generador de Hielo Geneglace F900. Funciona perfectamente en f\u00e1bricas de pescado con sistemas de procesamiento por cinta transportadora. Ideal para enfriar productos en la l\u00ednea de producci\u00f3n.\" \/>\n<meta property=\"og:url\" content=\"https:\/\/normartrading.webcoder-dev.com\/es\/products\/geneglace-f900\/\" \/>\n<meta property=\"og:site_name\" content=\"NorMarTrading\" \/>\n<meta property=\"article:publisher\" content=\"https:\/\/www.facebook.com\/nordicmarine\" \/>\n<meta property=\"article:modified_time\" content=\"2024-06-28T07:56:10+00:00\" \/>\n<meta property=\"og:image\" content=\"https:\/\/www.normartrading.no\/wp-content\/uploads\/2023\/06\/IMG_20210608_114854-scaled.jpg\" \/>\n\t<meta property=\"og:image:width\" content=\"865\" \/>\n\t<meta property=\"og:image:height\" content=\"1920\" \/>\n\t<meta property=\"og:image:type\" content=\"image\/jpeg\" \/>\n<meta name=\"twitter:card\" content=\"summary_large_image\" \/>\n<meta name=\"twitter:label1\" content=\"Tiempo de lectura\" \/>\n\t<meta name=\"twitter:data1\" content=\"1 minuto\" \/>\n<script type=\"application\/ld+json\" class=\"yoast-schema-graph\">{\"@context\":\"https:\/\/schema.org\",\"@graph\":[{\"@type\":[\"WebPage\",\"ItemPage\"],\"@id\":\"https:\/\/normartrading.webcoder-dev.com\/es\/products\/geneglace-f900\/\",\"url\":\"https:\/\/normartrading.webcoder-dev.com\/es\/products\/geneglace-f900\/\",\"name\":\"Geneglace F900 Generador de hielo for sale NorMarTrading\",\"isPartOf\":{\"@id\":\"https:\/\/www.normartrading.no\/#website\"},\"primaryImageOfPage\":{\"@id\":\"https:\/\/normartrading.webcoder-dev.com\/es\/products\/geneglace-f900\/#primaryimage\"},\"image\":{\"@id\":\"https:\/\/normartrading.webcoder-dev.com\/es\/products\/geneglace-f900\/#primaryimage\"},\"thumbnailUrl\":\"https:\/\/normartrading.webcoder-dev.com\/wp-content\/uploads\/2023\/06\/IMG_20210608_114854-scaled.jpg\",\"datePublished\":\"2023-06-09T15:14:37+00:00\",\"dateModified\":\"2024-06-28T07:56:10+00:00\",\"description\":\"Generador de Hielo Geneglace F900. Funciona perfectamente en f\u00e1bricas de pescado con sistemas de procesamiento por cinta transportadora. Ideal para enfriar productos en la l\u00ednea de producci\u00f3n.\",\"breadcrumb\":{\"@id\":\"https:\/\/normartrading.webcoder-dev.com\/es\/products\/geneglace-f900\/#breadcrumb\"},\"inLanguage\":\"es\",\"potentialAction\":[{\"@type\":\"ReadAction\",\"target\":[\"https:\/\/normartrading.webcoder-dev.com\/es\/products\/geneglace-f900\/\"]}]},{\"@type\":\"ImageObject\",\"inLanguage\":\"es\",\"@id\":\"https:\/\/normartrading.webcoder-dev.com\/es\/products\/geneglace-f900\/#primaryimage\",\"url\":\"https:\/\/normartrading.webcoder-dev.com\/wp-content\/uploads\/2023\/06\/IMG_20210608_114854-scaled.jpg\",\"contentUrl\":\"https:\/\/normartrading.webcoder-dev.com\/wp-content\/uploads\/2023\/06\/IMG_20210608_114854-scaled.jpg\",\"width\":865,\"height\":1920,\"caption\":\"Geneglace F900\"},{\"@type\":\"BreadcrumbList\",\"@id\":\"https:\/\/normartrading.webcoder-dev.com\/es\/products\/geneglace-f900\/#breadcrumb\",\"itemListElement\":[{\"@type\":\"ListItem\",\"position\":1,\"name\":\"Hjem\",\"item\":\"https:\/\/www.normartrading.no\/\"},{\"@type\":\"ListItem\",\"position\":2,\"name\":\"Productos\",\"item\":\"https:\/\/normartrading.webcoder-dev.com\/es\/productos\/\"},{\"@type\":\"ListItem\",\"position\":3,\"name\":\"Equipos de Congelaci\u00f3n\",\"item\":\"https:\/\/normartrading.webcoder-dev.com\/es\/equipos-de-congelacion\/\"},{\"@type\":\"ListItem\",\"position\":4,\"name\":\"Geneglace F900 Generador de hielo\"}]},{\"@type\":\"WebSite\",\"@id\":\"https:\/\/www.normartrading.no\/#website\",\"url\":\"https:\/\/www.normartrading.no\/\",\"name\":\"NorMar Trading\",\"description\":\"Produksjonsutstyr til fiskerin\u00e6ringen og matvareindustrien\",\"publisher\":{\"@id\":\"https:\/\/www.normartrading.no\/#organization\"},\"potentialAction\":[{\"@type\":\"SearchAction\",\"target\":{\"@type\":\"EntryPoint\",\"urlTemplate\":\"https:\/\/www.normartrading.no\/?s={search_term_string}\"},\"query-input\":{\"@type\":\"PropertyValueSpecification\",\"valueRequired\":true,\"valueName\":\"search_term_string\"}}],\"inLanguage\":\"es\"},{\"@type\":\"Organization\",\"@id\":\"https:\/\/www.normartrading.no\/#organization\",\"name\":\"NorMar Trading\",\"url\":\"https:\/\/www.normartrading.no\/\",\"logo\":{\"@type\":\"ImageObject\",\"inLanguage\":\"es\",\"@id\":\"https:\/\/www.normartrading.no\/#\/schema\/logo\/image\/\",\"url\":\"https:\/\/normartrading.webcoder-dev.com\/wp-content\/uploads\/2022\/12\/NorMar-Logo-RGB.jpg\",\"contentUrl\":\"https:\/\/normartrading.webcoder-dev.com\/wp-content\/uploads\/2022\/12\/NorMar-Logo-RGB.jpg\",\"width\":500,\"height\":329,\"caption\":\"NorMar Trading\"},\"image\":{\"@id\":\"https:\/\/www.normartrading.no\/#\/schema\/logo\/image\/\"},\"sameAs\":[\"https:\/\/www.facebook.com\/nordicmarine\",\"https:\/\/www.linkedin.com\/company\/normar-trading-as\",\"https:\/\/www.instagram.com\/normartrading\/\",\"https:\/\/www.youtube.com\/channel\/UCjwKO7n-WPQEtEyQmnbSdQg\"]}]}<\/script>\n<!-- \/ Yoast SEO Premium plugin. -->","yoast_head_json":{"title":"Geneglace F900 Generador de hielo for sale NorMarTrading","description":"Generador de Hielo Geneglace F900. Funciona perfectamente en f\u00e1bricas de pescado con sistemas de procesamiento por cinta transportadora. Ideal para enfriar productos en la l\u00ednea de producci\u00f3n.","robots":{"index":"index","follow":"follow","max-snippet":"max-snippet:-1","max-image-preview":"max-image-preview:large","max-video-preview":"max-video-preview:-1"},"canonical":"https:\/\/normartrading.webcoder-dev.com\/es\/products\/geneglace-f900\/","og_locale":"es_ES","og_type":"article","og_title":"Geneglace F900 Generador de hielo","og_description":"Generador de Hielo Geneglace F900. Funciona perfectamente en f\u00e1bricas de pescado con sistemas de procesamiento por cinta transportadora. Ideal para enfriar productos en la l\u00ednea de producci\u00f3n.","og_url":"https:\/\/normartrading.webcoder-dev.com\/es\/products\/geneglace-f900\/","og_site_name":"NorMarTrading","article_publisher":"https:\/\/www.facebook.com\/nordicmarine","article_modified_time":"2024-06-28T07:56:10+00:00","og_image":[{"width":865,"height":1920,"url":"https:\/\/www.normartrading.no\/wp-content\/uploads\/2023\/06\/IMG_20210608_114854-scaled.jpg","type":"image\/jpeg"}],"twitter_card":"summary_large_image","twitter_misc":{"Tiempo de lectura":"1 minuto"},"schema":{"@context":"https:\/\/schema.org","@graph":[{"@type":["WebPage","ItemPage"],"@id":"https:\/\/normartrading.webcoder-dev.com\/es\/products\/geneglace-f900\/","url":"https:\/\/normartrading.webcoder-dev.com\/es\/products\/geneglace-f900\/","name":"Geneglace F900 Generador de hielo for sale NorMarTrading","isPartOf":{"@id":"https:\/\/www.normartrading.no\/#website"},"primaryImageOfPage":{"@id":"https:\/\/normartrading.webcoder-dev.com\/es\/products\/geneglace-f900\/#primaryimage"},"image":{"@id":"https:\/\/normartrading.webcoder-dev.com\/es\/products\/geneglace-f900\/#primaryimage"},"thumbnailUrl":"https:\/\/normartrading.webcoder-dev.com\/wp-content\/uploads\/2023\/06\/IMG_20210608_114854-scaled.jpg","datePublished":"2023-06-09T15:14:37+00:00","dateModified":"2024-06-28T07:56:10+00:00","description":"Generador de Hielo Geneglace F900. Funciona perfectamente en f\u00e1bricas de pescado con sistemas de procesamiento por cinta transportadora. Ideal para enfriar productos en la l\u00ednea de producci\u00f3n.","breadcrumb":{"@id":"https:\/\/normartrading.webcoder-dev.com\/es\/products\/geneglace-f900\/#breadcrumb"},"inLanguage":"es","potentialAction":[{"@type":"ReadAction","target":["https:\/\/normartrading.webcoder-dev.com\/es\/products\/geneglace-f900\/"]}]},{"@type":"ImageObject","inLanguage":"es","@id":"https:\/\/normartrading.webcoder-dev.com\/es\/products\/geneglace-f900\/#primaryimage","url":"https:\/\/normartrading.webcoder-dev.com\/wp-content\/uploads\/2023\/06\/IMG_20210608_114854-scaled.jpg","contentUrl":"https:\/\/normartrading.webcoder-dev.com\/wp-content\/uploads\/2023\/06\/IMG_20210608_114854-scaled.jpg","width":865,"height":1920,"caption":"Geneglace F900"},{"@type":"BreadcrumbList","@id":"https:\/\/normartrading.webcoder-dev.com\/es\/products\/geneglace-f900\/#breadcrumb","itemListElement":[{"@type":"ListItem","position":1,"name":"Hjem","item":"https:\/\/www.normartrading.no\/"},{"@type":"ListItem","position":2,"name":"Productos","item":"https:\/\/normartrading.webcoder-dev.com\/es\/productos\/"},{"@type":"ListItem","position":3,"name":"Equipos de Congelaci\u00f3n","item":"https:\/\/normartrading.webcoder-dev.com\/es\/equipos-de-congelacion\/"},{"@type":"ListItem","position":4,"name":"Geneglace F900 Generador de hielo"}]},{"@type":"WebSite","@id":"https:\/\/www.normartrading.no\/#website","url":"https:\/\/www.normartrading.no\/","name":"NorMar Trading","description":"Produksjonsutstyr til fiskerin\u00e6ringen og matvareindustrien","publisher":{"@id":"https:\/\/www.normartrading.no\/#organization"},"potentialAction":[{"@type":"SearchAction","target":{"@type":"EntryPoint","urlTemplate":"https:\/\/www.normartrading.no\/?s={search_term_string}"},"query-input":{"@type":"PropertyValueSpecification","valueRequired":true,"valueName":"search_term_string"}}],"inLanguage":"es"},{"@type":"Organization","@id":"https:\/\/www.normartrading.no\/#organization","name":"NorMar Trading","url":"https:\/\/www.normartrading.no\/","logo":{"@type":"ImageObject","inLanguage":"es","@id":"https:\/\/www.normartrading.no\/#\/schema\/logo\/image\/","url":"https:\/\/normartrading.webcoder-dev.com\/wp-content\/uploads\/2022\/12\/NorMar-Logo-RGB.jpg","contentUrl":"https:\/\/normartrading.webcoder-dev.com\/wp-content\/uploads\/2022\/12\/NorMar-Logo-RGB.jpg","width":500,"height":329,"caption":"NorMar Trading"},"image":{"@id":"https:\/\/www.normartrading.no\/#\/schema\/logo\/image\/"},"sameAs":["https:\/\/www.facebook.com\/nordicmarine","https:\/\/www.linkedin.com\/company\/normar-trading-as","https:\/\/www.instagram.com\/normartrading\/","https:\/\/www.youtube.com\/channel\/UCjwKO7n-WPQEtEyQmnbSdQg"]}]}},"_links":{"self":[{"href":"https:\/\/normartrading.webcoder-dev.com\/es\/wp-json\/wp\/v2\/product\/23432","targetHints":{"allow":["GET"]}}],"collection":[{"href":"https:\/\/normartrading.webcoder-dev.com\/es\/wp-json\/wp\/v2\/product"}],"about":[{"href":"https:\/\/normartrading.webcoder-dev.com\/es\/wp-json\/wp\/v2\/types\/product"}],"wp:featuredmedia":[{"embeddable":true,"href":"https:\/\/normartrading.webcoder-dev.com\/es\/wp-json\/wp\/v2\/media\/22341"}],"wp:attachment":[{"href":"https:\/\/normartrading.webcoder-dev.com\/es\/wp-json\/wp\/v2\/media?parent=23432"}],"wp:term":[{"taxonomy":"product_brand","embeddable":true,"href":"https:\/\/normartrading.webcoder-dev.com\/es\/wp-json\/wp\/v2\/product_brand?post=23432"},{"taxonomy":"product_cat","embeddable":true,"href":"https:\/\/normartrading.webcoder-dev.com\/es\/wp-json\/wp\/v2\/product_cat?post=23432"},{"taxonomy":"product_tag","embeddable":true,"href":"https:\/\/normartrading.webcoder-dev.com\/es\/wp-json\/wp\/v2\/product_tag?post=23432"}],"curies":[{"name":"wp","href":"https:\/\/api.w.org\/{rel}","templated":true}]}}