{"id":23426,"date":"2023-06-09T15:35:23","date_gmt":"2023-06-09T15:35:23","guid":{"rendered":"https:\/\/normartrading.webcoder-dev.com\/products\/dsi-v5-32-100-b-es\/"},"modified":"2024-06-14T14:58:45","modified_gmt":"2024-06-14T14:58:45","slug":"congelador-de-placas-verticales-dsi-v5-32-100-b","status":"publish","type":"product","link":"https:\/\/normartrading.webcoder-dev.com\/es\/products\/congelador-de-placas-verticales-dsi-v5-32-100-b\/","title":{"rendered":"Congelador de Placas Verticales DSI V5 32-100 B"},"content":{"rendered":"<p>Congelador de Placas Verticales DSI V5 32-100 B<\/p>\n<p>Condici\u00f3n: Bueno, operativo<\/p>\n<p>Esta Congelador de Placas Verticales se encuentra en buen estado de funcionamiento y ofrece un rendimiento confiable.<\/p>\n<p>Especificaciones:<\/p>\n<p>32 estaciones<br \/>\n33 placas<br \/>\nTama\u00f1o de la placa (L\u00d7W): 820 \u00d7 600 mm<br \/>\nCada estaci\u00f3n puede acomodar dos bloques congelados, con cada bloque midiendo (L\u00d7W\u00d7H): 400 \u00d7 600 \u00d7 75 mm<br \/>\nRefrigerante: NH3\/R22<\/p>\n<p>Dimensiones (LxWxH): 4788 x 1346 x 1190 mm<\/p>\n<p>Peso: 2560 kg<\/p>\n<p>Ejemplo de congelaci\u00f3n para bloque de carne picada de aves:<\/p>\n<p>Dimensiones del bloque: 400 x 600 x 100 mm, 2 bloques por estaci\u00f3n<br \/>\nPeso de cada bloque: 20.5 kg<br \/>\nPeso total de una carga: 1312 kg<br \/>\nCiclo de congelaci\u00f3n: 205 min (7 ciclos por 24 horas)<\/p>\n<p>Capacidad: Aproximadamente 9000 kg por 24 horas<\/p>\n<p>Temperatura del producto de entrada: +5\u00b0C<\/p>\n<p>Temperatura del producto de salida: -18\u00b0C<\/p>\n<p>Potencia: 43 kW<\/p>\n<p>Volumen de refrigerante R22: 244 litros<\/p>\n<p>Temperatura de evaporaci\u00f3n en las placas: -40\u00b0C<\/p>\n","protected":false},"excerpt":{"rendered":"<p>Congelador de Placas Verticales DSI V5 32-100 B Condici\u00f3n: Bueno, operativo Esta Congelador de Placas Verticales se encuentra en buen estado de funcionamiento y ofrece un rendimiento confiable. Especificaciones: 32 estaciones 33 placas Tama\u00f1o de la placa (L\u00d7W): 820 \u00d7 600 mm Cada estaci\u00f3n puede acomodar dos bloques congelados, con cada bloque midiendo (L\u00d7W\u00d7H): 400 [&hellip;]<\/p>\n","protected":false},"featured_media":22493,"template":"","meta":{"_acf_changed":false,"inline_featured_image":false},"product_brand":[],"product_cat":[692,679],"product_tag":[],"class_list":{"0":"post-23426","1":"product","2":"type-product","3":"status-publish","4":"has-post-thumbnail","6":"product_cat-congeladores-de-placa-vertical","7":"product_cat-equipos-de-congelacion","9":"first","10":"instock","11":"shipping-taxable","12":"product-type-simple"},"acf":[],"yoast_head":"<!-- This site is optimized with the Yoast SEO Premium plugin v25.2 (Yoast SEO v26.3) - https:\/\/yoast.com\/wordpress\/plugins\/seo\/ -->\n<title>Congelador de Placas Verticales DSI V5 32-100 B for sale NorMarTrading<\/title>\n<meta name=\"description\" content=\"Congelador de placas verticales DSI V5 32-100 B. Rendimiento confiable, buen estado. Ideal para congelar eficientemente bloques de carne de pollo picada.\" \/>\n<meta name=\"robots\" content=\"index, follow, max-snippet:-1, max-image-preview:large, max-video-preview:-1\" \/>\n<link rel=\"canonical\" href=\"https:\/\/normartrading.webcoder-dev.com\/es\/products\/congelador-de-placas-verticales-dsi-v5-32-100-b\/\" \/>\n<meta property=\"og:locale\" content=\"es_ES\" \/>\n<meta property=\"og:type\" content=\"article\" \/>\n<meta property=\"og:title\" content=\"Congelador de Placas Verticales DSI V5 32-100 B\" \/>\n<meta property=\"og:description\" content=\"Congelador de placas verticales DSI V5 32-100 B. Rendimiento confiable, buen estado. Ideal para congelar eficientemente bloques de carne de pollo picada.\" \/>\n<meta property=\"og:url\" content=\"https:\/\/normartrading.webcoder-dev.com\/es\/products\/congelador-de-placas-verticales-dsi-v5-32-100-b\/\" \/>\n<meta property=\"og:site_name\" content=\"NorMarTrading\" \/>\n<meta property=\"article:publisher\" content=\"https:\/\/www.facebook.com\/nordicmarine\" \/>\n<meta property=\"article:modified_time\" content=\"2024-06-14T14:58:45+00:00\" \/>\n<meta property=\"og:image\" content=\"https:\/\/www.normartrading.no\/wp-content\/uploads\/2023\/06\/dsi_v5_32100_b_1-1.jpg\" \/>\n\t<meta property=\"og:image:width\" content=\"1280\" \/>\n\t<meta property=\"og:image:height\" content=\"773\" \/>\n\t<meta property=\"og:image:type\" content=\"image\/jpeg\" \/>\n<meta name=\"twitter:card\" content=\"summary_large_image\" \/>\n<meta name=\"twitter:label1\" content=\"Tiempo de lectura\" \/>\n\t<meta name=\"twitter:data1\" content=\"1 minuto\" \/>\n<script type=\"application\/ld+json\" class=\"yoast-schema-graph\">{\"@context\":\"https:\/\/schema.org\",\"@graph\":[{\"@type\":[\"WebPage\",\"ItemPage\"],\"@id\":\"https:\/\/normartrading.webcoder-dev.com\/es\/products\/congelador-de-placas-verticales-dsi-v5-32-100-b\/\",\"url\":\"https:\/\/normartrading.webcoder-dev.com\/es\/products\/congelador-de-placas-verticales-dsi-v5-32-100-b\/\",\"name\":\"Congelador de Placas Verticales DSI V5 32-100 B for sale NorMarTrading\",\"isPartOf\":{\"@id\":\"https:\/\/www.normartrading.no\/#website\"},\"primaryImageOfPage\":{\"@id\":\"https:\/\/normartrading.webcoder-dev.com\/es\/products\/congelador-de-placas-verticales-dsi-v5-32-100-b\/#primaryimage\"},\"image\":{\"@id\":\"https:\/\/normartrading.webcoder-dev.com\/es\/products\/congelador-de-placas-verticales-dsi-v5-32-100-b\/#primaryimage\"},\"thumbnailUrl\":\"https:\/\/normartrading.webcoder-dev.com\/wp-content\/uploads\/2023\/06\/dsi_v5_32100_b_1-1.jpg\",\"datePublished\":\"2023-06-09T15:35:23+00:00\",\"dateModified\":\"2024-06-14T14:58:45+00:00\",\"description\":\"Congelador de placas verticales DSI V5 32-100 B. Rendimiento confiable, buen estado. Ideal para congelar eficientemente bloques de carne de pollo picada.\",\"breadcrumb\":{\"@id\":\"https:\/\/normartrading.webcoder-dev.com\/es\/products\/congelador-de-placas-verticales-dsi-v5-32-100-b\/#breadcrumb\"},\"inLanguage\":\"es\",\"potentialAction\":[{\"@type\":\"ReadAction\",\"target\":[\"https:\/\/normartrading.webcoder-dev.com\/es\/products\/congelador-de-placas-verticales-dsi-v5-32-100-b\/\"]}]},{\"@type\":\"ImageObject\",\"inLanguage\":\"es\",\"@id\":\"https:\/\/normartrading.webcoder-dev.com\/es\/products\/congelador-de-placas-verticales-dsi-v5-32-100-b\/#primaryimage\",\"url\":\"https:\/\/normartrading.webcoder-dev.com\/wp-content\/uploads\/2023\/06\/dsi_v5_32100_b_1-1.jpg\",\"contentUrl\":\"https:\/\/normartrading.webcoder-dev.com\/wp-content\/uploads\/2023\/06\/dsi_v5_32100_b_1-1.jpg\",\"width\":1280,\"height\":773,\"caption\":\"Congelador de Placas Verticales DSI V5 32-100 B\"},{\"@type\":\"BreadcrumbList\",\"@id\":\"https:\/\/normartrading.webcoder-dev.com\/es\/products\/congelador-de-placas-verticales-dsi-v5-32-100-b\/#breadcrumb\",\"itemListElement\":[{\"@type\":\"ListItem\",\"position\":1,\"name\":\"Hjem\",\"item\":\"https:\/\/www.normartrading.no\/\"},{\"@type\":\"ListItem\",\"position\":2,\"name\":\"Productos\",\"item\":\"https:\/\/normartrading.webcoder-dev.com\/es\/productos\/\"},{\"@type\":\"ListItem\",\"position\":3,\"name\":\"Equipos de Congelaci\u00f3n\",\"item\":\"https:\/\/normartrading.webcoder-dev.com\/es\/equipos-de-congelacion\/\"},{\"@type\":\"ListItem\",\"position\":4,\"name\":\"Congelador de Placas Verticales DSI V5 32-100 B\"}]},{\"@type\":\"WebSite\",\"@id\":\"https:\/\/www.normartrading.no\/#website\",\"url\":\"https:\/\/www.normartrading.no\/\",\"name\":\"NorMar Trading\",\"description\":\"Produksjonsutstyr til fiskerin\u00e6ringen og matvareindustrien\",\"publisher\":{\"@id\":\"https:\/\/www.normartrading.no\/#organization\"},\"potentialAction\":[{\"@type\":\"SearchAction\",\"target\":{\"@type\":\"EntryPoint\",\"urlTemplate\":\"https:\/\/www.normartrading.no\/?s={search_term_string}\"},\"query-input\":{\"@type\":\"PropertyValueSpecification\",\"valueRequired\":true,\"valueName\":\"search_term_string\"}}],\"inLanguage\":\"es\"},{\"@type\":\"Organization\",\"@id\":\"https:\/\/www.normartrading.no\/#organization\",\"name\":\"NorMar Trading\",\"url\":\"https:\/\/www.normartrading.no\/\",\"logo\":{\"@type\":\"ImageObject\",\"inLanguage\":\"es\",\"@id\":\"https:\/\/www.normartrading.no\/#\/schema\/logo\/image\/\",\"url\":\"https:\/\/normartrading.webcoder-dev.com\/wp-content\/uploads\/2022\/12\/NorMar-Logo-RGB.jpg\",\"contentUrl\":\"https:\/\/normartrading.webcoder-dev.com\/wp-content\/uploads\/2022\/12\/NorMar-Logo-RGB.jpg\",\"width\":500,\"height\":329,\"caption\":\"NorMar Trading\"},\"image\":{\"@id\":\"https:\/\/www.normartrading.no\/#\/schema\/logo\/image\/\"},\"sameAs\":[\"https:\/\/www.facebook.com\/nordicmarine\",\"https:\/\/www.linkedin.com\/company\/normar-trading-as\",\"https:\/\/www.instagram.com\/normartrading\/\",\"https:\/\/www.youtube.com\/channel\/UCjwKO7n-WPQEtEyQmnbSdQg\"]}]}<\/script>\n<!-- \/ Yoast SEO Premium plugin. -->","yoast_head_json":{"title":"Congelador de Placas Verticales DSI V5 32-100 B for sale NorMarTrading","description":"Congelador de placas verticales DSI V5 32-100 B. Rendimiento confiable, buen estado. Ideal para congelar eficientemente bloques de carne de pollo picada.","robots":{"index":"index","follow":"follow","max-snippet":"max-snippet:-1","max-image-preview":"max-image-preview:large","max-video-preview":"max-video-preview:-1"},"canonical":"https:\/\/normartrading.webcoder-dev.com\/es\/products\/congelador-de-placas-verticales-dsi-v5-32-100-b\/","og_locale":"es_ES","og_type":"article","og_title":"Congelador de Placas Verticales DSI V5 32-100 B","og_description":"Congelador de placas verticales DSI V5 32-100 B. Rendimiento confiable, buen estado. Ideal para congelar eficientemente bloques de carne de pollo picada.","og_url":"https:\/\/normartrading.webcoder-dev.com\/es\/products\/congelador-de-placas-verticales-dsi-v5-32-100-b\/","og_site_name":"NorMarTrading","article_publisher":"https:\/\/www.facebook.com\/nordicmarine","article_modified_time":"2024-06-14T14:58:45+00:00","og_image":[{"width":1280,"height":773,"url":"https:\/\/www.normartrading.no\/wp-content\/uploads\/2023\/06\/dsi_v5_32100_b_1-1.jpg","type":"image\/jpeg"}],"twitter_card":"summary_large_image","twitter_misc":{"Tiempo de lectura":"1 minuto"},"schema":{"@context":"https:\/\/schema.org","@graph":[{"@type":["WebPage","ItemPage"],"@id":"https:\/\/normartrading.webcoder-dev.com\/es\/products\/congelador-de-placas-verticales-dsi-v5-32-100-b\/","url":"https:\/\/normartrading.webcoder-dev.com\/es\/products\/congelador-de-placas-verticales-dsi-v5-32-100-b\/","name":"Congelador de Placas Verticales DSI V5 32-100 B for sale NorMarTrading","isPartOf":{"@id":"https:\/\/www.normartrading.no\/#website"},"primaryImageOfPage":{"@id":"https:\/\/normartrading.webcoder-dev.com\/es\/products\/congelador-de-placas-verticales-dsi-v5-32-100-b\/#primaryimage"},"image":{"@id":"https:\/\/normartrading.webcoder-dev.com\/es\/products\/congelador-de-placas-verticales-dsi-v5-32-100-b\/#primaryimage"},"thumbnailUrl":"https:\/\/normartrading.webcoder-dev.com\/wp-content\/uploads\/2023\/06\/dsi_v5_32100_b_1-1.jpg","datePublished":"2023-06-09T15:35:23+00:00","dateModified":"2024-06-14T14:58:45+00:00","description":"Congelador de placas verticales DSI V5 32-100 B. Rendimiento confiable, buen estado. Ideal para congelar eficientemente bloques de carne de pollo picada.","breadcrumb":{"@id":"https:\/\/normartrading.webcoder-dev.com\/es\/products\/congelador-de-placas-verticales-dsi-v5-32-100-b\/#breadcrumb"},"inLanguage":"es","potentialAction":[{"@type":"ReadAction","target":["https:\/\/normartrading.webcoder-dev.com\/es\/products\/congelador-de-placas-verticales-dsi-v5-32-100-b\/"]}]},{"@type":"ImageObject","inLanguage":"es","@id":"https:\/\/normartrading.webcoder-dev.com\/es\/products\/congelador-de-placas-verticales-dsi-v5-32-100-b\/#primaryimage","url":"https:\/\/normartrading.webcoder-dev.com\/wp-content\/uploads\/2023\/06\/dsi_v5_32100_b_1-1.jpg","contentUrl":"https:\/\/normartrading.webcoder-dev.com\/wp-content\/uploads\/2023\/06\/dsi_v5_32100_b_1-1.jpg","width":1280,"height":773,"caption":"Congelador de Placas Verticales DSI V5 32-100 B"},{"@type":"BreadcrumbList","@id":"https:\/\/normartrading.webcoder-dev.com\/es\/products\/congelador-de-placas-verticales-dsi-v5-32-100-b\/#breadcrumb","itemListElement":[{"@type":"ListItem","position":1,"name":"Hjem","item":"https:\/\/www.normartrading.no\/"},{"@type":"ListItem","position":2,"name":"Productos","item":"https:\/\/normartrading.webcoder-dev.com\/es\/productos\/"},{"@type":"ListItem","position":3,"name":"Equipos de Congelaci\u00f3n","item":"https:\/\/normartrading.webcoder-dev.com\/es\/equipos-de-congelacion\/"},{"@type":"ListItem","position":4,"name":"Congelador de Placas Verticales DSI V5 32-100 B"}]},{"@type":"WebSite","@id":"https:\/\/www.normartrading.no\/#website","url":"https:\/\/www.normartrading.no\/","name":"NorMar Trading","description":"Produksjonsutstyr til fiskerin\u00e6ringen og matvareindustrien","publisher":{"@id":"https:\/\/www.normartrading.no\/#organization"},"potentialAction":[{"@type":"SearchAction","target":{"@type":"EntryPoint","urlTemplate":"https:\/\/www.normartrading.no\/?s={search_term_string}"},"query-input":{"@type":"PropertyValueSpecification","valueRequired":true,"valueName":"search_term_string"}}],"inLanguage":"es"},{"@type":"Organization","@id":"https:\/\/www.normartrading.no\/#organization","name":"NorMar Trading","url":"https:\/\/www.normartrading.no\/","logo":{"@type":"ImageObject","inLanguage":"es","@id":"https:\/\/www.normartrading.no\/#\/schema\/logo\/image\/","url":"https:\/\/normartrading.webcoder-dev.com\/wp-content\/uploads\/2022\/12\/NorMar-Logo-RGB.jpg","contentUrl":"https:\/\/normartrading.webcoder-dev.com\/wp-content\/uploads\/2022\/12\/NorMar-Logo-RGB.jpg","width":500,"height":329,"caption":"NorMar Trading"},"image":{"@id":"https:\/\/www.normartrading.no\/#\/schema\/logo\/image\/"},"sameAs":["https:\/\/www.facebook.com\/nordicmarine","https:\/\/www.linkedin.com\/company\/normar-trading-as","https:\/\/www.instagram.com\/normartrading\/","https:\/\/www.youtube.com\/channel\/UCjwKO7n-WPQEtEyQmnbSdQg"]}]}},"_links":{"self":[{"href":"https:\/\/normartrading.webcoder-dev.com\/es\/wp-json\/wp\/v2\/product\/23426","targetHints":{"allow":["GET"]}}],"collection":[{"href":"https:\/\/normartrading.webcoder-dev.com\/es\/wp-json\/wp\/v2\/product"}],"about":[{"href":"https:\/\/normartrading.webcoder-dev.com\/es\/wp-json\/wp\/v2\/types\/product"}],"wp:featuredmedia":[{"embeddable":true,"href":"https:\/\/normartrading.webcoder-dev.com\/es\/wp-json\/wp\/v2\/media\/22493"}],"wp:attachment":[{"href":"https:\/\/normartrading.webcoder-dev.com\/es\/wp-json\/wp\/v2\/media?parent=23426"}],"wp:term":[{"taxonomy":"product_brand","embeddable":true,"href":"https:\/\/normartrading.webcoder-dev.com\/es\/wp-json\/wp\/v2\/product_brand?post=23426"},{"taxonomy":"product_cat","embeddable":true,"href":"https:\/\/normartrading.webcoder-dev.com\/es\/wp-json\/wp\/v2\/product_cat?post=23426"},{"taxonomy":"product_tag","embeddable":true,"href":"https:\/\/normartrading.webcoder-dev.com\/es\/wp-json\/wp\/v2\/product_tag?post=23426"}],"curies":[{"name":"wp","href":"https:\/\/api.w.org\/{rel}","templated":true}]}}