{"id":23425,"date":"2023-06-09T15:38:53","date_gmt":"2023-06-09T15:38:53","guid":{"rendered":"https:\/\/normartrading.webcoder-dev.com\/products\/jackstone-plate-freezer-es\/"},"modified":"2024-07-10T09:21:00","modified_gmt":"2024-07-10T09:21:00","slug":"congelador-de-placas-verticales","status":"publish","type":"product","link":"https:\/\/normartrading.webcoder-dev.com\/es\/products\/congelador-de-placas-verticales\/","title":{"rendered":"Congelador de Placas Verticales Jackstone"},"content":{"rendered":"<p>Congelador de Placas Verticales Jackstone est\u00e1 dise\u00f1ada espec\u00edficamente para congelar productos alimenticios en bloques con un grosor de 75 mm. Es adecuada para su instalaci\u00f3n tanto en f\u00e1bricas terrestres como en barcos de procesamiento en el mar. Anteriormente, estas congeladoras se han utilizado principalmente en plantas terrestres de pescado para congelar bacalao.<\/p>\n<p>Las opciones de refrigerante incluyen Fre\u00f3n o amon\u00edaco.<\/p>\n<p>Especificaciones:<\/p>\n<p>N\u00famero de estaciones: 32<br \/>\nPeso unitario: 1100 kg.<\/p>\n","protected":false},"excerpt":{"rendered":"<p>Congelador de Placas Verticales Jackstone est\u00e1 dise\u00f1ada espec\u00edficamente para congelar productos alimenticios en bloques con un grosor de 75 mm. Es adecuada para su instalaci\u00f3n tanto en f\u00e1bricas terrestres como en barcos de procesamiento en el mar. Anteriormente, estas congeladoras se han utilizado principalmente en plantas terrestres de pescado para congelar bacalao. Las opciones de [&hellip;]<\/p>\n","protected":false},"featured_media":22512,"template":"","meta":{"_acf_changed":false,"inline_featured_image":false},"product_brand":[],"product_cat":[692,679],"product_tag":[],"class_list":{"0":"post-23425","1":"product","2":"type-product","3":"status-publish","4":"has-post-thumbnail","6":"product_cat-congeladores-de-placa-vertical","7":"product_cat-equipos-de-congelacion","9":"first","10":"instock","11":"shipping-taxable","12":"product-type-simple"},"acf":[],"yoast_head":"<!-- This site is optimized with the Yoast SEO Premium plugin v25.2 (Yoast SEO v26.3) - https:\/\/yoast.com\/wordpress\/plugins\/seo\/ -->\n<title>Congelador de Placas Verticales Jackstone for sale NorMarTrading<\/title>\n<meta name=\"description\" content=\"Congelador de Placas Verticales Jackstone est\u00e1 dise\u00f1ada espec\u00edficamente para congelar productos alimenticios en bloques con un grosor de 75 mm.\" \/>\n<meta name=\"robots\" content=\"index, follow, max-snippet:-1, max-image-preview:large, max-video-preview:-1\" \/>\n<link rel=\"canonical\" href=\"https:\/\/normartrading.webcoder-dev.com\/es\/products\/congelador-de-placas-verticales\/\" \/>\n<meta property=\"og:locale\" content=\"es_ES\" \/>\n<meta property=\"og:type\" content=\"article\" \/>\n<meta property=\"og:title\" content=\"Congelador de Placas Verticales Jackstone\" \/>\n<meta property=\"og:description\" content=\"Congelador de Placas Verticales Jackstone est\u00e1 dise\u00f1ada espec\u00edficamente para congelar productos alimenticios en bloques con un grosor de 75 mm.\" \/>\n<meta property=\"og:url\" content=\"https:\/\/normartrading.webcoder-dev.com\/es\/products\/congelador-de-placas-verticales\/\" \/>\n<meta property=\"og:site_name\" content=\"NorMarTrading\" \/>\n<meta property=\"article:publisher\" content=\"https:\/\/www.facebook.com\/nordicmarine\" \/>\n<meta property=\"article:modified_time\" content=\"2024-07-10T09:21:00+00:00\" \/>\n<meta property=\"og:image\" content=\"https:\/\/www.normartrading.no\/wp-content\/uploads\/2023\/06\/jackstone_vertical_plate_freezer_1_1.jpg\" \/>\n\t<meta property=\"og:image:width\" content=\"1600\" \/>\n\t<meta property=\"og:image:height\" content=\"1200\" \/>\n\t<meta property=\"og:image:type\" content=\"image\/jpeg\" \/>\n<meta name=\"twitter:card\" content=\"summary_large_image\" \/>\n<meta name=\"twitter:label1\" content=\"Tiempo de lectura\" \/>\n\t<meta name=\"twitter:data1\" content=\"1 minuto\" \/>\n<script type=\"application\/ld+json\" class=\"yoast-schema-graph\">{\"@context\":\"https:\/\/schema.org\",\"@graph\":[{\"@type\":[\"WebPage\",\"ItemPage\"],\"@id\":\"https:\/\/normartrading.webcoder-dev.com\/es\/products\/congelador-de-placas-verticales\/\",\"url\":\"https:\/\/normartrading.webcoder-dev.com\/es\/products\/congelador-de-placas-verticales\/\",\"name\":\"Congelador de Placas Verticales Jackstone for sale NorMarTrading\",\"isPartOf\":{\"@id\":\"https:\/\/www.normartrading.no\/#website\"},\"primaryImageOfPage\":{\"@id\":\"https:\/\/normartrading.webcoder-dev.com\/es\/products\/congelador-de-placas-verticales\/#primaryimage\"},\"image\":{\"@id\":\"https:\/\/normartrading.webcoder-dev.com\/es\/products\/congelador-de-placas-verticales\/#primaryimage\"},\"thumbnailUrl\":\"https:\/\/normartrading.webcoder-dev.com\/wp-content\/uploads\/2023\/06\/jackstone_vertical_plate_freezer_1_1.jpg\",\"datePublished\":\"2023-06-09T15:38:53+00:00\",\"dateModified\":\"2024-07-10T09:21:00+00:00\",\"description\":\"Congelador de Placas Verticales Jackstone est\u00e1 dise\u00f1ada espec\u00edficamente para congelar productos alimenticios en bloques con un grosor de 75 mm.\",\"breadcrumb\":{\"@id\":\"https:\/\/normartrading.webcoder-dev.com\/es\/products\/congelador-de-placas-verticales\/#breadcrumb\"},\"inLanguage\":\"es\",\"potentialAction\":[{\"@type\":\"ReadAction\",\"target\":[\"https:\/\/normartrading.webcoder-dev.com\/es\/products\/congelador-de-placas-verticales\/\"]}]},{\"@type\":\"ImageObject\",\"inLanguage\":\"es\",\"@id\":\"https:\/\/normartrading.webcoder-dev.com\/es\/products\/congelador-de-placas-verticales\/#primaryimage\",\"url\":\"https:\/\/normartrading.webcoder-dev.com\/wp-content\/uploads\/2023\/06\/jackstone_vertical_plate_freezer_1_1.jpg\",\"contentUrl\":\"https:\/\/normartrading.webcoder-dev.com\/wp-content\/uploads\/2023\/06\/jackstone_vertical_plate_freezer_1_1.jpg\",\"width\":1600,\"height\":1200,\"caption\":\"Congelador de Placas Verticales\"},{\"@type\":\"BreadcrumbList\",\"@id\":\"https:\/\/normartrading.webcoder-dev.com\/es\/products\/congelador-de-placas-verticales\/#breadcrumb\",\"itemListElement\":[{\"@type\":\"ListItem\",\"position\":1,\"name\":\"Hjem\",\"item\":\"https:\/\/www.normartrading.no\/\"},{\"@type\":\"ListItem\",\"position\":2,\"name\":\"Productos\",\"item\":\"https:\/\/normartrading.webcoder-dev.com\/es\/productos\/\"},{\"@type\":\"ListItem\",\"position\":3,\"name\":\"Equipos de Congelaci\u00f3n\",\"item\":\"https:\/\/normartrading.webcoder-dev.com\/es\/equipos-de-congelacion\/\"},{\"@type\":\"ListItem\",\"position\":4,\"name\":\"Congelador de Placas Verticales Jackstone\"}]},{\"@type\":\"WebSite\",\"@id\":\"https:\/\/www.normartrading.no\/#website\",\"url\":\"https:\/\/www.normartrading.no\/\",\"name\":\"NorMar Trading\",\"description\":\"Produksjonsutstyr til fiskerin\u00e6ringen og matvareindustrien\",\"publisher\":{\"@id\":\"https:\/\/www.normartrading.no\/#organization\"},\"potentialAction\":[{\"@type\":\"SearchAction\",\"target\":{\"@type\":\"EntryPoint\",\"urlTemplate\":\"https:\/\/www.normartrading.no\/?s={search_term_string}\"},\"query-input\":{\"@type\":\"PropertyValueSpecification\",\"valueRequired\":true,\"valueName\":\"search_term_string\"}}],\"inLanguage\":\"es\"},{\"@type\":\"Organization\",\"@id\":\"https:\/\/www.normartrading.no\/#organization\",\"name\":\"NorMar Trading\",\"url\":\"https:\/\/www.normartrading.no\/\",\"logo\":{\"@type\":\"ImageObject\",\"inLanguage\":\"es\",\"@id\":\"https:\/\/www.normartrading.no\/#\/schema\/logo\/image\/\",\"url\":\"https:\/\/normartrading.webcoder-dev.com\/wp-content\/uploads\/2022\/12\/NorMar-Logo-RGB.jpg\",\"contentUrl\":\"https:\/\/normartrading.webcoder-dev.com\/wp-content\/uploads\/2022\/12\/NorMar-Logo-RGB.jpg\",\"width\":500,\"height\":329,\"caption\":\"NorMar Trading\"},\"image\":{\"@id\":\"https:\/\/www.normartrading.no\/#\/schema\/logo\/image\/\"},\"sameAs\":[\"https:\/\/www.facebook.com\/nordicmarine\",\"https:\/\/www.linkedin.com\/company\/normar-trading-as\",\"https:\/\/www.instagram.com\/normartrading\/\",\"https:\/\/www.youtube.com\/channel\/UCjwKO7n-WPQEtEyQmnbSdQg\"]}]}<\/script>\n<!-- \/ Yoast SEO Premium plugin. -->","yoast_head_json":{"title":"Congelador de Placas Verticales Jackstone for sale NorMarTrading","description":"Congelador de Placas Verticales Jackstone est\u00e1 dise\u00f1ada espec\u00edficamente para congelar productos alimenticios en bloques con un grosor de 75 mm.","robots":{"index":"index","follow":"follow","max-snippet":"max-snippet:-1","max-image-preview":"max-image-preview:large","max-video-preview":"max-video-preview:-1"},"canonical":"https:\/\/normartrading.webcoder-dev.com\/es\/products\/congelador-de-placas-verticales\/","og_locale":"es_ES","og_type":"article","og_title":"Congelador de Placas Verticales Jackstone","og_description":"Congelador de Placas Verticales Jackstone est\u00e1 dise\u00f1ada espec\u00edficamente para congelar productos alimenticios en bloques con un grosor de 75 mm.","og_url":"https:\/\/normartrading.webcoder-dev.com\/es\/products\/congelador-de-placas-verticales\/","og_site_name":"NorMarTrading","article_publisher":"https:\/\/www.facebook.com\/nordicmarine","article_modified_time":"2024-07-10T09:21:00+00:00","og_image":[{"width":1600,"height":1200,"url":"https:\/\/www.normartrading.no\/wp-content\/uploads\/2023\/06\/jackstone_vertical_plate_freezer_1_1.jpg","type":"image\/jpeg"}],"twitter_card":"summary_large_image","twitter_misc":{"Tiempo de lectura":"1 minuto"},"schema":{"@context":"https:\/\/schema.org","@graph":[{"@type":["WebPage","ItemPage"],"@id":"https:\/\/normartrading.webcoder-dev.com\/es\/products\/congelador-de-placas-verticales\/","url":"https:\/\/normartrading.webcoder-dev.com\/es\/products\/congelador-de-placas-verticales\/","name":"Congelador de Placas Verticales Jackstone for sale NorMarTrading","isPartOf":{"@id":"https:\/\/www.normartrading.no\/#website"},"primaryImageOfPage":{"@id":"https:\/\/normartrading.webcoder-dev.com\/es\/products\/congelador-de-placas-verticales\/#primaryimage"},"image":{"@id":"https:\/\/normartrading.webcoder-dev.com\/es\/products\/congelador-de-placas-verticales\/#primaryimage"},"thumbnailUrl":"https:\/\/normartrading.webcoder-dev.com\/wp-content\/uploads\/2023\/06\/jackstone_vertical_plate_freezer_1_1.jpg","datePublished":"2023-06-09T15:38:53+00:00","dateModified":"2024-07-10T09:21:00+00:00","description":"Congelador de Placas Verticales Jackstone est\u00e1 dise\u00f1ada espec\u00edficamente para congelar productos alimenticios en bloques con un grosor de 75 mm.","breadcrumb":{"@id":"https:\/\/normartrading.webcoder-dev.com\/es\/products\/congelador-de-placas-verticales\/#breadcrumb"},"inLanguage":"es","potentialAction":[{"@type":"ReadAction","target":["https:\/\/normartrading.webcoder-dev.com\/es\/products\/congelador-de-placas-verticales\/"]}]},{"@type":"ImageObject","inLanguage":"es","@id":"https:\/\/normartrading.webcoder-dev.com\/es\/products\/congelador-de-placas-verticales\/#primaryimage","url":"https:\/\/normartrading.webcoder-dev.com\/wp-content\/uploads\/2023\/06\/jackstone_vertical_plate_freezer_1_1.jpg","contentUrl":"https:\/\/normartrading.webcoder-dev.com\/wp-content\/uploads\/2023\/06\/jackstone_vertical_plate_freezer_1_1.jpg","width":1600,"height":1200,"caption":"Congelador de Placas Verticales"},{"@type":"BreadcrumbList","@id":"https:\/\/normartrading.webcoder-dev.com\/es\/products\/congelador-de-placas-verticales\/#breadcrumb","itemListElement":[{"@type":"ListItem","position":1,"name":"Hjem","item":"https:\/\/www.normartrading.no\/"},{"@type":"ListItem","position":2,"name":"Productos","item":"https:\/\/normartrading.webcoder-dev.com\/es\/productos\/"},{"@type":"ListItem","position":3,"name":"Equipos de Congelaci\u00f3n","item":"https:\/\/normartrading.webcoder-dev.com\/es\/equipos-de-congelacion\/"},{"@type":"ListItem","position":4,"name":"Congelador de Placas Verticales Jackstone"}]},{"@type":"WebSite","@id":"https:\/\/www.normartrading.no\/#website","url":"https:\/\/www.normartrading.no\/","name":"NorMar Trading","description":"Produksjonsutstyr til fiskerin\u00e6ringen og matvareindustrien","publisher":{"@id":"https:\/\/www.normartrading.no\/#organization"},"potentialAction":[{"@type":"SearchAction","target":{"@type":"EntryPoint","urlTemplate":"https:\/\/www.normartrading.no\/?s={search_term_string}"},"query-input":{"@type":"PropertyValueSpecification","valueRequired":true,"valueName":"search_term_string"}}],"inLanguage":"es"},{"@type":"Organization","@id":"https:\/\/www.normartrading.no\/#organization","name":"NorMar Trading","url":"https:\/\/www.normartrading.no\/","logo":{"@type":"ImageObject","inLanguage":"es","@id":"https:\/\/www.normartrading.no\/#\/schema\/logo\/image\/","url":"https:\/\/normartrading.webcoder-dev.com\/wp-content\/uploads\/2022\/12\/NorMar-Logo-RGB.jpg","contentUrl":"https:\/\/normartrading.webcoder-dev.com\/wp-content\/uploads\/2022\/12\/NorMar-Logo-RGB.jpg","width":500,"height":329,"caption":"NorMar Trading"},"image":{"@id":"https:\/\/www.normartrading.no\/#\/schema\/logo\/image\/"},"sameAs":["https:\/\/www.facebook.com\/nordicmarine","https:\/\/www.linkedin.com\/company\/normar-trading-as","https:\/\/www.instagram.com\/normartrading\/","https:\/\/www.youtube.com\/channel\/UCjwKO7n-WPQEtEyQmnbSdQg"]}]}},"_links":{"self":[{"href":"https:\/\/normartrading.webcoder-dev.com\/es\/wp-json\/wp\/v2\/product\/23425","targetHints":{"allow":["GET"]}}],"collection":[{"href":"https:\/\/normartrading.webcoder-dev.com\/es\/wp-json\/wp\/v2\/product"}],"about":[{"href":"https:\/\/normartrading.webcoder-dev.com\/es\/wp-json\/wp\/v2\/types\/product"}],"wp:featuredmedia":[{"embeddable":true,"href":"https:\/\/normartrading.webcoder-dev.com\/es\/wp-json\/wp\/v2\/media\/22512"}],"wp:attachment":[{"href":"https:\/\/normartrading.webcoder-dev.com\/es\/wp-json\/wp\/v2\/media?parent=23425"}],"wp:term":[{"taxonomy":"product_brand","embeddable":true,"href":"https:\/\/normartrading.webcoder-dev.com\/es\/wp-json\/wp\/v2\/product_brand?post=23425"},{"taxonomy":"product_cat","embeddable":true,"href":"https:\/\/normartrading.webcoder-dev.com\/es\/wp-json\/wp\/v2\/product_cat?post=23425"},{"taxonomy":"product_tag","embeddable":true,"href":"https:\/\/normartrading.webcoder-dev.com\/es\/wp-json\/wp\/v2\/product_tag?post=23425"}],"curies":[{"name":"wp","href":"https:\/\/api.w.org\/{rel}","templated":true}]}}