{"id":26417,"date":"2024-10-17T08:01:27","date_gmt":"2024-10-17T08:01:27","guid":{"rendered":"https:\/\/normartrading.webcoder-dev.com\/products\/marel-compact-grader-cg-60\/"},"modified":"2024-10-17T08:20:53","modified_gmt":"2024-10-17T08:20:53","slug":"marel-compact-grader-cg-60","status":"publish","type":"product","link":"https:\/\/normartrading.webcoder-dev.com\/en\/products\/marel-compact-grader-cg-60\/","title":{"rendered":"Marel Compact Grader CG-60 6 porter"},"content":{"rendered":"<h6>Marel Compact Grader CG-60<\/h6>\n<p>Produksjons\u00e5r: 2004<br \/>\nModell: GRA-PA32-CG60<br \/>\nTilstand: overhalt<\/p>\n<p>Denne kompakte sorteringsmaskinen er designet for presis sortering av ferske og frosne produkter i n\u00e6ringsmiddelindustrien. Den har en kapasitet p\u00e5 120 enheter per minutt og kan h\u00e5ndtere produkter med vekt fra 40 til 3000 gram. Marel Compact Grader CG-60 har et syntetisk belte med en bredde p\u00e5 305 mm og drives med 0,5 kW. Den kompakte utformingen p\u00e5 185 kg gj\u00f8r den enkel \u00e5 integrere i produksjonslinjer, og den automatiserer sorterings- og porsjoneringsprosesser for \u00f8kt effektivitet og redusert arbeidskraftbehov.<\/p>\n<p><strong>Spesifikasjoner<\/strong><\/p>\n<li>Antall porter: 6<\/li>\n<li>Spenning: 230V 50Hz 1N<\/li>\n<li>Effekt: 0,5 kW<\/li>\n<li>Beltebredde: 305 mm<\/li>\n<li>Beltetype: Syntetisk<\/li>\n<li>Dimensjoner LWH: 295 x 100 x 120 cm<\/li>\n<li>Vekt: 185 kg<\/li>\n","protected":false},"excerpt":{"rendered":"<p>Marel Compact Grader CG-60 Produksjons\u00e5r: 2004 Modell: GRA-PA32-CG60 Tilstand: overhalt Denne kompakte sorteringsmaskinen er designet for presis sortering av ferske og frosne produkter i n\u00e6ringsmiddelindustrien. Den har en kapasitet p\u00e5 120 enheter per minutt og kan h\u00e5ndtere produkter med vekt fra 40 til 3000 gram. Marel Compact Grader CG-60 har et syntetisk belte med en [&hellip;]<\/p>\n","protected":false},"featured_media":26402,"template":"","meta":{"_acf_changed":false,"inline_featured_image":false},"product_brand":[],"product_cat":[604,622],"product_tag":[],"class_list":{"0":"post-26417","1":"product","2":"type-product","3":"status-publish","4":"has-post-thumbnail","6":"product_cat-fiskeforedlingsmaskiner","7":"product_cat-grading-sorteringsmaskiner","9":"first","10":"instock","11":"shipping-taxable","12":"product-type-simple"},"acf":[],"yoast_head":"<!-- This site is optimized with the Yoast SEO Premium plugin v25.2 (Yoast SEO v26.3) - https:\/\/yoast.com\/wordpress\/plugins\/seo\/ -->\n<title>Marel Compact Grader CG-60 6 porter til salgs - NorMar Trading<\/title>\n<meta name=\"description\" content=\"Marel Compact Grader CG-60 er designet for presis sortering av ferske og frosne produkter med en kapasitet p\u00e5 120 enheter per minutt.\" \/>\n<meta name=\"robots\" content=\"index, follow, max-snippet:-1, max-image-preview:large, max-video-preview:-1\" \/>\n<link rel=\"canonical\" href=\"https:\/\/normartrading.webcoder-dev.com\/en\/products\/marel-compact-grader-cg-60\/\" \/>\n<meta property=\"og:locale\" content=\"en_US\" \/>\n<meta property=\"og:type\" content=\"article\" \/>\n<meta property=\"og:title\" content=\"Marel Compact Grader CG-60 6 porter\" \/>\n<meta property=\"og:description\" content=\"Marel Compact Grader CG-60 er designet for presis sortering av ferske og frosne produkter med en kapasitet p\u00e5 120 enheter per minutt.\" \/>\n<meta property=\"og:url\" content=\"https:\/\/normartrading.webcoder-dev.com\/en\/products\/marel-compact-grader-cg-60\/\" \/>\n<meta property=\"og:site_name\" content=\"NorMar Trading\" \/>\n<meta property=\"article:publisher\" content=\"https:\/\/www.facebook.com\/nordicmarine\" \/>\n<meta property=\"article:modified_time\" content=\"2024-10-17T08:20:53+00:00\" \/>\n<meta property=\"og:image\" content=\"https:\/\/www.normartrading.no\/wp-content\/uploads\/2024\/10\/Screenshot-2024-10-16-152244.png\" \/>\n\t<meta property=\"og:image:width\" content=\"1239\" \/>\n\t<meta property=\"og:image:height\" content=\"933\" \/>\n\t<meta property=\"og:image:type\" content=\"image\/png\" \/>\n<meta name=\"twitter:card\" content=\"summary_large_image\" \/>\n<meta name=\"twitter:label1\" content=\"Est. reading time\" \/>\n\t<meta name=\"twitter:data1\" content=\"1 minute\" \/>\n<script type=\"application\/ld+json\" class=\"yoast-schema-graph\">{\"@context\":\"https:\/\/schema.org\",\"@graph\":[{\"@type\":[\"WebPage\",\"ItemPage\"],\"@id\":\"https:\/\/normartrading.webcoder-dev.com\/en\/products\/marel-compact-grader-cg-60\/\",\"url\":\"https:\/\/normartrading.webcoder-dev.com\/en\/products\/marel-compact-grader-cg-60\/\",\"name\":\"Marel Compact Grader CG-60 6 porter til salgs - NorMar Trading\",\"isPartOf\":{\"@id\":\"https:\/\/www.normartrading.no\/#website\"},\"primaryImageOfPage\":{\"@id\":\"https:\/\/normartrading.webcoder-dev.com\/en\/products\/marel-compact-grader-cg-60\/#primaryimage\"},\"image\":{\"@id\":\"https:\/\/normartrading.webcoder-dev.com\/en\/products\/marel-compact-grader-cg-60\/#primaryimage\"},\"thumbnailUrl\":\"https:\/\/normartrading.webcoder-dev.com\/wp-content\/uploads\/2024\/10\/Screenshot-2024-10-16-152244.png\",\"datePublished\":\"2024-10-17T08:01:27+00:00\",\"dateModified\":\"2024-10-17T08:20:53+00:00\",\"description\":\"Marel Compact Grader CG-60 er designet for presis sortering av ferske og frosne produkter med en kapasitet p\u00e5 120 enheter per minutt.\",\"breadcrumb\":{\"@id\":\"https:\/\/normartrading.webcoder-dev.com\/en\/products\/marel-compact-grader-cg-60\/#breadcrumb\"},\"inLanguage\":\"en-US\",\"potentialAction\":[{\"@type\":\"ReadAction\",\"target\":[\"https:\/\/normartrading.webcoder-dev.com\/en\/products\/marel-compact-grader-cg-60\/\"]}]},{\"@type\":\"ImageObject\",\"inLanguage\":\"en-US\",\"@id\":\"https:\/\/normartrading.webcoder-dev.com\/en\/products\/marel-compact-grader-cg-60\/#primaryimage\",\"url\":\"https:\/\/normartrading.webcoder-dev.com\/wp-content\/uploads\/2024\/10\/Screenshot-2024-10-16-152244.png\",\"contentUrl\":\"https:\/\/normartrading.webcoder-dev.com\/wp-content\/uploads\/2024\/10\/Screenshot-2024-10-16-152244.png\",\"width\":1239,\"height\":933,\"caption\":\"Marel Compact Grader CG-60\"},{\"@type\":\"BreadcrumbList\",\"@id\":\"https:\/\/normartrading.webcoder-dev.com\/en\/products\/marel-compact-grader-cg-60\/#breadcrumb\",\"itemListElement\":[{\"@type\":\"ListItem\",\"position\":1,\"name\":\"Home\",\"item\":\"https:\/\/normartrading.webcoder-dev.com\/en\/\"},{\"@type\":\"ListItem\",\"position\":2,\"name\":\"Products\",\"item\":\"https:\/\/normartrading.webcoder-dev.com\/en\/products\/\"},{\"@type\":\"ListItem\",\"position\":3,\"name\":\"Fish Processing Machines\",\"item\":\"https:\/\/normartrading.webcoder-dev.com\/en\/fish-processing-equipment-machines\/\"},{\"@type\":\"ListItem\",\"position\":4,\"name\":\"Marel Compact Grader CG-60 6 porter\"}]},{\"@type\":\"WebSite\",\"@id\":\"https:\/\/www.normartrading.no\/#website\",\"url\":\"https:\/\/www.normartrading.no\/\",\"name\":\"NorMar Trading\",\"description\":\"My WordPress Blog\",\"publisher\":{\"@id\":\"https:\/\/www.normartrading.no\/#organization\"},\"potentialAction\":[{\"@type\":\"SearchAction\",\"target\":{\"@type\":\"EntryPoint\",\"urlTemplate\":\"https:\/\/www.normartrading.no\/?s={search_term_string}\"},\"query-input\":{\"@type\":\"PropertyValueSpecification\",\"valueRequired\":true,\"valueName\":\"search_term_string\"}}],\"inLanguage\":\"en-US\"},{\"@type\":\"Organization\",\"@id\":\"https:\/\/www.normartrading.no\/#organization\",\"name\":\"NorMar Trading\",\"url\":\"https:\/\/www.normartrading.no\/\",\"logo\":{\"@type\":\"ImageObject\",\"inLanguage\":\"en-US\",\"@id\":\"https:\/\/www.normartrading.no\/#\/schema\/logo\/image\/\",\"url\":\"https:\/\/normartrading.webcoder-dev.com\/wp-content\/uploads\/2022\/12\/NorMar-Logo-RGB.jpg\",\"contentUrl\":\"https:\/\/normartrading.webcoder-dev.com\/wp-content\/uploads\/2022\/12\/NorMar-Logo-RGB.jpg\",\"width\":500,\"height\":329,\"caption\":\"NorMar Trading\"},\"image\":{\"@id\":\"https:\/\/www.normartrading.no\/#\/schema\/logo\/image\/\"},\"sameAs\":[\"https:\/\/www.facebook.com\/nordicmarine\",\"https:\/\/www.linkedin.com\/company\/normar-trading-as\",\"https:\/\/www.instagram.com\/normartrading\/\",\"https:\/\/www.youtube.com\/channel\/UCjwKO7n-WPQEtEyQmnbSdQg\"]}]}<\/script>\n<!-- \/ Yoast SEO Premium plugin. -->","yoast_head_json":{"title":"Marel Compact Grader CG-60 6 porter til salgs - NorMar Trading","description":"Marel Compact Grader CG-60 er designet for presis sortering av ferske og frosne produkter med en kapasitet p\u00e5 120 enheter per minutt.","robots":{"index":"index","follow":"follow","max-snippet":"max-snippet:-1","max-image-preview":"max-image-preview:large","max-video-preview":"max-video-preview:-1"},"canonical":"https:\/\/normartrading.webcoder-dev.com\/en\/products\/marel-compact-grader-cg-60\/","og_locale":"en_US","og_type":"article","og_title":"Marel Compact Grader CG-60 6 porter","og_description":"Marel Compact Grader CG-60 er designet for presis sortering av ferske og frosne produkter med en kapasitet p\u00e5 120 enheter per minutt.","og_url":"https:\/\/normartrading.webcoder-dev.com\/en\/products\/marel-compact-grader-cg-60\/","og_site_name":"NorMar Trading","article_publisher":"https:\/\/www.facebook.com\/nordicmarine","article_modified_time":"2024-10-17T08:20:53+00:00","og_image":[{"width":1239,"height":933,"url":"https:\/\/www.normartrading.no\/wp-content\/uploads\/2024\/10\/Screenshot-2024-10-16-152244.png","type":"image\/png"}],"twitter_card":"summary_large_image","twitter_misc":{"Est. reading time":"1 minute"},"schema":{"@context":"https:\/\/schema.org","@graph":[{"@type":["WebPage","ItemPage"],"@id":"https:\/\/normartrading.webcoder-dev.com\/en\/products\/marel-compact-grader-cg-60\/","url":"https:\/\/normartrading.webcoder-dev.com\/en\/products\/marel-compact-grader-cg-60\/","name":"Marel Compact Grader CG-60 6 porter til salgs - NorMar Trading","isPartOf":{"@id":"https:\/\/www.normartrading.no\/#website"},"primaryImageOfPage":{"@id":"https:\/\/normartrading.webcoder-dev.com\/en\/products\/marel-compact-grader-cg-60\/#primaryimage"},"image":{"@id":"https:\/\/normartrading.webcoder-dev.com\/en\/products\/marel-compact-grader-cg-60\/#primaryimage"},"thumbnailUrl":"https:\/\/normartrading.webcoder-dev.com\/wp-content\/uploads\/2024\/10\/Screenshot-2024-10-16-152244.png","datePublished":"2024-10-17T08:01:27+00:00","dateModified":"2024-10-17T08:20:53+00:00","description":"Marel Compact Grader CG-60 er designet for presis sortering av ferske og frosne produkter med en kapasitet p\u00e5 120 enheter per minutt.","breadcrumb":{"@id":"https:\/\/normartrading.webcoder-dev.com\/en\/products\/marel-compact-grader-cg-60\/#breadcrumb"},"inLanguage":"en-US","potentialAction":[{"@type":"ReadAction","target":["https:\/\/normartrading.webcoder-dev.com\/en\/products\/marel-compact-grader-cg-60\/"]}]},{"@type":"ImageObject","inLanguage":"en-US","@id":"https:\/\/normartrading.webcoder-dev.com\/en\/products\/marel-compact-grader-cg-60\/#primaryimage","url":"https:\/\/normartrading.webcoder-dev.com\/wp-content\/uploads\/2024\/10\/Screenshot-2024-10-16-152244.png","contentUrl":"https:\/\/normartrading.webcoder-dev.com\/wp-content\/uploads\/2024\/10\/Screenshot-2024-10-16-152244.png","width":1239,"height":933,"caption":"Marel Compact Grader CG-60"},{"@type":"BreadcrumbList","@id":"https:\/\/normartrading.webcoder-dev.com\/en\/products\/marel-compact-grader-cg-60\/#breadcrumb","itemListElement":[{"@type":"ListItem","position":1,"name":"Home","item":"https:\/\/normartrading.webcoder-dev.com\/en\/"},{"@type":"ListItem","position":2,"name":"Products","item":"https:\/\/normartrading.webcoder-dev.com\/en\/products\/"},{"@type":"ListItem","position":3,"name":"Fish Processing Machines","item":"https:\/\/normartrading.webcoder-dev.com\/en\/fish-processing-equipment-machines\/"},{"@type":"ListItem","position":4,"name":"Marel Compact Grader CG-60 6 porter"}]},{"@type":"WebSite","@id":"https:\/\/www.normartrading.no\/#website","url":"https:\/\/www.normartrading.no\/","name":"NorMar Trading","description":"My WordPress Blog","publisher":{"@id":"https:\/\/www.normartrading.no\/#organization"},"potentialAction":[{"@type":"SearchAction","target":{"@type":"EntryPoint","urlTemplate":"https:\/\/www.normartrading.no\/?s={search_term_string}"},"query-input":{"@type":"PropertyValueSpecification","valueRequired":true,"valueName":"search_term_string"}}],"inLanguage":"en-US"},{"@type":"Organization","@id":"https:\/\/www.normartrading.no\/#organization","name":"NorMar Trading","url":"https:\/\/www.normartrading.no\/","logo":{"@type":"ImageObject","inLanguage":"en-US","@id":"https:\/\/www.normartrading.no\/#\/schema\/logo\/image\/","url":"https:\/\/normartrading.webcoder-dev.com\/wp-content\/uploads\/2022\/12\/NorMar-Logo-RGB.jpg","contentUrl":"https:\/\/normartrading.webcoder-dev.com\/wp-content\/uploads\/2022\/12\/NorMar-Logo-RGB.jpg","width":500,"height":329,"caption":"NorMar Trading"},"image":{"@id":"https:\/\/www.normartrading.no\/#\/schema\/logo\/image\/"},"sameAs":["https:\/\/www.facebook.com\/nordicmarine","https:\/\/www.linkedin.com\/company\/normar-trading-as","https:\/\/www.instagram.com\/normartrading\/","https:\/\/www.youtube.com\/channel\/UCjwKO7n-WPQEtEyQmnbSdQg"]}]}},"_links":{"self":[{"href":"https:\/\/normartrading.webcoder-dev.com\/en\/wp-json\/wp\/v2\/product\/26417","targetHints":{"allow":["GET"]}}],"collection":[{"href":"https:\/\/normartrading.webcoder-dev.com\/en\/wp-json\/wp\/v2\/product"}],"about":[{"href":"https:\/\/normartrading.webcoder-dev.com\/en\/wp-json\/wp\/v2\/types\/product"}],"wp:featuredmedia":[{"embeddable":true,"href":"https:\/\/normartrading.webcoder-dev.com\/en\/wp-json\/wp\/v2\/media\/26402"}],"wp:attachment":[{"href":"https:\/\/normartrading.webcoder-dev.com\/en\/wp-json\/wp\/v2\/media?parent=26417"}],"wp:term":[{"taxonomy":"product_brand","embeddable":true,"href":"https:\/\/normartrading.webcoder-dev.com\/en\/wp-json\/wp\/v2\/product_brand?post=26417"},{"taxonomy":"product_cat","embeddable":true,"href":"https:\/\/normartrading.webcoder-dev.com\/en\/wp-json\/wp\/v2\/product_cat?post=26417"},{"taxonomy":"product_tag","embeddable":true,"href":"https:\/\/normartrading.webcoder-dev.com\/en\/wp-json\/wp\/v2\/product_tag?post=26417"}],"curies":[{"name":"wp","href":"https:\/\/api.w.org\/{rel}","templated":true}]}}